{"id":3768,"date":"2024-01-16T10:10:32","date_gmt":"2024-01-16T09:10:32","guid":{"rendered":"https:\/\/impact-acmproject.eu\/cookie-policy-ue\/"},"modified":"2024-12-04T10:21:19","modified_gmt":"2024-12-04T09:21:19","slug":"cookie-policy-ue","status":"publish","type":"page","link":"https:\/\/impact-acmproject.eu\/sv\/cookie-policy-ue\/","title":{"rendered":"Policy f\u00f6r cookies (UE)"},"content":{"rendered":"<p><section data-bb-version=\"4.7.6\" id=\"bt_bb_section69eb91aed8482\" class=\"bt_bb_section bt_bb_layout_boxed_1200\"  data-bt-override-class=\"null\"><div class=\"bt_bb_port\"><div class=\"bt_bb_cell\"><div class=\"bt_bb_cell_inner\"><div class=\"bt_bb_row\"  data-bt-override-class=\"{}\"><div class=\"bt_bb_row_holder\" ><div data-bb-version=\"4.7.6\"  class=\"bt_bb_column col-xxl-12 col-xl-12 col-xs-12 col-sm-12 col-md-12 col-lg-12 bt_bb_vertical_align_top bt_bb_align_left bt_bb_padding_normal\" style=\"; --column-width:12;\" data-width=\"12\" data-bt-override-class=\"{}\"><div class=\"bt_bb_column_content\"><div class=\"bt_bb_column_content_inner\"><\/div><\/div><\/div><\/div><\/div><\/div><!-- cell_inner --><\/div><!-- cell --><\/div><!-- port --><\/section><section data-bb-version=\"4.7.6\" id=\"bt_bb_section69eb91aed8884\" class=\"bt_bb_section bt_bb_color_scheme_1 bt_bb_layout_boxed_1200 bt_bb_vertical_align_top bt_bb_background_overlay_dark_solid bt_bb_bottom_section_coverage_image bt_bb_section_with_bottom_coverage_image bt_bb_top_spacing_large bt_bb_bottom_spacing_large\" style=\"; --section-primary-color:#ffffff; --section-secondary-color:#191919;;background-color:rgb(34,64,96);\" data-bt-override-class=\"{&quot;bt_bb_top_spacing_&quot;:{&quot;current_class&quot;:&quot;bt_bb_top_spacing_large&quot;,&quot;def&quot;:&quot;large&quot;},&quot;bt_bb_bottom_spacing_&quot;:{&quot;current_class&quot;:&quot;bt_bb_bottom_spacing_large&quot;,&quot;def&quot;:&quot;large&quot;}}\"><div class=\"bt_bb_port\"><div class=\"bt_bb_cell\"><div class=\"bt_bb_cell_inner\"><div class=\"bt_bb_row\"  data-bt-override-class=\"{}\"><div class=\"bt_bb_row_holder\" ><div  class=\"bt_bb_column col-xxl-7 col-xl-7 bt_bb_vertical_align_middle bt_bb_align_left bt_bb_padding_normal bt_bb_animation_fade_in animate\" style=\"; --column-width:7;\" data-width=\"7\" data-bt-override-class=\"{}\"><div class=\"bt_bb_column_content\"><div class=\"bt_bb_column_content_inner\"><div class=\"bt_bb_separator bt_bb_border_style_none bt_bb_border_color_none bt_bb_bottom_spacing_large\" data-bt-override-class=\"null\"><\/div><header data-bb-version=\"4.7.6\" class=\"bt_bb_headline bt_bb_subheadline_text_transform_default bt_bb_dash_none bt_bb_size_large bt_bb_align_inherit\" data-bt-override-class=\"{&quot;bt_bb_size_&quot;:{&quot;current_class&quot;:&quot;bt_bb_size_large&quot;,&quot;def&quot;:&quot;large&quot;},&quot;bt_bb_align_&quot;:{&quot;current_class&quot;:&quot;bt_bb_align_inherit&quot;,&quot;def&quot;:&quot;inherit&quot;}}\"><h1 class=\"bt_bb_headline_tag\"><span class=\"bt_bb_headline_content\"><span>Policy f\u00f6r cookies<\/span><\/span><\/h1><\/header><div class=\"bt_bb_separator bt_bb_border_style_none bt_bb_border_color_none bt_bb_bottom_spacing_large\" data-bt-override-class=\"null\"><\/div><\/div><\/div><\/div><div  class=\"bt_bb_column col-xxl-5 col-xl-5 bt_bb_vertical_align_top bt_bb_align_left bt_bb_padding_normal\" style=\"; --column-width:5;\" data-width=\"5\" data-bt-override-class=\"{}\"><div class=\"bt_bb_column_content\"><div class=\"bt_bb_column_content_inner\"><\/div><\/div><\/div><\/div><\/div><\/div><!-- cell_inner --><\/div><!-- cell --><\/div><!-- port --><div class=\"bt_bb_section_bottom_section_coverage_image\"><img decoding=\"async\" src=\"https:\/\/impact-acmproject.eu\/wp-content\/uploads\/2023\/11\/bottom-cover.png\" alt=\"bt_bb_section_bottom_section_coverage_image\" \/><\/div><\/section><section data-bb-version=\"4.7.6\" id=\"bt_bb_section69eb91aed8a75\" class=\"bt_bb_section bt_bb_layout_boxed_1200\"  data-bt-override-class=\"null\"><div class=\"bt_bb_port\"><div class=\"bt_bb_cell\"><div class=\"bt_bb_cell_inner\"><div class=\"bt_bb_row\"  data-bt-override-class=\"{}\"><div class=\"bt_bb_row_holder\" ><div data-bb-version=\"4.7.6\"  class=\"bt_bb_column col-xxl-12 col-xl-12 col-xs-12 col-sm-12 col-md-12 col-lg-12 bt_bb_vertical_align_top bt_bb_align_left bt_bb_padding_normal\" style=\"; --column-width:12;\" data-width=\"12\" data-bt-override-class=\"{}\"><div class=\"bt_bb_column_content\"><div class=\"bt_bb_column_content_inner\"><div data-bb-version=\"4.7.6\" class=\"bt_bb_separator bt_bb_border_style_none bt_bb_border_color_none bt_bb_top_spacing_large bt_bb_bottom_spacing_none\" data-bt-override-class=\"{&quot;bt_bb_top_spacing_&quot;:{&quot;current_class&quot;:&quot;bt_bb_top_spacing_large&quot;,&quot;def&quot;:&quot;large&quot;},&quot;bt_bb_bottom_spacing_&quot;:{&quot;current_class&quot;:&quot;bt_bb_bottom_spacing_none&quot;,&quot;def&quot;:&quot;none&quot;}}\"><\/div><div data-bb-version=\"4.7.6\"  class=\"bt_bb_text\" ><\/p>\n<p><strong>Vad \u00e4r cookies?<br \/>\n<\/strong>Cookies \u00e4r sm\u00e5 textfiler som laddas ner till anv\u00e4ndarens enhet (PC, smartphone, tablet\u2026) n\u00e4r de bes\u00f6ker en webbplats. Vid varje efterf\u00f6ljande bes\u00f6k skickas kakorna tillbaka till den webbplats som skapade dem (f\u00f6rstapartskakor) eller till en annan webbplats som k\u00e4nner igen dem (tredjepartskakor). Cookies g\u00f6r det m\u00f6jligt f\u00f6r en webbplats att k\u00e4nna igen en anv\u00e4ndares enhet. De har olika syften, till exempel att g\u00f6ra det m\u00f6jligt f\u00f6r dig att navigera effektivt mellan sidor, komma ih\u00e5g dina favoritwebbplatser och i allm\u00e4nhet f\u00f6rb\u00e4ttra webbupplevelsen. De bidrar ocks\u00e5 till att s\u00e4kerst\u00e4lla att reklaminneh\u00e5llet som visas online \u00e4r mer riktat till anv\u00e4ndaren och i linje med hans intressen (riktade cookies eller profileringscookies). Cookies kan ha en begr\u00e4nsad varaktighet p\u00e5 en enda webbl\u00e4sarsession och i detta fall avaktiveras de automatiskt n\u00e4r webbl\u00e4saren st\u00e4ngs. eller s\u00e5 kan de ha ett f\u00f6rutbest\u00e4mt utg\u00e5ngsdatum, och i detta fall kommer de att f\u00f6rbli lagrade och aktiva p\u00e5 anv\u00e4ndarens enhet fram till det utg\u00e5ngsdatumet och forts\u00e4tta att samla in information under olika webbl\u00e4sarsessioner i webbl\u00e4saren. Det finns ocks\u00e5 andra tekniker f\u00f6r insamling av information som har liknande syften som cookies och som lagras p\u00e5 anv\u00e4ndarens enhet (t.ex. pixlar). I denna information anv\u00e4nds termen cookie med h\u00e4nvisning till cookies, som beskrivs ovan, och med h\u00e4nvisning till n\u00e5gon annan insamlingsteknik, i syfte att ge anv\u00e4ndaren en guide f\u00f6r att f\u00f6rst\u00e5 vad cookies och annan liknande teknik \u00e4r, till exempel och varf\u00f6r de anv\u00e4nds, vilka r\u00e4ttigheter som erk\u00e4nns f\u00f6r anv\u00e4ndarna och vilka val de kan g\u00f6ra n\u00e4r det g\u00e4ller deras anv\u00e4ndning.<\/p>\n<p>&nbsp;<\/p>\n<p><strong>Cookies och liknande teknik \u2013 definitioner<br \/>\n<\/strong>Cookies: Sm\u00e5 textfiler (i allm\u00e4nhet best\u00e5ende av bokst\u00e4ver och siffror) som placeras och lagras i den webbl\u00e4sare som anv\u00e4ndaren anv\u00e4nder f\u00f6r att surfa p\u00e5 en terminalenhet som kan lagra information p\u00e5 de webbplatser (s\u00e5 kallad \u201df\u00f6rsta part\u201d) som anv\u00e4ndaren bes\u00f6ker eller p\u00e5 olika webbplatser eller webbservrar (s\u00e5 kallade \u201dtredje parter\u201d).<\/p>\n<p>Andra tekniker: teknik som lagrar data i webbl\u00e4saren eller enheten som anv\u00e4nds av anv\u00e4ndaren med hj\u00e4lp av lokalt delade objekt eller lokal lagring, t.ex. flash-cookies, HTML 5-cookies och andra webbapplikationsmjukvarumetoder. Dessa tekniker fungerar i alla webbl\u00e4sare. I vissa fall kan anv\u00e4ndningen av lokal lagring inte hanteras fullt ut av webbl\u00e4sare, men kr\u00e4ver hantering genom specifika verktyg.<\/p>\n<p>&nbsp;<\/p>\n<p><strong>Kategorier av cookies<br \/>\n<\/strong>Cookies kan s\u00e4rskiljas baserat p\u00e5 deras syfte, varaktighet och \u00e4garen av cookien.<\/p>\n<ul>\n<li>\u00c4ndam\u00e5lsenliga kakor \u00e4r de kakor som kan installeras p\u00e5 anv\u00e4ndarens enhet f\u00f6r att\n<ol>\n<li>s\u00e4kerst\u00e4lla att webbplatsen och tj\u00e4nsterna fungerar, samt f\u00f6r att garantera att anv\u00e4ndaren kan dra nytta av sina funktioner, s\u00e5 kallade. tekniska cookies;<\/li>\n<li>till\u00e5ta webbplatsens prestanda och de tj\u00e4nster som erbjuds av <a href=\"https:\/\/impact-acmproject.eu\/sv\/\">https:\/\/impact-acmproject.eu\/<\/a> f\u00f6r att f\u00f6rb\u00e4ttras, samt f\u00f6r att utv\u00e4rdera effektiviteten av en tj\u00e4nst som erbjuds via webbplatsen, s\u00e5 kallade analytiska cookies;<\/li>\n<li>till\u00e5ta konsortiet eller tredje parter att rikta riktad reklam eller i linje med anv\u00e4ndarens intressen, med f\u00f6rbeh\u00e5ll f\u00f6r samtycke, s\u00e5 kallade profileringskakor.<\/li>\n<\/ol>\n<\/li>\n<\/ul>\n<ul>\n<li>Cookies som skiljer sig \u00e5t beroende p\u00e5 deras varaktighet \u00e4r de cookies som kan finnas kvar i enhetens webbl\u00e4sare under en session (dvs. tills du st\u00e4nger webbl\u00e4saren som anv\u00e4nds f\u00f6r att surfa p\u00e5 webbplatsen eller avbryta anv\u00e4ndningen av en tj\u00e4nst) och kallas sessionscookies. Eller s\u00e5 kan de lagras i din enhets webbl\u00e4sare under l\u00e5nga perioder och kan inneh\u00e5lla en unik identifieringskod och kallas permanenta cookies.<strong>\u00a0<\/strong><\/li>\n<\/ul>\n<ul>\n<li>Cookies kan ocks\u00e5 s\u00e4rskiljas baserat p\u00e5 den enhet som \u00e4ger cookien (f\u00f6rstapartscookies och tredjepartscookies).<\/li>\n<\/ul>\n<p>Cookies kan tillh\u00f6ra webbplatsen och servicechefen och installeras d\u00e4rf\u00f6r av denne i webbl\u00e4saren p\u00e5 anv\u00e4ndarens enhet, s\u00e5 kallade f\u00f6rstapartskakor. Det kan h\u00e4nda att en webbplats inneh\u00e5ller cookies, som kommer fr\u00e5n andra webbplatser, som \u00e4gs av tredje part, som finns i olika element som finns p\u00e5 sj\u00e4lva webbplatsen (till exempel reklambanners, bilder, videor, sounds\u2026) och i detta fall \u00e4r dessa s\u00e5 kallade cookies fr\u00e5n tredje part.<strong>\u00a0<\/strong><\/p>\n<p>&nbsp;<\/p>\n<p><strong>Cookies som anv\u00e4nds av denna webbplats<br \/>\n<\/strong>Bes\u00f6ket till <a href=\"https:\/\/impact-acmproject.eu\/sv\/\">https:\/\/impact-acmproject.eu\/<\/a> Denna webbplats anv\u00e4nder cookies f\u00f6r att f\u00f6rb\u00e4ttra anv\u00e4ndarupplevelsen. Webbplatsen anv\u00e4nder: Cookies f\u00f6r teknisk navigering, analytiska cookies och profilering i marknadsf\u00f6ringssyfte.<br \/>\nAnv\u00e4ndaren kan n\u00e4r som helst hantera sina preferenser eller v\u00e4gra installation av cookies.<\/p>\n<p>Anv\u00e4ndaren kan n\u00e4r som helst hantera sina preferenser eller v\u00e4gra installation av cookies.<\/p>\n<p style=\"text-align: left;\">\n<div id=\"cmplz-cookies-overview\"><\/div>\n<\/p>\n<p>&nbsp;<\/p>\n<p><strong>Lagringstider f\u00f6r personuppgifter som samlas in via cookies<br \/>\n<\/strong>Den information och data som samlas in via cookies kommer att lagras under den tid som \u00e4r absolut n\u00f6dv\u00e4ndig f\u00f6r att uppn\u00e5 de syften f\u00f6r vilka varje cookie installerades.<\/p>\n<p>F\u00f6r att f\u00e5 tillg\u00e5ng till specifik information om lagring av information som erh\u00e5llits genom anv\u00e4ndning av f\u00f6rstaparts- och tredjepartscookies, och hantera deras preferenser, kan anv\u00e4ndaren n\u00e4r som helst komma \u00e5t cookiecentret.<\/p>\n<p>&nbsp;<\/p>\n<p><strong>\u00a0<\/strong><strong>Anv\u00e4ndarr\u00e4ttigheter och hantering av cookie-preferenser<br \/>\n<\/strong>Anv\u00e4ndaren beviljas de r\u00e4ttigheter som f\u00f6reskrivs i f\u00f6rordning (EU) 2016\/679 (s\u00e5 kallad GDPR), inklusive r\u00e4tten till tillg\u00e5ng, opposition, annullering, samt att \u00e4ndra sina val om anv\u00e4ndningen av cookies n\u00e4r som helst, via cookiecentret. F\u00f6r mer information och information om anv\u00e4ndarens r\u00e4ttigheter och hur de kan ut\u00f6va sina r\u00e4ttigheter, se den fullst\u00e4ndiga integritetspolicyn (infoga l\u00e4nk genom att klicka p\u00e5 \u201dIntegritetspolicy\u201d).<\/p>\n<p><strong>\u00a0<\/strong><\/p>\n<p><strong>Inaktivera cookies fr\u00e5n din webbl\u00e4sare<br \/>\n<\/strong>Anv\u00e4ndaren kan, f\u00f6rutom att inaktivera cookies via cookiecentret, konfigurera sin webbl\u00e4sare f\u00f6r att begr\u00e4nsa antalet cookies som accepteras, blockera alla cookies eller ta bort dem, fr\u00e5n webbl\u00e4sarinst\u00e4llningarna p\u00e5 f\u00f6ljande s\u00e4tt:<\/p>\n<ol>\n<li>Microsoft Internet Explorer<br \/>\nGenom att klicka p\u00e5 verktygsikonen i det \u00f6vre h\u00f6gra h\u00f6rnet och v\u00e4lja internetalternativ. Ett popup-f\u00f6nster visas, v\u00e4lj sekretess. I det h\u00e4r avsnittet kan anv\u00e4ndaren \u00e4ndra cookieinst\u00e4llningarna.L\u00e4nk: <a href=\"http:\/\/windows.microsoft.com\/it-it\/internet-explorer\/delete-manage-cookies#ie=ie-11-win-7\">http:\/\/windows.microsoft.com\/it-it\/internet-explorer\/delete-manage-cookies#ie=ie-11-win-7<\/a><\/li>\n<li>Google Chrome<br \/>\nGenom att klicka p\u00e5 skiftnyckelikonen i det \u00f6vre h\u00f6gra h\u00f6rnet och v\u00e4lja inst\u00e4llningar. V\u00e4lj sedan Visa avancerade inst\u00e4llningar. I det h\u00e4r avsnittet kan anv\u00e4ndaren \u00e4ndra cookieinst\u00e4llningarna.L\u00e4nk: <a href=\"https:\/\/support.google.com\/accounts\/topic\/2373959?hl=it&amp;ref_topic=2373957\">https:\/\/support.google.com\/accounts\/topic\/2373959?hl=it&amp;ref_topic=2373957<\/a><\/li>\n<li>Mozilla Firefox<br \/>\nV\u00e4lj alternativ i rullgardinsmenyn i det \u00f6vre v\u00e4nstra h\u00f6rnet. I popup-f\u00f6nstret v\u00e4ljer du sekretess och i avsnittet kommer du att kunna \u00e4ndra dina cookie-inst\u00e4llningar.L\u00e4nk: <a href=\"https:\/\/support.mozilla.org\/it\/kb\/Attivare%20e%20disattivare%20i%20cookie#firefox:win7:fx38\">https:\/\/support.mozilla.org\/it\/kb\/Attivare%20e%20disattivare%20i%20cookie#firefox:win7:fx38<\/a><\/li>\n<li>Safaris<br \/>\nV\u00e4lj inst\u00e4llningar i rullgardinsmenyn i det \u00f6vre h\u00f6gra h\u00f6rnet. V\u00e4lj sedan s\u00e4kerhet och i det h\u00e4r avsnittet kan anv\u00e4ndaren justera cookie-inst\u00e4llningarna.L\u00e4nk: <a href=\"https:\/\/support.apple.com\/it-it\/HT201265\">https:\/\/support.apple.com\/it-it\/HT201265<\/a><\/li>\n<\/ol>\n<p><strong>\u00a0<\/strong><\/p>\n<p><strong>\u00a0<\/strong><strong>Personuppgiftsansvarig och kontaktuppgifter<\/strong><strong><br \/>\n<\/strong>Personuppgiftsansvarig \u00e4r <strong>Italbiotec-konsortiet<\/strong> (C.F.\/momsnummer 02429600121), med s\u00e4te i Milano p\u00e5 Piazza della Trivulziana 4\/A, genom sitt juridiska ombud, pec: consorzio@pec.italbiotec.it. Anv\u00e4ndaren kan n\u00e4r som helst skicka f\u00f6rfr\u00e5gningar om information eller f\u00f6rtydliganden till den ovan n\u00e4mnda adressen eller via de ytterligare metoder som anges i sekretesspolicyn (<a href=\"https:\/\/impact-acmproject.eu\/sv\/privacy-policy\/\">https:\/\/impact-acmproject.eu\/privacy-policy\/<\/a>).<\/p>\n<p>&nbsp;<\/p>\n<p>&nbsp;<\/p>\n<p>\n<\/div><\/div><\/div><\/div><\/div><\/div><\/div><!-- cell_inner --><\/div><!-- cell --><\/div><!-- port --><\/section><\/p>","protected":false},"excerpt":{"rendered":"","protected":false},"author":2,"featured_media":0,"parent":0,"menu_order":0,"comment_status":"closed","ping_status":"closed","template":"","meta":{"footnotes":""},"class_list":["post-3768","page","type-page","status-publish","hentry"],"_links":{"self":[{"href":"https:\/\/impact-acmproject.eu\/sv\/wp-json\/wp\/v2\/pages\/3768","targetHints":{"allow":["GET"]}}],"collection":[{"href":"https:\/\/impact-acmproject.eu\/sv\/wp-json\/wp\/v2\/pages"}],"about":[{"href":"https:\/\/impact-acmproject.eu\/sv\/wp-json\/wp\/v2\/types\/page"}],"author":[{"embeddable":true,"href":"https:\/\/impact-acmproject.eu\/sv\/wp-json\/wp\/v2\/users\/2"}],"replies":[{"embeddable":true,"href":"https:\/\/impact-acmproject.eu\/sv\/wp-json\/wp\/v2\/comments?post=3768"}],"version-history":[{"count":9,"href":"https:\/\/impact-acmproject.eu\/sv\/wp-json\/wp\/v2\/pages\/3768\/revisions"}],"predecessor-version":[{"id":3845,"href":"https:\/\/impact-acmproject.eu\/sv\/wp-json\/wp\/v2\/pages\/3768\/revisions\/3845"}],"wp:attachment":[{"href":"https:\/\/impact-acmproject.eu\/sv\/wp-json\/wp\/v2\/media?parent=3768"}],"curies":[{"name":"wp","href":"https:\/\/api.w.org\/{rel}","templated":true}]}}