{"id":3,"date":"2023-08-31T13:00:16","date_gmt":"2023-08-31T11:00:16","guid":{"rendered":"http:\/\/impact-acmproject.eu\/?page_id=3"},"modified":"2024-12-02T12:56:24","modified_gmt":"2024-12-02T11:56:24","slug":"privacy-policy","status":"publish","type":"page","link":"https:\/\/impact-acmproject.eu\/sv\/privacy-policy\/","title":{"rendered":"Integritetspolicy"},"content":{"rendered":"<p><section data-bb-version=\"4.7.6\" id=\"bt_bb_section69eb9152bc9b5\" class=\"bt_bb_section bt_bb_layout_boxed_1200\"  data-bt-override-class=\"null\"><div class=\"bt_bb_port\"><div class=\"bt_bb_cell\"><div class=\"bt_bb_cell_inner\"><div class=\"bt_bb_row\"  data-bt-override-class=\"{}\"><div class=\"bt_bb_row_holder\" ><div data-bb-version=\"4.7.6\"  class=\"bt_bb_column col-xxl-12 col-xl-12 col-xs-12 col-sm-12 col-md-12 col-lg-12 bt_bb_vertical_align_top bt_bb_align_left bt_bb_padding_normal\" style=\"; --column-width:12;\" data-width=\"12\" data-bt-override-class=\"{}\"><div class=\"bt_bb_column_content\"><div class=\"bt_bb_column_content_inner\"><\/div><\/div><\/div><\/div><\/div><\/div><!-- cell_inner --><\/div><!-- cell --><\/div><!-- port --><\/section><section data-bb-version=\"4.7.6\" id=\"bt_bb_section69eb9152bced0\" class=\"bt_bb_section bt_bb_color_scheme_1 bt_bb_layout_boxed_1200 bt_bb_vertical_align_top bt_bb_background_overlay_dark_solid bt_bb_bottom_section_coverage_image bt_bb_section_with_bottom_coverage_image bt_bb_top_spacing_large bt_bb_bottom_spacing_large\" style=\"; --section-primary-color:#ffffff; --section-secondary-color:#191919;;background-color:rgb(51,42,43);\" data-bt-override-class=\"{&quot;bt_bb_top_spacing_&quot;:{&quot;current_class&quot;:&quot;bt_bb_top_spacing_large&quot;,&quot;def&quot;:&quot;large&quot;},&quot;bt_bb_bottom_spacing_&quot;:{&quot;current_class&quot;:&quot;bt_bb_bottom_spacing_large&quot;,&quot;def&quot;:&quot;large&quot;}}\"><div class=\"bt_bb_port\"><div class=\"bt_bb_cell\"><div class=\"bt_bb_cell_inner\"><div class=\"bt_bb_row\"  data-bt-override-class=\"{}\"><div class=\"bt_bb_row_holder\" ><div  class=\"bt_bb_column col-xxl-7 col-xl-7 bt_bb_vertical_align_middle bt_bb_align_left bt_bb_padding_normal bt_bb_animation_fade_in animate\" style=\"; --column-width:7;\" data-width=\"7\" data-bt-override-class=\"{}\"><div class=\"bt_bb_column_content\"><div class=\"bt_bb_column_content_inner\"><div class=\"bt_bb_separator bt_bb_border_style_none bt_bb_border_color_none bt_bb_bottom_spacing_large\" data-bt-override-class=\"null\"><\/div><header data-bb-version=\"4.7.6\" class=\"bt_bb_headline bt_bb_subheadline_text_transform_default bt_bb_dash_none bt_bb_size_large bt_bb_align_inherit\" data-bt-override-class=\"{&quot;bt_bb_size_&quot;:{&quot;current_class&quot;:&quot;bt_bb_size_large&quot;,&quot;def&quot;:&quot;large&quot;},&quot;bt_bb_align_&quot;:{&quot;current_class&quot;:&quot;bt_bb_align_inherit&quot;,&quot;def&quot;:&quot;inherit&quot;}}\"><h1 class=\"bt_bb_headline_tag\"><span class=\"bt_bb_headline_content\"><span>Integritetspolicy<\/span><\/span><\/h1><\/header><div class=\"bt_bb_separator bt_bb_border_style_none bt_bb_border_color_none bt_bb_bottom_spacing_large\" data-bt-override-class=\"null\"><\/div><\/div><\/div><\/div><div  class=\"bt_bb_column col-xxl-5 col-xl-5 bt_bb_vertical_align_top bt_bb_align_left bt_bb_padding_normal\" style=\"; --column-width:5;\" data-width=\"5\" data-bt-override-class=\"{}\"><div class=\"bt_bb_column_content\"><div class=\"bt_bb_column_content_inner\"><\/div><\/div><\/div><\/div><\/div><\/div><!-- cell_inner --><\/div><!-- cell --><\/div><!-- port --><div class=\"bt_bb_section_bottom_section_coverage_image\"><img decoding=\"async\" src=\"https:\/\/impact-acmproject.eu\/wp-content\/uploads\/2023\/11\/bottom-cover.png\" alt=\"bt_bb_section_bottom_section_coverage_image\" \/><\/div><\/section><section data-bb-version=\"4.7.6\" id=\"bt_bb_section69eb9152bd04d\" class=\"bt_bb_section bt_bb_layout_boxed_1200\"  data-bt-override-class=\"null\"><div class=\"bt_bb_port\"><div class=\"bt_bb_cell\"><div class=\"bt_bb_cell_inner\"><div class=\"bt_bb_row\"  data-bt-override-class=\"{}\"><div class=\"bt_bb_row_holder\" ><div data-bb-version=\"4.7.6\"  class=\"bt_bb_column col-xxl-12 col-xl-12 col-xs-12 col-sm-12 col-md-12 col-lg-12 bt_bb_vertical_align_top bt_bb_align_left bt_bb_padding_normal\" style=\"; --column-width:12;\" data-width=\"12\" data-bt-override-class=\"{}\"><div class=\"bt_bb_column_content\"><div class=\"bt_bb_column_content_inner\"><div data-bb-version=\"4.7.6\"  class=\"bt_bb_text\" ><\/p>\n<p><strong>INFORMATION OCH SAMTYCKE OM BEHANDLING AV PERSONUPPGIFTER F\u00d6R ANV\u00c4NDARE AV IMPACT WEBBPLATS I enlighet med artikel 13 i f\u00f6rordning (EU) 2016\/679 (GDPR)<\/strong><\/p>\n<p><strong>Premiss<\/strong><br \/>Italbiotec-konsortiet tillhandah\u00e5ller denna information i samband med behandlingen av personuppgifter som samlas in av konsortiet n\u00e4r det bes\u00f6ker och surfar p\u00e5 webbplatsen https:\/\/impact-acmproject.eu\/. Denna information tillhandah\u00e5lls uteslutande f\u00f6r IMPACT-webbplatsen och g\u00e4ller inte sidor eller onlinetj\u00e4nster som \u00e4r tillg\u00e4ngliga via hypertextl\u00e4nkar som kan publiceras p\u00e5 webbplatsen. De personuppgifter som tillhandah\u00e5lls av anv\u00e4ndarna kommer att behandlas i enlighet med best\u00e4mmelserna i EU-f\u00f6rordning nr 2016\/679 (f\u00f6r korthet \u201dGDPR\u201d).<\/p>\n<p>\u00a0<\/p>\n<p><strong>Personuppgiftsansvarig<br \/><\/strong>Personuppgiftsansvarig \u00e4r Italbiotec-konsortiet (C.F.\/momsnummer 02429600121), med s\u00e4te i Milano p\u00e5 Piazza della Trivulziana 4\/A, i form av det juridiska ombudet pro tempore pec: consorzio@pec.italbiotec.it<\/p>\n<p>\u00a0<\/p>\n<p><strong>R\u00e4ttslig grund f\u00f6r behandlingen<br \/><\/strong>Den r\u00e4ttsliga grunden f\u00f6r behandlingen av de uppgifter som anges i denna information \u00e4r den ber\u00f6rda partens uttryckliga samtycke enligt artikel 6 stycke 1 bokstav a) GDPR och efterlevnad av de r\u00e4ttsliga skyldigheter som den personuppgiftsansvarige \u00e4r f\u00f6rem\u00e5l f\u00f6r enligt artikel 6 stycke 1 bokstav c) GDPR.<\/p>\n<p>\u00a0<\/p>\n<p><strong>Kategorier av data \u2013 surfdata<br \/><\/strong>Den personuppgiftsansvarige behandlar personuppgifter av gemensamt slag (f\u00f6rnamn, efternamn, e-postadress, andra personuppgifter s\u00e5som skattekod, hemvist, navigationsdata s\u00e5som IP-adress, adresser i URI\/URL-notation osv.). De datorsystem och mjukvaruprocedurer som anv\u00e4nds f\u00f6r att driva denna webbplats f\u00f6rv\u00e4rvar, under sin normala drift, vissa personuppgifter vars \u00f6verf\u00f6ring \u00e4r underf\u00f6rst\u00e5dd i anv\u00e4ndningen av Internet-kommunikationsprotokoll.<\/p>\n<p>Detta \u00e4r information som inte samlas in f\u00f6r att associeras med identifierade ber\u00f6rda parter, men som till sin natur skulle kunna g\u00f6ra det m\u00f6jligt att identifiera anv\u00e4ndare genom behandling och associering med uppgifter som innehas av tredje parter.<\/p>\n<p>Denna kategori av data omfattar IP-adresser eller dom\u00e4nnamn f\u00f6r de datorer som anv\u00e4nds av anv\u00e4ndare som ansluter till webbplatsen, adresserna i URI (Uniform Resource Identifier) f\u00f6r de beg\u00e4rda resurserna, tidpunkten f\u00f6r beg\u00e4ran, den metod som anv\u00e4nds f\u00f6r att skicka beg\u00e4ran till servern, storleken p\u00e5 den fil som erh\u00e5lls som svar, den numeriska koden som anger statusen f\u00f6r det svar som ges av servern (framg\u00e5ngsrikt, fel etc.) och andra parametrar som r\u00f6r operativsystemet och anv\u00e4ndarens it-milj\u00f6.<\/p>\n<p>Dessa uppgifter anv\u00e4nds endast i syfte att erh\u00e5lla anonym statistisk information om anv\u00e4ndningen av webbplatsen och f\u00f6r att kontrollera att den fungerar korrekt och raderas omedelbart efter bearbetning.<\/p>\n<p>\u00a0<\/p>\n<p><strong>Kategorier av uppgifter \u2013 uppgifter som l\u00e4mnas frivilligt av dig<br \/><\/strong>Den frivilliga, uttryckliga och frivilliga s\u00e4ndningen av e-postmeddelanden till de angivna adresserna och\/eller ifyllandet av formul\u00e4ret p\u00e5 denna webbplats inneb\u00e4r att avs\u00e4ndarens adress, som \u00e4r n\u00f6dv\u00e4ndig f\u00f6r att svara p\u00e5 f\u00f6rfr\u00e5gningar, d\u00e4refter anskaffas, liksom alla andra personuppgifter som anges i meddelandet i enlighet med integritetspolicyn f\u00f6r tj\u00e4nsten \u201dkontakta oss\u201d som finns p\u00e5 f\u00f6ljande e-postadress: Sekretess@italbiotec.it<\/p>\n<p>Med undantag f\u00f6r vad som anges ovan f\u00f6r navigeringsdata och i den information enligt artikel 13 i GDPR som tillhandah\u00e5lls i de enskilda avsnitten p\u00e5 IMPACT-webbplatsen \u00e4r tillhandah\u00e5llandet av data f\u00f6r ytterligare \u00e4ndam\u00e5l frivilligt.<\/p>\n<p><strong><br \/>Cookies<br \/><\/strong>Information om cookies finns i avsnittet \u201dCookiepolicy\u201d (<a href=\"https:\/\/impact-acmproject.eu\/sv\/cookie-policy-ue\/\">https:\/\/impact-acmproject.eu\/cookie-policy-ue\/<\/a>)<\/p>\n<p>Du kan n\u00e4r som helst \u00e4ndra, \u00e5terkalla eller uppdatera det samtycke som ges i cookie-centret.<\/p>\n<p>\u00a0<\/p>\n<p><strong>Behandlingens syfte \u2013 Behandlingsmetoder \u2013 Lagringstid f\u00f6r uppgifter<br \/><\/strong>Behandlingen av dina uppgifter med hj\u00e4lp av IT- och telematikverktyg (och \/ eller med hj\u00e4lp av manuella verktyg) syftar till korrekt anv\u00e4ndning av webbplatsen i f\u00f6rh\u00e5llande till de tj\u00e4nster som erbjuds av <a href=\"https:\/\/impact-acmproject.eu\/sv\/\">https:\/\/impact-acmproject.eu\/<\/a>. Dina uppgifter kommer att behandlas av Italbiotec-konsortiets personal och medarbetare (interna eller externa, fysiska eller juridiska personer) f\u00f6r serviceunderh\u00e5llsbehov.<\/p>\n<p>Personuppgifter behandlas med automatiserade verktyg under den tid som \u00e4r absolut n\u00f6dv\u00e4ndig f\u00f6r att uppn\u00e5 de \u00e4ndam\u00e5l f\u00f6r vilka de samlades in, i enlighet med artikel 5 led e i GDPR.<\/p>\n<p>S\u00e4rskilda s\u00e4kerhets\u00e5tg\u00e4rder iakttas f\u00f6r att f\u00f6rhindra dataf\u00f6rlust, olaglig eller felaktig anv\u00e4ndning och obeh\u00f6rig \u00e5tkomst.<\/p>\n<p><strong><br \/>Kategorier av mottagare av personuppgifter<br \/><\/strong>De uppgifter som behandlas f\u00e5r, ut\u00f6ver de \u00e4mnen som avses i stycket \u201dSyfte med behandlingen \u2013 behandlingsmetoder\u201d, \u00e4ven \u00f6verf\u00f6ras till den r\u00e4ttsliga myndigheten f\u00f6r att denna ska kunna fastst\u00e4lla eventuella \u00f6vertr\u00e4delser.<\/p>\n<p>\u00a0<\/p>\n<p><strong>Ber\u00f6rda parters r\u00e4ttigheter<br \/><\/strong>I f\u00f6rh\u00e5llande till de uppgifter som behandlas enligt denna information beviljas du n\u00e4r som helst r\u00e4tten att:<\/p>\n<ul>\n<li>\u00c5tkomst (artikel 15 i f\u00f6rordning (EU) 2016\/679) \u2013 r\u00e4tt att beg\u00e4ra och fr\u00e5n den personuppgiftsansvarige f\u00e5 bekr\u00e4ftelse p\u00e5 att behandlingen av deras uppgifter p\u00e5g\u00e5r och tillg\u00e5ng till uppgifter om den ber\u00f6rda parten (mellan att k\u00e4nna till syftet med behandlingen och de kategorier av uppgifter som behandlas).<\/li>\n<li>R\u00e4ttelse (artikel 16 i f\u00f6rordning (EU) 2016\/679) \u2013 du kan beg\u00e4ra att den personuppgiftsansvarige korrigerar, \u00e4ndrar och integrerar dina personuppgifter.<\/li>\n<li>Radering (artikel 17 i f\u00f6rordning (EU) 2016\/679) \u2013 g\u00f6r det m\u00f6jligt f\u00f6r dig att f\u00e5 dina uppgifter raderade utan motiverat dr\u00f6jsm\u00e5l (s\u00e5 kallad r\u00e4tt att bli bortgl\u00f6md).<\/li>\n<li>Begr\u00e4nsning (artikel 18 i f\u00f6rordning (EU) 2016\/679) \u2013 r\u00e4tt att erh\u00e5lla en begr\u00e4nsning av behandlingen av den registrerades uppgifter, till exempel f\u00f6r att integrera ut\u00f6vandet av den r\u00e4ttighet som avses i artikel 16 s\u00e5 l\u00e4nge som det \u00e4r n\u00f6dv\u00e4ndigt f\u00f6r att kontrollera uppgifternas korrekthet.<\/li>\n<li>Portabilitet (artikel 20 i f\u00f6rordning (EU) 2016\/679) \u2013 g\u00f6r det m\u00f6jligt f\u00f6r den ber\u00f6rda parten att ta emot personuppgifter som r\u00f6r honom eller henne s\u00e5 att han eller hon kan \u00f6verf\u00f6ra dem till en annan personuppgiftsansvarig.<\/li>\n<li>\u2013 Inv\u00e4ndning mot behandling (artikel 21 i f\u00f6rordning (EU) 2016\/679) \u2013 g\u00f6r det m\u00f6jligt f\u00f6r den ber\u00f6rda parten att inv\u00e4nda mot behandlingen av personuppgifter som r\u00f6r honom eller henne.<\/li>\n<\/ul>\n<p>Ut\u00f6vandet av dina r\u00e4ttigheter kan ut\u00f6vas genom skriftlig kommunikation som skickas till adressen: Piazza della Trivulziana 4\/A eller via e-post: <a href=\"mailto:privacy@italbiotec.it\">privacy@italbiotec.it<\/a><\/p>\n<p>\u00a0<\/p>\n<p><strong>\u00c5terkallande av samtycke<\/strong><br \/>Du har n\u00e4r som helst r\u00e4tt att \u00e5terkalla ditt samtycke utan att det p\u00e5verkar lagligheten av behandlingen baserat p\u00e5 det samtycke som gavs f\u00f6re \u00e5terkallandet.<\/p>\n<p>\u00a0<\/p>\n<p><strong>Klagom\u00e5l<\/strong><br \/>Kom ih\u00e5g att enligt artikel 77 i EU-f\u00f6rordning nr 2016\/679 kan S.V. l\u00e4mna in ett klagom\u00e5l till garantimyndigheten vid \u00f6vertr\u00e4delse av g\u00e4llande lagstiftning om skydd av personuppgifter.<\/p>\n<p>\u00a0<\/p>\n<p><strong>SAMTYCKE TILL BEHANDLINGEN AV PERSONUPPGIFTER F\u00d6RORDNING (EU) 2016\/679<\/strong><br \/>Anv\u00e4ndaren har informerats om f\u00f6ljande:<\/p>\n<ul>\n<li>Den registeransvariges identitet.<\/li>\n<li>av \u00e5tg\u00e4rden, metoder med vilka bearbetningen \u00e4ger rum<\/li>\n<li>\u00c4ndam\u00e5len med den behandling f\u00f6r vilken personuppgifterna \u00e4r avsedda.<\/li>\n<li>om r\u00e4tten att \u00e5terkalla samtycke enligt vad som anges i denna information som utarbetats i enlighet med artikel 13 i f\u00f6rordning (EU) 2016\/679 genom att placera flaggan i l\u00e4mplig ruta \u201dJag har l\u00e4st och godk\u00e4nner villkoren\u201d<\/li>\n<\/ul>\n<p>\u00a0<\/p>\n<p><strong>F\u00d6RKLARING<br \/><\/strong>att jag har f\u00e5tt och l\u00e4st denna information och<\/p>\n<p>\u00a0<\/p>\n<p><strong>INST\u00c4MMER<br \/><\/strong>i enlighet med och f\u00f6r de \u00e4ndam\u00e5l som anges i artikel 7 och f\u00f6ljande i f\u00f6rordning (EU) 2016\/679, till behandling av personuppgifter p\u00e5 det s\u00e4tt och inom de gr\u00e4nser som anges i denna information.<\/p>\n<p>\n<\/div><\/div><\/div><\/div><\/div><\/div><\/div><!-- cell_inner --><\/div><!-- cell --><\/div><!-- port --><\/section><\/p>","protected":false},"excerpt":{"rendered":"","protected":false},"author":1,"featured_media":0,"parent":0,"menu_order":0,"comment_status":"closed","ping_status":"open","template":"","meta":{"footnotes":""},"class_list":["post-3","page","type-page","status-publish","hentry"],"_links":{"self":[{"href":"https:\/\/impact-acmproject.eu\/sv\/wp-json\/wp\/v2\/pages\/3","targetHints":{"allow":["GET"]}}],"collection":[{"href":"https:\/\/impact-acmproject.eu\/sv\/wp-json\/wp\/v2\/pages"}],"about":[{"href":"https:\/\/impact-acmproject.eu\/sv\/wp-json\/wp\/v2\/types\/page"}],"author":[{"embeddable":true,"href":"https:\/\/impact-acmproject.eu\/sv\/wp-json\/wp\/v2\/users\/1"}],"replies":[{"embeddable":true,"href":"https:\/\/impact-acmproject.eu\/sv\/wp-json\/wp\/v2\/comments?post=3"}],"version-history":[{"count":15,"href":"https:\/\/impact-acmproject.eu\/sv\/wp-json\/wp\/v2\/pages\/3\/revisions"}],"predecessor-version":[{"id":3842,"href":"https:\/\/impact-acmproject.eu\/sv\/wp-json\/wp\/v2\/pages\/3\/revisions\/3842"}],"wp:attachment":[{"href":"https:\/\/impact-acmproject.eu\/sv\/wp-json\/wp\/v2\/media?parent=3"}],"curies":[{"name":"wp","href":"https:\/\/api.w.org\/{rel}","templated":true}]}}