{"id":3768,"date":"2024-01-16T10:10:32","date_gmt":"2024-01-16T09:10:32","guid":{"rendered":"https:\/\/impact-acmproject.eu\/cookie-policy-ue\/"},"modified":"2024-12-04T10:21:19","modified_gmt":"2024-12-04T09:21:19","slug":"cookie-policy-ue","status":"publish","type":"page","link":"https:\/\/impact-acmproject.eu\/sl\/cookie-policy-ue\/","title":{"rendered":"Pravilnik o pi\u0161kotkih (UE)"},"content":{"rendered":"<p><section data-bb-version=\"4.7.6\" id=\"bt_bb_section69eb91602a854\" class=\"bt_bb_section bt_bb_layout_boxed_1200\"  data-bt-override-class=\"null\"><div class=\"bt_bb_port\"><div class=\"bt_bb_cell\"><div class=\"bt_bb_cell_inner\"><div class=\"bt_bb_row\"  data-bt-override-class=\"{}\"><div class=\"bt_bb_row_holder\" ><div data-bb-version=\"4.7.6\"  class=\"bt_bb_column col-xxl-12 col-xl-12 col-xs-12 col-sm-12 col-md-12 col-lg-12 bt_bb_vertical_align_top bt_bb_align_left bt_bb_padding_normal\" style=\"; --column-width:12;\" data-width=\"12\" data-bt-override-class=\"{}\"><div class=\"bt_bb_column_content\"><div class=\"bt_bb_column_content_inner\"><\/div><\/div><\/div><\/div><\/div><\/div><!-- cell_inner --><\/div><!-- cell --><\/div><!-- port --><\/section><section data-bb-version=\"4.7.6\" id=\"bt_bb_section69eb91602ad68\" class=\"bt_bb_section bt_bb_color_scheme_1 bt_bb_layout_boxed_1200 bt_bb_vertical_align_top bt_bb_background_overlay_dark_solid bt_bb_bottom_section_coverage_image bt_bb_section_with_bottom_coverage_image bt_bb_top_spacing_large bt_bb_bottom_spacing_large\" style=\"; --section-primary-color:#ffffff; --section-secondary-color:#191919;;background-color:rgb(34,64,96);\" data-bt-override-class=\"{&quot;bt_bb_top_spacing_&quot;:{&quot;current_class&quot;:&quot;bt_bb_top_spacing_large&quot;,&quot;def&quot;:&quot;large&quot;},&quot;bt_bb_bottom_spacing_&quot;:{&quot;current_class&quot;:&quot;bt_bb_bottom_spacing_large&quot;,&quot;def&quot;:&quot;large&quot;}}\"><div class=\"bt_bb_port\"><div class=\"bt_bb_cell\"><div class=\"bt_bb_cell_inner\"><div class=\"bt_bb_row\"  data-bt-override-class=\"{}\"><div class=\"bt_bb_row_holder\" ><div  class=\"bt_bb_column col-xxl-7 col-xl-7 bt_bb_vertical_align_middle bt_bb_align_left bt_bb_padding_normal bt_bb_animation_fade_in animate\" style=\"; --column-width:7;\" data-width=\"7\" data-bt-override-class=\"{}\"><div class=\"bt_bb_column_content\"><div class=\"bt_bb_column_content_inner\"><div class=\"bt_bb_separator bt_bb_border_style_none bt_bb_border_color_none bt_bb_bottom_spacing_large\" data-bt-override-class=\"null\"><\/div><header data-bb-version=\"4.7.6\" class=\"bt_bb_headline bt_bb_subheadline_text_transform_default bt_bb_dash_none bt_bb_size_large bt_bb_align_inherit\" data-bt-override-class=\"{&quot;bt_bb_size_&quot;:{&quot;current_class&quot;:&quot;bt_bb_size_large&quot;,&quot;def&quot;:&quot;large&quot;},&quot;bt_bb_align_&quot;:{&quot;current_class&quot;:&quot;bt_bb_align_inherit&quot;,&quot;def&quot;:&quot;inherit&quot;}}\"><h1 class=\"bt_bb_headline_tag\"><span class=\"bt_bb_headline_content\"><span>Politika pi\u0161kotkov<\/span><\/span><\/h1><\/header><div class=\"bt_bb_separator bt_bb_border_style_none bt_bb_border_color_none bt_bb_bottom_spacing_large\" data-bt-override-class=\"null\"><\/div><\/div><\/div><\/div><div  class=\"bt_bb_column col-xxl-5 col-xl-5 bt_bb_vertical_align_top bt_bb_align_left bt_bb_padding_normal\" style=\"; --column-width:5;\" data-width=\"5\" data-bt-override-class=\"{}\"><div class=\"bt_bb_column_content\"><div class=\"bt_bb_column_content_inner\"><\/div><\/div><\/div><\/div><\/div><\/div><!-- cell_inner --><\/div><!-- cell --><\/div><!-- port --><div class=\"bt_bb_section_bottom_section_coverage_image\"><img decoding=\"async\" src=\"https:\/\/impact-acmproject.eu\/wp-content\/uploads\/2023\/11\/bottom-cover.png\" alt=\"bt_bb_section_bottom_section_coverage_image\" \/><\/div><\/section><section data-bb-version=\"4.7.6\" id=\"bt_bb_section69eb91602aee3\" class=\"bt_bb_section bt_bb_layout_boxed_1200\"  data-bt-override-class=\"null\"><div class=\"bt_bb_port\"><div class=\"bt_bb_cell\"><div class=\"bt_bb_cell_inner\"><div class=\"bt_bb_row\"  data-bt-override-class=\"{}\"><div class=\"bt_bb_row_holder\" ><div data-bb-version=\"4.7.6\"  class=\"bt_bb_column col-xxl-12 col-xl-12 col-xs-12 col-sm-12 col-md-12 col-lg-12 bt_bb_vertical_align_top bt_bb_align_left bt_bb_padding_normal\" style=\"; --column-width:12;\" data-width=\"12\" data-bt-override-class=\"{}\"><div class=\"bt_bb_column_content\"><div class=\"bt_bb_column_content_inner\"><div data-bb-version=\"4.7.6\" class=\"bt_bb_separator bt_bb_border_style_none bt_bb_border_color_none bt_bb_top_spacing_large bt_bb_bottom_spacing_none\" data-bt-override-class=\"{&quot;bt_bb_top_spacing_&quot;:{&quot;current_class&quot;:&quot;bt_bb_top_spacing_large&quot;,&quot;def&quot;:&quot;large&quot;},&quot;bt_bb_bottom_spacing_&quot;:{&quot;current_class&quot;:&quot;bt_bb_bottom_spacing_none&quot;,&quot;def&quot;:&quot;none&quot;}}\"><\/div><div data-bb-version=\"4.7.6\"  class=\"bt_bb_text\" ><\/p>\n<p><strong>Kaj so pi\u0161kotki?<br \/>\n<\/strong>Pi\u0161kotki so majhne besedilne datoteke, ki se ob obisku spletnega mesta prenesejo na uporabnikovo napravo (osebni ra\u010dunalnik, pametni telefon, tabli\u010dni ra\u010dunalnik\u2026). Ob vsakem naslednjem obisku se pi\u0161kotki po\u0161ljejo nazaj na spletno mesto, ki jih je ustvarilo (pi\u0161kotki prve osebe), ali na drugo spletno mesto, ki jih prepozna (pi\u0161kotki tretjih oseb). Pi\u0161kotki omogo\u010dajo spletni strani, da prepozna uporabnikovo napravo. Imajo razli\u010dne namene, kot so, na primer, vam omogo\u010dajo u\u010dinkovito krmarjenje med stranmi, spominjanje va\u0161ih najljub\u0161ih spletnih mest in na splo\u0161no izbolj\u0161anje izku\u0161nje brskanja. Prav tako pomagajo zagotoviti, da je oglasna vsebina, prikazana na spletu, bolj ciljno usmerjena na uporabnika in v skladu z njegovimi interesi (pi\u0161kotki za ciljanje ali pi\u0161kotki za profiliranje). Pi\u0161kotki imajo lahko omejeno trajanje ene seje brskanja in se v tem primeru samodejno deaktivirajo, ko je brskalnik zaprt; ali imajo lahko vnaprej dolo\u010den potek in v tem primeru ostanejo shranjeni in aktivni na uporabnikovi napravi do tega poteka, pri \u010demer \u0161e naprej zbirajo informacije med razli\u010dnimi sejami brskanja v brskalniku. Obstajajo tudi druge tehnologije za zbiranje informacij, ki imajo podobne namene kot pi\u0161kotki in so shranjene na uporabnikovi napravi (kot so slikovne pike). V teh informacijah se izraz pi\u0161kotek uporablja s sklicevanjem na pi\u0161kotke, kot je opisano zgoraj, in s sklicevanjem na katero koli drugo tehnologijo zbiranja, da bi uporabniku zagotovili vodnik za razumevanje, kateri pi\u0161kotki in druge podobne tehnologije so, kot so in zakaj se uporabljajo, katere pravice so uporabnikom priznane in kak\u0161ne izbire lahko sprejmejo v zvezi z njihovo uporabo.<\/p>\n<p>&nbsp;<\/p>\n<p><strong>Pi\u0161kotki in podobne tehnologije \u2013 opredelitve pojmov<br \/>\n<\/strong>Pi\u0161kotki: majhne besedilne datoteke (obi\u010dajno sestavljene iz \u010drk in \u0161tevilk), ki jih spletna mesta (t. i. \u201eprva stranka\u201c), ki jih obi\u0161\u010de uporabnik, ali razli\u010dna spletna mesta ali spletni stre\u017eniki (t. i. \u201etretje osebe\u201c) namestijo in shranijo v brskalnik, ki ga uporabnik uporablja za brskanje po kateri koli terminalski napravi, ki lahko shranjuje informacije.<\/p>\n<p>Druge tehnologije: tehnologije, ki shranjujejo podatke v brskalniku ali napravi, ki jo uporablja uporabnik z uporabo lokalno deljenih predmetov ali lokalnega pomnilnika, npr. pi\u0161kotki flash, pi\u0161kotki HTML 5 in druge metode programske opreme za spletne aplikacije. Te tehnologije delujejo v vseh brskalnikih. V nekaterih primerih uporabe lokalne shrambe brskalniki ne morejo v celoti upravljati, temve\u010d jo je treba upravljati s posebnimi orodji.<\/p>\n<p>&nbsp;<\/p>\n<p><strong>Kategorije pi\u0161kotkov<br \/>\n<\/strong>Pi\u0161kotke je mogo\u010de razlikovati glede na njihov namen, trajanje in lastnika pi\u0161kotka.<\/p>\n<ul>\n<li>Pi\u0161kotki, ki se razlikujejo po namenu, so tisti pi\u0161kotki, ki se lahko namestijo na uporabnikovo napravo za:\n<ol>\n<li>zagotavljanje delovanja spletnega mesta in storitev ter zagotavljanje, da lahko uporabnik izkoristi njihove funkcije, tako imenovane tehni\u010dne pi\u0161kotke;<\/li>\n<li>omogo\u010dajo delovanje spletnega mesta in storitev, ki jih ponuja <a href=\"https:\/\/impact-acmproject.eu\/sl\/\">https:\/\/impact-acmproject.eu\/<\/a> izbolj\u0161ati, kot tudi oceniti u\u010dinkovitost storitve, ponujene prek spletnega mesta, tako imenovani analiti\u010dni pi\u0161kotki;<\/li>\n<li>dovoljujejo konzorciju ali tretjim osebam, da usmerjajo ciljno usmerjeno ogla\u0161evanje ali v skladu z interesi uporabnika, pod pogojem, da se s tem strinjajo, t. i. pi\u0161kotki za profiliranje.<\/li>\n<\/ol>\n<\/li>\n<\/ul>\n<ul>\n<li>Pi\u0161kotki, ki se razlikujejo glede na njihovo trajanje, so tisti pi\u0161kotki, ki lahko ostanejo v brskalniku naprave med sejo (tj. dokler ne zaprete brskalnika, ki se uporablja za brskanje po spletnem mestu, ali prekinete uporabo storitve) in se imenujejo sejni pi\u0161kotki. Lahko pa ostanejo dlje \u010dasa shranjeni v brskalniku va\u0161e naprave in lahko vsebujejo edinstveno identifikacijsko kodo ter se imenujejo trajni pi\u0161kotki.<strong>\u00a0<\/strong><\/li>\n<\/ul>\n<ul>\n<li>Pi\u0161kotke je mogo\u010de razlikovati tudi glede na subjekt, ki je lastnik pi\u0161kotka (pi\u0161kotki prve strani in pi\u0161kotki tretjih oseb).<\/li>\n<\/ul>\n<p>Pi\u0161kotki so lahko last upravljavca spletnega mesta in storitev, zato jih slednji namesti v brskalnik uporabnikove naprave, tako imenovani lastni pi\u0161kotki. Lahko se zgodi, da spletno mesto vsebuje pi\u0161kotke, ki prihajajo z drugih spletnih mest, so v lasti tretjih oseb in so vsebovani v razli\u010dnih elementih, ki gostujejo na samem spletnem mestu (na primer ogla\u0161evalne pasice, slike, videoposnetki, Sound\u2026), v tem primeru pa so to tako imenovani pi\u0161kotki tretjih oseb.<strong>\u00a0<\/strong><\/p>\n<p>&nbsp;<\/p>\n<p><strong>Pi\u0161kotki, ki jih uporablja ta spletna stran<br \/>\n<\/strong>Obisk v <a href=\"https:\/\/impact-acmproject.eu\/sl\/\">https:\/\/impact-acmproject.eu\/<\/a> Spletna stran vklju\u010duje uporabo pi\u0161kotkov za izbolj\u0161anje uporabni\u0161ke izku\u0161nje. Spletna stran uporablja: tehni\u010dni navigacijski pi\u0161kotki, analiti\u010dni pi\u0161kotki in pi\u0161kotki za profiliranje za namene tr\u017eenja.<br \/>\nUporabnik lahko kadar koli upravlja svoje nastavitve ali zavrne namestitev pi\u0161kotkov.<\/p>\n<p>Uporabnik lahko kadar koli upravlja svoje nastavitve ali zavrne namestitev pi\u0161kotkov.<\/p>\n<p style=\"text-align: left;\">\n<div id=\"cmplz-cookies-overview\"><\/div>\n<\/p>\n<p>&nbsp;<\/p>\n<p><strong>\u010cas hrambe osebnih podatkov, zbranih s pi\u0161kotki<br \/>\n<\/strong>Informacije in podatki, zbrani s pi\u0161kotki, bodo shranjeni za \u010das, ki je nujno potreben za doseganje namenov, za katere je bil name\u0161\u010den vsak pi\u0161kotek.<\/p>\n<p>Za dostop do specifi\u010dnih informacij, ki se nana\u0161ajo na shranjevanje informacij, pridobljenih z uporabo lastnih pi\u0161kotkov in pi\u0161kotkov tretjih oseb, ter upravljanje njihovih nastavitev, lahko uporabnik kadar koli dostopa do centra za pi\u0161kotke.<\/p>\n<p>&nbsp;<\/p>\n<p><strong>\u00a0<\/strong><strong>Uporabni\u0161ke pravice in upravljanje nastavitev pi\u0161kotkov<br \/>\n<\/strong>Uporabniku so dodeljene pravice, ki jih dolo\u010da Uredba (EU) 2016\/679 (tako imenovana GDPR), vklju\u010dno s pravico do dostopa, ugovora, preklica, pa tudi do spremembe svojih izbir glede uporabe pi\u0161kotkov kadar koli, prek centra za pi\u0161kotke. Za dodatne informacije in podrobnosti o pravicah uporabnika in o tem, kako uveljavljati svoje pravice, si lahko uporabnik ogleda celotno politiko zasebnosti (vstavite povezavo s klikom na \u201epolitiko zasebnosti\u201c).<\/p>\n<p><strong>\u00a0<\/strong><\/p>\n<p><strong>Onemogo\u010danje pi\u0161kotkov iz va\u0161ega brskalnika<br \/>\n<\/strong>Uporabnik lahko poleg onemogo\u010danja pi\u0161kotkov prek centra za pi\u0161kotke konfigurira svoj brskalnik tako, da omeji \u0161tevilo sprejetih pi\u0161kotkov, blokira vse pi\u0161kotke ali jih izbri\u0161e iz nastavitev brskalnika na naslednje na\u010dine:<\/p>\n<ol>\n<li>Microsoft Internet Explorer<br \/>\nS klikom na ikono orodja v zgornjem desnem kotu in izbiro internetnih mo\u017enosti. Prika\u017ee se pojavno okno, izberite zasebnost. V tem razdelku lahko uporabnik spremeni nastavitve pi\u0161kotkov.Povezava: <a href=\"http:\/\/windows.microsoft.com\/it-it\/internet-explorer\/delete-manage-cookies#ie=ie-11-win-7\">http:\/\/windows.microsoft.com\/it-it\/internet-explorer\/delete-manage-cookies#ie=ie-11-win-7<\/a><\/li>\n<li>Google Chrome<br \/>\nS klikom na ikono klju\u010da v zgornjem desnem kotu izberite nastavitve. Nato izberite Prika\u017ei napredne nastavitve. V tem razdelku lahko uporabnik spremeni nastavitve pi\u0161kotkov.Povezava: <a href=\"https:\/\/support.google.com\/accounts\/topic\/2373959?hl=it&amp;ref_topic=2373957\">https:\/\/support.google.com\/accounts\/topic\/2373959?hl=it&amp;ref_topic=2373957<\/a><\/li>\n<li>Mozilla Firefox<br \/>\nV spustnem meniju v zgornjem levem kotu izberite mo\u017enosti. V pojavnem oknu izberite zasebnost in v razdelku boste lahko spremenili nastavitve pi\u0161kotkov.Povezava: <a href=\"https:\/\/support.mozilla.org\/it\/kb\/Attivare%20e%20disattivare%20i%20cookie#firefox:win7:fx38\">https:\/\/support.mozilla.org\/it\/kb\/Attivare%20e%20disattivare%20i%20cookie#firefox:win7:fx38<\/a><\/li>\n<li>Safaris<br \/>\nV spustnem meniju nastavitev v zgornjem desnem kotu izberite nastavitve. Nato izberite varnost in v tem razdelku lahko uporabnik prilagodi nastavitve pi\u0161kotkov.Povezava: <a href=\"https:\/\/support.apple.com\/it-it\/HT201265\">https:\/\/support.apple.com\/it-it\/HT201265<\/a><\/li>\n<\/ol>\n<p><strong>\u00a0<\/strong><\/p>\n<p><strong>\u00a0<\/strong><strong>Upravljavec podatkov in kontaktni podatki<\/strong><strong><br \/>\n<\/strong>Upravljavec podatkov je <strong>Italbiotec konzorcij<\/strong> (C.F.\/identifikacijska \u0161tevilka za DDV 02429600121), s sede\u017eem v Milanu na Piazza della Trivulziana 4\/A, v osebi svojega zakonitega zastopnika pro tem; pec: consorzio@pec.italbiotec.it. Uporabnik lahko kadar koli po\u0161lje zahteve za informacije ali pojasnila na prej navedeni naslov ali prek dodatnih na\u010dinov, navedenih v pravilniku o zasebnosti (<a href=\"https:\/\/impact-acmproject.eu\/sl\/privacy-policy\/\">https:\/\/impact-acmproject.eu\/privacy-policy\/<\/a>).<\/p>\n<p>&nbsp;<\/p>\n<p>&nbsp;<\/p>\n<p>\n<\/div><\/div><\/div><\/div><\/div><\/div><\/div><!-- cell_inner --><\/div><!-- cell --><\/div><!-- port --><\/section><\/p>","protected":false},"excerpt":{"rendered":"","protected":false},"author":2,"featured_media":0,"parent":0,"menu_order":0,"comment_status":"closed","ping_status":"closed","template":"","meta":{"footnotes":""},"class_list":["post-3768","page","type-page","status-publish","hentry"],"_links":{"self":[{"href":"https:\/\/impact-acmproject.eu\/sl\/wp-json\/wp\/v2\/pages\/3768","targetHints":{"allow":["GET"]}}],"collection":[{"href":"https:\/\/impact-acmproject.eu\/sl\/wp-json\/wp\/v2\/pages"}],"about":[{"href":"https:\/\/impact-acmproject.eu\/sl\/wp-json\/wp\/v2\/types\/page"}],"author":[{"embeddable":true,"href":"https:\/\/impact-acmproject.eu\/sl\/wp-json\/wp\/v2\/users\/2"}],"replies":[{"embeddable":true,"href":"https:\/\/impact-acmproject.eu\/sl\/wp-json\/wp\/v2\/comments?post=3768"}],"version-history":[{"count":9,"href":"https:\/\/impact-acmproject.eu\/sl\/wp-json\/wp\/v2\/pages\/3768\/revisions"}],"predecessor-version":[{"id":3845,"href":"https:\/\/impact-acmproject.eu\/sl\/wp-json\/wp\/v2\/pages\/3768\/revisions\/3845"}],"wp:attachment":[{"href":"https:\/\/impact-acmproject.eu\/sl\/wp-json\/wp\/v2\/media?parent=3768"}],"curies":[{"name":"wp","href":"https:\/\/api.w.org\/{rel}","templated":true}]}}