{"id":3768,"date":"2024-01-16T10:10:32","date_gmt":"2024-01-16T09:10:32","guid":{"rendered":"https:\/\/impact-acmproject.eu\/cookie-policy-ue\/"},"modified":"2024-12-04T10:21:19","modified_gmt":"2024-12-04T09:21:19","slug":"cookie-policy-ue","status":"publish","type":"page","link":"https:\/\/impact-acmproject.eu\/sk\/cookie-policy-ue\/","title":{"rendered":"Z\u00e1sady pou\u017e\u00edvania s\u00faborov cookie (UE)"},"content":{"rendered":"<p><section data-bb-version=\"4.7.6\" id=\"bt_bb_section69eb91aebbd43\" class=\"bt_bb_section bt_bb_layout_boxed_1200\"  data-bt-override-class=\"null\"><div class=\"bt_bb_port\"><div class=\"bt_bb_cell\"><div class=\"bt_bb_cell_inner\"><div class=\"bt_bb_row\"  data-bt-override-class=\"{}\"><div class=\"bt_bb_row_holder\" ><div data-bb-version=\"4.7.6\"  class=\"bt_bb_column col-xxl-12 col-xl-12 col-xs-12 col-sm-12 col-md-12 col-lg-12 bt_bb_vertical_align_top bt_bb_align_left bt_bb_padding_normal\" style=\"; --column-width:12;\" data-width=\"12\" data-bt-override-class=\"{}\"><div class=\"bt_bb_column_content\"><div class=\"bt_bb_column_content_inner\"><\/div><\/div><\/div><\/div><\/div><\/div><!-- cell_inner --><\/div><!-- cell --><\/div><!-- port --><\/section><section data-bb-version=\"4.7.6\" id=\"bt_bb_section69eb91aebc23e\" class=\"bt_bb_section bt_bb_color_scheme_1 bt_bb_layout_boxed_1200 bt_bb_vertical_align_top bt_bb_background_overlay_dark_solid bt_bb_bottom_section_coverage_image bt_bb_section_with_bottom_coverage_image bt_bb_top_spacing_large bt_bb_bottom_spacing_large\" style=\"; --section-primary-color:#ffffff; --section-secondary-color:#191919;;background-color:rgb(34,64,96);\" data-bt-override-class=\"{&quot;bt_bb_top_spacing_&quot;:{&quot;current_class&quot;:&quot;bt_bb_top_spacing_large&quot;,&quot;def&quot;:&quot;large&quot;},&quot;bt_bb_bottom_spacing_&quot;:{&quot;current_class&quot;:&quot;bt_bb_bottom_spacing_large&quot;,&quot;def&quot;:&quot;large&quot;}}\"><div class=\"bt_bb_port\"><div class=\"bt_bb_cell\"><div class=\"bt_bb_cell_inner\"><div class=\"bt_bb_row\"  data-bt-override-class=\"{}\"><div class=\"bt_bb_row_holder\" ><div  class=\"bt_bb_column col-xxl-7 col-xl-7 bt_bb_vertical_align_middle bt_bb_align_left bt_bb_padding_normal bt_bb_animation_fade_in animate\" style=\"; --column-width:7;\" data-width=\"7\" data-bt-override-class=\"{}\"><div class=\"bt_bb_column_content\"><div class=\"bt_bb_column_content_inner\"><div class=\"bt_bb_separator bt_bb_border_style_none bt_bb_border_color_none bt_bb_bottom_spacing_large\" data-bt-override-class=\"null\"><\/div><header data-bb-version=\"4.7.6\" class=\"bt_bb_headline bt_bb_subheadline_text_transform_default bt_bb_dash_none bt_bb_size_large bt_bb_align_inherit\" data-bt-override-class=\"{&quot;bt_bb_size_&quot;:{&quot;current_class&quot;:&quot;bt_bb_size_large&quot;,&quot;def&quot;:&quot;large&quot;},&quot;bt_bb_align_&quot;:{&quot;current_class&quot;:&quot;bt_bb_align_inherit&quot;,&quot;def&quot;:&quot;inherit&quot;}}\"><h1 class=\"bt_bb_headline_tag\"><span class=\"bt_bb_headline_content\"><span>Z\u00e1sady pou\u017e\u00edvania s\u00faborov cookie<\/span><\/span><\/h1><\/header><div class=\"bt_bb_separator bt_bb_border_style_none bt_bb_border_color_none bt_bb_bottom_spacing_large\" data-bt-override-class=\"null\"><\/div><\/div><\/div><\/div><div  class=\"bt_bb_column col-xxl-5 col-xl-5 bt_bb_vertical_align_top bt_bb_align_left bt_bb_padding_normal\" style=\"; --column-width:5;\" data-width=\"5\" data-bt-override-class=\"{}\"><div class=\"bt_bb_column_content\"><div class=\"bt_bb_column_content_inner\"><\/div><\/div><\/div><\/div><\/div><\/div><!-- cell_inner --><\/div><!-- cell --><\/div><!-- port --><div class=\"bt_bb_section_bottom_section_coverage_image\"><img decoding=\"async\" src=\"https:\/\/impact-acmproject.eu\/wp-content\/uploads\/2023\/11\/bottom-cover.png\" alt=\"bt_bb_sekcia_bottom_sekcia_krytie_image\" \/><\/div><\/section><section data-bb-version=\"4.7.6\" id=\"bt_bb_section69eb91aebc3b5\" class=\"bt_bb_section bt_bb_layout_boxed_1200\"  data-bt-override-class=\"null\"><div class=\"bt_bb_port\"><div class=\"bt_bb_cell\"><div class=\"bt_bb_cell_inner\"><div class=\"bt_bb_row\"  data-bt-override-class=\"{}\"><div class=\"bt_bb_row_holder\" ><div data-bb-version=\"4.7.6\"  class=\"bt_bb_column col-xxl-12 col-xl-12 col-xs-12 col-sm-12 col-md-12 col-lg-12 bt_bb_vertical_align_top bt_bb_align_left bt_bb_padding_normal\" style=\"; --column-width:12;\" data-width=\"12\" data-bt-override-class=\"{}\"><div class=\"bt_bb_column_content\"><div class=\"bt_bb_column_content_inner\"><div data-bb-version=\"4.7.6\" class=\"bt_bb_separator bt_bb_border_style_none bt_bb_border_color_none bt_bb_top_spacing_large bt_bb_bottom_spacing_none\" data-bt-override-class=\"{&quot;bt_bb_top_spacing_&quot;:{&quot;current_class&quot;:&quot;bt_bb_top_spacing_large&quot;,&quot;def&quot;:&quot;large&quot;},&quot;bt_bb_bottom_spacing_&quot;:{&quot;current_class&quot;:&quot;bt_bb_bottom_spacing_none&quot;,&quot;def&quot;:&quot;none&quot;}}\"><\/div><div data-bb-version=\"4.7.6\"  class=\"bt_bb_text\" ><\/p>\n<p><strong>\u010co s\u00fa to cookies?<br \/>\n<\/strong>S\u00fabory cookie s\u00fa mal\u00e9 textov\u00e9 s\u00fabory, ktor\u00e9 sa pri n\u00e1v\u0161teve webov\u00e9ho s\u00eddla s\u0165ahuj\u00fa do zariadenia pou\u017e\u00edvate\u013ea (PC, smartf\u00f3n, tablet\u2026). Pri ka\u017edej \u010fal\u0161ej n\u00e1v\u0161teve sa s\u00fabory cookie posielaj\u00fa sp\u00e4\u0165 na webov\u00fa str\u00e1nku, ktor\u00e1 ich vytvorila (s\u00fabory cookie prvej strany), alebo na in\u00fa str\u00e1nku, ktor\u00e1 ich rozpozn\u00e1 (s\u00fabory cookie tret\u00edch str\u00e1n). S\u00fabory cookie umo\u017e\u0148uj\u00fa webov\u00e9mu s\u00eddlu rozpozna\u0165 zariadenie pou\u017e\u00edvate\u013ea. Maj\u00fa r\u00f4zne \u00fa\u010dely, ako napr\u00edklad umo\u017enenie efekt\u00edvnej navig\u00e1cie medzi str\u00e1nkami, zapam\u00e4tanie si va\u0161ich ob\u013e\u00faben\u00fdch str\u00e1nok a vo v\u0161eobecnosti zlep\u0161enie z\u00e1\u017eitku z prehliadania. Pom\u00e1haj\u00fa tie\u017e zabezpe\u010di\u0165, aby bol reklamn\u00fd obsah zobrazovan\u00fd online viac zacielen\u00fd na pou\u017e\u00edvate\u013ea a v s\u00falade s jeho z\u00e1ujmami (s\u00fabory cookie zacielenia alebo s\u00fabory cookie profilovania). Cookies m\u00f4\u017eu ma\u0165 obmedzen\u00e9 trvanie jednej rel\u00e1cie prehliadania a v tomto pr\u00edpade sa po zatvoren\u00ed prehliada\u010da automaticky deaktivuj\u00fa; alebo m\u00f4\u017eu ma\u0165 vopred stanoven\u00fa dobu platnosti a v tomto pr\u00edpade zostan\u00fa ulo\u017een\u00e9 a akt\u00edvne v zariaden\u00ed pou\u017e\u00edvate\u013ea a\u017e do tejto doby platnosti, pri\u010dom bud\u00fa na\u010falej zhroma\u017e\u010fova\u0165 inform\u00e1cie po\u010das r\u00f4znych rel\u00e1ci\u00ed prehliadania v prehliada\u010di. Existuj\u00fa aj in\u00e9 technol\u00f3gie zhroma\u017e\u010fovania inform\u00e1ci\u00ed, ktor\u00e9 maj\u00fa podobn\u00e9 \u00fa\u010dely ako s\u00fabory cookie a s\u00fa ulo\u017een\u00e9 v zariaden\u00ed pou\u017e\u00edvate\u013ea (napr\u00edklad pixely). V t\u00fdchto inform\u00e1ci\u00e1ch sa v\u00fdraz cookie pou\u017e\u00edva s odkazom na s\u00fabory cookie, ako je pop\u00edsan\u00e9 vy\u0161\u0161ie, a s odkazom na ak\u00fako\u013evek in\u00fa technol\u00f3giu zberu s cie\u013eom poskytn\u00fa\u0165 pou\u017e\u00edvate\u013eovi n\u00e1vod na pochopenie toho, ak\u00e9 s\u00fabory cookie a in\u00e9 podobn\u00e9 technol\u00f3gie s\u00fa, ako a pre\u010do sa pou\u017e\u00edvaj\u00fa, ak\u00e9 pr\u00e1va s\u00fa uznan\u00e9 pou\u017e\u00edvate\u013eom a ak\u00e9 mo\u017enosti m\u00f4\u017eu urobi\u0165 v s\u00favislosti s ich pou\u017e\u00edvan\u00edm.<\/p>\n<p>&nbsp;<\/p>\n<p><strong>S\u00fabory cookie a podobn\u00e9 technol\u00f3gie \u2013 defin\u00edcie<br \/>\n<\/strong>S\u00fabory cookie: mal\u00e9 textov\u00e9 s\u00fabory (zvy\u010dajne pozost\u00e1vaj\u00face z p\u00edsmen a \u010d\u00edsel), ktor\u00e9 webov\u00e9 str\u00e1nky (tzv. prv\u00e1 strana) nav\u0161t\u00edven\u00e9 pou\u017e\u00edvate\u013eom alebo r\u00f4zne webov\u00e9 str\u00e1nky alebo webov\u00e9 servery (tzv. tretie strany) umiest\u0148uj\u00fa a ukladaj\u00fa v prehliada\u010di, ktor\u00fd pou\u017e\u00edvate\u013e pou\u017e\u00edva na prehliadanie na akomko\u013evek koncovom zariaden\u00ed schopnom uklada\u0165 inform\u00e1cie.<\/p>\n<p>\u010eal\u0161ie technol\u00f3gie: technol\u00f3gie, ktor\u00e9 ukladaj\u00fa \u00fadaje v prehliada\u010di alebo zariaden\u00ed pou\u017e\u00edvanom pou\u017e\u00edvate\u013eom pomocou lok\u00e1lne zdie\u013ean\u00fdch objektov alebo lok\u00e1lneho \u00falo\u017eiska, napr. flash cookies, HTML 5 cookies a in\u00e9 softv\u00e9rov\u00e9 met\u00f3dy webov\u00fdch aplik\u00e1ci\u00ed. Tieto technol\u00f3gie funguj\u00fa vo v\u0161etk\u00fdch prehliada\u010doch. V niektor\u00fdch pr\u00edpadoch nem\u00f4\u017ee by\u0165 pou\u017e\u00edvanie lok\u00e1lneho \u00falo\u017eiska plne spravovan\u00e9 prehliada\u010dmi, ale vy\u017eaduje si spr\u00e1vu prostredn\u00edctvom \u0161pecifick\u00fdch n\u00e1strojov.<\/p>\n<p>&nbsp;<\/p>\n<p><strong>Kateg\u00f3rie s\u00faborov cookie<br \/>\n<\/strong>S\u00fabory cookie mo\u017eno rozl\u00ed\u0161i\u0165 na z\u00e1klade ich \u00fa\u010delu, trvania a vlastn\u00edka s\u00faboru cookie.<\/p>\n<ul>\n<li>S\u00fabory cookie, ktor\u00e9 sa rozli\u0161uj\u00fa pod\u013ea \u00fa\u010delu, s\u00fa tie s\u00fabory cookie, ktor\u00e9 mo\u017eno nain\u0161talova\u0165 do zariadenia pou\u017e\u00edvate\u013ea s cie\u013eom:\n<ol>\n<li>zabezpe\u010di\u0165 fungovanie str\u00e1nky a slu\u017eieb, ako aj zaru\u010di\u0165, \u017ee pou\u017e\u00edvate\u013e m\u00f4\u017ee vyu\u017e\u00edva\u0165 svoje funkcie, tzv. technick\u00e9 s\u00fabory cookie;<\/li>\n<li>umo\u017eni\u0165 v\u00fdkon str\u00e1nky a slu\u017eieb, ktor\u00e9 pon\u00faka <a href=\"https:\/\/impact-acmproject.eu\/sk\/\">https:\/\/impact-acmproject.eu\/<\/a> na zlep\u0161enie, ako aj na vyhodnotenie \u00fa\u010dinnosti slu\u017eby pon\u00fakanej prostredn\u00edctvom Str\u00e1nky, tzv. analytick\u00e9 cookies;<\/li>\n<li>umo\u017eni\u0165 konzorciu alebo tret\u00edm stran\u00e1m priamu cielen\u00fa reklamu alebo v s\u00falade so z\u00e1ujmami pou\u017e\u00edvate\u013ea, s v\u00fdhradou s\u00fahlasu, tzv. profilovacie s\u00fabory cookie.<\/li>\n<\/ol>\n<\/li>\n<\/ul>\n<ul>\n<li>S\u00fabory cookie, ktor\u00e9 sa rozli\u0161uj\u00fa na z\u00e1klade ich trvania, s\u00fa tie s\u00fabory cookie, ktor\u00e9 m\u00f4\u017eu zosta\u0165 v prehliada\u010di zariadenia po\u010das trvania rel\u00e1cie (t. j. k\u00fdm nezatvor\u00edte prehliada\u010d pou\u017e\u00edvan\u00fd na prehliadanie str\u00e1nky alebo nepreru\u0161\u00edte pou\u017e\u00edvanie slu\u017eby) a naz\u00fdvaj\u00fa sa s\u00fabory cookie rel\u00e1cie. Alebo m\u00f4\u017eu zosta\u0165 ulo\u017een\u00e9 v prehliada\u010di v\u00e1\u0161ho zariadenia na dlh\u00fa dobu a m\u00f4\u017eu obsahova\u0165 jedine\u010dn\u00fd identifika\u010dn\u00fd k\u00f3d a naz\u00fdvaj\u00fa sa trval\u00e9 s\u00fabory cookie.<strong>\u00a0<\/strong><\/li>\n<\/ul>\n<ul>\n<li>S\u00fabory cookie mo\u017eno rozli\u0161ova\u0165 aj na z\u00e1klade subjektu, ktor\u00fd ich vlastn\u00ed (s\u00fabory cookie prvej strany a s\u00fabory cookie tret\u00edch str\u00e1n).<\/li>\n<\/ul>\n<p>S\u00fabory cookie m\u00f4\u017eu by\u0165 vlastn\u00edctvom spr\u00e1vcu webov\u00fdch str\u00e1nok a slu\u017eieb, a preto ich spr\u00e1vca slu\u017eieb in\u0161taluje do prehliada\u010da zariadenia pou\u017e\u00edvate\u013ea, tzv. s\u00fabory cookie prvej strany. M\u00f4\u017ee sa sta\u0165, \u017ee str\u00e1nka obsahuje s\u00fabory cookie poch\u00e1dzaj\u00face z in\u00fdch str\u00e1nok, ktor\u00e9 vlastnia tretie strany, obsiahnut\u00e9 v r\u00f4znych prvkoch hos\u0165ovan\u00fdch na samotnej str\u00e1nke (napr\u00edklad reklamn\u00e9 bannery, obr\u00e1zky, vide\u00e1, zvuky\u2026) a v tomto pr\u00edpade s\u00fa to takzvan\u00e9 s\u00fabory cookie tret\u00edch str\u00e1n.<strong>\u00a0<\/strong><\/p>\n<p>&nbsp;<\/p>\n<p><strong>Cookies pou\u017e\u00edvan\u00e9 touto webovou str\u00e1nkou<br \/>\n<\/strong>N\u00e1v\u0161teva na <a href=\"https:\/\/impact-acmproject.eu\/sk\/\">https:\/\/impact-acmproject.eu\/<\/a> Webov\u00e1 str\u00e1nka zah\u0155\u0148a pou\u017e\u00edvanie s\u00faborov cookie na zlep\u0161enie pou\u017e\u00edvate\u013esk\u00e9ho z\u00e1\u017eitku. Str\u00e1nka pou\u017e\u00edva: technick\u00e9 naviga\u010dn\u00e9 s\u00fabory cookie, analytick\u00e9 s\u00fabory cookie a profilovacie s\u00fabory cookie na marketingov\u00e9 \u00fa\u010dely.<br \/>\nPou\u017e\u00edvate\u013e m\u00f4\u017ee kedyko\u013evek spravova\u0165 svoje preferencie alebo odmietnu\u0165 in\u0161tal\u00e1ciu s\u00faborov cookie.<\/p>\n<p>Pou\u017e\u00edvate\u013e m\u00f4\u017ee kedyko\u013evek spravova\u0165 svoje preferencie alebo odmietnu\u0165 in\u0161tal\u00e1ciu s\u00faborov cookie.<\/p>\n<p style=\"text-align: left;\">\n<div id=\"cmplz-cookies-overview\"><\/div>\n<\/p>\n<p>&nbsp;<\/p>\n<p><strong>\u010cas uchov\u00e1vania osobn\u00fdch \u00fadajov zhroma\u017eden\u00fdch prostredn\u00edctvom s\u00faborov cookie<br \/>\n<\/strong>Inform\u00e1cie a \u00fadaje zhroma\u017eden\u00e9 prostredn\u00edctvom s\u00faborov cookie sa ulo\u017eia na \u010das nevyhnutne potrebn\u00fd na dosiahnutie \u00fa\u010delu, na ktor\u00fd bol ka\u017ed\u00fd s\u00fabor cookie nain\u0161talovan\u00fd.<\/p>\n<p>Na pr\u00edstup ku konkr\u00e9tnym inform\u00e1ci\u00e1m t\u00fdkaj\u00facim sa ukladania inform\u00e1ci\u00ed z\u00edskan\u00fdch pou\u017e\u00edvan\u00edm s\u00faborov cookie prvej strany a tret\u00edch str\u00e1n a na spravovanie ich preferenci\u00ed m\u00f4\u017ee pou\u017e\u00edvate\u013e kedyko\u013evek pristupova\u0165 do centra s\u00faborov cookie.<\/p>\n<p>&nbsp;<\/p>\n<p><strong>\u00a0<\/strong><strong>Pr\u00e1va pou\u017e\u00edvate\u013eov a spr\u00e1va predvolieb s\u00faborov cookie<br \/>\n<\/strong>Pou\u017e\u00edvate\u013eovi sa ude\u013euj\u00fa pr\u00e1va stanoven\u00e9 v nariaden\u00ed (E\u00da) 2016\/679 (tzv. GDPR) vr\u00e1tane pr\u00e1va na pr\u00edstup, n\u00e1mietku, zru\u0161enie, ako aj na zmenu svojho v\u00fdberu pou\u017e\u00edvania s\u00faborov cookie kedyko\u013evek prostredn\u00edctvom centra s\u00faborov cookie. \u010eal\u0161ie inform\u00e1cie a podrobnosti o pr\u00e1vach pou\u017e\u00edvate\u013ea a o tom, ako si m\u00f4\u017ee uplatni\u0165 svoje pr\u00e1va, n\u00e1jdete v \u00fapln\u00fdch Z\u00e1sad\u00e1ch ochrany osobn\u00fdch \u00fadajov (vlo\u017ete odkaz kliknut\u00edm na \u201eZ\u00e1sady ochrany osobn\u00fdch \u00fadajov\u201c).<\/p>\n<p><strong>\u00a0<\/strong><\/p>\n<p><strong>Zak\u00e1zanie s\u00faborov cookie vo va\u0161om prehliada\u010di<br \/>\n<\/strong>Pou\u017e\u00edvate\u013e m\u00f4\u017ee okrem zak\u00e1zania s\u00faborov cookie prostredn\u00edctvom centra s\u00faborov cookie nakonfigurova\u0165 svoj prehliada\u010d tak, aby obmedzil po\u010det prijat\u00fdch s\u00faborov cookie, zablokoval v\u0161etky s\u00fabory cookie alebo ich vymazal z nastaven\u00ed prehliada\u010da nasleduj\u00facimi sp\u00f4sobmi:<\/p>\n<ol>\n<li>Microsoft Internet Explorer<br \/>\nKliknut\u00edm na ikonu n\u00e1strojov v pravom hornom rohu a v\u00fdberom mo\u017enost\u00ed internetu. Zobraz\u00ed sa kontextov\u00e9 okno, vyberte s\u00fakromie. V tejto \u010dasti m\u00f4\u017ee pou\u017e\u00edvate\u013e zmeni\u0165 nastavenia s\u00faborov cookie.Odkaz: <a href=\"http:\/\/windows.microsoft.com\/it-it\/internet-explorer\/delete-manage-cookies#ie=ie-11-win-7\">http:\/\/windows.microsoft.com\/it-it\/internet-explorer\/delete-manage-cookies#ie=ie-11-win-7<\/a><\/li>\n<li>Google Chrome<br \/>\nKliknut\u00edm na ikonu k\u013e\u00fa\u010da v pravom hornom rohu vyberte nastavenia. Potom vyberte polo\u017eku Zobrazi\u0165 roz\u0161\u00edren\u00e9 nastavenia. V tejto \u010dasti m\u00f4\u017ee pou\u017e\u00edvate\u013e zmeni\u0165 nastavenia s\u00faborov cookie.Odkaz: <a href=\"https:\/\/support.google.com\/accounts\/topic\/2373959?hl=it&amp;ref_topic=2373957\">https:\/\/support.google.com\/accounts\/topic\/2373959?hl=it&amp;ref_topic=2373957<\/a><\/li>\n<li>Mozilla Firefox<br \/>\nV rozba\u013eovacej ponuke v \u013eavom hornom rohu vyberte mo\u017enosti. V kontextovom okne vyberte s\u00fakromie a v sekcii budete m\u00f4c\u0165 zmeni\u0165 svoje preferencie t\u00fdkaj\u00face sa s\u00faborov cookie. <a href=\"https:\/\/support.mozilla.org\/it\/kb\/Attivare%20e%20disattivare%20i%20cookie#firefox:win7:fx38\">https:\/\/support.mozilla.org\/it\/kb\/Attivare%20e%20disattivare%20i%20cookie#firefox:win7:fx38<\/a><\/li>\n<li>Safari<br \/>\nV rozba\u013eovacej ponuke nastaven\u00ed v pravom hornom rohu vyberte predvo\u013eby. Potom vyberte bezpe\u010dnos\u0165 a v tejto \u010dasti m\u00f4\u017ee pou\u017e\u00edvate\u013e upravi\u0165 nastavenia s\u00faborov cookie. <a href=\"https:\/\/support.apple.com\/it-it\/HT201265\">https:\/\/support.apple.com\/it-it\/HT201265<\/a><\/li>\n<\/ol>\n<p><strong>\u00a0<\/strong><\/p>\n<p><strong>\u00a0<\/strong><strong>Prev\u00e1dzkovate\u013e \u00fadajov a kontaktn\u00e9 \u00fadaje<\/strong><strong><br \/>\n<\/strong>Prev\u00e1dzkovate\u013eom \u00fadajov je <strong>konzorcium Italbiotec<\/strong> (C.F.\/DI\u010c 02429600121) so s\u00eddlom v Mil\u00e1ne na Piazza della Trivulziana 4\/A, v osobe jej pr\u00e1vneho z\u00e1stupcu pro tem; pec: consorzio@pec.italbiotec.it. Pou\u017e\u00edvate\u013e m\u00f4\u017ee kedyko\u013evek zasla\u0165 \u017eiados\u0165 o inform\u00e1cie alebo vysvetlenie na vy\u0161\u0161ie uveden\u00fa adresu alebo prostredn\u00edctvom \u010fal\u0161\u00edch met\u00f3d uveden\u00fdch v z\u00e1sad\u00e1ch ochrany osobn\u00fdch \u00fadajov (<a href=\"https:\/\/impact-acmproject.eu\/sk\/privacy-policy\/\">https:\/\/impact-acmproject.eu\/privacy-policy\/<\/a>).<\/p>\n<p>&nbsp;<\/p>\n<p>&nbsp;<\/p>\n<p>\n<\/div><\/div><\/div><\/div><\/div><\/div><\/div><!-- cell_inner --><\/div><!-- cell --><\/div><!-- port --><\/section><\/p>","protected":false},"excerpt":{"rendered":"","protected":false},"author":2,"featured_media":0,"parent":0,"menu_order":0,"comment_status":"closed","ping_status":"closed","template":"","meta":{"footnotes":""},"class_list":["post-3768","page","type-page","status-publish","hentry"],"_links":{"self":[{"href":"https:\/\/impact-acmproject.eu\/sk\/wp-json\/wp\/v2\/pages\/3768","targetHints":{"allow":["GET"]}}],"collection":[{"href":"https:\/\/impact-acmproject.eu\/sk\/wp-json\/wp\/v2\/pages"}],"about":[{"href":"https:\/\/impact-acmproject.eu\/sk\/wp-json\/wp\/v2\/types\/page"}],"author":[{"embeddable":true,"href":"https:\/\/impact-acmproject.eu\/sk\/wp-json\/wp\/v2\/users\/2"}],"replies":[{"embeddable":true,"href":"https:\/\/impact-acmproject.eu\/sk\/wp-json\/wp\/v2\/comments?post=3768"}],"version-history":[{"count":9,"href":"https:\/\/impact-acmproject.eu\/sk\/wp-json\/wp\/v2\/pages\/3768\/revisions"}],"predecessor-version":[{"id":3845,"href":"https:\/\/impact-acmproject.eu\/sk\/wp-json\/wp\/v2\/pages\/3768\/revisions\/3845"}],"wp:attachment":[{"href":"https:\/\/impact-acmproject.eu\/sk\/wp-json\/wp\/v2\/media?parent=3768"}],"curies":[{"name":"wp","href":"https:\/\/api.w.org\/{rel}","templated":true}]}}