{"id":3,"date":"2023-08-31T13:00:16","date_gmt":"2023-08-31T11:00:16","guid":{"rendered":"http:\/\/impact-acmproject.eu\/?page_id=3"},"modified":"2024-12-02T12:56:24","modified_gmt":"2024-12-02T11:56:24","slug":"privacy-policy","status":"publish","type":"page","link":"https:\/\/impact-acmproject.eu\/sk\/privacy-policy\/","title":{"rendered":"Z\u00e1sady ochrany osobn\u00fdch \u00fadajov"},"content":{"rendered":"<p><section data-bb-version=\"4.7.6\" id=\"bt_bb_section69eb9152a52c0\" class=\"bt_bb_section bt_bb_layout_boxed_1200\"  data-bt-override-class=\"null\"><div class=\"bt_bb_port\"><div class=\"bt_bb_cell\"><div class=\"bt_bb_cell_inner\"><div class=\"bt_bb_row\"  data-bt-override-class=\"{}\"><div class=\"bt_bb_row_holder\" ><div data-bb-version=\"4.7.6\"  class=\"bt_bb_column col-xxl-12 col-xl-12 col-xs-12 col-sm-12 col-md-12 col-lg-12 bt_bb_vertical_align_top bt_bb_align_left bt_bb_padding_normal\" style=\"; --column-width:12;\" data-width=\"12\" data-bt-override-class=\"{}\"><div class=\"bt_bb_column_content\"><div class=\"bt_bb_column_content_inner\"><\/div><\/div><\/div><\/div><\/div><\/div><!-- cell_inner --><\/div><!-- cell --><\/div><!-- port --><\/section><section data-bb-version=\"4.7.6\" id=\"bt_bb_section69eb9152a5796\" class=\"bt_bb_section bt_bb_color_scheme_1 bt_bb_layout_boxed_1200 bt_bb_vertical_align_top bt_bb_background_overlay_dark_solid bt_bb_bottom_section_coverage_image bt_bb_section_with_bottom_coverage_image bt_bb_top_spacing_large bt_bb_bottom_spacing_large\" style=\"; --section-primary-color:#ffffff; --section-secondary-color:#191919;;background-color:rgb(51,42,43);\" data-bt-override-class=\"{&quot;bt_bb_top_spacing_&quot;:{&quot;current_class&quot;:&quot;bt_bb_top_spacing_large&quot;,&quot;def&quot;:&quot;large&quot;},&quot;bt_bb_bottom_spacing_&quot;:{&quot;current_class&quot;:&quot;bt_bb_bottom_spacing_large&quot;,&quot;def&quot;:&quot;large&quot;}}\"><div class=\"bt_bb_port\"><div class=\"bt_bb_cell\"><div class=\"bt_bb_cell_inner\"><div class=\"bt_bb_row\"  data-bt-override-class=\"{}\"><div class=\"bt_bb_row_holder\" ><div  class=\"bt_bb_column col-xxl-7 col-xl-7 bt_bb_vertical_align_middle bt_bb_align_left bt_bb_padding_normal bt_bb_animation_fade_in animate\" style=\"; --column-width:7;\" data-width=\"7\" data-bt-override-class=\"{}\"><div class=\"bt_bb_column_content\"><div class=\"bt_bb_column_content_inner\"><div class=\"bt_bb_separator bt_bb_border_style_none bt_bb_border_color_none bt_bb_bottom_spacing_large\" data-bt-override-class=\"null\"><\/div><header data-bb-version=\"4.7.6\" class=\"bt_bb_headline bt_bb_subheadline_text_transform_default bt_bb_dash_none bt_bb_size_large bt_bb_align_inherit\" data-bt-override-class=\"{&quot;bt_bb_size_&quot;:{&quot;current_class&quot;:&quot;bt_bb_size_large&quot;,&quot;def&quot;:&quot;large&quot;},&quot;bt_bb_align_&quot;:{&quot;current_class&quot;:&quot;bt_bb_align_inherit&quot;,&quot;def&quot;:&quot;inherit&quot;}}\"><h1 class=\"bt_bb_headline_tag\"><span class=\"bt_bb_headline_content\"><span>Z\u00e1sady ochrany osobn\u00fdch \u00fadajov<\/span><\/span><\/h1><\/header><div class=\"bt_bb_separator bt_bb_border_style_none bt_bb_border_color_none bt_bb_bottom_spacing_large\" data-bt-override-class=\"null\"><\/div><\/div><\/div><\/div><div  class=\"bt_bb_column col-xxl-5 col-xl-5 bt_bb_vertical_align_top bt_bb_align_left bt_bb_padding_normal\" style=\"; --column-width:5;\" data-width=\"5\" data-bt-override-class=\"{}\"><div class=\"bt_bb_column_content\"><div class=\"bt_bb_column_content_inner\"><\/div><\/div><\/div><\/div><\/div><\/div><!-- cell_inner --><\/div><!-- cell --><\/div><!-- port --><div class=\"bt_bb_section_bottom_section_coverage_image\"><img decoding=\"async\" src=\"https:\/\/impact-acmproject.eu\/wp-content\/uploads\/2023\/11\/bottom-cover.png\" alt=\"bt_bb_sekcia_bottom_sekcia_krytie_image\" \/><\/div><\/section><section data-bb-version=\"4.7.6\" id=\"bt_bb_section69eb9152a598f\" class=\"bt_bb_section bt_bb_layout_boxed_1200\"  data-bt-override-class=\"null\"><div class=\"bt_bb_port\"><div class=\"bt_bb_cell\"><div class=\"bt_bb_cell_inner\"><div class=\"bt_bb_row\"  data-bt-override-class=\"{}\"><div class=\"bt_bb_row_holder\" ><div data-bb-version=\"4.7.6\"  class=\"bt_bb_column col-xxl-12 col-xl-12 col-xs-12 col-sm-12 col-md-12 col-lg-12 bt_bb_vertical_align_top bt_bb_align_left bt_bb_padding_normal\" style=\"; --column-width:12;\" data-width=\"12\" data-bt-override-class=\"{}\"><div class=\"bt_bb_column_content\"><div class=\"bt_bb_column_content_inner\"><div data-bb-version=\"4.7.6\"  class=\"bt_bb_text\" ><\/p>\n<p><strong>INFORM\u00c1CIE A S\u00daHLAS SO SPRACOVAN\u00cdM OSOBN\u00ddCH \u00daDAJOV POU\u017d\u00cdVATE\u013dOV VPLYVOVEJ STR\u00c1NKY POD\u013dA \u010cL\u00c1NKU 13 NARIADENIA (E\u00da) 2016\/679 (\u010falej len \u201eGDPR\u201c)<\/strong><\/p>\n<p><strong>Predpoklad<\/strong><br \/>Konzorcium Italbiotec poskytuje tieto inform\u00e1cie v s\u00favislosti so sprac\u00favan\u00edm osobn\u00fdch \u00fadajov, ktor\u00e9 konzorcium zhroma\u017e\u010fuje pri n\u00e1v\u0161teve a prehliadan\u00ed webov\u00e9ho s\u00eddla https:\/\/impact-acmproject.eu\/. Tieto inform\u00e1cie sa poskytuj\u00fa v\u00fdlu\u010dne pre webov\u00fa str\u00e1nku IMPACT a nevz\u0165ahuj\u00fa sa na str\u00e1nky alebo online slu\u017eby pr\u00edstupn\u00e9 prostredn\u00edctvom hypertextov\u00fdch odkazov, ktor\u00e9 m\u00f4\u017eu by\u0165 zverejnen\u00e9 na webovej str\u00e1nke. Osobn\u00e9 \u00fadaje poskytnut\u00e9 pou\u017e\u00edvate\u013emi bud\u00fa spracovan\u00e9 v s\u00falade s ustanoveniami nariadenia E\u00da \u010d. 2016\/679 (pre stru\u010dnos\u0165 \u201eGDPR\u201c).<\/p>\n<p>\u00a0<\/p>\n<p><strong>Prev\u00e1dzkovate\u013e \u00fadajov<br \/><\/strong>Prev\u00e1dzkovate\u013eom je konzorcium Italbiotec (C.F.\/DI\u010c 02429600121) so s\u00eddlom v Mil\u00e1ne na Piazza della Trivulziana 4\/A, v osobe pr\u00e1vneho z\u00e1stupcu pro tempore pec: consorzio@pec.italbiotec.it<\/p>\n<p>\u00a0<\/p>\n<p><strong>Pr\u00e1vny z\u00e1klad sprac\u00favania<br \/><\/strong>Pr\u00e1vnym z\u00e1kladom sprac\u00favania \u00fadajov uveden\u00fdch v t\u00fdchto inform\u00e1ci\u00e1ch je v\u00fdslovn\u00fd s\u00fahlas dotknutej osoby pod\u013ea \u010dl. 6 ods. 1 p\u00edsm. a) GDPR a dodr\u017eiavanie z\u00e1konn\u00fdch povinnost\u00ed, ktor\u00fdm prev\u00e1dzkovate\u013e podlieha pod\u013ea \u010dl. 6 ods. 1 p\u00edsm. c) GDPR.<\/p>\n<p>\u00a0<\/p>\n<p><strong>Kateg\u00f3rie \u00fadajov \u2013 \u00fadaje o prehliadan\u00ed<br \/><\/strong>Prev\u00e1dzkovate\u013e sprac\u00fava osobn\u00e9 \u00fadaje be\u017enej povahy (meno, priezvisko, e-mailov\u00e1 adresa, in\u00e9 osobn\u00e9 \u00fadaje, ako napr\u00edklad da\u0148ov\u00e9 identifika\u010dn\u00e9 \u010d\u00edslo, bydlisko; naviga\u010dn\u00e9 \u00fadaje, ako je IP adresa, adresy v z\u00e1pise URI\/URL at\u010f.). Po\u010d\u00edta\u010dov\u00e9 syst\u00e9my a softv\u00e9rov\u00e9 postupy pou\u017e\u00edvan\u00e9 na prev\u00e1dzku tejto webovej str\u00e1nky z\u00edskavaj\u00fa po\u010das svojej be\u017enej prev\u00e1dzky niektor\u00e9 osobn\u00e9 \u00fadaje, ktor\u00fdch prenos je implicitn\u00fd pri pou\u017e\u00edvan\u00ed internetov\u00fdch komunika\u010dn\u00fdch protokolov.<\/p>\n<p>Ide o inform\u00e1cie, ktor\u00e9 sa nezhroma\u017e\u010fuj\u00fa na to, aby sa sp\u00e1jali s identifikovan\u00fdmi zainteresovan\u00fdmi stranami, ale ktor\u00e9 by svojou povahou mohli prostredn\u00edctvom spracovania a spojenia s \u00fadajmi v dr\u017ebe tret\u00edch str\u00e1n umo\u017eni\u0165 identifik\u00e1ciu pou\u017e\u00edvate\u013eov.<\/p>\n<p>T\u00e1to kateg\u00f3ria \u00fadajov zah\u0155\u0148a IP adresy alebo n\u00e1zvy dom\u00e9n po\u010d\u00edta\u010dov pou\u017e\u00edvan\u00fdch pou\u017e\u00edvate\u013emi, ktor\u00ed sa prip\u00e1jaj\u00fa na str\u00e1nku, adresy v z\u00e1pise URI (Uniform Resource Identifier) po\u017eadovan\u00fdch zdrojov, \u010das \u017eiadosti, met\u00f3du pou\u017eit\u00fa pri odosielan\u00ed \u017eiadosti na server, ve\u013ekos\u0165 s\u00faboru z\u00edskan\u00e9ho ako odpove\u010f, \u010d\u00edseln\u00fd k\u00f3d ozna\u010duj\u00faci stav odpovede poskytnutej serverom (\u00faspe\u0161n\u00fd, chyba at\u010f.) a \u010fal\u0161ie parametre t\u00fdkaj\u00face sa opera\u010dn\u00e9ho syst\u00e9mu a IT prostredia pou\u017e\u00edvate\u013ea.<\/p>\n<p>Tieto \u00fadaje sa pou\u017e\u00edvaj\u00fa v\u00fdlu\u010dne na \u00fa\u010dely z\u00edskania anonymn\u00fdch \u0161tatistick\u00fdch inform\u00e1ci\u00ed o pou\u017e\u00edvan\u00ed str\u00e1nky a na kontrolu jej spr\u00e1vneho fungovania a okam\u017eite po spracovan\u00ed sa vyma\u017e\u00fa.<\/p>\n<p>\u00a0<\/p>\n<p><strong>Kateg\u00f3rie \u00fadajov \u2013 \u00fadaje, ktor\u00e9 ste dobrovo\u013ene poskytli<br \/><\/strong>Nepovinn\u00e9, v\u00fdslovn\u00e9 a dobrovo\u013en\u00e9 zasielanie e-mailov na uveden\u00e9 adresy a\/alebo vyplnenie formul\u00e1ra na tomto webovom s\u00eddle zah\u0155\u0148a n\u00e1sledn\u00e9 z\u00edskanie adresy odosielate\u013ea, ktor\u00e1 je potrebn\u00e1 na odpove\u010f na \u017eiadosti, ako aj ak\u00e9ko\u013evek in\u00e9 osobn\u00e9 \u00fadaje zadan\u00e9 do komunik\u00e1cie, ako je zd\u00f4raznen\u00e9 v z\u00e1sad\u00e1ch ochrany osobn\u00fdch \u00fadajov t\u00fdkaj\u00facich sa slu\u017eby \u201ekontaktujte n\u00e1s\u201c pr\u00edtomnej na nasleduj\u00facej e-mailovej adrese: privacy@italbiotec.it<\/p>\n<p>S v\u00fdnimkou toho, \u010do je uveden\u00e9 vy\u0161\u0161ie pre naviga\u010dn\u00e9 \u00fadaje a v inform\u00e1ci\u00e1ch pod\u013ea \u010dl. 13 GDPR uveden\u00fdch v jednotliv\u00fdch \u010dastiach webovej str\u00e1nky IMPACT, je poskytovanie \u00fadajov na \u010fal\u0161ie \u00fa\u010dely dobrovo\u013en\u00e9.<\/p>\n<p><strong><br \/>S\u00fabory cookie<br \/><\/strong>Inform\u00e1cie t\u00fdkaj\u00face sa s\u00faborov cookie n\u00e1jdete v \u010dasti \u201ePolitika s\u00faborov cookie\u201c (<a href=\"https:\/\/impact-acmproject.eu\/sk\/cookie-policy-ue\/\">https:\/\/impact-acmproject.eu\/cookie-policy-ue\/<\/a>)<\/p>\n<p>S\u00fahlas udelen\u00fd v centre s\u00faborov cookie m\u00f4\u017eete kedyko\u013evek zmeni\u0165, odvola\u0165 alebo aktualizova\u0165.<\/p>\n<p>\u00a0<\/p>\n<p><strong>\u00da\u010del sprac\u00favania \u2013 Met\u00f3dy sprac\u00favania \u2013 Doba uchov\u00e1vania \u00fadajov<br \/><\/strong>Spracovanie va\u0161ich \u00fadajov pomocou IT a telematick\u00fdch n\u00e1strojov (a\/alebo pomocou manu\u00e1lnych n\u00e1strojov) je zameran\u00e9 na spr\u00e1vne pou\u017e\u00edvanie webovej str\u00e1nky vo vz\u0165ahu k slu\u017eb\u00e1m, ktor\u00e9 pon\u00faka. <a href=\"https:\/\/impact-acmproject.eu\/sk\/\">https:\/\/impact-acmproject.eu\/<\/a>. Va\u0161e \u00fadaje bud\u00fa spracov\u00e1van\u00e9 zamestnancami a spolupracovn\u00edkmi konzorcia Italbiotec (intern\u00e9 alebo extern\u00e9, fyzick\u00e9 alebo pr\u00e1vnick\u00e9 osoby) pre potreby \u00fadr\u017eby slu\u017eieb.<\/p>\n<p>Osobn\u00e9 \u00fadaje s\u00fa spracov\u00e1van\u00e9 automatizovan\u00fdmi n\u00e1strojmi po dobu nevyhnutne potrebn\u00fa na dosiahnutie \u00fa\u010delov, na ktor\u00e9 boli zhroma\u017eden\u00e9, pod\u013ea \u010dl. 5 p\u00edsm. e) GDPR.<\/p>\n<p>Dodr\u017eiavaj\u00fa sa osobitn\u00e9 bezpe\u010dnostn\u00e9 opatrenia, aby sa zabr\u00e1nilo strate \u00fadajov, nez\u00e1konn\u00e9mu alebo nespr\u00e1vnemu pou\u017eitiu a neopr\u00e1vnen\u00e9mu pr\u00edstupu.<\/p>\n<p><strong><br \/>Kateg\u00f3rie pr\u00edjemcov osobn\u00fdch \u00fadajov<br \/><\/strong>Sprac\u00favan\u00e9 \u00fadaje sa m\u00f4\u017eu okrem subjektov uveden\u00fdch v odseku \u201e\u00da\u010del sprac\u00favania \u2013 met\u00f3dy sprac\u00favania\u201c ozn\u00e1mi\u0165 aj s\u00fadnemu org\u00e1nu na \u00fa\u010dely zistenia toho ist\u00e9ho priestupku.<\/p>\n<p>\u00a0<\/p>\n<p><strong>Pr\u00e1va zainteresovan\u00fdch str\u00e1n<br \/><\/strong>V s\u00favislosti s \u00fadajmi sprac\u00favan\u00fdmi na z\u00e1klade t\u00fdchto inform\u00e1ci\u00ed m\u00e1te kedyko\u013evek pr\u00e1vo:<\/p>\n<ul>\n<li>pr\u00edstup (\u010dl\u00e1nok 15 nariadenia E\u00da \u010d. 2016\/679) \u2013 pr\u00e1vo po\u017eadova\u0165 a z\u00edska\u0165 od prev\u00e1dzkovate\u013ea potvrdenie o tom, \u017ee prebieha sprac\u00favanie jeho \u00fadajov, a pr\u00edstup k \u00fadajom t\u00fdkaj\u00facim sa zainteresovanej strany (medzi \u00fa\u010delom sprac\u00favania a kateg\u00f3riami sprac\u00favan\u00fdch \u00fadajov),<\/li>\n<li>Oprava (\u010dl\u00e1nok 16 nariadenia E\u00da \u010d. 2016\/679) \u2013 umo\u017e\u0148uje v\u00e1m po\u017eiada\u0165 prev\u00e1dzkovate\u013ea o opravu, \u00fapravu a integr\u00e1ciu va\u0161ich osobn\u00fdch \u00fadajov;<\/li>\n<li>Vymazanie (\u010dl\u00e1nok 17 nariadenia E\u00da \u010d. 2016\/679) \u2013 umo\u017e\u0148uje dosiahnu\u0165 vymazanie va\u0161ich \u00fadajov bez zbyto\u010dn\u00e9ho odkladu (tzv. pr\u00e1vo by\u0165 zabudnut\u00fd);<\/li>\n<li>obmedzenie (\u010dl\u00e1nok 18 nariadenia E\u00da \u010d. 2016\/679) \u2013 pr\u00e1vo na obmedzenie sprac\u00favania \u00fadajov dotknutej osoby, napr\u00edklad na za\u010dlenenie v\u00fdkonu pr\u00e1va uveden\u00e9ho v \u010dl\u00e1nku 16 tak dlho, ako je to potrebn\u00e9 na overenie spr\u00e1vnosti \u00fadajov;<\/li>\n<li>Prenosnos\u0165 (\u010dl\u00e1nok 20 nariadenia E\u00da \u010d. 2016\/679) \u2013 umo\u017e\u0148uje zainteresovanej strane z\u00edska\u0165 osobn\u00e9 \u00fadaje, ktor\u00e9 sa jej t\u00fdkaj\u00fa, aby ich mohla post\u00fapi\u0165 in\u00e9mu prev\u00e1dzkovate\u013eovi;<\/li>\n<li>N\u00e1mietka proti sprac\u00favaniu (\u010dl\u00e1nok 21 nariadenia E\u00da \u010d. 2016\/679) \u2013 umo\u017e\u0148uje dotknutej osobe namieta\u0165 proti sprac\u00favaniu osobn\u00fdch \u00fadajov, ktor\u00e9 sa jej t\u00fdkaj\u00fa.<\/li>\n<\/ul>\n<p>Uplatnenie va\u0161ich pr\u00e1v je mo\u017en\u00e9 vykona\u0165 p\u00edsomnou komunik\u00e1ciou zaslanou na adresu: Piazza della Trivulziana 4\/A alebo e-mailom: <a href=\"mailto:privacy@italbiotec.it\">privacy@italbiotec.it<\/a><\/p>\n<p>\u00a0<\/p>\n<p><strong>Odvolanie s\u00fahlasu<\/strong><br \/>Kedyko\u013evek m\u00e1te pr\u00e1vo odvola\u0165 svoj s\u00fahlas bez toho, aby bola dotknut\u00e1 z\u00e1konnos\u0165 spracovania zalo\u017een\u00e9ho na s\u00fahlase udelenom pred odvolan\u00edm.<\/p>\n<p>\u00a0<\/p>\n<p><strong>S\u0165a\u017enos\u0165<\/strong><br \/>Upozor\u0148ujeme, \u017ee pod\u013ea \u010dl. 77 nariadenia E\u00da \u010d. 2016\/679 m\u00f4\u017ee spolo\u010dnos\u0165 S.V. poda\u0165 s\u0165a\u017enos\u0165 ru\u010dite\u013eovi v pr\u00edpade poru\u0161enia platn\u00fdch pr\u00e1vnych predpisov o ochrane osobn\u00fdch \u00fadajov.<\/p>\n<p>\u00a0<\/p>\n<p><strong>S\u00daHLAS S SPRACOVAN\u00cdM OSOBN\u00ddCH \u00daDAJOV NARIADENIE (E\u00da) 2016\/679<\/strong><br \/>Pou\u017e\u00edvate\u013e, ktor\u00fd bol informovan\u00fd:<\/p>\n<ul>\n<li>toto\u017enos\u0165 prev\u00e1dzkovate\u013ea \u00fadajov,<\/li>\n<li>opatrenia, met\u00f3dy, ktor\u00fdmi sa sprac\u00favanie uskuto\u010d\u0148uje<\/li>\n<li>\u00da\u010dely sprac\u00favania, na ktor\u00e9 s\u00fa osobn\u00e9 \u00fadaje ur\u010den\u00e9<\/li>\n<li>o pr\u00e1ve odvola\u0165 s\u00fahlas, ako sa uv\u00e1dza v t\u00fdchto inform\u00e1ci\u00e1ch vypracovan\u00fdch pod\u013ea \u010dl\u00e1nku 13 nariadenia (E\u00da) 2016\/679, umiestnen\u00edm ozna\u010denia do pr\u00edslu\u0161n\u00e9ho pol\u00ed\u010dka \u201ePre\u010d\u00edtal(-a) som si a s\u00fahlas\u00edm s obchodn\u00fdmi podmienkami\u201c<\/li>\n<\/ul>\n<p>\u00a0<\/p>\n<p><strong>VYHL\u00c1SENIE<br \/><\/strong>\u017ee som dostal a pre\u010d\u00edtal tieto inform\u00e1cie a<\/p>\n<p>\u00a0<\/p>\n<p><strong>S\u00daHLAS\u00cd<br \/><\/strong>pod\u013ea a na \u00fa\u010dely \u010dl\u00e1nku 7 a nasl. nariadenia (E\u00da) 2016\/679 na sprac\u00favanie osobn\u00fdch \u00fadajov sp\u00f4sobom a v r\u00e1mci obmedzen\u00ed stanoven\u00fdch v t\u00fdchto inform\u00e1ci\u00e1ch.<\/p>\n<p>\n<\/div><\/div><\/div><\/div><\/div><\/div><\/div><!-- cell_inner --><\/div><!-- cell --><\/div><!-- port --><\/section><\/p>","protected":false},"excerpt":{"rendered":"","protected":false},"author":1,"featured_media":0,"parent":0,"menu_order":0,"comment_status":"closed","ping_status":"open","template":"","meta":{"footnotes":""},"class_list":["post-3","page","type-page","status-publish","hentry"],"_links":{"self":[{"href":"https:\/\/impact-acmproject.eu\/sk\/wp-json\/wp\/v2\/pages\/3","targetHints":{"allow":["GET"]}}],"collection":[{"href":"https:\/\/impact-acmproject.eu\/sk\/wp-json\/wp\/v2\/pages"}],"about":[{"href":"https:\/\/impact-acmproject.eu\/sk\/wp-json\/wp\/v2\/types\/page"}],"author":[{"embeddable":true,"href":"https:\/\/impact-acmproject.eu\/sk\/wp-json\/wp\/v2\/users\/1"}],"replies":[{"embeddable":true,"href":"https:\/\/impact-acmproject.eu\/sk\/wp-json\/wp\/v2\/comments?post=3"}],"version-history":[{"count":15,"href":"https:\/\/impact-acmproject.eu\/sk\/wp-json\/wp\/v2\/pages\/3\/revisions"}],"predecessor-version":[{"id":3842,"href":"https:\/\/impact-acmproject.eu\/sk\/wp-json\/wp\/v2\/pages\/3\/revisions\/3842"}],"wp:attachment":[{"href":"https:\/\/impact-acmproject.eu\/sk\/wp-json\/wp\/v2\/media?parent=3"}],"curies":[{"name":"wp","href":"https:\/\/api.w.org\/{rel}","templated":true}]}}