{"id":3768,"date":"2024-01-16T10:10:32","date_gmt":"2024-01-16T09:10:32","guid":{"rendered":"https:\/\/impact-acmproject.eu\/cookie-policy-ue\/"},"modified":"2024-12-04T10:21:19","modified_gmt":"2024-12-04T09:21:19","slug":"cookie-policy-ue","status":"publish","type":"page","link":"https:\/\/impact-acmproject.eu\/ro\/cookie-policy-ue\/","title":{"rendered":"Politica privind cookie-urile (UE)"},"content":{"rendered":"<p><section data-bb-version=\"4.7.6\" id=\"bt_bb_section69eb8e1d2eb26\" class=\"bt_bb_section bt_bb_layout_boxed_1200\"  data-bt-override-class=\"null\"><div class=\"bt_bb_port\"><div class=\"bt_bb_cell\"><div class=\"bt_bb_cell_inner\"><div class=\"bt_bb_row\"  data-bt-override-class=\"{}\"><div class=\"bt_bb_row_holder\" ><div data-bb-version=\"4.7.6\"  class=\"bt_bb_column col-xxl-12 col-xl-12 col-xs-12 col-sm-12 col-md-12 col-lg-12 bt_bb_vertical_align_top bt_bb_align_left bt_bb_padding_normal\" style=\"; --column-width:12;\" data-width=\"12\" data-bt-override-class=\"{}\"><div class=\"bt_bb_column_content\"><div class=\"bt_bb_column_content_inner\"><\/div><\/div><\/div><\/div><\/div><\/div><!-- cell_inner --><\/div><!-- cell --><\/div><!-- port --><\/section><section data-bb-version=\"4.7.6\" id=\"bt_bb_section69eb8e1d4026d\" class=\"bt_bb_section bt_bb_color_scheme_1 bt_bb_layout_boxed_1200 bt_bb_vertical_align_top bt_bb_background_overlay_dark_solid bt_bb_bottom_section_coverage_image bt_bb_section_with_bottom_coverage_image bt_bb_top_spacing_large bt_bb_bottom_spacing_large\" style=\"; --section-primary-color:#ffffff; --section-secondary-color:#191919;;background-color:rgb(34,64,96);\" data-bt-override-class=\"{&quot;bt_bb_top_spacing_&quot;:{&quot;current_class&quot;:&quot;bt_bb_top_spacing_large&quot;,&quot;def&quot;:&quot;large&quot;},&quot;bt_bb_bottom_spacing_&quot;:{&quot;current_class&quot;:&quot;bt_bb_bottom_spacing_large&quot;,&quot;def&quot;:&quot;large&quot;}}\"><div class=\"bt_bb_port\"><div class=\"bt_bb_cell\"><div class=\"bt_bb_cell_inner\"><div class=\"bt_bb_row\"  data-bt-override-class=\"{}\"><div class=\"bt_bb_row_holder\" ><div  class=\"bt_bb_column col-xxl-7 col-xl-7 bt_bb_vertical_align_middle bt_bb_align_left bt_bb_padding_normal bt_bb_animation_fade_in animate\" style=\"; --column-width:7;\" data-width=\"7\" data-bt-override-class=\"{}\"><div class=\"bt_bb_column_content\"><div class=\"bt_bb_column_content_inner\"><div class=\"bt_bb_separator bt_bb_border_style_none bt_bb_border_color_none bt_bb_bottom_spacing_large\" data-bt-override-class=\"null\"><\/div><header data-bb-version=\"4.7.6\" class=\"bt_bb_headline bt_bb_subheadline_text_transform_default bt_bb_dash_none bt_bb_size_large bt_bb_align_inherit\" data-bt-override-class=\"{&quot;bt_bb_size_&quot;:{&quot;current_class&quot;:&quot;bt_bb_size_large&quot;,&quot;def&quot;:&quot;large&quot;},&quot;bt_bb_align_&quot;:{&quot;current_class&quot;:&quot;bt_bb_align_inherit&quot;,&quot;def&quot;:&quot;inherit&quot;}}\"><h1 class=\"bt_bb_headline_tag\"><span class=\"bt_bb_headline_content\"><span>Politica privind cookie-urile<\/span><\/span><\/h1><\/header><div class=\"bt_bb_separator bt_bb_border_style_none bt_bb_border_color_none bt_bb_bottom_spacing_large\" data-bt-override-class=\"null\"><\/div><\/div><\/div><\/div><div  class=\"bt_bb_column col-xxl-5 col-xl-5 bt_bb_vertical_align_top bt_bb_align_left bt_bb_padding_normal\" style=\"; --column-width:5;\" data-width=\"5\" data-bt-override-class=\"{}\"><div class=\"bt_bb_column_content\"><div class=\"bt_bb_column_content_inner\"><\/div><\/div><\/div><\/div><\/div><\/div><!-- cell_inner --><\/div><!-- cell --><\/div><!-- port --><div class=\"bt_bb_section_bottom_section_coverage_image\"><img decoding=\"async\" src=\"https:\/\/impact-acmproject.eu\/wp-content\/uploads\/2023\/11\/bottom-cover.png\" alt=\"bt_bb_section_bottom_section_coverage_image\" \/><\/div><\/section><section data-bb-version=\"4.7.6\" id=\"bt_bb_section69eb8e1d40448\" class=\"bt_bb_section bt_bb_layout_boxed_1200\"  data-bt-override-class=\"null\"><div class=\"bt_bb_port\"><div class=\"bt_bb_cell\"><div class=\"bt_bb_cell_inner\"><div class=\"bt_bb_row\"  data-bt-override-class=\"{}\"><div class=\"bt_bb_row_holder\" ><div data-bb-version=\"4.7.6\"  class=\"bt_bb_column col-xxl-12 col-xl-12 col-xs-12 col-sm-12 col-md-12 col-lg-12 bt_bb_vertical_align_top bt_bb_align_left bt_bb_padding_normal\" style=\"; --column-width:12;\" data-width=\"12\" data-bt-override-class=\"{}\"><div class=\"bt_bb_column_content\"><div class=\"bt_bb_column_content_inner\"><div data-bb-version=\"4.7.6\" class=\"bt_bb_separator bt_bb_border_style_none bt_bb_border_color_none bt_bb_top_spacing_large bt_bb_bottom_spacing_none\" data-bt-override-class=\"{&quot;bt_bb_top_spacing_&quot;:{&quot;current_class&quot;:&quot;bt_bb_top_spacing_large&quot;,&quot;def&quot;:&quot;large&quot;},&quot;bt_bb_bottom_spacing_&quot;:{&quot;current_class&quot;:&quot;bt_bb_bottom_spacing_none&quot;,&quot;def&quot;:&quot;none&quot;}}\"><\/div><div data-bb-version=\"4.7.6\"  class=\"bt_bb_text\" ><\/p>\n<p><strong>Ce sunt cookie-urile?<br \/>\n<\/strong>Cookie-urile sunt fi\u0219iere text mici care sunt desc\u0103rcate pe dispozitivul utilizatorului (PC, smartphone, tablet\u0103\u2026) atunci c\u00e2nd viziteaz\u0103 un site web. La fiecare vizit\u0103 ulterioar\u0103, cookie-urile sunt trimise \u00eenapoi la site-ul web care le-a ini\u021biat (cookie-uri primare) sau la un alt site care le recunoa\u0219te (cookie-uri ter\u021b\u0103 parte). Cookie-urile permit unui site web s\u0103 recunoasc\u0103 dispozitivul unui utilizator. Acestea au diverse scopuri, cum ar fi, de exemplu, s\u0103 v\u0103 permit\u0103 s\u0103 naviga\u021bi eficient \u00eentre pagini, s\u0103 v\u0103 aminti\u021bi site-urile preferate \u0219i, \u00een general, s\u0103 \u00eembun\u0103t\u0103\u021bi\u021bi experien\u021ba de navigare. Acestea contribuie, de asemenea, la asigurarea faptului c\u0103 con\u021binutul publicitar afi\u0219at online este mai bine direc\u021bionat c\u0103tre utilizator \u0219i \u00een conformitate cu interesele acestuia (cookie-uri de direc\u021bionare sau cookie-uri de profilare). Cookie-urile pot avea o durat\u0103 limitat\u0103 a unei singure sesiuni de navigare \u0219i, \u00een acest caz, sunt dezactivate automat atunci c\u00e2nd browserul este \u00eenchis; sau pot avea o expirare prestabilit\u0103 \u0219i, \u00een acest caz, vor r\u0103m\u00e2ne stocate \u0219i active pe dispozitivul utilizatorului p\u00e2n\u0103 la expirarea respectiv\u0103, continu\u00e2nd s\u0103 colecteze informa\u021bii \u00een timpul diferitelor sesiuni de navigare pe browser. Exist\u0103, de asemenea, alte tehnologii de colectare a informa\u021biilor cu scopuri similare cu cele ale cookie-urilor \u0219i stocate pe dispozitivul utilizatorului (cum ar fi pixelii). \u00cen aceste informa\u021bii, termenul cookie este utilizat cu referire la cookie-uri, a\u0219a cum este descris mai sus, \u0219i cu referire la orice alt\u0103 tehnologie de colectare, cu scopul de a oferi utilizatorului un ghid pentru a \u00een\u021belege ce cookie-uri \u0219i alte tehnologii similare sunt, cum ar fi \u0219i de ce sunt utilizate, ce drepturi sunt recunoscute utilizatorilor \u0219i ce alegeri pot face cu privire la utilizarea lor.<\/p>\n<p>&nbsp;<\/p>\n<p><strong>Cookie-uri \u0219i tehnologii similare \u2013 defini\u021bii<br \/>\n<\/strong>Cookie-uri: fi\u0219iere text mici (\u00een general formate din litere \u0219i cifre) pe care site-urile web (a\u0219a-numitele \u201eprime p\u0103r\u021bi\u201d) vizitate de utilizator sau diferite site-uri web sau servere web (a\u0219a-numitele \u201eter\u021be p\u0103r\u021bi\u201d) le plaseaz\u0103 \u0219i le stocheaz\u0103 \u00een browserul utilizat de utilizator pentru navigarea pe orice dispozitiv terminal capabil s\u0103 stocheze informa\u021bii.<\/p>\n<p>Alte tehnologii: tehnologii care stocheaz\u0103 date \u00een browserul sau dispozitivul utilizat de Utilizator utiliz\u00e2nd obiecte partajate local sau stocare local\u0103, de exemplu cookie-uri flash, cookie-uri HTML 5 \u0219i alte metode software pentru aplica\u021bii web. Aceste tehnologii func\u021bioneaz\u0103 \u00een toate browserele. \u00cen unele cazuri, utilizarea stoc\u0103rii locale nu poate fi gestionat\u0103 pe deplin de browsere, ci necesit\u0103 gestionarea prin instrumente specifice.<\/p>\n<p>&nbsp;<\/p>\n<p><strong>Categorii de cookie-uri<br \/>\n<\/strong>Cookie-urile pot fi diferen\u021biate \u00een func\u021bie de scopul, durata \u0219i proprietarul cookie-ului.<\/p>\n<ul>\n<li>Cookie-urile diferen\u021biate \u00een func\u021bie de scop sunt acele cookie-uri care pot fi instalate pe dispozitivul utilizatorului pentru:\n<ol>\n<li>asigur\u0103 func\u021bionarea site-ului \u0219i a serviciilor, precum \u0219i pentru a garanta c\u0103 utilizatorul poate profita de func\u021biile lor, a\u0219a-numitele cookie-uri tehnice;<\/li>\n<li>permite performan\u021ba site-ului \u0219i a serviciilor oferite de <a href=\"https:\/\/impact-acmproject.eu\/ro\/\">https:\/\/impact-acmproject.eu\/<\/a> pentru a fi \u00eembun\u0103t\u0103\u021bite, precum \u0219i pentru a evalua eficacitatea unui serviciu oferit prin intermediul site-ului, a\u0219a-numitele cookie-uri analitice;<\/li>\n<li>permite consor\u021biului sau ter\u021bilor s\u0103 direc\u021bioneze publicitatea direc\u021bionat\u0103 sau \u00een conformitate cu interesele utilizatorului, sub rezerva consim\u021b\u0103m\u00e2ntului, a\u0219a-numitele cookie-uri de profilare.<\/li>\n<\/ol>\n<\/li>\n<\/ul>\n<ul>\n<li>Cookie-urile care se disting \u00een func\u021bie de durata lor sunt acele cookie-uri care pot r\u0103m\u00e2ne \u00een browserul dispozitivului pe durata unei sesiuni (adic\u0103 p\u00e2n\u0103 c\u00e2nd \u00eenchide\u021bi browserul utilizat pentru navigarea pe site sau \u00eentrerupe\u021bi utilizarea unui serviciu) \u0219i se numesc cookie-uri de sesiune. Sau pot r\u0103m\u00e2ne stocate \u00een browserul dispozitivului dvs. pentru perioade lungi de timp \u0219i pot con\u021bine un cod unic de identificare \u0219i se numesc cookie-uri permanente.<strong>\u00a0<\/strong><\/li>\n<\/ul>\n<ul>\n<li>Cookie-urile pot fi, de asemenea, diferen\u021biate \u00een func\u021bie de entitatea care de\u021bine cookie-ul (cookie-uri primare \u0219i cookie-uri ter\u021be).<\/li>\n<\/ul>\n<p>Cookie-urile pot fi proprietatea site-ului \u0219i a administratorului de servicii \u0219i, prin urmare, sunt instalate de acesta din urm\u0103 \u00een browserul dispozitivului utilizatorului, a\u0219a-numitele cookie-uri primare. Se poate \u00eent\u00e2mpla ca un site s\u0103 con\u021bin\u0103 cookie-uri, provenind de la alte site-uri, de\u021binute de ter\u021be p\u0103r\u021bi, con\u021binute \u00een diverse elemente g\u0103zduite pe site-ul \u00eensu\u0219i (de exemplu, bannere publicitare, imagini, videoclipuri, sunete\u2026) \u0219i \u00een acest caz acestea sunt a\u0219a-numitele cookie-uri ter\u021be p\u0103r\u021bi.<strong>\u00a0<\/strong><\/p>\n<p>&nbsp;<\/p>\n<p><strong>Cookie-urile utilizate de acest site<br \/>\n<\/strong>Vizita \u00een <a href=\"https:\/\/impact-acmproject.eu\/ro\/\">https:\/\/impact-acmproject.eu\/<\/a> Site-ul implic\u0103 utilizarea cookie-urilor pentru a \u00eembun\u0103t\u0103\u021bi experien\u021ba utilizatorului. Site-ul utilizeaz\u0103: cookie-uri tehnice de navigare, cookie-uri analitice \u0219i cookie-uri de profilare \u00een scopuri de marketing.<br \/>\nUtilizatorul poate, \u00een orice moment, s\u0103-\u0219i gestioneze preferin\u021bele sau s\u0103 refuze instalarea cookie-urilor.<\/p>\n<p>Utilizatorul poate, \u00een orice moment, s\u0103-\u0219i gestioneze preferin\u021bele sau s\u0103 refuze instalarea cookie-urilor.<\/p>\n<p style=\"text-align: left;\">\n<div id=\"cmplz-cookies-overview\"><\/div>\n<\/p>\n<p>&nbsp;<\/p>\n<p><strong>Perioadele de p\u0103strare a datelor cu caracter personal colectate prin intermediul cookie-urilor<br \/>\n<\/strong>Informa\u021biile \u0219i datele colectate prin intermediul cookie-urilor vor fi stocate pe perioada strict necesar\u0103 pentru atingerea scopurilor pentru care a fost instalat fiecare cookie.<\/p>\n<p>Pentru a accesa informa\u021bii specifice referitoare la stocarea informa\u021biilor ob\u021binute prin utilizarea cookie-urilor primare \u0219i ter\u021be \u0219i pentru a gestiona preferin\u021bele acestora, utilizatorul poate accesa centrul de cookie-uri \u00een orice moment.<\/p>\n<p>&nbsp;<\/p>\n<p><strong>\u00a0<\/strong><strong>Drepturile utilizatorilor \u0219i gestionarea preferin\u021belor privind cookie-urile<br \/>\n<\/strong>Utilizatorului i se acord\u0103 drepturile prev\u0103zute de Regulamentul (UE) 2016\/679 (a\u0219a-numitul GDPR), inclusiv dreptul de acces, opozi\u021bie, anulare, precum \u0219i de a-\u0219i modifica op\u021biunile privind utilizarea cookie-urilor \u00een orice moment, prin intermediul centrului de cookie-uri. Pentru mai multe informa\u021bii \u0219i detalii privind drepturile utilizatorului \u0219i modul de exercitare a drepturilor sale, utilizatorul poate consulta Politica de confiden\u021bialitate complet\u0103 (a se introduce linkul f\u0103c\u00e2nd clic pe \u201ePolitica de confiden\u021bialitate\u201d).<\/p>\n<p><strong>\u00a0<\/strong><\/p>\n<p><strong>Dezactivarea cookie-urilor din browserul dvs.<br \/>\n<\/strong>Utilizatorul, pe l\u00e2ng\u0103 dezactivarea cookie-urilor prin intermediul centrului de cookie-uri, \u00ee\u0219i poate configura browserul s\u0103 limiteze num\u0103rul de cookie-uri acceptate, s\u0103 blocheze toate cookie-urile sau s\u0103 le \u0219tearg\u0103 din set\u0103rile browserului \u00een urm\u0103toarele moduri:<\/p>\n<ol>\n<li>Microsoft Internet Explorer<br \/>\nF\u0103c\u00e2nd clic pe pictograma de instrumente din col\u021bul din dreapta sus \u0219i select\u00e2nd op\u021biunile de internet. Va fi afi\u0219at\u0103 o fereastr\u0103 pop-up, selecta\u021bi confiden\u021bialitate. \u00cen aceast\u0103 sec\u021biune, utilizatorul poate modifica set\u0103rile cookie-urilor.Link: <a href=\"http:\/\/windows.microsoft.com\/it-it\/internet-explorer\/delete-manage-cookies#ie=ie-11-win-7\">http:\/\/windows.microsoft.com\/it-it\/internet-explorer\/delete-manage-cookies#ie=ie-11-win-7<\/a><\/li>\n<li>Google Chrome<br \/>\nF\u0103c\u00e2nd clic pe pictograma cheie din col\u021bul din dreapta sus \u0219i selecta\u021bi set\u0103rile. Apoi, selecta\u021bi Afi\u0219are set\u0103ri avansate. \u00cen aceast\u0103 sec\u021biune, utilizatorul poate modifica set\u0103rile cookie-urilor.Link: <a href=\"https:\/\/support.google.com\/accounts\/topic\/2373959?hl=it&amp;ref_topic=2373957\">https:\/\/support.google.com\/accounts\/topic\/2373959?hl=it&amp;ref_topic=2373957<\/a><\/li>\n<li>Mozilla Firefox<br \/>\nDin meniul vertical din col\u021bul din st\u00e2nga sus, selecta\u021bi op\u021biunile. \u00cen fereastra pop-up, selecta\u021bi confiden\u021bialitate \u0219i \u00een sec\u021biune ve\u021bi putea modifica preferin\u021bele privind cookie-urile.Link: <a href=\"https:\/\/support.mozilla.org\/it\/kb\/Attivare%20e%20disattivare%20i%20cookie#firefox:win7:fx38\">https:\/\/support.mozilla.org\/it\/kb\/Attivare%20e%20disattivare%20i%20cookie#firefox:win7:fx38<\/a><\/li>\n<li>Safaris<br \/>\nDin meniul de set\u0103ri verticale din col\u021bul din dreapta sus, selecta\u021bi preferin\u021bele. Apoi selecta\u021bi securitatea \u0219i \u00een aceast\u0103 sec\u021biune utilizatorul poate ajusta set\u0103rile cookie-urilor.Link: <a href=\"https:\/\/support.apple.com\/it-it\/HT201265\">https:\/\/support.apple.com\/it-it\/HT201265<\/a><\/li>\n<\/ol>\n<p><strong>\u00a0<\/strong><\/p>\n<p><strong>\u00a0<\/strong><strong>Operatorul de date \u0219i informa\u021biile de contact<\/strong><strong><br \/>\n<\/strong>Operatorul de date este <strong>Consor\u021biul Italbiotec<\/strong> (C.F.\/num\u0103r de \u00eenregistrare \u00een scopuri de TVA 02429600121), cu sediul social \u00een Milano, \u00een Piazza della Trivulziana 4\/A, \u00een persoana reprezentantului s\u0103u legal pro tem; pec: consorzio@pec.italbiotec.it. Utilizatorul poate trimite, \u00een orice moment, solicit\u0103ri de informa\u021bii sau clarific\u0103ri la adresa men\u021bionat\u0103 anterior sau prin metodele suplimentare indicate \u00een Politica de confiden\u021bialitate (<a href=\"https:\/\/impact-acmproject.eu\/ro\/privacy-policy\/\">https:\/\/impact-acmproject.eu\/privacy-policy\/<\/a>).<\/p>\n<p>&nbsp;<\/p>\n<p>&nbsp;<\/p>\n<p>\n<\/div><\/div><\/div><\/div><\/div><\/div><\/div><!-- cell_inner --><\/div><!-- cell --><\/div><!-- port --><\/section><\/p>","protected":false},"excerpt":{"rendered":"","protected":false},"author":2,"featured_media":0,"parent":0,"menu_order":0,"comment_status":"closed","ping_status":"closed","template":"","meta":{"footnotes":""},"class_list":["post-3768","page","type-page","status-publish","hentry"],"_links":{"self":[{"href":"https:\/\/impact-acmproject.eu\/ro\/wp-json\/wp\/v2\/pages\/3768","targetHints":{"allow":["GET"]}}],"collection":[{"href":"https:\/\/impact-acmproject.eu\/ro\/wp-json\/wp\/v2\/pages"}],"about":[{"href":"https:\/\/impact-acmproject.eu\/ro\/wp-json\/wp\/v2\/types\/page"}],"author":[{"embeddable":true,"href":"https:\/\/impact-acmproject.eu\/ro\/wp-json\/wp\/v2\/users\/2"}],"replies":[{"embeddable":true,"href":"https:\/\/impact-acmproject.eu\/ro\/wp-json\/wp\/v2\/comments?post=3768"}],"version-history":[{"count":9,"href":"https:\/\/impact-acmproject.eu\/ro\/wp-json\/wp\/v2\/pages\/3768\/revisions"}],"predecessor-version":[{"id":3845,"href":"https:\/\/impact-acmproject.eu\/ro\/wp-json\/wp\/v2\/pages\/3768\/revisions\/3845"}],"wp:attachment":[{"href":"https:\/\/impact-acmproject.eu\/ro\/wp-json\/wp\/v2\/media?parent=3768"}],"curies":[{"name":"wp","href":"https:\/\/api.w.org\/{rel}","templated":true}]}}