{"id":3,"date":"2023-08-31T13:00:16","date_gmt":"2023-08-31T11:00:16","guid":{"rendered":"http:\/\/impact-acmproject.eu\/?page_id=3"},"modified":"2024-12-02T12:56:24","modified_gmt":"2024-12-02T11:56:24","slug":"privacy-policy","status":"publish","type":"page","link":"https:\/\/impact-acmproject.eu\/ro\/privacy-policy\/","title":{"rendered":"Politica de confiden\u021bialitate"},"content":{"rendered":"<p><section data-bb-version=\"4.7.6\" id=\"bt_bb_section69eb8e1313bda\" class=\"bt_bb_section bt_bb_layout_boxed_1200\"  data-bt-override-class=\"null\"><div class=\"bt_bb_port\"><div class=\"bt_bb_cell\"><div class=\"bt_bb_cell_inner\"><div class=\"bt_bb_row\"  data-bt-override-class=\"{}\"><div class=\"bt_bb_row_holder\" ><div data-bb-version=\"4.7.6\"  class=\"bt_bb_column col-xxl-12 col-xl-12 col-xs-12 col-sm-12 col-md-12 col-lg-12 bt_bb_vertical_align_top bt_bb_align_left bt_bb_padding_normal\" style=\"; --column-width:12;\" data-width=\"12\" data-bt-override-class=\"{}\"><div class=\"bt_bb_column_content\"><div class=\"bt_bb_column_content_inner\"><\/div><\/div><\/div><\/div><\/div><\/div><!-- cell_inner --><\/div><!-- cell --><\/div><!-- port --><\/section><section data-bb-version=\"4.7.6\" id=\"bt_bb_section69eb8e1313fc0\" class=\"bt_bb_section bt_bb_color_scheme_1 bt_bb_layout_boxed_1200 bt_bb_vertical_align_top bt_bb_background_overlay_dark_solid bt_bb_bottom_section_coverage_image bt_bb_section_with_bottom_coverage_image bt_bb_top_spacing_large bt_bb_bottom_spacing_large\" style=\"; --section-primary-color:#ffffff; --section-secondary-color:#191919;;background-color:rgb(51,42,43);\" data-bt-override-class=\"{&quot;bt_bb_top_spacing_&quot;:{&quot;current_class&quot;:&quot;bt_bb_top_spacing_large&quot;,&quot;def&quot;:&quot;large&quot;},&quot;bt_bb_bottom_spacing_&quot;:{&quot;current_class&quot;:&quot;bt_bb_bottom_spacing_large&quot;,&quot;def&quot;:&quot;large&quot;}}\"><div class=\"bt_bb_port\"><div class=\"bt_bb_cell\"><div class=\"bt_bb_cell_inner\"><div class=\"bt_bb_row\"  data-bt-override-class=\"{}\"><div class=\"bt_bb_row_holder\" ><div  class=\"bt_bb_column col-xxl-7 col-xl-7 bt_bb_vertical_align_middle bt_bb_align_left bt_bb_padding_normal bt_bb_animation_fade_in animate\" style=\"; --column-width:7;\" data-width=\"7\" data-bt-override-class=\"{}\"><div class=\"bt_bb_column_content\"><div class=\"bt_bb_column_content_inner\"><div class=\"bt_bb_separator bt_bb_border_style_none bt_bb_border_color_none bt_bb_bottom_spacing_large\" data-bt-override-class=\"null\"><\/div><header data-bb-version=\"4.7.6\" class=\"bt_bb_headline bt_bb_subheadline_text_transform_default bt_bb_dash_none bt_bb_size_large bt_bb_align_inherit\" data-bt-override-class=\"{&quot;bt_bb_size_&quot;:{&quot;current_class&quot;:&quot;bt_bb_size_large&quot;,&quot;def&quot;:&quot;large&quot;},&quot;bt_bb_align_&quot;:{&quot;current_class&quot;:&quot;bt_bb_align_inherit&quot;,&quot;def&quot;:&quot;inherit&quot;}}\"><h1 class=\"bt_bb_headline_tag\"><span class=\"bt_bb_headline_content\"><span>Politica de confiden\u021bialitate<\/span><\/span><\/h1><\/header><div class=\"bt_bb_separator bt_bb_border_style_none bt_bb_border_color_none bt_bb_bottom_spacing_large\" data-bt-override-class=\"null\"><\/div><\/div><\/div><\/div><div  class=\"bt_bb_column col-xxl-5 col-xl-5 bt_bb_vertical_align_top bt_bb_align_left bt_bb_padding_normal\" style=\"; --column-width:5;\" data-width=\"5\" data-bt-override-class=\"{}\"><div class=\"bt_bb_column_content\"><div class=\"bt_bb_column_content_inner\"><\/div><\/div><\/div><\/div><\/div><\/div><!-- cell_inner --><\/div><!-- cell --><\/div><!-- port --><div class=\"bt_bb_section_bottom_section_coverage_image\"><img decoding=\"async\" src=\"https:\/\/impact-acmproject.eu\/wp-content\/uploads\/2023\/11\/bottom-cover.png\" alt=\"bt_bb_section_bottom_section_coverage_image\" \/><\/div><\/section><section data-bb-version=\"4.7.6\" id=\"bt_bb_section69eb8e1314157\" class=\"bt_bb_section bt_bb_layout_boxed_1200\"  data-bt-override-class=\"null\"><div class=\"bt_bb_port\"><div class=\"bt_bb_cell\"><div class=\"bt_bb_cell_inner\"><div class=\"bt_bb_row\"  data-bt-override-class=\"{}\"><div class=\"bt_bb_row_holder\" ><div data-bb-version=\"4.7.6\"  class=\"bt_bb_column col-xxl-12 col-xl-12 col-xs-12 col-sm-12 col-md-12 col-lg-12 bt_bb_vertical_align_top bt_bb_align_left bt_bb_padding_normal\" style=\"; --column-width:12;\" data-width=\"12\" data-bt-override-class=\"{}\"><div class=\"bt_bb_column_content\"><div class=\"bt_bb_column_content_inner\"><div data-bb-version=\"4.7.6\"  class=\"bt_bb_text\" ><\/p>\n<p><strong>INFORMA\u021aII \u0218I CONSIDERARE PRIVIND PRELUCRAREA DATELOR CU CARACTER PERSONAL AUTORILOR SITE-ULUI DE IMPACT \u00ceN TEMEIUL ARTICOLULUI 13 DIN REGULAMENTUL (UE) 2016\/679 (\u201eRGPD\u201d)<\/strong><\/p>\n<p><strong>Premis\u0103<\/strong><br \/>Consor\u021biul Italbiotec furnizeaz\u0103 aceste informa\u021bii \u00een leg\u0103tur\u0103 cu prelucrarea datelor cu caracter personal colectate de consor\u021biu atunci c\u00e2nd viziteaz\u0103 \u0219i navigheaz\u0103 pe site-ul web https:\/\/impact-acmproject.eu\/. Aceste informa\u021bii sunt furnizate exclusiv pentru site-ul IMPACT \u0219i nu se aplic\u0103 paginilor sau serviciilor online accesibile prin intermediul linkurilor hipertext care pot fi publicate pe site. Datele cu caracter personal furnizate de utilizatori vor fi prelucrate \u00een conformitate cu prevederile Regulamentului UE nr. 2016\/679 (pentru concizia \u201eGDPR\u201d).<\/p>\n<p>\u00a0<\/p>\n<p><strong>Operatorul de date<br \/><\/strong>Operatorul de date este Consor\u021biul Italbiotec (C.F.\/num\u0103r TVA 02429600121), cu sediul social \u00een Milano, \u00een Piazza della Trivulziana 4\/A, \u00een persoana reprezentantului legal pro tempore pec: consorzio@pec.italbiotec.it<\/p>\n<p>\u00a0<\/p>\n<p><strong>Temeiul juridic al prelucr\u0103rii<br \/><\/strong>Temeiul juridic pentru prelucrarea datelor indicate \u00een aceste informa\u021bii este consim\u021b\u0103m\u00e2ntul expres al p\u0103r\u021bii interesate \u00een conformitate cu articolul 6 alineatul (1) litera (a) din RGPD \u0219i respectarea obliga\u021biilor legale la care este supus operatorul de date \u00een conformitate cu articolul 6 alineatul (1) litera (c) din RGPD.<\/p>\n<p>\u00a0<\/p>\n<p><strong>Categorii de date \u2013 date de navigare<br \/><\/strong>Operatorul de date prelucreaz\u0103 date cu caracter personal de natur\u0103 comun\u0103 (nume, prenume, adres\u0103 de e-mail, alte date cu caracter personal, cum ar fi codul fiscal, re\u0219edin\u021ba; date de navigare, cum ar fi adresa IP, adresele \u00een nota\u021bia URI\/URL etc.). Sistemele informatice \u0219i procedurile software utilizate pentru operarea acestui site dob\u00e2ndesc, \u00een timpul func\u021bion\u0103rii lor normale, unele date cu caracter personal a c\u0103ror transmitere este implicit\u0103 \u00een utilizarea protocoalelor de comunicare pe Internet.<\/p>\n<p>Acestea sunt informa\u021bii care nu sunt colectate pentru a fi asociate cu p\u0103r\u021bile interesate identificate, dar care, prin \u00eens\u0103\u0219i natura lor, ar putea, prin prelucrarea \u0219i asocierea cu datele de\u021binute de ter\u021bi, s\u0103 permit\u0103 identificarea utilizatorilor.<\/p>\n<p>Aceast\u0103 categorie de date include adresele IP sau numele de domeniu ale computerelor utilizate de utilizatorii care se conecteaz\u0103 la site, adresele din nota\u021bia URI (Uniform Resource Identifier) a resurselor solicitate, ora solicit\u0103rii, metoda utilizat\u0103 pentru transmiterea solicit\u0103rii c\u0103tre server, dimensiunea fi\u0219ierului ob\u021binut ca r\u0103spuns, codul numeric care indic\u0103 starea r\u0103spunsului dat de server (reu\u0219it\u0103, eroare etc.) \u0219i al\u021bi parametri referitori la sistemul de operare \u0219i la mediul informatic al utilizatorului.<\/p>\n<p>Aceste date sunt utilizate exclusiv \u00een scopul ob\u021binerii de informa\u021bii statistice anonime privind utilizarea site-ului \u0219i pentru a verifica func\u021bionarea corect\u0103 a acestuia \u0219i sunt \u0219terse imediat dup\u0103 prelucrare.<\/p>\n<p>\u00a0<\/p>\n<p><strong>Categorii de date \u2013 Date furnizate \u00een mod voluntar de dumneavoastr\u0103<br \/><\/strong>Trimiterea op\u021bional\u0103, explicit\u0103 \u0219i voluntar\u0103 de e-mailuri la adresele indicate \u0219i\/sau completarea formularului de pe acest site implic\u0103 achizi\u021bionarea ulterioar\u0103 a adresei expeditorului, necesar\u0103 pentru a r\u0103spunde solicit\u0103rilor, precum \u0219i orice alte date cu caracter personal introduse \u00een comunicare, astfel cum se subliniaz\u0103 \u00een politica de confiden\u021bialitate referitoare la serviciul \u201econtacta\u021bi-ne\u201d prezent la urm\u0103toarea adres\u0103 de e-mail: privacy@italbiotec.it<\/p>\n<p>Cu excep\u021bia celor specificate mai sus pentru datele de navigare \u0219i \u00een informa\u021biile \u00een temeiul articolului 13 din RGPD furnizate \u00een sec\u021biunile individuale ale site-ului IMPACT, furnizarea de date \u00een alte scopuri este op\u021bional\u0103.<\/p>\n<p><strong><br \/>Cookie-uri<br \/><\/strong>Informa\u021bii referitoare la cookie-uri pot fi g\u0103site \u00een sec\u021biunea \u201ePolitica privind cookie-urile\u201d (<a href=\"https:\/\/impact-acmproject.eu\/ro\/cookie-policy-ue\/\">https:\/\/impact-acmproject.eu\/cookie-policy-ue\/<\/a>)<\/p>\n<p>\u00cen orice moment pute\u021bi modifica, revoca sau actualiza consim\u021b\u0103m\u00e2ntul dat \u00een centrul de cookie-uri.<\/p>\n<p>\u00a0<\/p>\n<p><strong>Scopul prelucr\u0103rii \u2013 Metode de prelucrare \u2013 perioada de p\u0103strare a datelor<br \/><\/strong>Prelucrarea datelor dvs. cu ajutorul instrumentelor IT \u0219i telematice (\u0219i\/sau utilizarea instrumentelor manuale) vizeaz\u0103 utilizarea corect\u0103 a site-ului web \u00een leg\u0103tur\u0103 cu serviciile oferite de <a href=\"https:\/\/impact-acmproject.eu\/ro\/\">https:\/\/impact-acmproject.eu\/<\/a>. Datele dvs. vor fi prelucrate de personalul \u0219i colaboratorii Consor\u021biului Italbiotec (interni sau externi, persoane fizice sau juridice) pentru nevoile de \u00eentre\u021binere a serviciilor.<\/p>\n<p>Datele cu caracter personal sunt prelucrate cu instrumente automatizate pe perioada strict necesar\u0103 pentru atingerea scopurilor pentru care au fost colectate, \u00een conformitate cu art. 5 lit. e) GDPR.<\/p>\n<p>Sunt respectate m\u0103suri specifice de securitate pentru a preveni pierderea datelor, utilizarea ilicit\u0103 sau incorect\u0103 \u0219i accesul neautorizat.<\/p>\n<p><strong><br \/>Categorii de destinatari ai datelor cu caracter personal<br \/><\/strong>Datele prelucrate pot fi comunicate, \u00een plus fa\u021b\u0103 de subiectele men\u021bionate la punctul \u201eScopul prelucr\u0103rii \u2013 metode de prelucrare\u201d, \u0219i autorit\u0103\u021bii judiciare pentru necesitatea de a constata orice infrac\u021biuni s\u0103v\u00e2r\u0219ite de aceasta.<\/p>\n<p>\u00a0<\/p>\n<p><strong>Drepturile p\u0103r\u021bilor interesate<br \/><\/strong>\u00cen ceea ce prive\u0219te datele prelucrate \u00een temeiul acestor informa\u021bii, vi se acord\u0103, \u00een orice moment, dreptul:<\/p>\n<ul>\n<li>Acces (art. 15 din Regulamentul UE nr. 2016\/679) - dreptul de a solicita \u0219i de a ob\u021bine de la Operatorul de date confirmarea faptului c\u0103 prelucrarea datelor lor este \u00een curs de desf\u0103\u0219urare \u0219i accesul la datele referitoare la partea interesat\u0103 (\u00eentre cunoa\u0219terea scopului prelucr\u0103rii, categoriile de date prelucrate);<\/li>\n<li>Rectificarea (articolul 16 din Regulamentul UE nr. 2016\/679) \u2013 v\u0103 permite s\u0103 solicita\u021bi operatorului de date s\u0103 corecteze, s\u0103 modifice, s\u0103 integreze datele dumneavoastr\u0103 cu caracter personal;<\/li>\n<li>\u0219tergerea (articolul 17 din Regulamentul UE nr. 2016\/679) \u2013 v\u0103 permite s\u0103 ob\u021bine\u021bi \u0219tergerea datelor dumneavoastr\u0103 f\u0103r\u0103 \u00eent\u00e2rzieri justificate (a\u0219a-numitul drept de a fi uitat);<\/li>\n<li>Limitare (art. 18 din Regulamentul UE nr. 2016\/679) - dreptul de a ob\u021bine o limitare a prelucr\u0103rii datelor persoanei vizate, de exemplu, de a integra exercitarea dreptului men\u021bionat la art. 16 at\u00e2t timp c\u00e2t este necesar pentru verificarea corectitudinii datelor;<\/li>\n<li>portabilitatea (articolul 20 din Regulamentul UE nr. 2016\/679) \u2013 permite persoanei interesate s\u0103 primeasc\u0103 date cu caracter personal care o privesc, astfel \u00eenc\u00e2t s\u0103 le poat\u0103 transmite unui alt operator de date;<\/li>\n<li>Opozi\u021bia la prelucrare (articolul 21 din Regulamentul UE nr. 2016\/679) \u2013 permite persoanei interesate s\u0103 se opun\u0103 prelucr\u0103rii datelor cu caracter personal care o privesc.<\/li>\n<\/ul>\n<p>Exercitarea drepturilor dvs. poate fi exercitat\u0103 printr-o comunicare scris\u0103 care trebuie trimis\u0103 la adresa: Piazza della Trivulziana 4\/A sau prin e-mail: <a href=\"mailto:privacy@italbiotec.it\">privacy@italbiotec.it<\/a><\/p>\n<p>\u00a0<\/p>\n<p><strong>Retragerea consim\u021b\u0103m\u00e2ntului<\/strong><br \/>\u00cen orice moment, ave\u021bi dreptul de a v\u0103 revoca consim\u021b\u0103m\u00e2ntul, f\u0103r\u0103 a aduce atingere legalit\u0103\u021bii prelucr\u0103rii pe baza consim\u021b\u0103m\u00e2ntului dat \u00eenainte de revocare.<\/p>\n<p>\u00a0<\/p>\n<p><strong>Reclama\u021bie<\/strong><br \/>V\u0103 rug\u0103m s\u0103 re\u021bine\u021bi c\u0103, \u00een conformitate cu art. 77 din Regulamentul UE nr. 2016\/679, S.V. poate depune o pl\u00e2ngere la Autoritatea Garantului \u00een cazul \u00eenc\u0103lc\u0103rii legisla\u021biei \u00een vigoare privind protec\u021bia datelor cu caracter personal.<\/p>\n<p>\u00a0<\/p>\n<p><strong>CONSIDERAREA PRELUCR\u0102RII DATELOR CU CARACTER PERSONAL REGULAMENTUL (UE) 2016\/679<\/strong><br \/>Utilizatorul care a fost informat:<\/p>\n<ul>\n<li>identitatea operatorului de date<\/li>\n<li>a m\u0103surii, a metodelor prin care are loc prelucrarea<\/li>\n<li>scopurile prelucr\u0103rii pentru care sunt destinate datele cu caracter personal;<\/li>\n<li>cu privire la dreptul de retragere a consim\u021b\u0103m\u00e2ntului, astfel cum se indic\u0103 \u00een aceste informa\u021bii elaborate \u00een temeiul articolului 13 din Regulamentul (UE) 2016\/679, prin plasarea indicatorului de validitate \u00een caseta corespunz\u0103toare \u201eAm citit \u0219i accept termenii \u0219i condi\u021biile\u201d<\/li>\n<\/ul>\n<p>\u00a0<\/p>\n<p><strong>DECLAR\u0102<br \/><\/strong>c\u0103 am primit \u0219i citit aceste informa\u021bii \u0219i<\/p>\n<p>\u00a0<\/p>\n<p><strong>ESTE DE ACORD<br \/><\/strong>\u00een temeiul \u0219i \u00een scopurile prev\u0103zute la articolul 7 \u0219i urm\u0103toarele din Regulamentul (UE) 2016\/679, prelucr\u0103rii datelor cu caracter personal \u00een modul \u0219i \u00een limitele stabilite \u00een aceste informa\u021bii.<\/p>\n<p>\n<\/div><\/div><\/div><\/div><\/div><\/div><\/div><!-- cell_inner --><\/div><!-- cell --><\/div><!-- port --><\/section><\/p>","protected":false},"excerpt":{"rendered":"","protected":false},"author":1,"featured_media":0,"parent":0,"menu_order":0,"comment_status":"closed","ping_status":"open","template":"","meta":{"footnotes":""},"class_list":["post-3","page","type-page","status-publish","hentry"],"_links":{"self":[{"href":"https:\/\/impact-acmproject.eu\/ro\/wp-json\/wp\/v2\/pages\/3","targetHints":{"allow":["GET"]}}],"collection":[{"href":"https:\/\/impact-acmproject.eu\/ro\/wp-json\/wp\/v2\/pages"}],"about":[{"href":"https:\/\/impact-acmproject.eu\/ro\/wp-json\/wp\/v2\/types\/page"}],"author":[{"embeddable":true,"href":"https:\/\/impact-acmproject.eu\/ro\/wp-json\/wp\/v2\/users\/1"}],"replies":[{"embeddable":true,"href":"https:\/\/impact-acmproject.eu\/ro\/wp-json\/wp\/v2\/comments?post=3"}],"version-history":[{"count":15,"href":"https:\/\/impact-acmproject.eu\/ro\/wp-json\/wp\/v2\/pages\/3\/revisions"}],"predecessor-version":[{"id":3842,"href":"https:\/\/impact-acmproject.eu\/ro\/wp-json\/wp\/v2\/pages\/3\/revisions\/3842"}],"wp:attachment":[{"href":"https:\/\/impact-acmproject.eu\/ro\/wp-json\/wp\/v2\/media?parent=3"}],"curies":[{"name":"wp","href":"https:\/\/api.w.org\/{rel}","templated":true}]}}