{"id":3768,"date":"2024-01-16T10:10:32","date_gmt":"2024-01-16T09:10:32","guid":{"rendered":"https:\/\/impact-acmproject.eu\/cookie-policy-ue\/"},"modified":"2024-12-04T10:21:19","modified_gmt":"2024-12-04T09:21:19","slug":"cookie-policy-ue","status":"publish","type":"page","link":"https:\/\/impact-acmproject.eu\/pt\/cookie-policy-ue\/","title":{"rendered":"Pol\u00edtica de Cookies (UE)"},"content":{"rendered":"<p><section data-bb-version=\"4.7.6\" id=\"bt_bb_section69eb91607403b\" class=\"bt_bb_section bt_bb_layout_boxed_1200\"  data-bt-override-class=\"null\"><div class=\"bt_bb_port\"><div class=\"bt_bb_cell\"><div class=\"bt_bb_cell_inner\"><div class=\"bt_bb_row\"  data-bt-override-class=\"{}\"><div class=\"bt_bb_row_holder\" ><div data-bb-version=\"4.7.6\"  class=\"bt_bb_column col-xxl-12 col-xl-12 col-xs-12 col-sm-12 col-md-12 col-lg-12 bt_bb_vertical_align_top bt_bb_align_left bt_bb_padding_normal\" style=\"; --column-width:12;\" data-width=\"12\" data-bt-override-class=\"{}\"><div class=\"bt_bb_column_content\"><div class=\"bt_bb_column_content_inner\"><\/div><\/div><\/div><\/div><\/div><\/div><!-- cell_inner --><\/div><!-- cell --><\/div><!-- port --><\/section><section data-bb-version=\"4.7.6\" id=\"bt_bb_section69eb916074443\" class=\"bt_bb_section bt_bb_color_scheme_1 bt_bb_layout_boxed_1200 bt_bb_vertical_align_top bt_bb_background_overlay_dark_solid bt_bb_bottom_section_coverage_image bt_bb_section_with_bottom_coverage_image bt_bb_top_spacing_large bt_bb_bottom_spacing_large\" style=\"; --section-primary-color:#ffffff; --section-secondary-color:#191919;;background-color:rgb(34,64,96);\" data-bt-override-class=\"{&quot;bt_bb_top_spacing_&quot;:{&quot;current_class&quot;:&quot;bt_bb_top_spacing_large&quot;,&quot;def&quot;:&quot;large&quot;},&quot;bt_bb_bottom_spacing_&quot;:{&quot;current_class&quot;:&quot;bt_bb_bottom_spacing_large&quot;,&quot;def&quot;:&quot;large&quot;}}\"><div class=\"bt_bb_port\"><div class=\"bt_bb_cell\"><div class=\"bt_bb_cell_inner\"><div class=\"bt_bb_row\"  data-bt-override-class=\"{}\"><div class=\"bt_bb_row_holder\" ><div  class=\"bt_bb_column col-xxl-7 col-xl-7 bt_bb_vertical_align_middle bt_bb_align_left bt_bb_padding_normal bt_bb_animation_fade_in animate\" style=\"; --column-width:7;\" data-width=\"7\" data-bt-override-class=\"{}\"><div class=\"bt_bb_column_content\"><div class=\"bt_bb_column_content_inner\"><div class=\"bt_bb_separator bt_bb_border_style_none bt_bb_border_color_none bt_bb_bottom_spacing_large\" data-bt-override-class=\"null\"><\/div><header data-bb-version=\"4.7.6\" class=\"bt_bb_headline bt_bb_subheadline_text_transform_default bt_bb_dash_none bt_bb_size_large bt_bb_align_inherit\" data-bt-override-class=\"{&quot;bt_bb_size_&quot;:{&quot;current_class&quot;:&quot;bt_bb_size_large&quot;,&quot;def&quot;:&quot;large&quot;},&quot;bt_bb_align_&quot;:{&quot;current_class&quot;:&quot;bt_bb_align_inherit&quot;,&quot;def&quot;:&quot;inherit&quot;}}\"><h1 class=\"bt_bb_headline_tag\"><span class=\"bt_bb_headline_content\"><span>Pol\u00edtica de cookies<\/span><\/span><\/h1><\/header><div class=\"bt_bb_separator bt_bb_border_style_none bt_bb_border_color_none bt_bb_bottom_spacing_large\" data-bt-override-class=\"null\"><\/div><\/div><\/div><\/div><div  class=\"bt_bb_column col-xxl-5 col-xl-5 bt_bb_vertical_align_top bt_bb_align_left bt_bb_padding_normal\" style=\"; --column-width:5;\" data-width=\"5\" data-bt-override-class=\"{}\"><div class=\"bt_bb_column_content\"><div class=\"bt_bb_column_content_inner\"><\/div><\/div><\/div><\/div><\/div><\/div><!-- cell_inner --><\/div><!-- cell --><\/div><!-- port --><div class=\"bt_bb_section_bottom_section_coverage_image\"><img decoding=\"async\" src=\"https:\/\/impact-acmproject.eu\/wp-content\/uploads\/2023\/11\/bottom-cover.png\" alt=\"bt_bb_section_bottom_section_coverage_image\" \/><\/div><\/section><section data-bb-version=\"4.7.6\" id=\"bt_bb_section69eb9160745d3\" class=\"bt_bb_section bt_bb_layout_boxed_1200\"  data-bt-override-class=\"null\"><div class=\"bt_bb_port\"><div class=\"bt_bb_cell\"><div class=\"bt_bb_cell_inner\"><div class=\"bt_bb_row\"  data-bt-override-class=\"{}\"><div class=\"bt_bb_row_holder\" ><div data-bb-version=\"4.7.6\"  class=\"bt_bb_column col-xxl-12 col-xl-12 col-xs-12 col-sm-12 col-md-12 col-lg-12 bt_bb_vertical_align_top bt_bb_align_left bt_bb_padding_normal\" style=\"; --column-width:12;\" data-width=\"12\" data-bt-override-class=\"{}\"><div class=\"bt_bb_column_content\"><div class=\"bt_bb_column_content_inner\"><div data-bb-version=\"4.7.6\" class=\"bt_bb_separator bt_bb_border_style_none bt_bb_border_color_none bt_bb_top_spacing_large bt_bb_bottom_spacing_none\" data-bt-override-class=\"{&quot;bt_bb_top_spacing_&quot;:{&quot;current_class&quot;:&quot;bt_bb_top_spacing_large&quot;,&quot;def&quot;:&quot;large&quot;},&quot;bt_bb_bottom_spacing_&quot;:{&quot;current_class&quot;:&quot;bt_bb_bottom_spacing_none&quot;,&quot;def&quot;:&quot;none&quot;}}\"><\/div><div data-bb-version=\"4.7.6\"  class=\"bt_bb_text\" ><\/p>\n<p><strong>O que s\u00e3o os cookies?<br \/>\n<\/strong>Os cookies s\u00e3o pequenos ficheiros de texto que s\u00e3o descarregados para o dispositivo do utilizador (PC, smartphone, tablet\u2026) quando visitam um s\u00edtio Web. A cada visita subsequente, os cookies s\u00e3o reenviados para o website que os originou (cookies pr\u00f3prios) ou para outro site que os reconhe\u00e7a (cookies de terceiros). Os cookies permitem que um s\u00edtio Web reconhe\u00e7a o dispositivo de um utilizador. T\u00eam v\u00e1rias finalidades como, por exemplo, permitir-lhe navegar eficientemente entre p\u00e1ginas, recordar os seus sites favoritos e, em geral, melhorar a experi\u00eancia de navega\u00e7\u00e3o. Tamb\u00e9m ajudam a garantir que os conte\u00fados publicit\u00e1rios exibidos em linha s\u00e3o mais direcionados para o utilizador e de acordo com os seus interesses (cookies de direcionamento ou cookies de defini\u00e7\u00e3o de perfis). Os cookies podem ter uma dura\u00e7\u00e3o limitada de uma \u00fanica sess\u00e3o de navega\u00e7\u00e3o e, neste caso, s\u00e3o automaticamente desativados quando o navegador \u00e9 fechado; ou podem ter uma expira\u00e7\u00e3o predeterminada e, neste caso, permanecer\u00e3o armazenados e ativos no dispositivo do utilizador at\u00e9 essa expira\u00e7\u00e3o, continuando a recolher informa\u00e7\u00f5es durante diferentes sess\u00f5es de navega\u00e7\u00e3o no navegador. Existem tamb\u00e9m outras tecnologias de recolha de informa\u00e7\u00e3o com finalidades semelhantes \u00e0s dos cookies e armazenadas no dispositivo do utilizador (como p\u00edxeis). Nesta informa\u00e7\u00e3o, o termo cookie \u00e9 utilizado com refer\u00eancia aos cookies, conforme descrito acima, e com refer\u00eancia a qualquer outra tecnologia de recolha, com o objetivo de fornecer ao Utilizador um guia para compreender o que s\u00e3o cookies e outras tecnologias semelhantes, tais como e por que motivo s\u00e3o utilizados, que direitos s\u00e3o reconhecidos aos Utilizadores e que escolhas podem fazer em rela\u00e7\u00e3o \u00e0 sua utiliza\u00e7\u00e3o.<\/p>\n<p>&nbsp;<\/p>\n<p><strong>Cookies e tecnologias semelhantes \u2013 defini\u00e7\u00f5es<br \/>\n<\/strong>Cookies: pequenos ficheiros de texto (geralmente compostos por letras e n\u00fameros) que os s\u00edtios Web (designados por \u00abprimeira parte\u00bb) visitados pelo utilizador ou diferentes s\u00edtios Web ou servidores Web (designados por \u00abterceiros\u00bb) colocam e armazenam no navegador utilizado pelo utilizador para navegar em qualquer dispositivo terminal capaz de armazenar informa\u00e7\u00f5es.<\/p>\n<p>Outras tecnologias: tecnologias que armazenam dados no navegador ou dispositivo utilizado pelo Utilizador utilizando objetos partilhados localmente ou armazenamento local, por exemplo, cookies flash, cookies HTML 5 e outros m\u00e9todos de software de aplica\u00e7\u00f5es Web. Estas tecnologias funcionam em todos os navegadores. Em alguns casos, a utiliza\u00e7\u00e3o do armazenamento local n\u00e3o pode ser totalmente gerida por navegadores, mas requer gest\u00e3o atrav\u00e9s de ferramentas espec\u00edficas.<\/p>\n<p>&nbsp;<\/p>\n<p><strong>Categorias de cookies<br \/>\n<\/strong>Os cookies podem ser distinguidos com base na sua finalidade, dura\u00e7\u00e3o e o propriet\u00e1rio do cookie.<\/p>\n<ul>\n<li>Os cookies que se distinguem pela finalidade s\u00e3o os cookies que podem ser instalados no dispositivo do utilizador para:\n<ol>\n<li>assegurar o funcionamento do s\u00edtio e dos servi\u00e7os, bem como garantir que o Utilizador possa tirar partido das suas fun\u00e7\u00f5es, os chamados cookies t\u00e9cnicos;<\/li>\n<li>permitir o desempenho do site e os servi\u00e7os oferecidos pela <a href=\"https:\/\/impact-acmproject.eu\/pt\/\">https:\/\/impact-acmproject.eu\/<\/a> melhorar, bem como avaliar a efic\u00e1cia de um servi\u00e7o oferecido atrav\u00e9s do Site, os chamados cookies anal\u00edticos;<\/li>\n<li>permitir que o Cons\u00f3rcio ou terceiros dirijam publicidade direcionada ou em conson\u00e2ncia com os interesses do Utilizador, sob reserva do consentimento, os chamados \u00abcookies\u00bb de defini\u00e7\u00e3o de perfis.<\/li>\n<\/ol>\n<\/li>\n<\/ul>\n<ul>\n<li>Os cookies que se distinguem com base na sua dura\u00e7\u00e3o s\u00e3o os cookies que podem permanecer no navegador do dispositivo durante uma sess\u00e3o (ou seja, at\u00e9 que feche o navegador utilizado para navegar no Site ou interrompa a utiliza\u00e7\u00e3o de um Servi\u00e7o) e s\u00e3o chamados cookies de sess\u00e3o. Ou podem permanecer armazenados no navegador do seu dispositivo durante longos per\u00edodos, podem conter um c\u00f3digo de identifica\u00e7\u00e3o \u00fanico e s\u00e3o denominados \u00abcookies\u00bb permanentes.<strong>\u00a0<\/strong><\/li>\n<\/ul>\n<ul>\n<li>Os cookies tamb\u00e9m podem ser distinguidos com base na entidade propriet\u00e1ria do cookie (cookies de origem e cookies de terceiros).<\/li>\n<\/ul>\n<p>Os cookies podem ser propriedade do s\u00edtio e do gestor do servi\u00e7o e, por conseguinte, s\u00e3o instalados por este \u00faltimo no navegador do dispositivo do utilizador, os chamados cookies pr\u00f3prios. Pode acontecer que um Site contenha cookies, provenientes de outros sites, pertencentes a terceiros, contidos em v\u00e1rios elementos alojados no pr\u00f3prio site (por exemplo, banners publicit\u00e1rios, imagens, v\u00eddeos, sons \u2026) e, neste caso, estes s\u00e3o os chamados cookies de terceiros.<strong>\u00a0<\/strong><\/p>\n<p>&nbsp;<\/p>\n<p><strong>Cookies utilizados por este website<br \/>\n<\/strong>A visita a <a href=\"https:\/\/impact-acmproject.eu\/pt\/\">https:\/\/impact-acmproject.eu\/<\/a> O website envolve a utiliza\u00e7\u00e3o de cookies para melhorar a experi\u00eancia do utilizador. O site utiliza: cookies t\u00e9cnicos de navega\u00e7\u00e3o, cookies anal\u00edticos e cookies de defini\u00e7\u00e3o de perfis para fins de marketing.<br \/>\nO utilizador pode, a qualquer momento, gerir as suas prefer\u00eancias ou recusar a instala\u00e7\u00e3o de cookies.<\/p>\n<p>O utilizador pode, a qualquer momento, gerir as suas prefer\u00eancias ou recusar a instala\u00e7\u00e3o de cookies.<\/p>\n<p style=\"text-align: left;\">\n<div id=\"cmplz-cookies-overview\"><\/div>\n<\/p>\n<p>&nbsp;<\/p>\n<p><strong>Tempos de conserva\u00e7\u00e3o dos dados pessoais recolhidos atrav\u00e9s de cookies<br \/>\n<\/strong>As informa\u00e7\u00f5es e os dados recolhidos atrav\u00e9s dos cookies ser\u00e3o armazenados durante o tempo estritamente necess\u00e1rio para atingir as finalidades para as quais cada cookie foi instalado.<\/p>\n<p>Para aceder a informa\u00e7\u00f5es espec\u00edficas relacionadas com o armazenamento de informa\u00e7\u00f5es obtidas atrav\u00e9s da utiliza\u00e7\u00e3o de cookies de terceiros e de terceiros, e gerir as suas prefer\u00eancias, o Utilizador pode aceder ao centro de cookies a qualquer momento.<\/p>\n<p>&nbsp;<\/p>\n<p><strong>\u00a0<\/strong><strong>Direitos do utilizador e gest\u00e3o das prefer\u00eancias de cookies<br \/>\n<\/strong>Ao Utilizador s\u00e3o concedidos os direitos previstos no Regulamento (UE) 2016\/679 (designado RGPD), incluindo o direito de acesso, oposi\u00e7\u00e3o, cancelamento, bem como de alterar as suas escolhas sobre a utiliza\u00e7\u00e3o de cookies a qualquer momento, atrav\u00e9s do centro de cookies. Para mais informa\u00e7\u00f5es e detalhes sobre os direitos do Utilizador e como exercer os seus direitos, o Utilizador pode consultar a Pol\u00edtica de Privacidade completa (inserir liga\u00e7\u00e3o clicando em \u00abPol\u00edtica de Privacidade\u00bb).<\/p>\n<p><strong>\u00a0<\/strong><\/p>\n<p><strong>Desativar os cookies a partir do seu navegador<br \/>\n<\/strong>O Utilizador, para al\u00e9m de desativar os cookies atrav\u00e9s do centro de cookies, pode configurar o seu navegador para limitar o n\u00famero de cookies aceites, bloquear todos os cookies ou elimin\u00e1-los das defini\u00e7\u00f5es do navegador das seguintes formas:<\/p>\n<ol>\n<li>Microsoft Internet Explorer<br \/>\nAo clicar no \u00edcone de ferramentas no canto superior direito e selecionar as op\u00e7\u00f5es da Internet. Uma janela pop-up ser\u00e1 exibida, selecione a privacidade. Nesta sec\u00e7\u00e3o, o Utilizador pode alterar as defini\u00e7\u00f5es de cookies.Link: <a href=\"http:\/\/windows.microsoft.com\/it-it\/internet-explorer\/delete-manage-cookies#ie=ie-11-win-7\">http:\/\/windows.microsoft.com\/it-it\/internet-explorer\/delete-manage-cookies#ie=ie-11-win-7<\/a><\/li>\n<li>Google Chrome<br \/>\nAo clicar no \u00edcone da chave no canto superior direito e selecionar as defini\u00e7\u00f5es. Em seguida, seleccione Mostrar defini\u00e7\u00f5es avan\u00e7adas. Nesta sec\u00e7\u00e3o, o Utilizador pode alterar as defini\u00e7\u00f5es de cookies.Link: <a href=\"https:\/\/support.google.com\/accounts\/topic\/2373959?hl=it&amp;ref_topic=2373957\">https:\/\/support.google.com\/accounts\/topic\/2373959?hl=it&amp;ref_topic=2373957<\/a><\/li>\n<li>Mozilla Firefox<br \/>\nNo menu suspenso no canto superior esquerdo, selecione as op\u00e7\u00f5es. Na janela instant\u00e2nea, selecione privacidade e na sec\u00e7\u00e3o poder\u00e1 alterar as suas prefer\u00eancias de cookies.Link: <a href=\"https:\/\/support.mozilla.org\/it\/kb\/Attivare%20e%20disattivare%20i%20cookie#firefox:win7:fx38\">https:\/\/support.mozilla.org\/it\/kb\/Attivare%20e%20disattivare%20i%20cookie#firefox:win7:fx38<\/a><\/li>\n<li>Safaris<br \/>\nNo menu suspenso de configura\u00e7\u00f5es no canto superior direito, selecione as prefer\u00eancias. Em seguida, selecione a seguran\u00e7a e, nesta sec\u00e7\u00e3o, o utilizador pode ajustar as defini\u00e7\u00f5es de cookies.Link: <a href=\"https:\/\/support.apple.com\/it-it\/HT201265\">https:\/\/support.apple.com\/it-it\/HT201265<\/a><\/li>\n<\/ol>\n<p><strong>\u00a0<\/strong><\/p>\n<p><strong>\u00a0<\/strong><strong>Controlador de dados e informa\u00e7\u00f5es de contacto<\/strong><strong><br \/>\n<\/strong>O controlador de dados \u00e9 o <strong>Cons\u00f3rcio Italbiotec<\/strong> (n\u00famero C.F.\/IVA 02429600121), com sede social em Mil\u00e3o, na Piazza della Trivulziana 4\/A, na pessoa do seu representante legal pro tem; pec: consorzio@pec.italbiotec.it. O Utilizador poder\u00e1 enviar, a qualquer momento, pedidos de informa\u00e7\u00e3o ou esclarecimentos para o endere\u00e7o acima mencionado ou atrav\u00e9s dos m\u00e9todos adicionais indicados na Pol\u00edtica de Privacidade (<a href=\"https:\/\/impact-acmproject.eu\/pt\/privacy-policy\/\">https:\/\/impact-acmproject.eu\/privacy-policy\/<\/a>).<\/p>\n<p>&nbsp;<\/p>\n<p>&nbsp;<\/p>\n<p>\n<\/div><\/div><\/div><\/div><\/div><\/div><\/div><!-- cell_inner --><\/div><!-- cell --><\/div><!-- port --><\/section><\/p>","protected":false},"excerpt":{"rendered":"","protected":false},"author":2,"featured_media":0,"parent":0,"menu_order":0,"comment_status":"closed","ping_status":"closed","template":"","meta":{"footnotes":""},"class_list":["post-3768","page","type-page","status-publish","hentry"],"_links":{"self":[{"href":"https:\/\/impact-acmproject.eu\/pt\/wp-json\/wp\/v2\/pages\/3768","targetHints":{"allow":["GET"]}}],"collection":[{"href":"https:\/\/impact-acmproject.eu\/pt\/wp-json\/wp\/v2\/pages"}],"about":[{"href":"https:\/\/impact-acmproject.eu\/pt\/wp-json\/wp\/v2\/types\/page"}],"author":[{"embeddable":true,"href":"https:\/\/impact-acmproject.eu\/pt\/wp-json\/wp\/v2\/users\/2"}],"replies":[{"embeddable":true,"href":"https:\/\/impact-acmproject.eu\/pt\/wp-json\/wp\/v2\/comments?post=3768"}],"version-history":[{"count":9,"href":"https:\/\/impact-acmproject.eu\/pt\/wp-json\/wp\/v2\/pages\/3768\/revisions"}],"predecessor-version":[{"id":3845,"href":"https:\/\/impact-acmproject.eu\/pt\/wp-json\/wp\/v2\/pages\/3768\/revisions\/3845"}],"wp:attachment":[{"href":"https:\/\/impact-acmproject.eu\/pt\/wp-json\/wp\/v2\/media?parent=3768"}],"curies":[{"name":"wp","href":"https:\/\/api.w.org\/{rel}","templated":true}]}}