{"id":3,"date":"2023-08-31T13:00:16","date_gmt":"2023-08-31T11:00:16","guid":{"rendered":"http:\/\/impact-acmproject.eu\/?page_id=3"},"modified":"2024-12-02T12:56:24","modified_gmt":"2024-12-02T11:56:24","slug":"privacy-policy","status":"publish","type":"page","link":"https:\/\/impact-acmproject.eu\/pt\/privacy-policy\/","title":{"rendered":"Pol\u00edtica de Privacidade"},"content":{"rendered":"<p><section data-bb-version=\"4.7.6\" id=\"bt_bb_section69eb90fdd50d4\" class=\"bt_bb_section bt_bb_layout_boxed_1200\"  data-bt-override-class=\"null\"><div class=\"bt_bb_port\"><div class=\"bt_bb_cell\"><div class=\"bt_bb_cell_inner\"><div class=\"bt_bb_row\"  data-bt-override-class=\"{}\"><div class=\"bt_bb_row_holder\" ><div data-bb-version=\"4.7.6\"  class=\"bt_bb_column col-xxl-12 col-xl-12 col-xs-12 col-sm-12 col-md-12 col-lg-12 bt_bb_vertical_align_top bt_bb_align_left bt_bb_padding_normal\" style=\"; --column-width:12;\" data-width=\"12\" data-bt-override-class=\"{}\"><div class=\"bt_bb_column_content\"><div class=\"bt_bb_column_content_inner\"><\/div><\/div><\/div><\/div><\/div><\/div><!-- cell_inner --><\/div><!-- cell --><\/div><!-- port --><\/section><section data-bb-version=\"4.7.6\" id=\"bt_bb_section69eb90fdd56df\" class=\"bt_bb_section bt_bb_color_scheme_1 bt_bb_layout_boxed_1200 bt_bb_vertical_align_top bt_bb_background_overlay_dark_solid bt_bb_bottom_section_coverage_image bt_bb_section_with_bottom_coverage_image bt_bb_top_spacing_large bt_bb_bottom_spacing_large\" style=\"; --section-primary-color:#ffffff; --section-secondary-color:#191919;;background-color:rgb(51,42,43);\" data-bt-override-class=\"{&quot;bt_bb_top_spacing_&quot;:{&quot;current_class&quot;:&quot;bt_bb_top_spacing_large&quot;,&quot;def&quot;:&quot;large&quot;},&quot;bt_bb_bottom_spacing_&quot;:{&quot;current_class&quot;:&quot;bt_bb_bottom_spacing_large&quot;,&quot;def&quot;:&quot;large&quot;}}\"><div class=\"bt_bb_port\"><div class=\"bt_bb_cell\"><div class=\"bt_bb_cell_inner\"><div class=\"bt_bb_row\"  data-bt-override-class=\"{}\"><div class=\"bt_bb_row_holder\" ><div  class=\"bt_bb_column col-xxl-7 col-xl-7 bt_bb_vertical_align_middle bt_bb_align_left bt_bb_padding_normal bt_bb_animation_fade_in animate\" style=\"; --column-width:7;\" data-width=\"7\" data-bt-override-class=\"{}\"><div class=\"bt_bb_column_content\"><div class=\"bt_bb_column_content_inner\"><div class=\"bt_bb_separator bt_bb_border_style_none bt_bb_border_color_none bt_bb_bottom_spacing_large\" data-bt-override-class=\"null\"><\/div><header data-bb-version=\"4.7.6\" class=\"bt_bb_headline bt_bb_subheadline_text_transform_default bt_bb_dash_none bt_bb_size_large bt_bb_align_inherit\" data-bt-override-class=\"{&quot;bt_bb_size_&quot;:{&quot;current_class&quot;:&quot;bt_bb_size_large&quot;,&quot;def&quot;:&quot;large&quot;},&quot;bt_bb_align_&quot;:{&quot;current_class&quot;:&quot;bt_bb_align_inherit&quot;,&quot;def&quot;:&quot;inherit&quot;}}\"><h1 class=\"bt_bb_headline_tag\"><span class=\"bt_bb_headline_content\"><span>Pol\u00edtica de Privacidade<\/span><\/span><\/h1><\/header><div class=\"bt_bb_separator bt_bb_border_style_none bt_bb_border_color_none bt_bb_bottom_spacing_large\" data-bt-override-class=\"null\"><\/div><\/div><\/div><\/div><div  class=\"bt_bb_column col-xxl-5 col-xl-5 bt_bb_vertical_align_top bt_bb_align_left bt_bb_padding_normal\" style=\"; --column-width:5;\" data-width=\"5\" data-bt-override-class=\"{}\"><div class=\"bt_bb_column_content\"><div class=\"bt_bb_column_content_inner\"><\/div><\/div><\/div><\/div><\/div><\/div><!-- cell_inner --><\/div><!-- cell --><\/div><!-- port --><div class=\"bt_bb_section_bottom_section_coverage_image\"><img decoding=\"async\" src=\"https:\/\/impact-acmproject.eu\/wp-content\/uploads\/2023\/11\/bottom-cover.png\" alt=\"bt_bb_section_bottom_section_coverage_image\" \/><\/div><\/section><section data-bb-version=\"4.7.6\" id=\"bt_bb_section69eb90fdd5950\" class=\"bt_bb_section bt_bb_layout_boxed_1200\"  data-bt-override-class=\"null\"><div class=\"bt_bb_port\"><div class=\"bt_bb_cell\"><div class=\"bt_bb_cell_inner\"><div class=\"bt_bb_row\"  data-bt-override-class=\"{}\"><div class=\"bt_bb_row_holder\" ><div data-bb-version=\"4.7.6\"  class=\"bt_bb_column col-xxl-12 col-xl-12 col-xs-12 col-sm-12 col-md-12 col-lg-12 bt_bb_vertical_align_top bt_bb_align_left bt_bb_padding_normal\" style=\"; --column-width:12;\" data-width=\"12\" data-bt-override-class=\"{}\"><div class=\"bt_bb_column_content\"><div class=\"bt_bb_column_content_inner\"><div data-bb-version=\"4.7.6\"  class=\"bt_bb_text\" ><\/p>\n<p><strong>INFORMA\u00c7\u00c3O E CONSENTIMENTO RELATIVOS AO TRATAMENTO DE DADOS PESSOAIS DOS UTILIZADORES DO SITE DE IMPACTO NOS TERMOS DO ARTIGO 13.o DO REGULAMENTO (UE) 2016\/679 (\u00abRGPD\u00bb)<\/strong><\/p>\n<p><strong>Premissa<\/strong><br \/>O Cons\u00f3rcio Italbiotec fornece estas informa\u00e7\u00f5es em rela\u00e7\u00e3o ao tratamento de dados pessoais recolhidos pelo Cons\u00f3rcio quando visita e navega no s\u00edtio Web https:\/\/impact-acmproject.eu\/. Estas informa\u00e7\u00f5es s\u00e3o fornecidas exclusivamente para o website da IMPACT e n\u00e3o se aplicam a p\u00e1ginas ou servi\u00e7os online acess\u00edveis atrav\u00e9s de links de hipertexto que possam ser publicados no website. Os dados pessoais fornecidos pelos utilizadores ser\u00e3o tratados em conformidade com as disposi\u00e7\u00f5es do Regulamento da UE n.o 2016\/679 (por brevidade \u00abRGPD\u00bb).<\/p>\n<p>\u00a0<\/p>\n<p><strong>Respons\u00e1vel pelo tratamento dos dados<br \/><\/strong>O respons\u00e1vel pelo tratamento \u00e9 o Cons\u00f3rcio Italbiotec (C.F.\/n\u00famero de IVA 02429600121), com sede social em Mil\u00e3o, na Piazza della Trivulziana 4\/A, na pessoa do representante legal pro tempore pec: consorzio@pec.italbiotec.it<\/p>\n<p>\u00a0<\/p>\n<p><strong>Base jur\u00eddica do tratamento<br \/><\/strong>A base jur\u00eddica para o tratamento dos dados indicados nestas informa\u00e7\u00f5es \u00e9 o consentimento expresso da parte interessada nos termos do artigo 6.o, n.o 1, al\u00ednea a), do RGPD e o cumprimento das obriga\u00e7\u00f5es legais a que o respons\u00e1vel pelo tratamento est\u00e1 sujeito nos termos do artigo 6.o, n.o 1, al\u00ednea c), do RGPD.<\/p>\n<p>\u00a0<\/p>\n<p><strong>Categorias de dados \u2013 Dados de navega\u00e7\u00e3o<br \/><\/strong>O respons\u00e1vel pelo tratamento trata dados pessoais de natureza comum (nome, apelido, endere\u00e7o de correio eletr\u00f3nico, outros dados pessoais, como c\u00f3digo fiscal, resid\u00eancia; dados de navega\u00e7\u00e3o, como endere\u00e7o IP, endere\u00e7os na nota\u00e7\u00e3o URI\/URL, etc.). Os sistemas inform\u00e1ticos e procedimentos de software utilizados para operar este site adquirem, durante o seu funcionamento normal, alguns dados pessoais cuja transmiss\u00e3o est\u00e1 impl\u00edcita na utiliza\u00e7\u00e3o de protocolos de comunica\u00e7\u00e3o da Internet.<\/p>\n<p>Trata-se de informa\u00e7\u00f5es que n\u00e3o s\u00e3o recolhidas para serem associadas a partes interessadas identificadas, mas que, pela sua pr\u00f3pria natureza, podem, atrav\u00e9s do tratamento e associa\u00e7\u00e3o com dados detidos por terceiros, permitir a identifica\u00e7\u00e3o dos utilizadores.<\/p>\n<p>Esta categoria de dados inclui os endere\u00e7os IP ou nomes de dom\u00ednio dos computadores utilizados pelos utilizadores que se ligam ao s\u00edtio, os endere\u00e7os na nota\u00e7\u00e3o URI (Uniform Resource Identifier) dos recursos solicitados, a hora do pedido, o m\u00e9todo utilizado no envio do pedido ao servidor, a dimens\u00e3o do ficheiro obtido em resposta, o c\u00f3digo num\u00e9rico que indica o estado da resposta dada pelo servidor (bem-sucedida, errada, etc.) e outros par\u00e2metros relacionados com o sistema operativo e o ambiente inform\u00e1tico do utilizador.<\/p>\n<p>Estes dados s\u00e3o utilizados com a \u00fanica finalidade de obter informa\u00e7\u00f5es estat\u00edsticas an\u00f3nimas sobre a utiliza\u00e7\u00e3o do site e para verificar o seu correto funcionamento e s\u00e3o eliminados imediatamente ap\u00f3s o processamento.<\/p>\n<p>\u00a0<\/p>\n<p><strong>Categorias de dados \u2013 Dados fornecidos voluntariamente por si<br \/><\/strong>O envio facultativo, expl\u00edcito e volunt\u00e1rio de e-mails para os endere\u00e7os indicados e\/ou o preenchimento do formul\u00e1rio neste site implica a posterior aquisi\u00e7\u00e3o do endere\u00e7o do remetente, necess\u00e1rio para responder aos pedidos, bem como quaisquer outros dados pessoais inseridos na comunica\u00e7\u00e3o, conforme destacado na pol\u00edtica de privacidade relativa ao servi\u00e7o \u201ccontacte-nos\u201d presente no seguinte correio: privacy@italbiotec.it<\/p>\n<p>Com exce\u00e7\u00e3o do que \u00e9 especificado acima para os dados de navega\u00e7\u00e3o e nas informa\u00e7\u00f5es nos termos do artigo 13.o do RGPD fornecidas nas sec\u00e7\u00f5es individuais do site da IMPACT, o fornecimento de dados para outras finalidades \u00e9 opcional.<\/p>\n<p><strong><br \/>Cookies<br \/><\/strong>As informa\u00e7\u00f5es relativas aos cookies podem ser consultadas na sec\u00e7\u00e3o \u00abPol\u00edtica de cookies\u00bb (<a href=\"https:\/\/impact-acmproject.eu\/pt\/cookie-policy-ue\/\">https:\/\/impact-acmproject.eu\/cookie-policy-ue\/<\/a>)<\/p>\n<p>A qualquer momento pode modificar, revogar ou actualizar o consentimento dado no centro de cookies.<\/p>\n<p>\u00a0<\/p>\n<p><strong>Finalidade do tratamento \u2014 M\u00e9todos de tratamento \u2014 per\u00edodo de conserva\u00e7\u00e3o dos dados<br \/><\/strong>O tratamento dos seus dados com recurso a ferramentas inform\u00e1ticas e telem\u00e1ticas (e\/ou com recurso a ferramentas manuais) destina-se \u00e0 correta utiliza\u00e7\u00e3o do website em rela\u00e7\u00e3o aos servi\u00e7os oferecidos por <a href=\"https:\/\/impact-acmproject.eu\/pt\/\">https:\/\/impact-acmproject.eu\/<\/a>. Os seus dados ser\u00e3o tratados pelo pessoal e colaboradores do Cons\u00f3rcio Italbiotec (interno ou externo, pessoas singulares ou coletivas) para as necessidades de manuten\u00e7\u00e3o do servi\u00e7o.<\/p>\n<p>Os dados pessoais s\u00e3o tratados com ferramentas automatizadas durante o tempo estritamente necess\u00e1rio para alcan\u00e7ar as finalidades para as quais foram recolhidos, nos termos do artigo 5.o, al\u00ednea e), do RGPD.<\/p>\n<p>S\u00e3o observadas medidas de seguran\u00e7a espec\u00edficas para evitar a perda de dados, a utiliza\u00e7\u00e3o il\u00edcita ou incorreta e o acesso n\u00e3o autorizado.<\/p>\n<p><strong><br \/>Categorias de destinat\u00e1rios de dados pessoais<br \/><\/strong>Os dados objeto de tratamento podem ser comunicados, para al\u00e9m dos sujeitos referidos no n\u00famero \u00abObjeto do tratamento \u2013 m\u00e9todos de tratamento\u00bb, tamb\u00e9m \u00e0 autoridade judicial para efeitos de verifica\u00e7\u00e3o de eventuais infra\u00e7\u00f5es por parte da mesma.<\/p>\n<p>\u00a0<\/p>\n<p><strong>Direitos das partes interessadas<br \/><\/strong>Em rela\u00e7\u00e3o aos dados tratados ao abrigo desta informa\u00e7\u00e3o, \u00e9-lhe concedido, a qualquer momento, o direito de:<\/p>\n<ul>\n<li>Acesso (artigo 15.o do Regulamento (UE) 2016\/679) \u2013 direito de solicitar e obter do respons\u00e1vel pelo tratamento a confirma\u00e7\u00e3o de que o tratamento dos seus dados est\u00e1 em curso e acesso aos dados relativos \u00e0 parte interessada (entre conhecer a finalidade do tratamento, as categorias de dados tratados);<\/li>\n<li>Retifica\u00e7\u00e3o (artigo 16.o do Regulamento (UE) 2016\/679) \u2013 permite-lhe solicitar ao respons\u00e1vel pelo tratamento que corrija, modifique e integre os seus dados pessoais;<\/li>\n<li>Supress\u00e3o (artigo 17.o do Regulamento (UE) 2016\/679) \u2013 permite-lhe obter a elimina\u00e7\u00e3o dos seus dados sem demora justificada (o chamado direito a ser esquecido);<\/li>\n<li>Limita\u00e7\u00e3o (artigo 18.o do Regulamento (UE) 2016\/679) \u2013 direito de obter uma limita\u00e7\u00e3o ao tratamento dos dados do titular dos dados, por exemplo, para integrar o exerc\u00edcio do direito referido no artigo 16.o durante o tempo necess\u00e1rio para verificar a exatid\u00e3o dos dados;<\/li>\n<li>Portabilidade (artigo 20.o do Regulamento (UE) 2016\/679) \u2013 permite ao interessado receber dados pessoais que lhe digam respeito, para que possa transmiti-los a outro respons\u00e1vel pelo tratamento;<\/li>\n<li>\u2013 Oposi\u00e7\u00e3o ao tratamento (artigo 21.\u00b0 do Regulamento (UE) 2016\/679) \u2013 permite ao interessado opor-se ao tratamento dos dados pessoais que lhe digam respeito.<\/li>\n<\/ul>\n<p>O exerc\u00edcio dos seus direitos pode ser exercido atrav\u00e9s de comunica\u00e7\u00e3o escrita a enviar para o endere\u00e7o: Piazza della Trivulziana 4\/A, ou por correio eletr\u00f3nico: <a href=\"mailto:privacy@italbiotec.it\">privacy@italbiotec.it<\/a><\/p>\n<p>\u00a0<\/p>\n<p><strong>Retirada do consentimento<\/strong><br \/>Tem, a qualquer momento, o direito de revogar o seu consentimento sem preju\u00edzo da licitude do tratamento com base no consentimento dado antes da revoga\u00e7\u00e3o.<\/p>\n<p>\u00a0<\/p>\n<p><strong>Reclama\u00e7\u00e3o<\/strong><br \/>Lembre-se de que, de acordo com o art. 77 do Regulamento da UE n.o 2016\/679, a S.V. pode apresentar uma reclama\u00e7\u00e3o \u00e0 Autoridade de Garantia em caso de viola\u00e7\u00e3o da legisla\u00e7\u00e3o vigente em mat\u00e9ria de prote\u00e7\u00e3o de dados pessoais.<\/p>\n<p>\u00a0<\/p>\n<p><strong>CONSENTIMENTO DO TRATAMENTO DE DADOS PESSOAIS REGULAMENTO (UE) 2016\/679<\/strong><br \/>O utilizador foi informado:<\/p>\n<ul>\n<li>a identidade do respons\u00e1vel pelo tratamento dos dados<\/li>\n<li>da medida, m\u00e9todos com os quais o tratamento tem lugar<\/li>\n<li>as finalidades do tratamento a que os dados pessoais se destinam<\/li>\n<li>do direito de retirar o consentimento, tal como indicado na presente informa\u00e7\u00e3o elaborada nos termos do artigo 13.o do Regulamento (UE) 2016\/679, apondo a refer\u00eancia na casa adequada \u00abLi e aceito os termos e condi\u00e7\u00f5es\u00bb<\/li>\n<\/ul>\n<p>\u00a0<\/p>\n<p><strong>DECLARE<br \/><\/strong>que recebi e li esta informa\u00e7\u00e3o e<\/p>\n<p>\u00a0<\/p>\n<p><strong>ACORDA<br \/><\/strong>nos termos e para os efeitos dos artigos 7.o e seguintes do Regulamento (UE) 2016\/679, ao tratamento de dados pessoais na forma e dentro dos limites estabelecidos nesta informa\u00e7\u00e3o.<\/p>\n<p>\n<\/div><\/div><\/div><\/div><\/div><\/div><\/div><!-- cell_inner --><\/div><!-- cell --><\/div><!-- port --><\/section><\/p>","protected":false},"excerpt":{"rendered":"","protected":false},"author":1,"featured_media":0,"parent":0,"menu_order":0,"comment_status":"closed","ping_status":"open","template":"","meta":{"footnotes":""},"class_list":["post-3","page","type-page","status-publish","hentry"],"_links":{"self":[{"href":"https:\/\/impact-acmproject.eu\/pt\/wp-json\/wp\/v2\/pages\/3","targetHints":{"allow":["GET"]}}],"collection":[{"href":"https:\/\/impact-acmproject.eu\/pt\/wp-json\/wp\/v2\/pages"}],"about":[{"href":"https:\/\/impact-acmproject.eu\/pt\/wp-json\/wp\/v2\/types\/page"}],"author":[{"embeddable":true,"href":"https:\/\/impact-acmproject.eu\/pt\/wp-json\/wp\/v2\/users\/1"}],"replies":[{"embeddable":true,"href":"https:\/\/impact-acmproject.eu\/pt\/wp-json\/wp\/v2\/comments?post=3"}],"version-history":[{"count":15,"href":"https:\/\/impact-acmproject.eu\/pt\/wp-json\/wp\/v2\/pages\/3\/revisions"}],"predecessor-version":[{"id":3842,"href":"https:\/\/impact-acmproject.eu\/pt\/wp-json\/wp\/v2\/pages\/3\/revisions\/3842"}],"wp:attachment":[{"href":"https:\/\/impact-acmproject.eu\/pt\/wp-json\/wp\/v2\/media?parent=3"}],"curies":[{"name":"wp","href":"https:\/\/api.w.org\/{rel}","templated":true}]}}