{"id":3768,"date":"2024-01-16T10:10:32","date_gmt":"2024-01-16T09:10:32","guid":{"rendered":"https:\/\/impact-acmproject.eu\/cookie-policy-ue\/"},"modified":"2024-12-04T10:21:19","modified_gmt":"2024-12-04T09:21:19","slug":"cookie-policy-ue","status":"publish","type":"page","link":"https:\/\/impact-acmproject.eu\/pl\/cookie-policy-ue\/","title":{"rendered":"Polityka plik\u00f3w cookie (UE)"},"content":{"rendered":"<p><section data-bb-version=\"4.7.6\" id=\"bt_bb_section69e5ac06c65b9\" class=\"bt_bb_section bt_bb_layout_boxed_1200\"  data-bt-override-class=\"null\"><div class=\"bt_bb_port\"><div class=\"bt_bb_cell\"><div class=\"bt_bb_cell_inner\"><div class=\"bt_bb_row\"  data-bt-override-class=\"{}\"><div class=\"bt_bb_row_holder\" ><div data-bb-version=\"4.7.6\"  class=\"bt_bb_column col-xxl-12 col-xl-12 col-xs-12 col-sm-12 col-md-12 col-lg-12 bt_bb_vertical_align_top bt_bb_align_left bt_bb_padding_normal\" style=\"; --column-width:12;\" data-width=\"12\" data-bt-override-class=\"{}\"><div class=\"bt_bb_column_content\"><div class=\"bt_bb_column_content_inner\"><\/div><\/div><\/div><\/div><\/div><\/div><!-- cell_inner --><\/div><!-- cell --><\/div><!-- port --><\/section><section data-bb-version=\"4.7.6\" id=\"bt_bb_section69e5ac06c6ab3\" class=\"bt_bb_section bt_bb_color_scheme_1 bt_bb_layout_boxed_1200 bt_bb_vertical_align_top bt_bb_background_overlay_dark_solid bt_bb_bottom_section_coverage_image bt_bb_section_with_bottom_coverage_image bt_bb_top_spacing_large bt_bb_bottom_spacing_large\" style=\"; --section-primary-color:#ffffff; --section-secondary-color:#191919;;background-color:rgb(34,64,96);\" data-bt-override-class=\"{&quot;bt_bb_top_spacing_&quot;:{&quot;current_class&quot;:&quot;bt_bb_top_spacing_large&quot;,&quot;def&quot;:&quot;large&quot;},&quot;bt_bb_bottom_spacing_&quot;:{&quot;current_class&quot;:&quot;bt_bb_bottom_spacing_large&quot;,&quot;def&quot;:&quot;large&quot;}}\"><div class=\"bt_bb_port\"><div class=\"bt_bb_cell\"><div class=\"bt_bb_cell_inner\"><div class=\"bt_bb_row\"  data-bt-override-class=\"{}\"><div class=\"bt_bb_row_holder\" ><div  class=\"bt_bb_column col-xxl-7 col-xl-7 bt_bb_vertical_align_middle bt_bb_align_left bt_bb_padding_normal bt_bb_animation_fade_in animate\" style=\"; --column-width:7;\" data-width=\"7\" data-bt-override-class=\"{}\"><div class=\"bt_bb_column_content\"><div class=\"bt_bb_column_content_inner\"><div class=\"bt_bb_separator bt_bb_border_style_none bt_bb_border_color_none bt_bb_bottom_spacing_large\" data-bt-override-class=\"null\"><\/div><header data-bb-version=\"4.7.6\" class=\"bt_bb_headline bt_bb_subheadline_text_transform_default bt_bb_dash_none bt_bb_size_large bt_bb_align_inherit\" data-bt-override-class=\"{&quot;bt_bb_size_&quot;:{&quot;current_class&quot;:&quot;bt_bb_size_large&quot;,&quot;def&quot;:&quot;large&quot;},&quot;bt_bb_align_&quot;:{&quot;current_class&quot;:&quot;bt_bb_align_inherit&quot;,&quot;def&quot;:&quot;inherit&quot;}}\"><h1 class=\"bt_bb_headline_tag\"><span class=\"bt_bb_headline_content\"><span>Polityka plik\u00f3w cookie<\/span><\/span><\/h1><\/header><div class=\"bt_bb_separator bt_bb_border_style_none bt_bb_border_color_none bt_bb_bottom_spacing_large\" data-bt-override-class=\"null\"><\/div><\/div><\/div><\/div><div  class=\"bt_bb_column col-xxl-5 col-xl-5 bt_bb_vertical_align_top bt_bb_align_left bt_bb_padding_normal\" style=\"; --column-width:5;\" data-width=\"5\" data-bt-override-class=\"{}\"><div class=\"bt_bb_column_content\"><div class=\"bt_bb_column_content_inner\"><\/div><\/div><\/div><\/div><\/div><\/div><!-- cell_inner --><\/div><!-- cell --><\/div><!-- port --><div class=\"bt_bb_section_bottom_section_coverage_image\"><img decoding=\"async\" src=\"https:\/\/impact-acmproject.eu\/wp-content\/uploads\/2023\/11\/bottom-cover.png\" alt=\"bt_bb_section_bottom_section_coverage_obraz\" \/><\/div><\/section><section data-bb-version=\"4.7.6\" id=\"bt_bb_section69e5ac06c6d13\" class=\"bt_bb_section bt_bb_layout_boxed_1200\"  data-bt-override-class=\"null\"><div class=\"bt_bb_port\"><div class=\"bt_bb_cell\"><div class=\"bt_bb_cell_inner\"><div class=\"bt_bb_row\"  data-bt-override-class=\"{}\"><div class=\"bt_bb_row_holder\" ><div data-bb-version=\"4.7.6\"  class=\"bt_bb_column col-xxl-12 col-xl-12 col-xs-12 col-sm-12 col-md-12 col-lg-12 bt_bb_vertical_align_top bt_bb_align_left bt_bb_padding_normal\" style=\"; --column-width:12;\" data-width=\"12\" data-bt-override-class=\"{}\"><div class=\"bt_bb_column_content\"><div class=\"bt_bb_column_content_inner\"><div data-bb-version=\"4.7.6\" class=\"bt_bb_separator bt_bb_border_style_none bt_bb_border_color_none bt_bb_top_spacing_large bt_bb_bottom_spacing_none\" data-bt-override-class=\"{&quot;bt_bb_top_spacing_&quot;:{&quot;current_class&quot;:&quot;bt_bb_top_spacing_large&quot;,&quot;def&quot;:&quot;large&quot;},&quot;bt_bb_bottom_spacing_&quot;:{&quot;current_class&quot;:&quot;bt_bb_bottom_spacing_none&quot;,&quot;def&quot;:&quot;none&quot;}}\"><\/div><div data-bb-version=\"4.7.6\"  class=\"bt_bb_text\" ><\/p>\n<p><strong>Czym s\u0105 pliki cookie?<br \/>\n<\/strong>Pliki cookie to ma\u0142e pliki tekstowe, kt\u00f3re s\u0105 pobierane na urz\u0105dzenie u\u017cytkownika (komputer, smartfon, tablet\u2026) podczas odwiedzania strony internetowej. Podczas ka\u017cdej kolejnej wizyty pliki cookie s\u0105 odsy\u0142ane z powrotem do witryny, z kt\u00f3rej pochodz\u0105 (pliki cookie pierwszej strony) lub do innej witryny, kt\u00f3ra je rozpoznaje (pliki cookie stron trzecich). Pliki cookie umo\u017cliwiaj\u0105 stronie internetowej rozpoznanie urz\u0105dzenia u\u017cytkownika. Maj\u0105 one r\u00f3\u017cne cele, takie jak na przyk\u0142ad umo\u017cliwienie sprawnego poruszania si\u0119 mi\u0119dzy stronami, zapami\u0119tywanie ulubionych witryn i og\u00f3lnie poprawa do\u015bwiadczenia przegl\u0105dania. Pomagaj\u0105 r\u00f3wnie\u017c zapewni\u0107, \u017ce tre\u015bci reklamowe wy\u015bwietlane online s\u0105 bardziej ukierunkowane na u\u017cytkownika i zgodne z jego zainteresowaniami (ukierunkowanie plik\u00f3w cookie lub profilowanie plik\u00f3w cookie). Pliki cookie mog\u0105 mie\u0107 ograniczony czas trwania pojedynczej sesji przegl\u0105dania i w takim przypadku s\u0105 automatycznie dezaktywowane po zamkni\u0119ciu przegl\u0105darki; lub mog\u0105 mie\u0107 z g\u00f3ry okre\u015blony termin wa\u017cno\u015bci i w takim przypadku pozostan\u0105 przechowywane i aktywne na urz\u0105dzeniu u\u017cytkownika do tego czasu, kontynuuj\u0105c gromadzenie informacji podczas r\u00f3\u017cnych sesji przegl\u0105dania w przegl\u0105darce. Istniej\u0105 r\u00f3wnie\u017c inne technologie gromadzenia informacji s\u0142u\u017c\u0105ce podobnym celom jak pliki cookie i przechowywane na urz\u0105dzeniu u\u017cytkownika (takie jak piksele). W tych informacjach termin \"ciasteczka\" jest u\u017cywany w odniesieniu do plik\u00f3w cookie, jak opisano powy\u017cej, oraz w odniesieniu do ka\u017cdej innej technologii zbierania, w celu dostarczenia U\u017cytkownikowi przewodnika, aby zrozumie\u0107, czym s\u0105 pliki cookie i inne podobne technologie, takie jak i dlaczego s\u0105 one u\u017cywane, jakie prawa s\u0105 uznawane dla U\u017cytkownik\u00f3w i jakie wybory mog\u0105 dokona\u0107 w odniesieniu do ich wykorzystania.<\/p>\n<p>&nbsp;<\/p>\n<p><strong>Pliki cookie i podobne technologie \u2013 definicje<br \/>\n<\/strong>Pliki cookie: ma\u0142e pliki tekstowe (zazwyczaj sk\u0142adaj\u0105ce si\u0119 z liter i cyfr), kt\u00f3re strony internetowe (tzw. \u201estrony pierwsze\u201d) odwiedzane przez U\u017cytkownika lub r\u00f3\u017cne strony internetowe lub serwery internetowe (tzw. \u201estrony trzecie\u201d) umieszczaj\u0105 i przechowuj\u0105 w przegl\u0105darce u\u017cywanej przez U\u017cytkownika do przegl\u0105dania na dowolnym urz\u0105dzeniu ko\u0144cowym zdolnym do przechowywania informacji.<\/p>\n<p>Inne technologie: technologie, kt\u00f3re przechowuj\u0105 dane w przegl\u0105darce lub urz\u0105dzeniu u\u017cywanym przez U\u017cytkownika przy u\u017cyciu lokalnie udost\u0119pnianych obiekt\u00f3w lub pami\u0119ci lokalnej, np. pliki cookie flash, pliki cookie HTML 5 i inne metody oprogramowania aplikacji internetowych. Technologie te dzia\u0142aj\u0105 we wszystkich przegl\u0105darkach. W niekt\u00f3rych przypadkach korzystanie z pami\u0119ci lokalnej nie mo\u017ce by\u0107 w pe\u0142ni zarz\u0105dzane przez przegl\u0105darki, ale wymaga zarz\u0105dzania za pomoc\u0105 okre\u015blonych narz\u0119dzi.<\/p>\n<p>&nbsp;<\/p>\n<p><strong>Kategorie plik\u00f3w cookie<br \/>\n<\/strong>Pliki cookie mo\u017cna rozr\u00f3\u017cni\u0107 na podstawie ich celu, czasu trwania i w\u0142a\u015bciciela pliku cookie.<\/p>\n<ul>\n<li>Pliki cookies wyr\u00f3\u017cniaj\u0105ce si\u0119 przeznaczeniem to pliki cookies, kt\u00f3re mog\u0105 by\u0107 instalowane na urz\u0105dzeniu ko\u0144cowym U\u017cytkownika w celu:\n<ol>\n<li>zapewnienia funkcjonowania serwisu i us\u0142ug, a tak\u017ce zagwarantowania U\u017cytkownikowi mo\u017cliwo\u015bci korzystania z ich funkcji, tzw. cookies techniczne;<\/li>\n<li>umo\u017cliwiaj\u0105 wykonanie witryny i us\u0142ug oferowanych przez <a href=\"https:\/\/impact-acmproject.eu\/pl\/\">https:\/\/impact-acmproject.eu\/<\/a> do poprawy, a tak\u017ce do oceny skuteczno\u015bci us\u0142ugi oferowanej za po\u015brednictwem Witryny, tzw. analityczne pliki cookie;<\/li>\n<li>umo\u017cliwienia Konsorcjum lub osobom trzecim kierowania reklamy ukierunkowanej lub zgodnej z interesami U\u017cytkownika, za zgod\u0105 tzw. ciasteczek profiluj\u0105cych.<\/li>\n<\/ol>\n<\/li>\n<\/ul>\n<ul>\n<li>Pliki cookie, kt\u00f3re s\u0105 rozr\u00f3\u017cniane na podstawie czasu ich trwania, to te pliki cookie, kt\u00f3re mog\u0105 pozosta\u0107 w przegl\u0105darce urz\u0105dzenia przez czas trwania sesji (tj. do czasu zamkni\u0119cia przegl\u0105darki u\u017cywanej do przegl\u0105dania Witryny lub przerwania korzystania z Us\u0142ugi) i s\u0105 nazywane sesyjnymi plikami cookie. Mog\u0105 te\u017c by\u0107 przechowywane w przegl\u0105darce urz\u0105dzenia przez d\u0142ugi czas i mog\u0105 zawiera\u0107 niepowtarzalny kod identyfikacyjny oraz s\u0105 nazywane trwa\u0142ymi plikami cookie.<strong>\u00a0<\/strong><\/li>\n<\/ul>\n<ul>\n<li>Pliki cookie mo\u017cna r\u00f3wnie\u017c wyr\u00f3\u017cni\u0107 na podstawie podmiotu, kt\u00f3ry jest w\u0142a\u015bcicielem pliku cookie (pliki cookie pierwszej strony i pliki cookie stron trzecich).<\/li>\n<\/ul>\n<p>Pliki cookie mog\u0105 by\u0107 w\u0142asno\u015bci\u0105 administratora strony i us\u0142ug, a zatem s\u0105 instalowane przez niego w przegl\u0105darce urz\u0105dzenia u\u017cytkownika, tzw. pliki cookie pierwszej kategorii. Mo\u017ce si\u0119 zdarzy\u0107, \u017ce Witryna zawiera pliki cookie pochodz\u0105ce z innych witryn, nale\u017c\u0105ce do os\u00f3b trzecich, zawarte w r\u00f3\u017cnych elementach hostowanych na samej witrynie (na przyk\u0142ad banery reklamowe, obrazy, filmy, d\u017awi\u0119ki\u2026) i w tym przypadku s\u0105 to tak zwane pliki cookie os\u00f3b trzecich.<strong>\u00a0<\/strong><\/p>\n<p>&nbsp;<\/p>\n<p><strong>Pliki cookie wykorzystywane przez t\u0119 stron\u0119 internetow\u0105<br \/>\n<\/strong>Wizyta w <a href=\"https:\/\/impact-acmproject.eu\/pl\/\">https:\/\/impact-acmproject.eu\/<\/a> Strona internetowa wykorzystuje pliki cookie w celu poprawy komfortu u\u017cytkowania. Strona wykorzystuje: techniczne pliki cookie do nawigacji, analityczne pliki cookie i pliki cookie do profilowania w celach marketingowych.<br \/>\nU\u017cytkownik mo\u017ce w ka\u017cdej chwili zarz\u0105dza\u0107 swoimi preferencjami lub odm\u00f3wi\u0107 instalacji plik\u00f3w cookies.<\/p>\n<p>U\u017cytkownik mo\u017ce w ka\u017cdej chwili zarz\u0105dza\u0107 swoimi preferencjami lub odm\u00f3wi\u0107 instalacji plik\u00f3w cookies.<\/p>\n<p style=\"text-align: left;\">\n<div id=\"cmplz-cookies-overview\"><\/div>\n<\/p>\n<p>&nbsp;<\/p>\n<p><strong>Czas przechowywania danych osobowych gromadzonych za pomoc\u0105 plik\u00f3w cookie<br \/>\n<\/strong>Informacje i dane zebrane za pomoc\u0105 plik\u00f3w cookie b\u0119d\u0105 przechowywane przez czas \u015bci\u015ble niezb\u0119dny do osi\u0105gni\u0119cia cel\u00f3w, dla kt\u00f3rych ka\u017cdy plik cookie zosta\u0142 zainstalowany.<\/p>\n<p>Aby uzyska\u0107 dost\u0119p do okre\u015blonych informacji zwi\u0105zanych z przechowywaniem informacji uzyskanych za pomoc\u0105 plik\u00f3w cookie pierwszej i trzeciej strony oraz zarz\u0105dza\u0107 ich preferencjami, U\u017cytkownik mo\u017ce uzyska\u0107 dost\u0119p do centrum plik\u00f3w cookie w dowolnym momencie.<\/p>\n<p>&nbsp;<\/p>\n<p><strong>\u00a0<\/strong><strong>Prawa u\u017cytkownika i zarz\u0105dzanie preferencjami dotycz\u0105cymi plik\u00f3w cookie<br \/>\n<\/strong>U\u017cytkownikowi przys\u0142uguj\u0105 prawa przewidziane w rozporz\u0105dzeniu (UE) 2016\/679 (tzw. RODO), w tym prawo dost\u0119pu, sprzeciwu, anulowania, a tak\u017ce do zmiany swoich wybor\u00f3w dotycz\u0105cych korzystania z plik\u00f3w cookie w dowolnym momencie, za po\u015brednictwem centrum plik\u00f3w cookie. Aby uzyska\u0107 wi\u0119cej informacji i szczeg\u00f3\u0142\u00f3w na temat praw u\u017cytkownika i sposobu korzystania z nich, u\u017cytkownik mo\u017ce zapozna\u0107 si\u0119 z pe\u0142n\u0105 polityk\u0105 prywatno\u015bci (wstawi\u0107 link, klikaj\u0105c na \u201ePolityka prywatno\u015bci\u201d).<\/p>\n<p><strong>\u00a0<\/strong><\/p>\n<p><strong>Wy\u0142\u0105czenie plik\u00f3w cookie z przegl\u0105darki<br \/>\n<\/strong>U\u017cytkownik, opr\u00f3cz wy\u0142\u0105czenia plik\u00f3w cookie za po\u015brednictwem centrum plik\u00f3w cookie, mo\u017ce skonfigurowa\u0107 swoj\u0105 przegl\u0105dark\u0119 tak, aby ograniczy\u0107 liczb\u0119 akceptowanych plik\u00f3w cookie, zablokowa\u0107 wszystkie pliki cookie lub usun\u0105\u0107 je z ustawie\u0144 przegl\u0105darki w nast\u0119puj\u0105cy spos\u00f3b:<\/p>\n<ol>\n<li>Microsoft Internet Explorer<br \/>\nKlikaj\u0105c ikon\u0119 narz\u0119dzi w prawym g\u00f3rnym rogu i wybieraj\u0105c opcje internetowe. Zostanie wy\u015bwietlone wyskakuj\u0105ce okno, wybierz prywatno\u015b\u0107. W tej sekcji U\u017cytkownik mo\u017ce zmieni\u0107 ustawienia dotycz\u0105ce plik\u00f3w cookies.Link: <a href=\"http:\/\/windows.microsoft.com\/it-it\/internet-explorer\/delete-manage-cookies#ie=ie-11-win-7\">http:\/\/windows.microsoft.com\/it-it\/internet-explorer\/delete-manage-cookies#ie=ie-11-win-7<\/a><\/li>\n<li>Google Chrome<br \/>\nKlikaj\u0105c ikon\u0119 klucza w prawym g\u00f3rnym rogu i wybierz ustawienia. Nast\u0119pnie wybierz opcj\u0119 Poka\u017c ustawienia zaawansowane. W tej sekcji U\u017cytkownik mo\u017ce zmieni\u0107 ustawienia dotycz\u0105ce plik\u00f3w cookies.Link: <a href=\"https:\/\/support.google.com\/accounts\/topic\/2373959?hl=it&amp;ref_topic=2373957\">https:\/\/support.google.com\/accounts\/topic\/2373959?hl=it&amp;ref_topic=2373957<\/a><\/li>\n<li>Mozilla Firefox<br \/>\nZ rozwijanego menu w lewym g\u00f3rnym rogu wybierz opcje. W wyskakuj\u0105cym oknie wybierz prywatno\u015b\u0107, a w sekcji b\u0119dziesz m\u00f3g\u0142 zmieni\u0107 swoje preferencje dotycz\u0105ce plik\u00f3w cookie.Link: <a href=\"https:\/\/support.mozilla.org\/it\/kb\/Attivare%20e%20disattivare%20i%20cookie#firefox:win7:fx38\">https:\/\/support.mozilla.org\/it\/kb\/Attivare%20e%20disattivare%20i%20cookie#firefox:win7:fx38<\/a><\/li>\n<li>Safari<br \/>\nZ rozwijanego menu ustawie\u0144 w prawym g\u00f3rnym rogu wybierz preferencje. Nast\u0119pnie wybierz bezpiecze\u0144stwo i w tej sekcji U\u017cytkownik mo\u017ce dostosowa\u0107 ustawienia plik\u00f3w cookie.Link: <a href=\"https:\/\/support.apple.com\/it-it\/HT201265\">https:\/\/support.apple.com\/it-it\/HT201265<\/a><\/li>\n<\/ol>\n<p><strong>\u00a0<\/strong><\/p>\n<p><strong>\u00a0<\/strong><strong>Administrator danych i dane kontaktowe<\/strong><strong><br \/>\n<\/strong>Administratorem danych jest <strong>Konsorcjum Italbiotec<\/strong> (C.F.\/VAT numer 02429600121), z siedzib\u0105 statutow\u0105 w Mediolanie przy Piazza della Trivulziana 4\/A, w osobie jej przedstawiciela prawnego pro tem; pec: consorzio@pec.italbiotec.it. U\u017cytkownik mo\u017ce w ka\u017cdej chwili przes\u0142a\u0107 wnioski o udzielenie informacji lub wyja\u015bnie\u0144 na wy\u017cej wymieniony adres lub za po\u015brednictwem dodatkowych metod wskazanych w Polityce Prywatno\u015bci (<a href=\"https:\/\/impact-acmproject.eu\/pl\/privacy-policy\/\">https:\/\/impact-acmproject.eu\/privacy-policy\/<\/a>).<\/p>\n<p>&nbsp;<\/p>\n<p>&nbsp;<\/p>\n<p>\n<\/div><\/div><\/div><\/div><\/div><\/div><\/div><!-- cell_inner --><\/div><!-- cell --><\/div><!-- port --><\/section><\/p>","protected":false},"excerpt":{"rendered":"","protected":false},"author":2,"featured_media":0,"parent":0,"menu_order":0,"comment_status":"closed","ping_status":"closed","template":"","meta":{"footnotes":""},"class_list":["post-3768","page","type-page","status-publish","hentry"],"_links":{"self":[{"href":"https:\/\/impact-acmproject.eu\/pl\/wp-json\/wp\/v2\/pages\/3768","targetHints":{"allow":["GET"]}}],"collection":[{"href":"https:\/\/impact-acmproject.eu\/pl\/wp-json\/wp\/v2\/pages"}],"about":[{"href":"https:\/\/impact-acmproject.eu\/pl\/wp-json\/wp\/v2\/types\/page"}],"author":[{"embeddable":true,"href":"https:\/\/impact-acmproject.eu\/pl\/wp-json\/wp\/v2\/users\/2"}],"replies":[{"embeddable":true,"href":"https:\/\/impact-acmproject.eu\/pl\/wp-json\/wp\/v2\/comments?post=3768"}],"version-history":[{"count":9,"href":"https:\/\/impact-acmproject.eu\/pl\/wp-json\/wp\/v2\/pages\/3768\/revisions"}],"predecessor-version":[{"id":3845,"href":"https:\/\/impact-acmproject.eu\/pl\/wp-json\/wp\/v2\/pages\/3768\/revisions\/3845"}],"wp:attachment":[{"href":"https:\/\/impact-acmproject.eu\/pl\/wp-json\/wp\/v2\/media?parent=3768"}],"curies":[{"name":"wp","href":"https:\/\/api.w.org\/{rel}","templated":true}]}}