{"id":3,"date":"2023-08-31T13:00:16","date_gmt":"2023-08-31T11:00:16","guid":{"rendered":"http:\/\/impact-acmproject.eu\/?page_id=3"},"modified":"2024-12-02T12:56:24","modified_gmt":"2024-12-02T11:56:24","slug":"privacy-policy","status":"publish","type":"page","link":"https:\/\/impact-acmproject.eu\/pl\/privacy-policy\/","title":{"rendered":"Polityka prywatno\u015bci"},"content":{"rendered":"<p><section data-bb-version=\"4.7.6\" id=\"bt_bb_section69e5abdb32e9c\" class=\"bt_bb_section bt_bb_layout_boxed_1200\"  data-bt-override-class=\"null\"><div class=\"bt_bb_port\"><div class=\"bt_bb_cell\"><div class=\"bt_bb_cell_inner\"><div class=\"bt_bb_row\"  data-bt-override-class=\"{}\"><div class=\"bt_bb_row_holder\" ><div data-bb-version=\"4.7.6\"  class=\"bt_bb_column col-xxl-12 col-xl-12 col-xs-12 col-sm-12 col-md-12 col-lg-12 bt_bb_vertical_align_top bt_bb_align_left bt_bb_padding_normal\" style=\"; --column-width:12;\" data-width=\"12\" data-bt-override-class=\"{}\"><div class=\"bt_bb_column_content\"><div class=\"bt_bb_column_content_inner\"><\/div><\/div><\/div><\/div><\/div><\/div><!-- cell_inner --><\/div><!-- cell --><\/div><!-- port --><\/section><section data-bb-version=\"4.7.6\" id=\"bt_bb_section69e5abdb33886\" class=\"bt_bb_section bt_bb_color_scheme_1 bt_bb_layout_boxed_1200 bt_bb_vertical_align_top bt_bb_background_overlay_dark_solid bt_bb_bottom_section_coverage_image bt_bb_section_with_bottom_coverage_image bt_bb_top_spacing_large bt_bb_bottom_spacing_large\" style=\"; --section-primary-color:#ffffff; --section-secondary-color:#191919;;background-color:rgb(51,42,43);\" data-bt-override-class=\"{&quot;bt_bb_top_spacing_&quot;:{&quot;current_class&quot;:&quot;bt_bb_top_spacing_large&quot;,&quot;def&quot;:&quot;large&quot;},&quot;bt_bb_bottom_spacing_&quot;:{&quot;current_class&quot;:&quot;bt_bb_bottom_spacing_large&quot;,&quot;def&quot;:&quot;large&quot;}}\"><div class=\"bt_bb_port\"><div class=\"bt_bb_cell\"><div class=\"bt_bb_cell_inner\"><div class=\"bt_bb_row\"  data-bt-override-class=\"{}\"><div class=\"bt_bb_row_holder\" ><div  class=\"bt_bb_column col-xxl-7 col-xl-7 bt_bb_vertical_align_middle bt_bb_align_left bt_bb_padding_normal bt_bb_animation_fade_in animate\" style=\"; --column-width:7;\" data-width=\"7\" data-bt-override-class=\"{}\"><div class=\"bt_bb_column_content\"><div class=\"bt_bb_column_content_inner\"><div class=\"bt_bb_separator bt_bb_border_style_none bt_bb_border_color_none bt_bb_bottom_spacing_large\" data-bt-override-class=\"null\"><\/div><header data-bb-version=\"4.7.6\" class=\"bt_bb_headline bt_bb_subheadline_text_transform_default bt_bb_dash_none bt_bb_size_large bt_bb_align_inherit\" data-bt-override-class=\"{&quot;bt_bb_size_&quot;:{&quot;current_class&quot;:&quot;bt_bb_size_large&quot;,&quot;def&quot;:&quot;large&quot;},&quot;bt_bb_align_&quot;:{&quot;current_class&quot;:&quot;bt_bb_align_inherit&quot;,&quot;def&quot;:&quot;inherit&quot;}}\"><h1 class=\"bt_bb_headline_tag\"><span class=\"bt_bb_headline_content\"><span>Polityka prywatno\u015bci<\/span><\/span><\/h1><\/header><div class=\"bt_bb_separator bt_bb_border_style_none bt_bb_border_color_none bt_bb_bottom_spacing_large\" data-bt-override-class=\"null\"><\/div><\/div><\/div><\/div><div  class=\"bt_bb_column col-xxl-5 col-xl-5 bt_bb_vertical_align_top bt_bb_align_left bt_bb_padding_normal\" style=\"; --column-width:5;\" data-width=\"5\" data-bt-override-class=\"{}\"><div class=\"bt_bb_column_content\"><div class=\"bt_bb_column_content_inner\"><\/div><\/div><\/div><\/div><\/div><\/div><!-- cell_inner --><\/div><!-- cell --><\/div><!-- port --><div class=\"bt_bb_section_bottom_section_coverage_image\"><img decoding=\"async\" src=\"https:\/\/impact-acmproject.eu\/wp-content\/uploads\/2023\/11\/bottom-cover.png\" alt=\"bt_bb_section_bottom_section_coverage_obraz\" \/><\/div><\/section><section data-bb-version=\"4.7.6\" id=\"bt_bb_section69e5abdb33b3b\" class=\"bt_bb_section bt_bb_layout_boxed_1200\"  data-bt-override-class=\"null\"><div class=\"bt_bb_port\"><div class=\"bt_bb_cell\"><div class=\"bt_bb_cell_inner\"><div class=\"bt_bb_row\"  data-bt-override-class=\"{}\"><div class=\"bt_bb_row_holder\" ><div data-bb-version=\"4.7.6\"  class=\"bt_bb_column col-xxl-12 col-xl-12 col-xs-12 col-sm-12 col-md-12 col-lg-12 bt_bb_vertical_align_top bt_bb_align_left bt_bb_padding_normal\" style=\"; --column-width:12;\" data-width=\"12\" data-bt-override-class=\"{}\"><div class=\"bt_bb_column_content\"><div class=\"bt_bb_column_content_inner\"><div data-bb-version=\"4.7.6\"  class=\"bt_bb_text\" ><\/p>\n<p><strong>INFORMACJE I ZGODA DOTYCZ\u0104CE PRZETWARZANIA DANYCH OSOBOWYCH U\u017bYTKOWNIK\u00d3W SKUTECZNEJ STRONY INTERNETOWEJ ZGODNIE Z ART. 13 ROZPORZ\u0104DZENIA (UE) 2016\/679 (\u201eRODO\u201d)<\/strong><\/p>\n<p><strong>Przes\u0142anka<\/strong><br \/>Konsorcjum Italbiotec przekazuje te informacje w zwi\u0105zku z przetwarzaniem danych osobowych zgromadzonych przez konsorcjum podczas odwiedzania i przegl\u0105dania strony internetowej https:\/\/impact-acmproject.eu\/. Informacje te s\u0105 dostarczane wy\u0142\u0105cznie dla strony internetowej IMPACT i nie maj\u0105 zastosowania do stron lub us\u0142ug online dost\u0119pnych za po\u015brednictwem link\u00f3w hipertekstowych, kt\u00f3re mog\u0105 by\u0107 publikowane na stronie internetowej. Dane osobowe przekazane przez u\u017cytkownik\u00f3w b\u0119d\u0105 przetwarzane zgodnie z przepisami rozporz\u0105dzenia UE nr 2016\/679 (w przypadku zwi\u0119z\u0142o\u015bci \u201eRODO\u201d).<\/p>\n<p>\u00a0<\/p>\n<p><strong>Administrator danych<br \/><\/strong>Administratorem danych jest Konsorcjum Italbiotec (C.F.\/VAT numer 02429600121), z siedzib\u0105 w Mediolanie przy Piazza della Trivulziana 4\/A, w osobie przedstawiciela prawnego pro tempore pec: consorzio@pec.italbiotec.it<\/p>\n<p>\u00a0<\/p>\n<p><strong>Podstawa prawna przetwarzania<br \/><\/strong>Podstaw\u0105 prawn\u0105 przetwarzania danych wskazanych w niniejszej informacji jest wyra\u017ana zgoda zainteresowanego na podstawie art. 6 ust. 1 lit. a) RODO oraz przestrzeganie obowi\u0105zk\u00f3w prawnych, kt\u00f3rym podlega Administrator danych na podstawie art. 6 ust. 1 lit. c) RODO.<\/p>\n<p>\u00a0<\/p>\n<p><strong>Kategorie danych \u2013 dane przegl\u0105dania<br \/><\/strong>Administrator przetwarza dane osobowe o charakterze powszechnym (imi\u0119, nazwisko, adres e-mail, inne dane osobowe, takie jak kod podatkowy, miejsce zamieszkania; dane nawigacyjne, takie jak adres IP, adresy w notacji URI\/URL itp.). Systemy komputerowe i procedury oprogramowania wykorzystywane do obs\u0142ugi tej strony internetowej pozyskuj\u0105, podczas ich normalnego dzia\u0142ania, niekt\u00f3re dane osobowe, kt\u00f3rych transmisja jest domy\u015blnie zwi\u0105zana z korzystaniem z internetowych protoko\u0142\u00f3w komunikacyjnych.<\/p>\n<p>S\u0105 to informacje, kt\u00f3re nie s\u0105 gromadzone w celu powi\u0105zania z okre\u015blonymi zainteresowanymi stronami, ale kt\u00f3re ze wzgl\u0119du na sw\u00f3j charakter mog\u0142yby, poprzez przetwarzanie i powi\u0105zanie z danymi b\u0119d\u0105cymi w posiadaniu os\u00f3b trzecich, umo\u017cliwi\u0107 identyfikacj\u0119 u\u017cytkownik\u00f3w.<\/p>\n<p>Ta kategoria danych obejmuje adresy IP lub nazwy domen komputer\u00f3w u\u017cywanych przez u\u017cytkownik\u00f3w \u0142\u0105cz\u0105cych si\u0119 z witryn\u0105, adresy w notacji URI (Uniform Resource Identifier) \u017c\u0105danych zasob\u00f3w, czas \u017c\u0105dania, metod\u0119 zastosowan\u0105 w przes\u0142aniu \u017c\u0105dania do serwera, rozmiar pliku uzyskanego w odpowiedzi, kod numeryczny wskazuj\u0105cy status odpowiedzi udzielonej przez serwer (udany, b\u0142\u0105d itp.) oraz inne parametry zwi\u0105zane z systemem operacyjnym i \u015brodowiskiem informatycznym u\u017cytkownika.<\/p>\n<p>Dane te s\u0105 wykorzystywane wy\u0142\u0105cznie w celu uzyskania anonimowych informacji statystycznych na temat korzystania z witryny i sprawdzenia jej prawid\u0142owego funkcjonowania i s\u0105 usuwane natychmiast po przetworzeniu.<\/p>\n<p>\u00a0<\/p>\n<p><strong>Kategorie danych \u2013 dane przekazane dobrowolnie przez u\u017cytkownika<br \/><\/strong>Opcjonalne, wyra\u017ane i dobrowolne wysy\u0142anie wiadomo\u015bci e-mail na wskazane adresy lub wype\u0142nianie formularza na tej stronie wi\u0105\u017ce si\u0119 z p\u00f3\u017aniejszym uzyskaniem adresu nadawcy, niezb\u0119dnego do odpowiedzi na wnioski, a tak\u017ce wszelkich innych danych osobowych wprowadzonych do komunikacji, jak podkre\u015blono w polityce prywatno\u015bci dotycz\u0105cej us\u0142ugi \u201ekontakt z nami\u201d dost\u0119pnej pod nast\u0119puj\u0105cym adresem e-mail: prywatno\u015b\u0107@italbiotec.it<\/p>\n<p>Z wyj\u0105tkiem tego, co okre\u015blono powy\u017cej w odniesieniu do danych nawigacyjnych i informacji zgodnie z art. 13 RODO zawartych w poszczeg\u00f3lnych sekcjach strony internetowej IMPACT, podanie danych do dalszych cel\u00f3w jest opcjonalne.<\/p>\n<p><strong><br \/>Pliki cookie<br \/><\/strong>Informacje dotycz\u0105ce plik\u00f3w cookie mo\u017cna znale\u017a\u0107 w sekcji \u201ePolityka dotycz\u0105ca plik\u00f3w cookie\u201d (<a href=\"https:\/\/impact-acmproject.eu\/pl\/cookie-policy-ue\/\">https:\/\/impact-acmproject.eu\/cookie-policy-ue\/<\/a>)<\/p>\n<p>W ka\u017cdej chwili mo\u017cesz zmieni\u0107, odwo\u0142a\u0107 lub zaktualizowa\u0107 zgod\u0119 udzielon\u0105 w centrum plik\u00f3w cookie.<\/p>\n<p>\u00a0<\/p>\n<p><strong>Cel przetwarzania \u2013 Metody przetwarzania \u2013 okres zatrzymywania danych<br \/><\/strong>Przetwarzanie Twoich danych za pomoc\u0105 narz\u0119dzi informatycznych i telematycznych (i\/lub narz\u0119dzi r\u0119cznych) ma na celu prawid\u0142owe korzystanie ze strony internetowej w zwi\u0105zku z us\u0142ugami oferowanymi przez <a href=\"https:\/\/impact-acmproject.eu\/pl\/\">https:\/\/impact-acmproject.eu\/<\/a>. Twoje dane b\u0119d\u0105 przetwarzane przez pracownik\u00f3w i wsp\u00f3\u0142pracownik\u00f3w Konsorcjum Italbiotec (wewn\u0119trznych lub zewn\u0119trznych, os\u00f3b fizycznych lub prawnych) na potrzeby utrzymania serwisu.<\/p>\n<p>Dane osobowe s\u0105 przetwarzane za pomoc\u0105 zautomatyzowanych narz\u0119dzi przez czas \u015bci\u015ble niezb\u0119dny do osi\u0105gni\u0119cia cel\u00f3w, dla kt\u00f3rych zosta\u0142y zebrane, zgodnie z art. 5 lit. e) RODO.<\/p>\n<p>Przestrzega si\u0119 szczeg\u00f3lnych \u015brodk\u00f3w bezpiecze\u0144stwa, aby zapobiec utracie danych, nielegalnemu lub nieprawid\u0142owemu wykorzystaniu oraz nieautoryzowanemu dost\u0119powi.<\/p>\n<p><strong><br \/>Kategorie odbiorc\u00f3w danych osobowych<br \/><\/strong>Przetwarzane dane mog\u0105 by\u0107 przekazywane, opr\u00f3cz podmiot\u00f3w, o kt\u00f3rych mowa w ust\u0119pie \u201eCel przetwarzania \u2013 metody przetwarzania\u201d, r\u00f3wnie\u017c organowi s\u0105dowemu w celu ustalenia ewentualnych wykrocze\u0144 pope\u0142nionych przez ten organ.<\/p>\n<p>\u00a0<\/p>\n<p><strong>Prawa zainteresowanych stron<br \/><\/strong>W odniesieniu do danych przetwarzanych na podstawie tych informacji przys\u0142uguje Pa\u0144stwu w ka\u017cdej chwili prawo do:<\/p>\n<ul>\n<li>Dost\u0119p (art. 15 Rozporz\u0105dzenia UE 2016\/679) - prawo do \u017c\u0105dania i uzyskania od Administratora potwierdzenia, \u017ce przetwarzanie jego danych jest w toku oraz dost\u0119pu do danych dotycz\u0105cych zainteresowanej strony (pomi\u0119dzy poznaniem celu przetwarzania, kategorii przetwarzanych danych);<\/li>\n<li>sprostowanie (art. 16 rozporz\u0105dzenia UE 2016\/679) \u2013 umo\u017cliwia zwr\u00f3cenie si\u0119 do administratora danych o poprawienie, modyfikacj\u0119, integracj\u0119 danych osobowych;<\/li>\n<li>Usuni\u0119cie (art. 17 rozporz\u0105dzenia UE nr 2016\/679) \u2013 umo\u017cliwia uzyskanie usuni\u0119cia danych bez uzasadnionej zw\u0142oki (tzw. prawo do bycia zapomnianym);<\/li>\n<li>Ograniczenie (art. 18 rozporz\u0105dzenia UE 2016\/679) \u2013 prawo do uzyskania ograniczenia przetwarzania danych osoby, kt\u00f3rej dane dotycz\u0105, na przyk\u0142ad do w\u0142\u0105czenia wykonywania prawa, o kt\u00f3rym mowa w art. 16, tak d\u0142ugo, jak jest to konieczne do weryfikacji poprawno\u015bci danych;<\/li>\n<li>mo\u017cliwo\u015b\u0107 przenoszenia (art. 20 rozporz\u0105dzenia (UE) 2016\/679) \u2013 umo\u017cliwia osobie zainteresowanej otrzymanie dotycz\u0105cych jej danych osobowych, tak aby mog\u0142a je przekaza\u0107 innemu administratorowi danych;<\/li>\n<li>\u2013 Sprzeciw wobec przetwarzania (art. 21 rozporz\u0105dzenia UE nr 2016\/679) \u2013 umo\u017cliwia osobie zainteresowanej wniesienie sprzeciwu wobec przetwarzania dotycz\u0105cych jej danych osobowych.<\/li>\n<\/ul>\n<p>Wykonywanie swoich praw mo\u017ce by\u0107 wykonywane poprzez pisemn\u0105 korespondencj\u0119, kt\u00f3ra zostanie wys\u0142ana na adres: Piazza della Trivulziana 4\/A lub poczt\u0105 elektroniczn\u0105: <a href=\"mailto:privacy@italbiotec.it\">privacy@italbiotec.it<\/a><\/p>\n<p>\u00a0<\/p>\n<p><strong>Cofni\u0119cie zgody<\/strong><br \/>W ka\u017cdej chwili masz prawo odwo\u0142a\u0107 swoj\u0105 zgod\u0119 bez uszczerbku dla zgodno\u015bci z prawem przetwarzania, kt\u00f3rego dokonano na podstawie zgody udzielonej przed jej cofni\u0119ciem.<\/p>\n<p>\u00a0<\/p>\n<p><strong>Skarga<\/strong><br \/>Nale\u017cy pami\u0119ta\u0107, \u017ce zgodnie z art. 77 rozporz\u0105dzenia UE nr 2016\/679 S.V. mo\u017ce z\u0142o\u017cy\u0107 skarg\u0119 do Organu Gwaranta w przypadku naruszenia obowi\u0105zuj\u0105cych przepis\u00f3w o ochronie danych osobowych.<\/p>\n<p>\u00a0<\/p>\n<p><strong>ZGODA NA PRZETWARZANIE DANYCH OSOBOWYCH ROZPORZ\u0104DZENIE (UE) 2016\/679<\/strong><br \/>U\u017cytkownik, kt\u00f3ry zosta\u0142 poinformowany:<\/p>\n<ul>\n<li>to\u017csamo\u015b\u0107 administratora danych<\/li>\n<li>\u015brodka, metod, za pomoc\u0105 kt\u00f3rych odbywa si\u0119 przetwarzanie<\/li>\n<li>cele przetwarzania, do kt\u00f3rych dane osobowe s\u0105 przeznaczone<\/li>\n<li>o prawie do wycofania zgody wskazanym w niniejszej informacji przygotowanej na podstawie art. 13 rozporz\u0105dzenia (UE) 2016\/679 poprzez umieszczenie znacznika w odpowiednim polu \u201ePrzeczyta\u0142em i akceptuj\u0119 warunki korzystania z us\u0142ug\u201d<\/li>\n<\/ul>\n<p>\u00a0<\/p>\n<p><strong>O\u015aWIADCZENIE<br \/><\/strong>\u017ce otrzyma\u0142em i przeczyta\u0142em te informacje oraz<\/p>\n<p>\u00a0<\/p>\n<p><strong>ZGADZA SI\u0118<br \/><\/strong>na podstawie i do cel\u00f3w art. 7 i nast. rozporz\u0105dzenia (UE) 2016\/679 \u2013 do przetwarzania danych osobowych w spos\u00f3b i w granicach okre\u015blonych w tych informacjach.<\/p>\n<p>\n<\/div><\/div><\/div><\/div><\/div><\/div><\/div><!-- cell_inner --><\/div><!-- cell --><\/div><!-- port --><\/section><\/p>","protected":false},"excerpt":{"rendered":"","protected":false},"author":1,"featured_media":0,"parent":0,"menu_order":0,"comment_status":"closed","ping_status":"open","template":"","meta":{"footnotes":""},"class_list":["post-3","page","type-page","status-publish","hentry"],"_links":{"self":[{"href":"https:\/\/impact-acmproject.eu\/pl\/wp-json\/wp\/v2\/pages\/3","targetHints":{"allow":["GET"]}}],"collection":[{"href":"https:\/\/impact-acmproject.eu\/pl\/wp-json\/wp\/v2\/pages"}],"about":[{"href":"https:\/\/impact-acmproject.eu\/pl\/wp-json\/wp\/v2\/types\/page"}],"author":[{"embeddable":true,"href":"https:\/\/impact-acmproject.eu\/pl\/wp-json\/wp\/v2\/users\/1"}],"replies":[{"embeddable":true,"href":"https:\/\/impact-acmproject.eu\/pl\/wp-json\/wp\/v2\/comments?post=3"}],"version-history":[{"count":15,"href":"https:\/\/impact-acmproject.eu\/pl\/wp-json\/wp\/v2\/pages\/3\/revisions"}],"predecessor-version":[{"id":3842,"href":"https:\/\/impact-acmproject.eu\/pl\/wp-json\/wp\/v2\/pages\/3\/revisions\/3842"}],"wp:attachment":[{"href":"https:\/\/impact-acmproject.eu\/pl\/wp-json\/wp\/v2\/media?parent=3"}],"curies":[{"name":"wp","href":"https:\/\/api.w.org\/{rel}","templated":true}]}}