{"id":3768,"date":"2024-01-16T10:10:32","date_gmt":"2024-01-16T09:10:32","guid":{"rendered":"https:\/\/impact-acmproject.eu\/cookie-policy-ue\/"},"modified":"2024-12-04T10:21:19","modified_gmt":"2024-12-04T09:21:19","slug":"cookie-policy-ue","status":"publish","type":"page","link":"https:\/\/impact-acmproject.eu\/mt\/cookie-policy-ue\/","title":{"rendered":"Politika dwar il-Cookies (UE)"},"content":{"rendered":"<p><section data-bb-version=\"4.7.6\" id=\"bt_bb_section69eb8dcd8fb2c\" class=\"bt_bb_section bt_bb_layout_boxed_1200\"  data-bt-override-class=\"null\"><div class=\"bt_bb_port\"><div class=\"bt_bb_cell\"><div class=\"bt_bb_cell_inner\"><div class=\"bt_bb_row\"  data-bt-override-class=\"{}\"><div class=\"bt_bb_row_holder\" ><div data-bb-version=\"4.7.6\"  class=\"bt_bb_column col-xxl-12 col-xl-12 col-xs-12 col-sm-12 col-md-12 col-lg-12 bt_bb_vertical_align_top bt_bb_align_left bt_bb_padding_normal\" style=\"; --column-width:12;\" data-width=\"12\" data-bt-override-class=\"{}\"><div class=\"bt_bb_column_content\"><div class=\"bt_bb_column_content_inner\"><\/div><\/div><\/div><\/div><\/div><\/div><!-- cell_inner --><\/div><!-- cell --><\/div><!-- port --><\/section><section data-bb-version=\"4.7.6\" id=\"bt_bb_section69eb8dcd8ff1e\" class=\"bt_bb_section bt_bb_color_scheme_1 bt_bb_layout_boxed_1200 bt_bb_vertical_align_top bt_bb_background_overlay_dark_solid bt_bb_bottom_section_coverage_image bt_bb_section_with_bottom_coverage_image bt_bb_top_spacing_large bt_bb_bottom_spacing_large\" style=\"; --section-primary-color:#ffffff; --section-secondary-color:#191919;;background-color:rgb(34,64,96);\" data-bt-override-class=\"{&quot;bt_bb_top_spacing_&quot;:{&quot;current_class&quot;:&quot;bt_bb_top_spacing_large&quot;,&quot;def&quot;:&quot;large&quot;},&quot;bt_bb_bottom_spacing_&quot;:{&quot;current_class&quot;:&quot;bt_bb_bottom_spacing_large&quot;,&quot;def&quot;:&quot;large&quot;}}\"><div class=\"bt_bb_port\"><div class=\"bt_bb_cell\"><div class=\"bt_bb_cell_inner\"><div class=\"bt_bb_row\"  data-bt-override-class=\"{}\"><div class=\"bt_bb_row_holder\" ><div  class=\"bt_bb_column col-xxl-7 col-xl-7 bt_bb_vertical_align_middle bt_bb_align_left bt_bb_padding_normal bt_bb_animation_fade_in animate\" style=\"; --column-width:7;\" data-width=\"7\" data-bt-override-class=\"{}\"><div class=\"bt_bb_column_content\"><div class=\"bt_bb_column_content_inner\"><div class=\"bt_bb_separator bt_bb_border_style_none bt_bb_border_color_none bt_bb_bottom_spacing_large\" data-bt-override-class=\"null\"><\/div><header data-bb-version=\"4.7.6\" class=\"bt_bb_headline bt_bb_subheadline_text_transform_default bt_bb_dash_none bt_bb_size_large bt_bb_align_inherit\" data-bt-override-class=\"{&quot;bt_bb_size_&quot;:{&quot;current_class&quot;:&quot;bt_bb_size_large&quot;,&quot;def&quot;:&quot;large&quot;},&quot;bt_bb_align_&quot;:{&quot;current_class&quot;:&quot;bt_bb_align_inherit&quot;,&quot;def&quot;:&quot;inherit&quot;}}\"><h1 class=\"bt_bb_headline_tag\"><span class=\"bt_bb_headline_content\"><span>Politika dwar il-cookies<\/span><\/span><\/h1><\/header><div class=\"bt_bb_separator bt_bb_border_style_none bt_bb_border_color_none bt_bb_bottom_spacing_large\" data-bt-override-class=\"null\"><\/div><\/div><\/div><\/div><div  class=\"bt_bb_column col-xxl-5 col-xl-5 bt_bb_vertical_align_top bt_bb_align_left bt_bb_padding_normal\" style=\"; --column-width:5;\" data-width=\"5\" data-bt-override-class=\"{}\"><div class=\"bt_bb_column_content\"><div class=\"bt_bb_column_content_inner\"><\/div><\/div><\/div><\/div><\/div><\/div><!-- cell_inner --><\/div><!-- cell --><\/div><!-- port --><div class=\"bt_bb_section_bottom_section_coverage_image\"><img decoding=\"async\" src=\"https:\/\/impact-acmproject.eu\/wp-content\/uploads\/2023\/11\/bottom-cover.png\" alt=\"bt_bb_section_bottom_section_coverage_imma\u0121ni\" \/><\/div><\/section><section data-bb-version=\"4.7.6\" id=\"bt_bb_section69eb8dcd9009c\" class=\"bt_bb_section bt_bb_layout_boxed_1200\"  data-bt-override-class=\"null\"><div class=\"bt_bb_port\"><div class=\"bt_bb_cell\"><div class=\"bt_bb_cell_inner\"><div class=\"bt_bb_row\"  data-bt-override-class=\"{}\"><div class=\"bt_bb_row_holder\" ><div data-bb-version=\"4.7.6\"  class=\"bt_bb_column col-xxl-12 col-xl-12 col-xs-12 col-sm-12 col-md-12 col-lg-12 bt_bb_vertical_align_top bt_bb_align_left bt_bb_padding_normal\" style=\"; --column-width:12;\" data-width=\"12\" data-bt-override-class=\"{}\"><div class=\"bt_bb_column_content\"><div class=\"bt_bb_column_content_inner\"><div data-bb-version=\"4.7.6\" class=\"bt_bb_separator bt_bb_border_style_none bt_bb_border_color_none bt_bb_top_spacing_large bt_bb_bottom_spacing_none\" data-bt-override-class=\"{&quot;bt_bb_top_spacing_&quot;:{&quot;current_class&quot;:&quot;bt_bb_top_spacing_large&quot;,&quot;def&quot;:&quot;large&quot;},&quot;bt_bb_bottom_spacing_&quot;:{&quot;current_class&quot;:&quot;bt_bb_bottom_spacing_none&quot;,&quot;def&quot;:&quot;none&quot;}}\"><\/div><div data-bb-version=\"4.7.6\"  class=\"bt_bb_text\" ><\/p>\n<p><strong>X'inhuma l-cookies?<br \/>\n<\/strong>Il-cookies huma fajls \u017cg\u0127ar ta\u2019 test li jitni\u017c\u017clu fuq l-apparat tal-Utent (PC, smartphone, tablet\u2026) meta j\u017curu sit web. F'kull \u017cjara sussegwenti, il-cookies jintbag\u0127tu lura lis-sit web li ori\u0121inahom (cookies tal-ewwel parti) jew lil sit ie\u0127or li jirrikonoxxihom (cookies ta' partijiet terzi). Il-cookies jippermettu li sit web jirrikonoxxi l-apparat ta\u2019 Utent. Huma g\u0127andhom diversi skopijiet b\u0127al, pere\u017cempju, li jippermettulek tinnaviga b'mod effi\u010bjenti bejn il-pa\u0121ni, tiftakar is-siti favoriti tieg\u0127ek u, b'mod \u0121enerali, ittejjeb l-esperjenza tal-ibbraw\u017cjar. Dawn jg\u0127inu wkoll biex ji\u0121i \u017cgurat li l-kontenut tar-reklamar muri online ikun aktar immirat lejn l-utent u f\u2019konformit\u00e0 mal-interessi tieg\u0127u (cookies ta\u2019 mmirar jew cookies ta\u2019 tfassil ta\u2019 profili). Il-cookies jista 'jkollhom durata limitata ta' sessjoni wa\u0127da ta 'browsing u, f'dan il-ka\u017c, ji\u0121u di\u017cattivati awtomatikament meta l-browser jing\u0127alaq; jew jista\u2019 jkollhom skadenza predeterminata, u f\u2019dan il-ka\u017c jibqg\u0127u ma\u0127\u017cuna u attivi fuq l-apparat tal-utent sa dik l-iskadenza, filwaqt li jkomplu ji\u0121bru informazzjoni matul sessjonijiet ta\u2019 bbraw\u017cjar differenti fuq il-browser. Hemm ukoll teknolo\u0121iji o\u0127ra tal-\u0121bir tal-informazzjoni b\u2019g\u0127anijiet simili g\u0127al dawk tal-cookies u ma\u0127\u017cuna fuq l-apparat tal-utent (b\u0127all-pixels). F'din l-informazzjoni t-terminu cookie jintu\u017ca b'referenza g\u0127all-cookies, kif deskritt hawn fuq, u b'referenza g\u0127al kwalunkwe teknolo\u0121ija o\u0127ra ta '\u0121bir, bil-g\u0127an li jipprovdi lill-Utent bi gwida biex jifhem liema cookies u teknolo\u0121iji simili o\u0127ra huma, b\u0127al u g\u0127aliex jintu\u017caw, liema drittijiet huma rikonoxxuti lill-Utenti u liema g\u0127a\u017cliet jistg\u0127u jag\u0127mlu rigward l-u\u017cu tag\u0127hom.<\/p>\n<p>&nbsp;<\/p>\n<p><strong>Cookies u teknolo\u0121iji simili \u2013 definizzjonijiet<br \/>\n<\/strong>Cookies: fajls \u017cg\u0127ar ta' test (\u0121eneralment mag\u0127mula minn ittri u numri) li s-siti web (l-hekk imsej\u0127a \"l-ewwel parti\") li \u017car l-Utent jew siti web jew servers tal-web differenti (l-hekk imsej\u0127a \"partijiet terzi\") iqieg\u0127du u ja\u0127\u017cnu fil-braw\u017cer u\u017cat mill-Utent g\u0127all-ibbraw\u017cjar fuq kwalunkwe apparat terminali li kapa\u010bi ja\u0127\u017cen l-informazzjoni.<\/p>\n<p>Teknolo\u0121iji O\u0127ra: teknolo\u0121iji li ja\u0127\u017cnu d-data fil-browser jew fl-apparat u\u017cat mill-Utent bl-u\u017cu ta\u2019 o\u0121\u0121etti kondivi\u017ci lokalment jew \u0127\u017cin lokali, e\u017c. cookies flash, cookies HTML 5 u metodi o\u0127ra ta\u2019 software ta\u2019 applikazzjoni tal-web. Dawn it-teknolo\u0121iji ja\u0127dmu fil-braw\u017cers kollha. F\u2019xi ka\u017cijiet, l-u\u017cu tal-\u0127\u017cin lokali ma jistax ji\u0121i \u0121estit bis-s\u0127i\u0127 mill-braw\u017cers, i\u017cda je\u0127tie\u0121 \u0121estjoni permezz ta\u2019 g\u0127odod spe\u010bifi\u010bi.<\/p>\n<p>&nbsp;<\/p>\n<p><strong>Kategoriji ta' cookies<br \/>\n<\/strong>Il-cookies jistg\u0127u ji\u0121u distinti skont l-iskop, it-tul u s-sid tal-cookie.<\/p>\n<ul>\n<li>Il-cookies distinti skont l-iskop huma dawk il-cookies li jistg\u0127u ji\u0121u installati fuq l-apparat tal-Utent biex:\n<ol>\n<li>ti\u017cgura l-funzjonament tas-sit u s-servizzi, kif ukoll tiggarantixxi li l-Utent jista 'jie\u0127u vanta\u0121\u0121 mill-funzjonijiet tag\u0127hom, l-hekk imsej\u0127a cookies tekni\u010bi;<\/li>\n<li>jippermettu l-prestazzjoni tas-sit u s-servizzi offruti mill- <a href=\"https:\/\/impact-acmproject.eu\/mt\/\">https:\/\/impact-acmproject.eu\/<\/a> biex titjieb, kif ukoll biex tevalwa l-effettivit\u00e0 ta 'servizz offrut permezz tas-Sit, l-hekk imsej\u0127a cookies analiti\u010bi;<\/li>\n<li>tippermetti lill-Konsorzju jew lil partijiet terzi jidderie\u0121u reklamar immirat jew f\u2019konformit\u00e0 mal-interessi tal-Utent, so\u0121\u0121ett g\u0127all-kunsens, l-hekk imsej\u0127a cookies tat-tfassil ta\u2019 profili.<\/li>\n<\/ol>\n<\/li>\n<\/ul>\n<ul>\n<li>Il-cookies li huma distinti abba\u017ci tat-tul ta\u2019 \u017cmien tag\u0127hom huma dawk il-cookies li jistg\u0127u jibqg\u0127u fil-browser tal-apparat g\u0127at-tul ta\u2019 sessjoni (ji\u0121ifieri sakemm tag\u0127laq il-browser u\u017cat g\u0127all-ibbraw\u017cjar tas-Sit jew tinterrompi l-u\u017cu ta\u2019 Servizz) u jissej\u0127u cookies tas-sessjoni. Jew, jistg\u0127u jibqg\u0127u ma\u0127\u017cuna fil-braw\u017cer tal-apparat tieg\u0127ek g\u0127al perjodi twal u jista\u2019 jkun fihom kodi\u010bi ta\u2019 identifikazzjoni uniku u jissej\u0127u cookies permanenti.<strong>\u00a0<\/strong><\/li>\n<\/ul>\n<ul>\n<li>Il-cookies jistg\u0127u ji\u0121u distinti wkoll abba\u017ci tal-entit\u00e0 li tippossjedi l-cookie (cookies tal-ewwel parti u cookies ta' partijiet terzi).<\/li>\n<\/ul>\n<p>Il-cookies jistg\u0127u jkunu l-proprjet\u00e0 tas-sit u tal-mani\u0121er tas-servizz u, g\u0127alhekk, ji\u0121u installati minn dan tal-a\u0127\u0127ar fil-browser tal-apparat tal-Utent, l-hekk imsej\u0127a cookies tal-ewwel parti. Jista 'ji\u0121ri li Sit fih cookies, li \u0121ejjin minn siti o\u0127ra, proprjet\u00e0 ta' partijiet terzi, li jinsabu f'diversi elementi ospitati fuq is-sit innifsu (pere\u017cempju, banners ta 'reklamar, stampi, vidjows, sounds\u2026) u f'dan il-ka\u017c dawn huma l-hekk imsej\u0127a cookies ta' partijiet terzi.<strong>\u00a0<\/strong><\/p>\n<p>&nbsp;<\/p>\n<p><strong>Cookies u\u017cati minn din il-websajt<br \/>\n<\/strong>\u017bjara lil <a href=\"https:\/\/impact-acmproject.eu\/mt\/\">https:\/\/impact-acmproject.eu\/<\/a> Il-websajt tinvolvi l-u\u017cu ta 'cookies biex ittejjeb l-esperjenza tal-utent. Is-sit ju\u017ca: cookies tekni\u010bi tan-navigazzjoni, cookies analiti\u010bi u cookies tat-tfassil ta\u2019 profili g\u0127al skopijiet ta\u2019 kummer\u010bjalizzazzjoni.<br \/>\nL-utent jista ', fi kwalunkwe \u0127in, jimmani\u0121\u0121ja l-preferenzi tag\u0127hom jew jirrifjuta l-installazzjoni tal-cookies.<\/p>\n<p>L-utent jista ', fi kwalunkwe \u0127in, jimmani\u0121\u0121ja l-preferenzi tag\u0127hom jew jirrifjuta l-installazzjoni tal-cookies.<\/p>\n<p style=\"text-align: left;\">\n<div id=\"cmplz-cookies-overview\"><\/div>\n<\/p>\n<p>&nbsp;<\/p>\n<p><strong>Il-\u0127inijiet ta\u017c-\u017camma tad-data personali mi\u0121bura permezz tal-cookies<br \/>\n<\/strong>L-informazzjoni u d-dejta mi\u0121bura permezz tal-cookies se jin\u0127a\u017cnu g\u0127a\u017c-\u017cmien strettament me\u0127tie\u0121 biex jintla\u0127qu l-iskopijiet li g\u0127alihom kull cookie \u0121iet installata.<\/p>\n<p>Biex ta\u010b\u010bessa informazzjoni spe\u010bifika relatata mal-\u0127a\u017cna ta 'informazzjoni miksuba permezz tal-u\u017cu ta' cookies tal-ewwel parti u ta 'partijiet terzi, u timmani\u0121\u0121ja l-preferenzi tag\u0127hom, l-Utent jista' ja\u010b\u010bessa \u010b-\u010bentru tal-cookies fi kwalunkwe \u0127in.<\/p>\n<p>&nbsp;<\/p>\n<p><strong>\u00a0<\/strong><strong>Id-drittijiet tal-utent u l-\u0121estjoni tal-preferenzi tal-cookies<br \/>\n<\/strong>L-Utent jing\u0127ata d-drittijiet previsti mir-Regolament (UE) 2016\/679 (l-hekk imsejja\u0127 GDPR), inklu\u017c id-dritt ta 'a\u010b\u010bess, oppo\u017cizzjoni, kan\u010bellazzjoni, kif ukoll li jimmodifika l-g\u0127a\u017cliet tieg\u0127u dwar l-u\u017cu tal-cookies fi kwalunkwe \u0127in, permezz ta\u010b-\u010bentru tal-cookies. G\u0127al aktar informazzjoni u dettalji dwar id-drittijiet tal-Utent u kif je\u017cer\u010bita d-drittijiet tieg\u0127u, l-Utent jista\u2019 jikkonsulta l-Politika ta\u2019 Privatezza s\u0127i\u0127a (da\u0127\u0127al il-link billi tikklikkja fuq \u201cpolitika ta\u2019 privatezza\u201d).<\/p>\n<p><strong>\u00a0<\/strong><\/p>\n<p><strong>Id-di\u017cattivazzjoni tal-cookies mill-braw\u017cer tieg\u0127ek<br \/>\n<\/strong>L-Utent, minbarra li jiddi\u017cattiva l-cookies permezz ta\u010b-\u010bentru tal-cookies, jista 'jikkonfigura l-browser tieg\u0127u biex jillimita n-numru ta' cookies a\u010b\u010bettati, jimblokka l-cookies kollha jew i\u0127assarhom, mis-settings tal-browser bil-modi li \u0121ejjin:<\/p>\n<ol>\n<li>Microsoft Internet Explorer<br \/>\nBilli tikklikkja fuq l-ikona tal-g\u0127odod fir-rokna ta\u2019 fuq tal-lemin u tag\u0127\u017cel l-g\u0127a\u017cliet tal-internet. Se tintwera tieqa pop-up, ag\u0127\u017cel il-privatezza. F\u2019din it-taqsima, l-Utent jista\u2019 jibdel is-settings tal-cookies.Link: <a href=\"http:\/\/windows.microsoft.com\/it-it\/internet-explorer\/delete-manage-cookies#ie=ie-11-win-7\">http:\/\/windows.microsoft.com\/it-it\/internet-explorer\/delete-manage-cookies#ie=ie-11-win-7<\/a><\/li>\n<li>Google Chrome<br \/>\nBilli tikklikkja fuq l-ikona tal-wrench fir-rokna ta\u2019 fuq tal-lemin u ag\u0127\u017cel is-settings. Imbag\u0127ad, ag\u0127\u017cel is-settings avvanzati. F\u2019din it-taqsima, l-Utent jista\u2019 jibdel is-settings tal-cookies.Link: <a href=\"https:\/\/support.google.com\/accounts\/topic\/2373959?hl=it&amp;ref_topic=2373957\">https:\/\/support.google.com\/accounts\/topic\/2373959?hl=it&amp;ref_topic=2373957<\/a><\/li>\n<li>Mozilla Firefox<br \/>\nMill-men\u00f9 drop-down fir-rokna ta\u2019 fuq tax-xellug, ag\u0127\u017cel l-g\u0127a\u017cliet. Fit-tieqa pop-up, ag\u0127\u017cel il-privatezza u fit-taqsima tkun tista' tbiddel il-preferenzi tal-cookies tieg\u0127ek.Link: <a href=\"https:\/\/support.mozilla.org\/it\/kb\/Attivare%20e%20disattivare%20i%20cookie#firefox:win7:fx38\">https:\/\/support.mozilla.org\/it\/kb\/Attivare%20e%20disattivare%20i%20cookie#firefox:win7:fx38<\/a><\/li>\n<li>Safaris<br \/>\nMill-men\u00f9 drop-down settings fir-rokna ta\u2019 fuq tal-lemin, ag\u0127\u017cel il-preferenzi. Imbag\u0127ad ag\u0127\u017cel is-sigurt\u00e0 u f'din it-taqsima l-Utent jista' ja\u0121\u0121usta s-settings tal-cookie.Link: <a href=\"https:\/\/support.apple.com\/it-it\/HT201265\">https:\/\/support.apple.com\/it-it\/HT201265<\/a><\/li>\n<\/ol>\n<p><strong>\u00a0<\/strong><\/p>\n<p><strong>\u00a0<\/strong><strong>Kontrollur tad-Data u informazzjoni ta\u2019 kuntatt<\/strong><strong><br \/>\n<\/strong>Il-kontrollur tad-data huwa <strong>Konsorzju Italbiotec<\/strong> (C.F.\/numru tal-VAT 02429600121), bl-uffi\u010b\u010bju rre\u0121istrat f\u2019Milan f\u2019Piazza della Trivulziana 4\/A, fil-persuna tar-rappre\u017centant legali tag\u0127ha pro tem; pec: consorzio@pec.italbiotec.it. L-Utent jista 'jibg\u0127at, fi kwalunkwe \u0127in, talbiet g\u0127al informazzjoni jew kjarifiki lill-indirizz imsemmi qabel jew permezz tal-metodi addizzjonali indikati fil-Politika ta' Privatezza.<a href=\"https:\/\/impact-acmproject.eu\/mt\/privacy-policy\/\">https:\/\/impact-acmproject.eu\/privacy-policy\/<\/a>).<\/p>\n<p>&nbsp;<\/p>\n<p>&nbsp;<\/p>\n<p>\n<\/div><\/div><\/div><\/div><\/div><\/div><\/div><!-- cell_inner --><\/div><!-- cell --><\/div><!-- port --><\/section><\/p>","protected":false},"excerpt":{"rendered":"","protected":false},"author":2,"featured_media":0,"parent":0,"menu_order":0,"comment_status":"closed","ping_status":"closed","template":"","meta":{"footnotes":""},"class_list":["post-3768","page","type-page","status-publish","hentry"],"_links":{"self":[{"href":"https:\/\/impact-acmproject.eu\/mt\/wp-json\/wp\/v2\/pages\/3768","targetHints":{"allow":["GET"]}}],"collection":[{"href":"https:\/\/impact-acmproject.eu\/mt\/wp-json\/wp\/v2\/pages"}],"about":[{"href":"https:\/\/impact-acmproject.eu\/mt\/wp-json\/wp\/v2\/types\/page"}],"author":[{"embeddable":true,"href":"https:\/\/impact-acmproject.eu\/mt\/wp-json\/wp\/v2\/users\/2"}],"replies":[{"embeddable":true,"href":"https:\/\/impact-acmproject.eu\/mt\/wp-json\/wp\/v2\/comments?post=3768"}],"version-history":[{"count":9,"href":"https:\/\/impact-acmproject.eu\/mt\/wp-json\/wp\/v2\/pages\/3768\/revisions"}],"predecessor-version":[{"id":3845,"href":"https:\/\/impact-acmproject.eu\/mt\/wp-json\/wp\/v2\/pages\/3768\/revisions\/3845"}],"wp:attachment":[{"href":"https:\/\/impact-acmproject.eu\/mt\/wp-json\/wp\/v2\/media?parent=3768"}],"curies":[{"name":"wp","href":"https:\/\/api.w.org\/{rel}","templated":true}]}}