{"id":3768,"date":"2024-01-16T10:10:32","date_gmt":"2024-01-16T09:10:32","guid":{"rendered":"https:\/\/impact-acmproject.eu\/cookie-policy-ue\/"},"modified":"2024-12-04T10:21:19","modified_gmt":"2024-12-04T09:21:19","slug":"cookie-policy-ue","status":"publish","type":"page","link":"https:\/\/impact-acmproject.eu\/lv\/cookie-policy-ue\/","title":{"rendered":"S\u012bkdat\u0146u politika (ES)"},"content":{"rendered":"<p><section data-bb-version=\"4.7.6\" id=\"bt_bb_section69eb8e36777eb\" class=\"bt_bb_section bt_bb_layout_boxed_1200\"  data-bt-override-class=\"null\"><div class=\"bt_bb_port\"><div class=\"bt_bb_cell\"><div class=\"bt_bb_cell_inner\"><div class=\"bt_bb_row\"  data-bt-override-class=\"{}\"><div class=\"bt_bb_row_holder\" ><div data-bb-version=\"4.7.6\"  class=\"bt_bb_column col-xxl-12 col-xl-12 col-xs-12 col-sm-12 col-md-12 col-lg-12 bt_bb_vertical_align_top bt_bb_align_left bt_bb_padding_normal\" style=\"; --column-width:12;\" data-width=\"12\" data-bt-override-class=\"{}\"><div class=\"bt_bb_column_content\"><div class=\"bt_bb_column_content_inner\"><\/div><\/div><\/div><\/div><\/div><\/div><!-- cell_inner --><\/div><!-- cell --><\/div><!-- port --><\/section><section data-bb-version=\"4.7.6\" id=\"bt_bb_section69eb8e3677c02\" class=\"bt_bb_section bt_bb_color_scheme_1 bt_bb_layout_boxed_1200 bt_bb_vertical_align_top bt_bb_background_overlay_dark_solid bt_bb_bottom_section_coverage_image bt_bb_section_with_bottom_coverage_image bt_bb_top_spacing_large bt_bb_bottom_spacing_large\" style=\"; --section-primary-color:#ffffff; --section-secondary-color:#191919;;background-color:rgb(34,64,96);\" data-bt-override-class=\"{&quot;bt_bb_top_spacing_&quot;:{&quot;current_class&quot;:&quot;bt_bb_top_spacing_large&quot;,&quot;def&quot;:&quot;large&quot;},&quot;bt_bb_bottom_spacing_&quot;:{&quot;current_class&quot;:&quot;bt_bb_bottom_spacing_large&quot;,&quot;def&quot;:&quot;large&quot;}}\"><div class=\"bt_bb_port\"><div class=\"bt_bb_cell\"><div class=\"bt_bb_cell_inner\"><div class=\"bt_bb_row\"  data-bt-override-class=\"{}\"><div class=\"bt_bb_row_holder\" ><div  class=\"bt_bb_column col-xxl-7 col-xl-7 bt_bb_vertical_align_middle bt_bb_align_left bt_bb_padding_normal bt_bb_animation_fade_in animate\" style=\"; --column-width:7;\" data-width=\"7\" data-bt-override-class=\"{}\"><div class=\"bt_bb_column_content\"><div class=\"bt_bb_column_content_inner\"><div class=\"bt_bb_separator bt_bb_border_style_none bt_bb_border_color_none bt_bb_bottom_spacing_large\" data-bt-override-class=\"null\"><\/div><header data-bb-version=\"4.7.6\" class=\"bt_bb_headline bt_bb_subheadline_text_transform_default bt_bb_dash_none bt_bb_size_large bt_bb_align_inherit\" data-bt-override-class=\"{&quot;bt_bb_size_&quot;:{&quot;current_class&quot;:&quot;bt_bb_size_large&quot;,&quot;def&quot;:&quot;large&quot;},&quot;bt_bb_align_&quot;:{&quot;current_class&quot;:&quot;bt_bb_align_inherit&quot;,&quot;def&quot;:&quot;inherit&quot;}}\"><h1 class=\"bt_bb_headline_tag\"><span class=\"bt_bb_headline_content\"><span>S\u012bkdat\u0146u politika<\/span><\/span><\/h1><\/header><div class=\"bt_bb_separator bt_bb_border_style_none bt_bb_border_color_none bt_bb_bottom_spacing_large\" data-bt-override-class=\"null\"><\/div><\/div><\/div><\/div><div  class=\"bt_bb_column col-xxl-5 col-xl-5 bt_bb_vertical_align_top bt_bb_align_left bt_bb_padding_normal\" style=\"; --column-width:5;\" data-width=\"5\" data-bt-override-class=\"{}\"><div class=\"bt_bb_column_content\"><div class=\"bt_bb_column_content_inner\"><\/div><\/div><\/div><\/div><\/div><\/div><!-- cell_inner --><\/div><!-- cell --><\/div><!-- port --><div class=\"bt_bb_section_bottom_section_coverage_image\"><img decoding=\"async\" src=\"https:\/\/impact-acmproject.eu\/wp-content\/uploads\/2023\/11\/bottom-cover.png\" alt=\"bt_bb_section_bottom_section_coverage_image\" \/><\/div><\/section><section data-bb-version=\"4.7.6\" id=\"bt_bb_section69eb8e3677e0a\" class=\"bt_bb_section bt_bb_layout_boxed_1200\"  data-bt-override-class=\"null\"><div class=\"bt_bb_port\"><div class=\"bt_bb_cell\"><div class=\"bt_bb_cell_inner\"><div class=\"bt_bb_row\"  data-bt-override-class=\"{}\"><div class=\"bt_bb_row_holder\" ><div data-bb-version=\"4.7.6\"  class=\"bt_bb_column col-xxl-12 col-xl-12 col-xs-12 col-sm-12 col-md-12 col-lg-12 bt_bb_vertical_align_top bt_bb_align_left bt_bb_padding_normal\" style=\"; --column-width:12;\" data-width=\"12\" data-bt-override-class=\"{}\"><div class=\"bt_bb_column_content\"><div class=\"bt_bb_column_content_inner\"><div data-bb-version=\"4.7.6\" class=\"bt_bb_separator bt_bb_border_style_none bt_bb_border_color_none bt_bb_top_spacing_large bt_bb_bottom_spacing_none\" data-bt-override-class=\"{&quot;bt_bb_top_spacing_&quot;:{&quot;current_class&quot;:&quot;bt_bb_top_spacing_large&quot;,&quot;def&quot;:&quot;large&quot;},&quot;bt_bb_bottom_spacing_&quot;:{&quot;current_class&quot;:&quot;bt_bb_bottom_spacing_none&quot;,&quot;def&quot;:&quot;none&quot;}}\"><\/div><div data-bb-version=\"4.7.6\"  class=\"bt_bb_text\" ><\/p>\n<p><strong>Kas ir s\u012bkdatnes?<br \/>\n<\/strong>S\u012bkdatnes ir nelielas teksta datnes, kas tiek lejupiel\u0101d\u0113tas lietot\u0101ja ier\u012bc\u0113 (dator\u0101, viedt\u0101lrun\u012b, plan\u0161etdator\u0101 \u2026), kad lietot\u0101js apmekl\u0113 t\u012bmek\u013ca vietni. Katr\u0101 n\u0101kamaj\u0101 apmekl\u0113jum\u0101 s\u012bkfaili tiek nos\u016bt\u012bti atpaka\u013c uz vietni, kas tos izveidojusi (pirm\u0101s puses s\u012bkfaili), vai uz citu vietni, kas tos atpaz\u012bst (tre\u0161\u0101s puses s\u012bkfaili). S\u012bkdatnes \u013cauj t\u012bmek\u013ca vietnei atpaz\u012bt lietot\u0101ja ier\u012bci. T\u0101m ir da\u017e\u0101di m\u0113r\u0137i, piem\u0113ram, \u013caut jums efekt\u012bvi p\u0101rvietoties starp lap\u0101m, atcer\u0113ties j\u016bsu iecien\u012bt\u0101k\u0101s vietnes un kopum\u0101 uzlabot p\u0101rl\u016bko\u0161anas pieredzi. Tie ar\u012b pal\u012bdz nodro\u0161in\u0101t, ka tie\u0161saist\u0113 par\u0101d\u012btais rekl\u0101mas saturs ir vair\u0101k v\u0113rsts uz lietot\u0101ju un atbilst vi\u0146a interes\u0113m (m\u0113r\u0137a s\u012bkdatnes vai profil\u0113\u0161anas s\u012bkdatnes). S\u012bkdatn\u0113m var b\u016bt ierobe\u017eots vienas p\u0101rl\u016bko\u0161anas sesijas ilgums, un \u0161\u0101d\u0101 gad\u012bjum\u0101 t\u0101s tiek autom\u0101tiski deaktiviz\u0113tas, kad p\u0101rl\u016bkprogramma ir aizv\u0113rta; vai ar\u012b tiem var b\u016bt iepriek\u0161 noteikts der\u012bguma termi\u0146\u0161, un \u0161aj\u0101 gad\u012bjum\u0101 tie paliks saglab\u0101ti un akt\u012bvi lietot\u0101ja ier\u012bc\u0113 l\u012bdz der\u012bguma termi\u0146a beig\u0101m, turpinot v\u0101kt inform\u0101ciju da\u017e\u0101d\u0101s p\u0101rl\u016bko\u0161anas sesij\u0101s p\u0101rl\u016bkprogramm\u0101. Past\u0101v ar\u012b citas inform\u0101cijas v\u0101k\u0161anas tehnolo\u0123ijas, kuru m\u0113r\u0137i ir l\u012bdz\u012bgi s\u012bkdat\u0146u m\u0113r\u0137iem un kuras tiek saglab\u0101tas lietot\u0101ja ier\u012bc\u0113 (piem\u0113ram, pikse\u013ci). \u0160aj\u0101 inform\u0101cij\u0101 termins \"s\u012bkdatne\" tiek lietots, atsaucoties uz s\u012bkdatn\u0113m, k\u0101 aprakst\u012bts iepriek\u0161, un atsaucoties uz jebkuru citu v\u0101k\u0161anas tehnolo\u0123iju, lai sniegtu Lietot\u0101jam nor\u0101d\u012bjumus, lai saprastu, k\u0101das s\u012bkdatnes un citas l\u012bdz\u012bgas tehnolo\u0123ijas ir, piem\u0113ram, un k\u0101p\u0113c t\u0101s tiek izmantotas, k\u0101das ties\u012bbas tiek atz\u012btas Lietot\u0101jiem un k\u0101das izv\u0113les vi\u0146i var izdar\u012bt attiec\u012bb\u0101 uz to izmanto\u0161anu.<\/p>\n<p>&nbsp;<\/p>\n<p><strong>S\u012bkdatnes un l\u012bdz\u012bgas tehnolo\u0123ijas \u2014 defin\u012bcijas<br \/>\n<\/strong>S\u012bkdatnes: nelielas teksta datnes (parasti sast\u0101v no burtiem un cipariem), ko lietot\u0101ja apmekl\u0113t\u0101s t\u012bmek\u013ca vietnes (t. s. \u201cpirm\u0101 persona\u201d) vai da\u017e\u0101das t\u012bmek\u013ca vietnes vai t\u012bmek\u013ca serveri (t. s. \u201ctre\u0161\u0101s personas\u201d) ievieto un glab\u0101 lietot\u0101ja izmantotaj\u0101 p\u0101rl\u016bkprogramm\u0101, lai p\u0101rl\u016bkotu jebkuru galier\u012bci, kas sp\u0113j uzglab\u0101t inform\u0101ciju.<\/p>\n<p>Citas tehnolo\u0123ijas: tehnolo\u0123ijas, kas saglab\u0101 datus lietot\u0101ja izmantotaj\u0101 p\u0101rl\u016bkprogramm\u0101 vai ier\u012bc\u0113, izmantojot lok\u0101li koplietotus objektus vai lok\u0101lo kr\u0101tuvi, piem\u0113ram, zibatmi\u0146as s\u012bkdatnes, HTML 5 s\u012bkdatnes un citas t\u012bmek\u013ca lietojumprogrammu programmat\u016bras metodes. \u0160\u012bs tehnolo\u0123ijas darbojas vis\u0101s p\u0101rl\u016bkprogramm\u0101s. Da\u017eos gad\u012bjumos viet\u0113j\u0101s kr\u0101tuves izmanto\u0161anu nevar piln\u012bb\u0101 p\u0101rvald\u012bt ar p\u0101rl\u016bkprogramm\u0101m, bet t\u0101 ir j\u0101p\u0101rvalda, izmantojot \u012bpa\u0161us r\u012bkus.<\/p>\n<p>&nbsp;<\/p>\n<p><strong>S\u012bkdat\u0146u kategorijas<br \/>\n<\/strong>S\u012bkdatnes var at\u0161\u0137irt p\u0113c to m\u0113r\u0137a, ilguma un s\u012bkdat\u0146u \u012bpa\u0161nieka.<\/p>\n<ul>\n<li>S\u012bkdatnes, kas at\u0161\u0137iras p\u0113c m\u0113r\u0137a, ir t\u0101s s\u012bkdatnes, kuras var instal\u0113t Lietot\u0101ja ier\u012bc\u0113, lai:\n<ol>\n<li>nodro\u0161in\u0101t vietnes un pakalpojumu darb\u012bbu, k\u0101 ar\u012b garant\u0113t, ka Lietot\u0101js var izmantot savas funkcijas, t\u0101 saukt\u0101s tehnisk\u0101s s\u012bkdatnes;<\/li>\n<li>\u013cauj veikt vietnes darb\u012bbu un pakalpojumus, ko pied\u0101v\u0101 <a href=\"https:\/\/impact-acmproject.eu\/lv\/\">https:\/\/impact-acmproject.eu\/<\/a> uzlabot, k\u0101 ar\u012b nov\u0113rt\u0113t Vietn\u0113 pied\u0101v\u0101t\u0101 pakalpojuma, t\u0101 saukto anal\u012btisko s\u012bkdat\u0146u, efektivit\u0101ti;<\/li>\n<li>\u013cauj konsorcijam vai tre\u0161\u0101m person\u0101m novirz\u012bt m\u0113r\u0137tiec\u012bgu rekl\u0101mu vai atbilsto\u0161i lietot\u0101ja interes\u0113m, sa\u0146emot piekri\u0161anu, t. s. profil\u0113\u0161anas s\u012bkdatnes.<\/li>\n<\/ol>\n<\/li>\n<\/ul>\n<ul>\n<li>S\u012bkfaili, kas at\u0161\u0137iras p\u0113c to ilguma, ir tie s\u012bkfaili, kas var palikt ier\u012bces p\u0101rl\u016bkprogramm\u0101 sesijas laik\u0101 (t. i., l\u012bdz br\u012bdim, kad aizverat p\u0101rl\u016bkprogrammu, ko izmanto vietnes p\u0101rl\u016bko\u0161anai, vai p\u0101rtraucat pakalpojuma izmanto\u0161anu), un tos sauc par sesijas s\u012bkfailiem. Vai ar\u012b tie var ilgsto\u0161i palikt j\u016bsu ier\u012bces p\u0101rl\u016bkprogramm\u0101 un satur\u0113t unik\u0101lu identifik\u0101cijas kodu, un tos sauc par past\u0101v\u012bgaj\u0101m s\u012bkdatn\u0113m.<strong>\u00a0<\/strong><\/li>\n<\/ul>\n<ul>\n<li>S\u012bkfailus var ar\u012b at\u0161\u0137irt, pamatojoties uz strukt\u016bru, kurai pieder s\u012bkfails (pirm\u0101s puses s\u012bkfaili un tre\u0161\u0101s puses s\u012bkfaili).<\/li>\n<\/ul>\n<p>S\u012bkdatnes var b\u016bt vietnes un pakalpojumu p\u0101rvald\u012bt\u0101ja \u012bpa\u0161ums, un t\u0101p\u0113c tas t\u0101s instal\u0113 lietot\u0101ja ier\u012bces p\u0101rl\u016bkprogramm\u0101, t\u0101 saukt\u0101s pirm\u0101s puses s\u012bkdatnes. Var gad\u012bties, ka Vietn\u0113 ir s\u012bkfaili, kas n\u0101k no cit\u0101m tre\u0161aj\u0101m person\u0101m piedero\u0161\u0101m vietn\u0113m un ir ietverti da\u017e\u0101dos pa\u0161\u0101 vietn\u0113 izvietotos elementos (piem\u0113ram, rekl\u0101mas rekl\u0101mkarogos, att\u0113los, videoklipos, sounds\u2026), un \u0161aj\u0101 gad\u012bjum\u0101 tie ir t\u0101 sauktie tre\u0161o personu s\u012bkfaili.<strong>\u00a0<\/strong><\/p>\n<p>&nbsp;<\/p>\n<p><strong>S\u012bkdatnes, ko izmanto \u0161aj\u0101 t\u012bmek\u013ca vietn\u0113<br \/>\n<\/strong>Viz\u012bte <a href=\"https:\/\/impact-acmproject.eu\/lv\/\">https:\/\/impact-acmproject.eu\/<\/a> T\u012bmek\u013ca vietne ietver s\u012bkdat\u0146u izmanto\u0161anu, lai uzlabotu lietot\u0101ja pieredzi. Vietne izmanto: tehnisk\u0101s navig\u0101cijas s\u012bkdatnes, anal\u012btisk\u0101s s\u012bkdatnes un profil\u0113\u0161anas s\u012bkdatnes m\u0101rketinga nol\u016bkos.<br \/>\nLietot\u0101js jebkur\u0101 laik\u0101 var p\u0101rvald\u012bt savas preferences vai atteikties no s\u012bkdat\u0146u uzst\u0101d\u012b\u0161anas.<\/p>\n<p>Lietot\u0101js jebkur\u0101 laik\u0101 var p\u0101rvald\u012bt savas preferences vai atteikties no s\u012bkdat\u0146u uzst\u0101d\u012b\u0161anas.<\/p>\n<p style=\"text-align: left;\">\n<div id=\"cmplz-cookies-overview\"><\/div>\n<\/p>\n<p>&nbsp;<\/p>\n<p><strong>Ar s\u012bkdat\u0146u pal\u012bdz\u012bbu sav\u0101kto personas datu glab\u0101\u0161anas laiks<br \/>\n<\/strong>Inform\u0101cija un dati, kas sav\u0101kti, izmantojot s\u012bkdatnes, tiks glab\u0101ti tik ilgi, cik tas ir absol\u016bti nepiecie\u0161ams, lai sasniegtu m\u0113r\u0137us, kuriem katra s\u012bkdatne tika instal\u0113ta.<\/p>\n<p>Lai piek\u013c\u016btu specifiskai inform\u0101cijai, kas saist\u012bta ar t\u0101das inform\u0101cijas uzglab\u0101\u0161anu, kas ieg\u016bta, izmantojot pirm\u0101s puses un tre\u0161o pu\u0161u s\u012bkdatnes, un p\u0101rvald\u012btu to preferences, Lietot\u0101js jebkur\u0101 laik\u0101 var piek\u013c\u016bt s\u012bkdat\u0146u centram.<\/p>\n<p>&nbsp;<\/p>\n<p><strong>\u00a0<\/strong><strong>Lietot\u0101ju ties\u012bbas un s\u012bkdat\u0146u preferen\u010du p\u0101rvald\u012bba<br \/>\n<\/strong>Lietot\u0101jam tiek pie\u0161\u0137irtas ties\u012bbas, kas paredz\u0113tas Regul\u0101 (ES) 2016\/679 (t\u0101 saukt\u0101 VDAR), tostarp ties\u012bbas piek\u013c\u016bt, iebilst, atcelt, k\u0101 ar\u012b main\u012bt savu izv\u0113li par s\u012bkdat\u0146u izmanto\u0161anu jebkur\u0101 laik\u0101, izmantojot s\u012bkdat\u0146u centru. Lai ieg\u016btu pla\u0161\u0101ku inform\u0101ciju un s\u012bk\u0101ku inform\u0101ciju par lietot\u0101ja ties\u012bb\u0101m un to, k\u0101 izmantot savas ties\u012bbas, lietot\u0101js var iepaz\u012bties ar pilnu priv\u0101tuma politiku (ievietot saiti, noklik\u0161\u0137inot uz \u201cPriv\u0101tuma politika\u201d).<\/p>\n<p><strong>\u00a0<\/strong><\/p>\n<p><strong>S\u012bkdat\u0146u atsp\u0113jo\u0161ana no j\u016bsu p\u0101rl\u016bkprogrammas<br \/>\n<\/strong>Lietot\u0101js papildus s\u012bkdat\u0146u atsp\u0113jo\u0161anai, izmantojot s\u012bkdat\u0146u centru, var konfigur\u0113t savu p\u0101rl\u016bkprogrammu, lai ierobe\u017eotu pie\u0146emto s\u012bkdat\u0146u skaitu, blo\u0137\u0113tu visas s\u012bkdatnes vai dz\u0113stu t\u0101s no p\u0101rl\u016bkprogrammas iestat\u012bjumiem \u0161\u0101dos veidos:<\/p>\n<ol>\n<li>Microsoft Internet Explorer<br \/>\nNoklik\u0161\u0137inot uz r\u012bku ikonas aug\u0161\u0113j\u0101 labaj\u0101 st\u016br\u012b un izv\u0113loties interneta opcijas. Tiks par\u0101d\u012bts uznirsto\u0161ais logs, atlasiet konfidencialit\u0101ti. \u0160aj\u0101 sada\u013c\u0101 lietot\u0101js var main\u012bt s\u012bkdat\u0146u iestat\u012bjumus.Saite: <a href=\"http:\/\/windows.microsoft.com\/it-it\/internet-explorer\/delete-manage-cookies#ie=ie-11-win-7\">http:\/\/windows.microsoft.com\/it-it\/internet-explorer\/delete-manage-cookies#ie=ie-11-win-7<\/a><\/li>\n<li>Google Chrome<br \/>\nNoklik\u0161\u0137inot uz uzgrie\u017e\u0146u atsl\u0113gas ikonas aug\u0161\u0113j\u0101 labaj\u0101 st\u016br\u012b un izv\u0113lieties iestat\u012bjumus. P\u0113c tam atlasiet R\u0101d\u012bt papildu iestat\u012bjumus. \u0160aj\u0101 sada\u013c\u0101 lietot\u0101js var main\u012bt s\u012bkdat\u0146u iestat\u012bjumus.Saite: <a href=\"https:\/\/support.google.com\/accounts\/topic\/2373959?hl=it&amp;ref_topic=2373957\">https:\/\/support.google.com\/accounts\/topic\/2373959?hl=it&amp;ref_topic=2373957<\/a><\/li>\n<li>Mozilla Firefox<br \/>\nNolai\u017eamaj\u0101 izv\u0113ln\u0113 aug\u0161\u0113j\u0101 kreisaj\u0101 st\u016br\u012b atlasiet opcijas. Uznirsto\u0161aj\u0101 log\u0101 izv\u0113lieties konfidencialit\u0101ti un sada\u013c\u0101 var\u0113siet main\u012bt s\u012bkdat\u0146u iestat\u012bjumus.Saite: <a href=\"https:\/\/support.mozilla.org\/it\/kb\/Attivare%20e%20disattivare%20i%20cookie#firefox:win7:fx38\">https:\/\/support.mozilla.org\/it\/kb\/Attivare%20e%20disattivare%20i%20cookie#firefox:win7:fx38<\/a><\/li>\n<li>Safaris<br \/>\nNolai\u017eamaj\u0101 izv\u0113ln\u0113 iestat\u012bjumi aug\u0161\u0113j\u0101 labaj\u0101 st\u016br\u012b atlasiet preferences. P\u0113c tam izv\u0113lieties dro\u0161\u012bbu un \u0161aj\u0101 sada\u013c\u0101 Lietot\u0101js var piel\u0101got s\u012bkdat\u0146u iestat\u012bjumus.Saite: <a href=\"https:\/\/support.apple.com\/it-it\/HT201265\">https:\/\/support.apple.com\/it-it\/HT201265<\/a><\/li>\n<\/ol>\n<p><strong>\u00a0<\/strong><\/p>\n<p><strong>\u00a0<\/strong><strong>Datu p\u0101rzinis un kontaktinform\u0101cija<\/strong><strong><br \/>\n<\/strong>Datu p\u0101rzinis ir <strong>Italbiotec konsorcijs<\/strong> (C.F.\/PVN maks\u0101t\u0101ja re\u0123istr\u0101cijas numurs 02429600121), kura juridisk\u0101 adrese ir Mil\u0101n\u0101, Piazza della Trivulziana 4\/A, juridisk\u0101 p\u0101rst\u0101vja pro tem person\u0101; pec: consorzio@pec.italbiotec.it. Lietot\u0101js jebkur\u0101 laik\u0101 var nos\u016bt\u012bt inform\u0101cijas vai preciz\u0113jumu piepras\u012bjumus uz iepriek\u0161 min\u0113to adresi vai izmantojot papildu metodes, kas nor\u0101d\u012btas Priv\u0101tuma politik\u0101 (<a href=\"https:\/\/impact-acmproject.eu\/lv\/privacy-policy\/\">https:\/\/impact-acmproject.eu\/privacy-policy\/<\/a>).<\/p>\n<p>&nbsp;<\/p>\n<p>&nbsp;<\/p>\n<p>\n<\/div><\/div><\/div><\/div><\/div><\/div><\/div><!-- cell_inner --><\/div><!-- cell --><\/div><!-- port --><\/section><\/p>","protected":false},"excerpt":{"rendered":"","protected":false},"author":2,"featured_media":0,"parent":0,"menu_order":0,"comment_status":"closed","ping_status":"closed","template":"","meta":{"footnotes":""},"class_list":["post-3768","page","type-page","status-publish","hentry"],"_links":{"self":[{"href":"https:\/\/impact-acmproject.eu\/lv\/wp-json\/wp\/v2\/pages\/3768","targetHints":{"allow":["GET"]}}],"collection":[{"href":"https:\/\/impact-acmproject.eu\/lv\/wp-json\/wp\/v2\/pages"}],"about":[{"href":"https:\/\/impact-acmproject.eu\/lv\/wp-json\/wp\/v2\/types\/page"}],"author":[{"embeddable":true,"href":"https:\/\/impact-acmproject.eu\/lv\/wp-json\/wp\/v2\/users\/2"}],"replies":[{"embeddable":true,"href":"https:\/\/impact-acmproject.eu\/lv\/wp-json\/wp\/v2\/comments?post=3768"}],"version-history":[{"count":9,"href":"https:\/\/impact-acmproject.eu\/lv\/wp-json\/wp\/v2\/pages\/3768\/revisions"}],"predecessor-version":[{"id":3845,"href":"https:\/\/impact-acmproject.eu\/lv\/wp-json\/wp\/v2\/pages\/3768\/revisions\/3845"}],"wp:attachment":[{"href":"https:\/\/impact-acmproject.eu\/lv\/wp-json\/wp\/v2\/media?parent=3768"}],"curies":[{"name":"wp","href":"https:\/\/api.w.org\/{rel}","templated":true}]}}