{"id":3,"date":"2023-08-31T13:00:16","date_gmt":"2023-08-31T11:00:16","guid":{"rendered":"http:\/\/impact-acmproject.eu\/?page_id=3"},"modified":"2024-12-02T12:56:24","modified_gmt":"2024-12-02T11:56:24","slug":"privacy-policy","status":"publish","type":"page","link":"https:\/\/impact-acmproject.eu\/lv\/privacy-policy\/","title":{"rendered":"Priv\u0101tuma politika"},"content":{"rendered":"<p><section data-bb-version=\"4.7.6\" id=\"bt_bb_section69eb8dd562fff\" class=\"bt_bb_section bt_bb_layout_boxed_1200\"  data-bt-override-class=\"null\"><div class=\"bt_bb_port\"><div class=\"bt_bb_cell\"><div class=\"bt_bb_cell_inner\"><div class=\"bt_bb_row\"  data-bt-override-class=\"{}\"><div class=\"bt_bb_row_holder\" ><div data-bb-version=\"4.7.6\"  class=\"bt_bb_column col-xxl-12 col-xl-12 col-xs-12 col-sm-12 col-md-12 col-lg-12 bt_bb_vertical_align_top bt_bb_align_left bt_bb_padding_normal\" style=\"; --column-width:12;\" data-width=\"12\" data-bt-override-class=\"{}\"><div class=\"bt_bb_column_content\"><div class=\"bt_bb_column_content_inner\"><\/div><\/div><\/div><\/div><\/div><\/div><!-- cell_inner --><\/div><!-- cell --><\/div><!-- port --><\/section><section data-bb-version=\"4.7.6\" id=\"bt_bb_section69eb8dd563376\" class=\"bt_bb_section bt_bb_color_scheme_1 bt_bb_layout_boxed_1200 bt_bb_vertical_align_top bt_bb_background_overlay_dark_solid bt_bb_bottom_section_coverage_image bt_bb_section_with_bottom_coverage_image bt_bb_top_spacing_large bt_bb_bottom_spacing_large\" style=\"; --section-primary-color:#ffffff; --section-secondary-color:#191919;;background-color:rgb(51,42,43);\" data-bt-override-class=\"{&quot;bt_bb_top_spacing_&quot;:{&quot;current_class&quot;:&quot;bt_bb_top_spacing_large&quot;,&quot;def&quot;:&quot;large&quot;},&quot;bt_bb_bottom_spacing_&quot;:{&quot;current_class&quot;:&quot;bt_bb_bottom_spacing_large&quot;,&quot;def&quot;:&quot;large&quot;}}\"><div class=\"bt_bb_port\"><div class=\"bt_bb_cell\"><div class=\"bt_bb_cell_inner\"><div class=\"bt_bb_row\"  data-bt-override-class=\"{}\"><div class=\"bt_bb_row_holder\" ><div  class=\"bt_bb_column col-xxl-7 col-xl-7 bt_bb_vertical_align_middle bt_bb_align_left bt_bb_padding_normal bt_bb_animation_fade_in animate\" style=\"; --column-width:7;\" data-width=\"7\" data-bt-override-class=\"{}\"><div class=\"bt_bb_column_content\"><div class=\"bt_bb_column_content_inner\"><div class=\"bt_bb_separator bt_bb_border_style_none bt_bb_border_color_none bt_bb_bottom_spacing_large\" data-bt-override-class=\"null\"><\/div><header data-bb-version=\"4.7.6\" class=\"bt_bb_headline bt_bb_subheadline_text_transform_default bt_bb_dash_none bt_bb_size_large bt_bb_align_inherit\" data-bt-override-class=\"{&quot;bt_bb_size_&quot;:{&quot;current_class&quot;:&quot;bt_bb_size_large&quot;,&quot;def&quot;:&quot;large&quot;},&quot;bt_bb_align_&quot;:{&quot;current_class&quot;:&quot;bt_bb_align_inherit&quot;,&quot;def&quot;:&quot;inherit&quot;}}\"><h1 class=\"bt_bb_headline_tag\"><span class=\"bt_bb_headline_content\"><span>Priv\u0101tuma politika<\/span><\/span><\/h1><\/header><div class=\"bt_bb_separator bt_bb_border_style_none bt_bb_border_color_none bt_bb_bottom_spacing_large\" data-bt-override-class=\"null\"><\/div><\/div><\/div><\/div><div  class=\"bt_bb_column col-xxl-5 col-xl-5 bt_bb_vertical_align_top bt_bb_align_left bt_bb_padding_normal\" style=\"; --column-width:5;\" data-width=\"5\" data-bt-override-class=\"{}\"><div class=\"bt_bb_column_content\"><div class=\"bt_bb_column_content_inner\"><\/div><\/div><\/div><\/div><\/div><\/div><!-- cell_inner --><\/div><!-- cell --><\/div><!-- port --><div class=\"bt_bb_section_bottom_section_coverage_image\"><img decoding=\"async\" src=\"https:\/\/impact-acmproject.eu\/wp-content\/uploads\/2023\/11\/bottom-cover.png\" alt=\"bt_bb_section_bottom_section_coverage_image\" \/><\/div><\/section><section data-bb-version=\"4.7.6\" id=\"bt_bb_section69eb8dd5634c4\" class=\"bt_bb_section bt_bb_layout_boxed_1200\"  data-bt-override-class=\"null\"><div class=\"bt_bb_port\"><div class=\"bt_bb_cell\"><div class=\"bt_bb_cell_inner\"><div class=\"bt_bb_row\"  data-bt-override-class=\"{}\"><div class=\"bt_bb_row_holder\" ><div data-bb-version=\"4.7.6\"  class=\"bt_bb_column col-xxl-12 col-xl-12 col-xs-12 col-sm-12 col-md-12 col-lg-12 bt_bb_vertical_align_top bt_bb_align_left bt_bb_padding_normal\" style=\"; --column-width:12;\" data-width=\"12\" data-bt-override-class=\"{}\"><div class=\"bt_bb_column_content\"><div class=\"bt_bb_column_content_inner\"><div data-bb-version=\"4.7.6\"  class=\"bt_bb_text\" ><\/p>\n<p><strong>Inform\u0101cija un piekri\u0161ana attiec\u012bb\u0101 uz ietekmes t\u012bmek\u013ca vietnes lietot\u0101ju personas datu apstr\u0101di saska\u0146\u0101 ar Regulas (ES) 2016\/679 (\u201cVDAR\u201d) 13. pantu<\/strong><\/p>\n<p><strong>Telpa<\/strong><br \/>Italbiotec konsorcijs sniedz \u0161o inform\u0101ciju saist\u012bb\u0101 ar to personas datu apstr\u0101di, kurus konsorcijs v\u0101c, apmekl\u0113jot un p\u0101rl\u016bkojot t\u012bmek\u013ca vietni https:\/\/impact-acmproject.eu\/. \u0160\u012b inform\u0101cija tiek sniegta tikai IMPACT t\u012bmek\u013ca vietnei un neattiecas uz lap\u0101m vai tie\u0161saistes pakalpojumiem, kas pieejami, izmantojot hiperteksta saites, kuras var tikt public\u0113tas t\u012bmek\u013ca vietn\u0113. Lietot\u0101ju sniegtie personas dati tiks apstr\u0101d\u0101ti saska\u0146\u0101 ar ES Regulas Nr. 2016\/679 noteikumiem (\u012bsum\u0101 \u201cVDAR\u201d).<\/p>\n<p>\u00a0<\/p>\n<p><strong>Datu p\u0101rzinis<br \/><\/strong>Datu p\u0101rzinis ir Italbiotec konsorcijs (C.F.\/PVN numurs 02429600121), kura juridisk\u0101 adrese ir Mil\u0101n\u0101, Piazza della Trivulziana 4\/A, juridisk\u0101 p\u0101rst\u0101vja pro tempore pec person\u0101: consorzio@pec.italbiotec.it<\/p>\n<p>\u00a0<\/p>\n<p><strong>Apstr\u0101des juridiskais pamats<br \/><\/strong>\u0160aj\u0101 inform\u0101cij\u0101 nor\u0101d\u012bto datu apstr\u0101des juridiskais pamats ir ieinteres\u0113t\u0101s personas nep\u0101rprotama piekri\u0161ana saska\u0146\u0101 ar VDAR 6. panta 1. punkta a) apak\u0161punktu un datu p\u0101rzi\u0146a juridisko pien\u0101kumu izpilde saska\u0146\u0101 ar VDAR 6. panta 1. punkta c) apak\u0161punktu.<\/p>\n<p>\u00a0<\/p>\n<p><strong>Datu kategorijas \u2013 p\u0101rl\u016bko\u0161anas dati<br \/><\/strong>Datu p\u0101rzinis apstr\u0101d\u0101 visp\u0101rpie\u0146emtus personas datus (v\u0101rds, uzv\u0101rds, e-pasta adrese, citi personas dati, piem\u0113ram, nodok\u013cu maks\u0101t\u0101ja kods, dz\u012bvesvieta; navig\u0101cijas dati, piem\u0113ram, IP adrese, adreses URI\/URL pierakst\u0101 utt.). Datorsist\u0113mas un programmat\u016bras proced\u016bras, ko izmanto \u0161\u012bs t\u012bmek\u013ca vietnes darb\u012bbai, to parast\u0101s darb\u012bbas laik\u0101 ieg\u016bst da\u017eus personas datus, kuru p\u0101rraide ir netie\u0161i saist\u012bta ar interneta sakaru protokolu izmanto\u0161anu.<\/p>\n<p>T\u0101 ir inform\u0101cija, kas netiek v\u0101kta, lai to saist\u012btu ar identific\u0113t\u0101m ieinteres\u0113taj\u0101m person\u0101m, bet kas p\u0113c savas b\u016bt\u012bbas var\u0113tu \u013caut identific\u0113t lietot\u0101jus, apstr\u0101d\u0101jot datus, kas ir tre\u0161o personu r\u012bc\u012bb\u0101, un piesaistot tos \u0161iem datiem.<\/p>\n<p>\u0160\u012b datu kategorija ietver to datoru IP adreses vai dom\u0113nu nosaukumus, kurus izmanto lietot\u0101ji, kas piesl\u0113dzas vietnei, adreses URI (vienotais resursu identifikators) pazi\u0146ojum\u0101 par piepras\u012btajiem resursiem, piepras\u012bjuma laiku, metodi, kas izmantota piepras\u012bjuma iesnieg\u0161anai serverim, atbildes rezult\u0101t\u0101 ieg\u016bt\u0101s datnes lielumu, ciparu kodu, kas nor\u0101da servera sniegt\u0101s atbildes statusu (veiksm\u012bga, k\u013c\u016bda utt.), un citus parametrus, kas saist\u012bti ar oper\u0113t\u0101jsist\u0113mu un lietot\u0101ja IT vidi.<\/p>\n<p>\u0160os datus izmanto vien\u012bgi, lai ieg\u016btu anon\u012bmu statistikas inform\u0101ciju par vietnes izmanto\u0161anu un p\u0101rbaud\u012btu t\u0101s pareizu darb\u012bbu, un tos dz\u0113\u0161 t\u016bl\u012bt p\u0113c apstr\u0101des.<\/p>\n<p>\u00a0<\/p>\n<p><strong>Datu kategorijas \u2014 j\u016bsu br\u012bvpr\u0101t\u012bgi sniegtie dati<br \/><\/strong>Fakultat\u012bvi, skaidri un br\u012bvpr\u0101t\u012bgi nos\u016btot e-pastus uz nor\u0101d\u012btaj\u0101m adres\u0113m un\/vai aizpildot veidlapu \u0161aj\u0101 vietn\u0113, tiek ieg\u016bta s\u016bt\u012bt\u0101ja adrese, kas nepiecie\u0161ama, lai atbild\u0113tu uz piepras\u012bjumiem, k\u0101 ar\u012b visi citi personas dati, kas ievad\u012bti pazi\u0146ojum\u0101, k\u0101 uzsv\u0113rts priv\u0101tuma politik\u0101 saist\u012bb\u0101 ar pakalpojumu \u201csazin\u0101ties ar mums\u201d, kas pieejams \u0161\u0101d\u0101 e-past\u0101: privacy@italbiotec.it<\/p>\n<p>Iz\u0146emot to, kas iepriek\u0161 nor\u0101d\u012bts attiec\u012bb\u0101 uz navig\u0101cijas datiem un inform\u0101ciju saska\u0146\u0101 ar VDAR 13. pantu, kas sniegta atsevi\u0161\u0137\u0101s IMPACT t\u012bmek\u013ca vietnes sada\u013c\u0101s, datu snieg\u0161ana citiem m\u0113r\u0137iem nav oblig\u0101ta.<\/p>\n<p><strong><br \/>S\u012bkdatnes<br \/><\/strong>Inform\u0101cija par s\u012bkdatn\u0113m ir atrodama sada\u013c\u0101 \"S\u012bkdat\u0146u politika\" (<a href=\"https:\/\/impact-acmproject.eu\/lv\/cookie-policy-ue\/\">https:\/\/impact-acmproject.eu\/cookie-policy-ue\/<\/a>)<\/p>\n<p>Jebkur\u0101 laik\u0101 varat main\u012bt, atsaukt vai atjaunin\u0101t piekri\u0161anu, kas dota s\u012bkdat\u0146u centr\u0101.<\/p>\n<p>\u00a0<\/p>\n<p><strong>Apstr\u0101des m\u0113r\u0137is \u2013 apstr\u0101des metodes \u2013 datu saglab\u0101\u0161anas periods<br \/><\/strong>J\u016bsu datu apstr\u0101de, izmantojot IT un telem\u0101tikas r\u012bkus (un\/vai manu\u0101los r\u012bkus), ir v\u0113rsta uz pareizu t\u012bmek\u013ca vietnes izmanto\u0161anu saist\u012bb\u0101 ar pakalpojumiem, ko pied\u0101v\u0101 <a href=\"https:\/\/impact-acmproject.eu\/lv\/\">https:\/\/impact-acmproject.eu\/<\/a>. J\u016bsu datus apstr\u0101d\u0101s Italbiotec konsorcija darbinieki un l\u012bdzstr\u0101dnieki (iek\u0161\u0113jas vai \u0101r\u0113jas, fiziskas vai juridiskas personas) pakalpojumu uztur\u0113\u0161anas vajadz\u012bb\u0101m.<\/p>\n<p>Personas dati tiek apstr\u0101d\u0101ti ar automatiz\u0113tiem r\u012bkiem uz laiku, kas ir absol\u016bti nepiecie\u0161ams, lai sasniegtu m\u0113r\u0137us, kuriem tie tika v\u0101kti, saska\u0146\u0101 ar VDAR 5. panta e) punktu.<\/p>\n<p>Tiek iev\u0113roti \u012bpa\u0161i dro\u0161\u012bbas pas\u0101kumi, lai nov\u0113rstu datu zudumu, nelikum\u012bgu vai nepareizu izmanto\u0161anu un neat\u013cautu piek\u013cuvi.<\/p>\n<p><strong><br \/>Personas datu sa\u0146\u0113m\u0113ju kategorijas<br \/><\/strong>Apstr\u0101d\u0101tos datus papildus . punkt\u0101 \u201cApstr\u0101des m\u0113r\u0137is \u2013 apstr\u0101des metodes\u201d min\u0113tajiem subjektiem var pazi\u0146ot ar\u012b tiesu iest\u0101dei, lai ar to pa\u0161u noskaidrotu visus p\u0101rk\u0101pumus.<\/p>\n<p>\u00a0<\/p>\n<p><strong>Ieinteres\u0113to personu ties\u012bbas<br \/><\/strong>Attiec\u012bb\u0101 uz datiem, kas tiek apstr\u0101d\u0101ti saska\u0146\u0101 ar \u0161o inform\u0101ciju, jums jebkur\u0101 laik\u0101 tiek pie\u0161\u0137irtas ties\u012bbas:<\/p>\n<ul>\n<li>piek\u013cuve (ES Regulas (ES) 2016\/679 15. pants) \u2014 ties\u012bbas piepras\u012bt un sa\u0146emt no datu p\u0101rzi\u0146a apstiprin\u0101jumu, ka vi\u0146u datu apstr\u0101de notiek, un piek\u013cuve datiem par ieinteres\u0113to personu (starp inform\u0101ciju par apstr\u0101des m\u0113r\u0137i, apstr\u0101d\u0101to datu kategorij\u0101m);<\/li>\n<li>labojums (ES Regulas Nr. 2016\/679 16. pants) \u2014 \u013cauj piepras\u012bt datu p\u0101rzinim labot, groz\u012bt un integr\u0113t j\u016bsu persondatus;<\/li>\n<li>dz\u0113\u0161ana (ES Regulas Nr. 2016\/679 17. pants) \u2014 \u013cauj bez pamatotas kav\u0113\u0161an\u0101s pan\u0101kt j\u016bsu datu dz\u0113\u0161anu (t\u0101 saukt\u0101s ties\u012bbas tikt aizmirstam);<\/li>\n<li>Ierobe\u017eojums (ES Regulas Nr. 2016\/679 18. pants) \u2014 ties\u012bbas pan\u0101kt datu subjekta datu apstr\u0101des ierobe\u017eojumu, piem\u0113ram, integr\u0113t 16. pant\u0101 min\u0113to ties\u012bbu \u012bsteno\u0161anu tik ilgi, cik nepiecie\u0161ams, lai p\u0101rbaud\u012btu datu pareiz\u012bbu;<\/li>\n<li>p\u0101rnesam\u012bba (ES Regulas Nr. 2016\/679 20. pants) \u2014 \u013cauj ieinteres\u0113tajai personai sa\u0146emt personas datus, kas uz to attiecas, lai t\u0101 var\u0113tu tos nos\u016bt\u012bt citam datu p\u0101rzinim;<\/li>\n<li>\u2013 Iebildumi pret apstr\u0101di (ES Regulas Nr. 2016\/679 21. pants) \u2013 \u013cauj ieinteres\u0113tajai personai iebilst pret savu personas datu apstr\u0101di.<\/li>\n<\/ul>\n<p>J\u016bs varat izmantot savas ties\u012bbas, nos\u016btot rakstisku pazi\u0146ojumu uz \u0161\u0101du adresi: Piazza della Trivulziana 4\/A vai pa e-pastu: <a href=\"mailto:privacy@italbiotec.it\">privacy@italbiotec.it<\/a><\/p>\n<p>\u00a0<\/p>\n<p><strong>Piekri\u0161anas atsauk\u0161ana<\/strong><br \/>Jums jebkur\u0101 laik\u0101 ir ties\u012bbas atsaukt savu piekri\u0161anu, neskarot apstr\u0101des likum\u012bbu, pamatojoties uz piekri\u0161anu, kas sniegta pirms atsauk\u0161anas.<\/p>\n<p>\u00a0<\/p>\n<p><strong>S\u016bdz\u012bba<\/strong><br \/>\u0145emiet v\u0113r\u0101, ka saska\u0146\u0101 ar ES Regulas Nr. 2016\/679 77. pantu S.V. var iesniegt s\u016bdz\u012bbu Garant\u0113t\u0101jai iest\u0101dei, ja tiek p\u0101rk\u0101pti sp\u0113k\u0101 eso\u0161ie ties\u012bbu akti par personas datu aizsardz\u012bbu.<\/p>\n<p>\u00a0<\/p>\n<p><strong>Piekri\u0161ana personas datu apstr\u0101dei Regula (ES) 2016\/679<\/strong><br \/>Lietot\u0101js ir inform\u0113ts:<\/p>\n<ul>\n<li>datu p\u0101rzi\u0146a identit\u0101te;<\/li>\n<li>par pas\u0101kumu, metod\u0113m, ar k\u0101d\u0101m notiek apstr\u0101de<\/li>\n<li>apstr\u0101des nol\u016bki, kuriem personas dati ir paredz\u0113ti;<\/li>\n<li>par ties\u012bb\u0101m atsaukt piekri\u0161anu, k\u0101 nor\u0101d\u012bts \u0161aj\u0101 inform\u0101cij\u0101, kas sagatavota saska\u0146\u0101 ar Regulas (ES) 2016\/679 13. pantu, ierakstot atz\u012bmi attiec\u012bgaj\u0101 ail\u0113 \u201cEsmu izlas\u012bjis un piekr\u012btu noteikumiem\u201d.<\/li>\n<\/ul>\n<p>\u00a0<\/p>\n<p><strong>Deklar\u0113<br \/><\/strong>ka esmu sa\u0146\u0113mis un izlas\u012bjis \u0161o inform\u0101ciju un<\/p>\n<p>\u00a0<\/p>\n<p><strong>PIEKR\u012aT<br \/><\/strong>saska\u0146\u0101 ar Regulas (ES) 2016\/679 7. pantu un turpm\u0101kajiem pantiem un to nol\u016bkos \u2013 uz personas datu apstr\u0101di t\u0101d\u0101 veid\u0101 un robe\u017e\u0101s, k\u0101 noteikts \u0161aj\u0101 inform\u0101cij\u0101.<\/p>\n<p>\n<\/div><\/div><\/div><\/div><\/div><\/div><\/div><!-- cell_inner --><\/div><!-- cell --><\/div><!-- port --><\/section><\/p>","protected":false},"excerpt":{"rendered":"","protected":false},"author":1,"featured_media":0,"parent":0,"menu_order":0,"comment_status":"closed","ping_status":"open","template":"","meta":{"footnotes":""},"class_list":["post-3","page","type-page","status-publish","hentry"],"_links":{"self":[{"href":"https:\/\/impact-acmproject.eu\/lv\/wp-json\/wp\/v2\/pages\/3","targetHints":{"allow":["GET"]}}],"collection":[{"href":"https:\/\/impact-acmproject.eu\/lv\/wp-json\/wp\/v2\/pages"}],"about":[{"href":"https:\/\/impact-acmproject.eu\/lv\/wp-json\/wp\/v2\/types\/page"}],"author":[{"embeddable":true,"href":"https:\/\/impact-acmproject.eu\/lv\/wp-json\/wp\/v2\/users\/1"}],"replies":[{"embeddable":true,"href":"https:\/\/impact-acmproject.eu\/lv\/wp-json\/wp\/v2\/comments?post=3"}],"version-history":[{"count":15,"href":"https:\/\/impact-acmproject.eu\/lv\/wp-json\/wp\/v2\/pages\/3\/revisions"}],"predecessor-version":[{"id":3842,"href":"https:\/\/impact-acmproject.eu\/lv\/wp-json\/wp\/v2\/pages\/3\/revisions\/3842"}],"wp:attachment":[{"href":"https:\/\/impact-acmproject.eu\/lv\/wp-json\/wp\/v2\/media?parent=3"}],"curies":[{"name":"wp","href":"https:\/\/api.w.org\/{rel}","templated":true}]}}