{"id":1345,"date":"2018-09-19T12:33:32","date_gmt":"2018-09-19T12:33:32","guid":{"rendered":"http:\/\/law-firm.bold-themes.com\/master-import\/?page_id=1345"},"modified":"2026-01-15T17:07:06","modified_gmt":"2026-01-15T16:07:06","slug":"publications","status":"publish","type":"page","link":"https:\/\/impact-acmproject.eu\/lv\/publications\/","title":{"rendered":"Publik\u0101cijas"},"content":{"rendered":"<p><section data-bb-version=\"4.7.6\" id=\"bt_bb_section69eb91a3ec3dc\" class=\"bt_bb_section bt_bb_color_scheme_1 bt_bb_layout_boxed_1200 bt_bb_vertical_align_top bt_bb_background_overlay_dark_solid bt_bb_bottom_section_coverage_image bt_bb_section_with_bottom_coverage_image bt_bb_top_spacing_large bt_bb_bottom_spacing_large\" style=\"; --section-primary-color:#ffffff; --section-secondary-color:#191919;\" data-bt-override-class=\"{&quot;bt_bb_top_spacing_&quot;:{&quot;current_class&quot;:&quot;bt_bb_top_spacing_large&quot;,&quot;def&quot;:&quot;large&quot;},&quot;bt_bb_bottom_spacing_&quot;:{&quot;current_class&quot;:&quot;bt_bb_bottom_spacing_large&quot;,&quot;def&quot;:&quot;large&quot;}}\"><div class=\"bt_bb_background_image_holder_wrapper\"><div class=\"bt_bb_background_image_holder bt_bb_parallax\"  data-parallax=\"0.7\" data-parallax-offset=\"0\" data-parallax-zoom-start=\"1\" data-parallax-zoom-end=\"1\" data-parallax-blur-start=\"0\" data-parallax-blur-end=\"0\" data-parallax-opacity-start=\"1\" data-parallax-opacity-end=\"1\" style=\" background-image:url(&#039;https:\/\/impact-acmproject.eu\/wp-content\/uploads\/2023\/12\/343386715-copia.webp&#039;);\"><\/div><\/div><div class=\"bt_bb_port\"><div class=\"bt_bb_cell\"><div class=\"bt_bb_cell_inner\"><div class=\"bt_bb_row\"  data-bt-override-class=\"{}\"><div class=\"bt_bb_row_holder\" ><div  class=\"bt_bb_column col-xxl-7 col-xl-7 bt_bb_vertical_align_middle bt_bb_align_left bt_bb_padding_normal bt_bb_animation_fade_in animate\" style=\"; --column-width:7;\" data-width=\"7\" data-bt-override-class=\"{}\"><div class=\"bt_bb_column_content\"><div class=\"bt_bb_column_content_inner\"><div class=\"bt_bb_separator bt_bb_border_style_none bt_bb_border_color_none bt_bb_bottom_spacing_large\" data-bt-override-class=\"null\"><\/div><header data-bb-version=\"4.7.6\" class=\"bt_bb_headline bt_bb_subheadline_text_transform_default bt_bb_dash_none bt_bb_subheadline bt_bb_size_large bt_bb_align_inherit\" data-bt-override-class=\"{&quot;bt_bb_size_&quot;:{&quot;current_class&quot;:&quot;bt_bb_size_large&quot;,&quot;def&quot;:&quot;large&quot;},&quot;bt_bb_align_&quot;:{&quot;current_class&quot;:&quot;bt_bb_align_inherit&quot;,&quot;def&quot;:&quot;inherit&quot;}}\"><h1 class=\"bt_bb_headline_tag\"><span class=\"bt_bb_headline_content\"><span>Publik\u0101cijas<\/span><\/span><\/h1><div class=\"bt_bb_headline_subheadline\">Lejupiel\u0101d\u0113jami dokumenti k\u0101 nodevumi, pazi\u0146ojums presei, raksti \u017eurn\u0101los, zi\u0146ojumi un citi izp\u0113tes dokumenti<\/div><\/header><div class=\"bt_bb_separator bt_bb_border_style_none bt_bb_border_color_none bt_bb_bottom_spacing_large\" data-bt-override-class=\"null\"><\/div><\/div><\/div><\/div><div  class=\"bt_bb_column col-xxl-5 col-xl-5 bt_bb_vertical_align_top bt_bb_align_left bt_bb_padding_normal\" style=\"; --column-width:5;\" data-width=\"5\" data-bt-override-class=\"{}\"><div class=\"bt_bb_column_content\"><div class=\"bt_bb_column_content_inner\"><\/div><\/div><\/div><\/div><\/div><\/div><!-- cell_inner --><\/div><!-- cell --><\/div><!-- port --><div class=\"bt_bb_section_bottom_section_coverage_image\"><img decoding=\"async\" src=\"https:\/\/impact-acmproject.eu\/wp-content\/uploads\/2023\/11\/bottom-cover.png\" alt=\"bt_bb_section_bottom_section_coverage_image\" \/><\/div><\/section><section data-bb-version=\"4.7.6\" id=\"bt_bb_section69eb91a3ec738\" class=\"bt_bb_section bt_bb_layout_boxed_1200 bt_bb_vertical_align_top bt_bb_background_overlay_light_gradient bt_bb_top_spacing_medium bt_bb_bottom_spacing_medium bt_bb_section_allow_content_outside\"  data-bt-override-class=\"{&quot;bt_bb_top_spacing_&quot;:{&quot;current_class&quot;:&quot;bt_bb_top_spacing_medium&quot;,&quot;def&quot;:&quot;medium&quot;},&quot;bt_bb_bottom_spacing_&quot;:{&quot;current_class&quot;:&quot;bt_bb_bottom_spacing_medium&quot;,&quot;def&quot;:&quot;medium&quot;}}\"><div class=\"bt_bb_port\"><div class=\"bt_bb_cell\"><div class=\"bt_bb_cell_inner\"><div data-bb-version=\"4.7.6\" class=\"bt_bb_row\"  data-bt-override-class=\"{}\"><div class=\"bt_bb_row_holder\" ><div data-bb-version=\"4.7.6\"  class=\"bt_bb_column col-xxl-6 col-xl-6 col-xs-12 col-sm-6 col-md-6 col-lg-6 bt_bb_vertical_align_bottom bt_bb_align_center bt_bb_padding_normal bt_bb_animation_fade_in animate bt_bb_details-color_white\" style=\"; --column-width:6;\" data-width=\"6\" data-bt-override-class=\"{&quot;bt_bb_align_&quot;:{&quot;current_class&quot;:&quot;bt_bb_align_center&quot;,&quot;def&quot;:&quot;center&quot;},&quot;bt_bb_padding_&quot;:{&quot;current_class&quot;:&quot;bt_bb_padding_normal&quot;,&quot;def&quot;:&quot;normal&quot;}}\"><div class=\"bt_bb_column_content\"><div class=\"bt_bb_column_content_inner\"><div data-bb-version=\"4.7.6\" class=\"bt_bb_card_icon bt_bb_color_scheme_2\" style=\"; --card-icon-primary-color:#191919; --card-icon-secondary-color:#ffffff;\"><div class=\"bt_bb_card_icon_icon\"><a href=\"#\"  target=\"_self\"><span  data-ico-chemistry=\"&#xf120;\" class=\"bt_bb_icon_holder\"><\/span><\/a><\/div><div class=\"bt_bb_card_icon_title\"><header class=\"bt_bb_headline bt_bb_font_weight_normal bt_bb_size_small\" data-bt-override-class=\"{}\"><h5 class=\"bt_bb_headline_tag\"><span class=\"bt_bb_headline_content\"><span><a href=\"#\" target=\"_self\" title=\"Pazi\u0146ojums presei\">Pazi\u0146ojums presei<\/a><\/span><\/span><\/h5><\/header><\/div><div class=\"bt_bb_card_icon_content_inner\"><div data-bb-version=\"4.7.6\" class=\"bt_bb_button bt_bb_color_scheme_3 bt_bb_icon_position_left bt_bb_style_outline_thin bt_bb_size_normal bt_bb_width_full bt_bb_shape_inherit bt_bb_target_self bt_bb_text_transform_inherit bt_bb_align_center\" style=\"; --primary-color:#f54857; --secondary-color:#191919;\" data-bt-override-class=\"{&quot;bt_bb_size_&quot;:{&quot;current_class&quot;:&quot;bt_bb_size_normal&quot;,&quot;def&quot;:&quot;normal&quot;},&quot;bt_bb_align_&quot;:{&quot;current_class&quot;:&quot;bt_bb_align_center&quot;,&quot;def&quot;:&quot;center&quot;}}\"><a href=\"https:\/\/impact-acmproject.eu\/wp-content\/uploads\/2023\/12\/IMPACT_Press-Release_Final-version.pdf\" target=\"_self\" class=\"bt_bb_link\" title=\"apskat\u012bt\"><span class=\"bt_bb_button_text\" >apskat\u012bt<\/span><span  data-ico-essential=\"&#xe96f;\" class=\"bt_bb_icon_holder\"><\/span><\/a><\/div><\/div><\/div><div class=\"bt_bb_separator bt_bb_border_style_none bt_bb_bottom_spacing_medium\" data-bt-override-class=\"null\"><\/div><\/div><\/div><\/div><div data-bb-version=\"4.7.6\"  class=\"bt_bb_column col-xxl-6 col-xl-6 col-xs-12 col-sm-6 col-md-6 col-lg-6 bt_bb_vertical_align_bottom bt_bb_align_center bt_bb_padding_normal bt_bb_animation_fade_in animate bt_bb_details-color_white\" style=\"; --column-width:6;\" data-width=\"6\" data-bt-override-class=\"{&quot;bt_bb_align_&quot;:{&quot;current_class&quot;:&quot;bt_bb_align_center&quot;,&quot;def&quot;:&quot;center&quot;},&quot;bt_bb_padding_&quot;:{&quot;current_class&quot;:&quot;bt_bb_padding_normal&quot;,&quot;def&quot;:&quot;normal&quot;}}\"><div class=\"bt_bb_column_content\"><div class=\"bt_bb_column_content_inner\"><div data-bb-version=\"5.5.7\" class=\"bt_bb_card_icon bt_bb_color_scheme_2\" style=\"; --card-icon-primary-color:#191919; --card-icon-secondary-color:#ffffff;\"><div class=\"bt_bb_card_icon_icon\"><a href=\"#\"  target=\"_self\"><span  data-ico-essential=\"&#xe9d5;\" class=\"bt_bb_icon_holder\"><\/span><\/a><\/div><div class=\"bt_bb_card_icon_title\"><header class=\"bt_bb_headline bt_bb_font_weight_normal bt_bb_size_small\" data-bt-override-class=\"{}\"><h5 class=\"bt_bb_headline_tag\"><span class=\"bt_bb_headline_content\"><span><a href=\"#\" target=\"_self\" title=\"Integr\u0113ts ar desm\u012bnu saist\u012btas kardiomiop\u0101tijas fenotipiskais un transkriptomiotiskais raksturojums no hiPSC ieg\u016btos kardiomioc\u012btos un uz ma\u0161\u012bnm\u0101c\u012b\u0161anos balst\u012bta slim\u012bbas paz\u012bmju klasifik\u0101cija\">Integr\u0113ts ar desm\u012bnu saist\u012btas kardiomiop\u0101tijas fenotipiskais un transkriptomiotiskais raksturojums no hiPSC ieg\u016btos kardiomioc\u012btos un uz ma\u0161\u012bnm\u0101c\u012b\u0161anos balst\u012bta slim\u012bbas paz\u012bmju klasifik\u0101cija<\/a><\/span><\/span><\/h5><\/header><\/div><div class=\"bt_bb_card_icon_content_inner\"><div data-bb-version=\"5.5.7\" class=\"bt_bb_button bt_bb_color_scheme_3 bt_bb_icon_position_left bt_bb_style_outline_thin bt_bb_size_normal bt_bb_width_full bt_bb_shape_inherit bt_bb_target_blank bt_bb_text_transform_inherit bt_bb_align_center\" style=\"; --primary-color:#f54857; --secondary-color:#191919;\" data-bt-override-class=\"{&quot;bt_bb_size_&quot;:{&quot;current_class&quot;:&quot;bt_bb_size_normal&quot;,&quot;def&quot;:&quot;normal&quot;},&quot;bt_bb_width_&quot;:{&quot;current_class&quot;:&quot;bt_bb_width_full&quot;,&quot;def&quot;:&quot;full&quot;},&quot;bt_bb_align_&quot;:{&quot;current_class&quot;:&quot;bt_bb_align_center&quot;,&quot;def&quot;:&quot;center&quot;},&quot;bt_bb_animation_&quot;:{&quot;current_class&quot;:&quot;bt_bb_animation_no_animation&quot;,&quot;def&quot;:&quot;no_animation&quot;}}\"><a href=\"https:\/\/impact-acmproject.eu\/wp-content\/uploads\/2026\/01\/1-s2.0-S0171933525000275-main.pdf\" target=\"_blank\" class=\"bt_bb_link\" title=\"apskat\u012bt\"><span class=\"bt_bb_button_text\" >apskat\u012bt<\/span><span  data-ico-essential=\"&#xe96f;\" class=\"bt_bb_icon_holder\"><\/span><\/a><\/div><\/div><\/div><div class=\"bt_bb_separator bt_bb_border_style_none bt_bb_bottom_spacing_medium\" data-bt-override-class=\"null\"><\/div><\/div><\/div><\/div><\/div><\/div><\/div><!-- cell_inner --><\/div><!-- cell --><\/div><!-- port --><\/section><section data-bb-version=\"4.7.6\" id=\"bt_bb_section69eb91a3ecc7d\" class=\"bt_bb_section bt_bb_layout_boxed_1200 bt_bb_vertical_align_top bt_bb_background_overlay_light_gradient bt_bb_top_spacing_medium bt_bb_bottom_spacing_medium bt_bb_section_allow_content_outside\"  data-bt-override-class=\"{&quot;bt_bb_top_spacing_&quot;:{&quot;current_class&quot;:&quot;bt_bb_top_spacing_medium&quot;,&quot;def&quot;:&quot;medium&quot;},&quot;bt_bb_bottom_spacing_&quot;:{&quot;current_class&quot;:&quot;bt_bb_bottom_spacing_medium&quot;,&quot;def&quot;:&quot;medium&quot;}}\"><div class=\"bt_bb_port\"><div class=\"bt_bb_cell\"><div class=\"bt_bb_cell_inner\"><div data-bb-version=\"4.7.6\" class=\"bt_bb_row\"  data-bt-override-class=\"{}\"><div class=\"bt_bb_row_holder\" ><div data-bb-version=\"4.7.6\"  class=\"bt_bb_column col-xxl-6 col-xl-6 col-xs-12 col-sm-6 col-md-6 col-lg-6 bt_bb_vertical_align_bottom bt_bb_align_center bt_bb_padding_normal bt_bb_animation_fade_in animate bt_bb_details-color_white\" style=\"; --column-width:6;\" data-width=\"6\" data-bt-override-class=\"{&quot;bt_bb_align_&quot;:{&quot;current_class&quot;:&quot;bt_bb_align_center&quot;,&quot;def&quot;:&quot;center&quot;},&quot;bt_bb_padding_&quot;:{&quot;current_class&quot;:&quot;bt_bb_padding_normal&quot;,&quot;def&quot;:&quot;normal&quot;}}\"><div class=\"bt_bb_column_content\"><div class=\"bt_bb_column_content_inner\"><div data-bb-version=\"5.5.7\" class=\"bt_bb_card_icon bt_bb_color_scheme_2\" style=\"; --card-icon-primary-color:#191919; --card-icon-secondary-color:#ffffff;\"><div class=\"bt_bb_card_icon_icon\"><a href=\"#\"  target=\"_self\"><span  data-ico-essential=\"&#xe9d5;\" class=\"bt_bb_icon_holder\"><\/span><\/a><\/div><div class=\"bt_bb_card_icon_title\"><header class=\"bt_bb_headline bt_bb_font_weight_normal bt_bb_size_small\" data-bt-override-class=\"{}\"><h5 class=\"bt_bb_headline_tag\"><span class=\"bt_bb_headline_content\"><span><a href=\"#\" target=\"_self\" title=\"Aritmog\u0113n\u0101s kardiomiop\u0101tijas model\u0113\u0161anas sasniegumi, izmantojot cilv\u0113ka induc\u0113tus pluripotentu cilmes \u0161\u016bnu mode\u013cus\">Aritmog\u0113n\u0101s kardiomiop\u0101tijas model\u0113\u0161anas sasniegumi, izmantojot cilv\u0113ka induc\u0113tus pluripotentu cilmes \u0161\u016bnu mode\u013cus<\/a><\/span><\/span><\/h5><\/header><\/div><div class=\"bt_bb_card_icon_content_inner\"><div data-bb-version=\"5.5.7\" class=\"bt_bb_button bt_bb_color_scheme_3 bt_bb_icon_position_left bt_bb_style_outline_thin bt_bb_size_normal bt_bb_width_full bt_bb_shape_inherit bt_bb_target_self bt_bb_text_transform_inherit bt_bb_align_center\" style=\"; --primary-color:#f54857; --secondary-color:#191919;\" data-bt-override-class=\"{&quot;bt_bb_size_&quot;:{&quot;current_class&quot;:&quot;bt_bb_size_normal&quot;,&quot;def&quot;:&quot;normal&quot;},&quot;bt_bb_width_&quot;:{&quot;current_class&quot;:&quot;bt_bb_width_full&quot;,&quot;def&quot;:&quot;full&quot;},&quot;bt_bb_align_&quot;:{&quot;current_class&quot;:&quot;bt_bb_align_center&quot;,&quot;def&quot;:&quot;center&quot;},&quot;bt_bb_animation_&quot;:{&quot;current_class&quot;:&quot;bt_bb_animation_no_animation&quot;,&quot;def&quot;:&quot;no_animation&quot;}}\"><a href=\"https:\/\/impact-acmproject.eu\/wp-content\/uploads\/2026\/01\/PIIS1547527125027535.pdf\" target=\"_self\" class=\"bt_bb_link\" title=\"apskat\u012bt\"><span class=\"bt_bb_button_text\" >apskat\u012bt<\/span><span  data-ico-essential=\"&#xe96f;\" class=\"bt_bb_icon_holder\"><\/span><\/a><\/div><\/div><\/div><div class=\"bt_bb_separator bt_bb_border_style_none bt_bb_bottom_spacing_medium\" data-bt-override-class=\"null\"><\/div><\/div><\/div><\/div><div data-bb-version=\"4.7.6\"  class=\"bt_bb_column col-xxl-6 col-xl-6 col-xs-12 col-sm-6 col-md-6 col-lg-6 bt_bb_vertical_align_bottom bt_bb_align_center bt_bb_padding_normal bt_bb_animation_fade_in animate bt_bb_details-color_white\" style=\"; --column-width:6;\" data-width=\"6\" data-bt-override-class=\"{&quot;bt_bb_align_&quot;:{&quot;current_class&quot;:&quot;bt_bb_align_center&quot;,&quot;def&quot;:&quot;center&quot;},&quot;bt_bb_padding_&quot;:{&quot;current_class&quot;:&quot;bt_bb_padding_normal&quot;,&quot;def&quot;:&quot;normal&quot;}}\"><div class=\"bt_bb_column_content\"><div class=\"bt_bb_column_content_inner\"><div data-bb-version=\"5.5.7\" class=\"bt_bb_card_icon bt_bb_color_scheme_2\" style=\"; --card-icon-primary-color:#191919; --card-icon-secondary-color:#ffffff;\"><div class=\"bt_bb_card_icon_icon\"><a href=\"#\"  target=\"_self\"><span  data-ico-essential=\"&#xe9d5;\" class=\"bt_bb_icon_holder\"><\/span><\/a><\/div><div class=\"bt_bb_card_icon_title\"><header class=\"bt_bb_headline bt_bb_font_weight_normal bt_bb_size_small\" data-bt-override-class=\"{}\"><h5 class=\"bt_bb_headline_tag\"><span class=\"bt_bb_headline_content\"><span><a href=\"#\" target=\"_self\" title=\"Givinostats in vitro inhib\u0113 sirds fibroadipog\u0113no prekursoru diferenci\u0101ciju no aritmog\u0113n\u0101s kardiomiop\u0101tijas pe\u013cu mode\u013ca\">Givinostats in vitro inhib\u0113 sirds fibroadipog\u0113no prekursoru diferenci\u0101ciju no aritmog\u0113n\u0101s kardiomiop\u0101tijas pe\u013cu mode\u013ca<\/a><\/span><\/span><\/h5><\/header><\/div><div class=\"bt_bb_card_icon_content_inner\"><div data-bb-version=\"5.5.7\" class=\"bt_bb_button bt_bb_color_scheme_3 bt_bb_icon_position_left bt_bb_style_outline_thin bt_bb_size_normal bt_bb_width_full bt_bb_shape_inherit bt_bb_target_self bt_bb_text_transform_inherit bt_bb_align_center\" style=\"; --primary-color:#f54857; --secondary-color:#191919;\" data-bt-override-class=\"{&quot;bt_bb_size_&quot;:{&quot;current_class&quot;:&quot;bt_bb_size_normal&quot;,&quot;def&quot;:&quot;normal&quot;},&quot;bt_bb_width_&quot;:{&quot;current_class&quot;:&quot;bt_bb_width_full&quot;,&quot;def&quot;:&quot;full&quot;},&quot;bt_bb_align_&quot;:{&quot;current_class&quot;:&quot;bt_bb_align_center&quot;,&quot;def&quot;:&quot;center&quot;},&quot;bt_bb_animation_&quot;:{&quot;current_class&quot;:&quot;bt_bb_animation_no_animation&quot;,&quot;def&quot;:&quot;no_animation&quot;}}\"><a href=\"https:\/\/impact-acmproject.eu\/wp-content\/uploads\/2026\/01\/1-s2.0-S0753332225007437-main.pdf\" target=\"_self\" class=\"bt_bb_link\" title=\"apskat\u012bt\"><span class=\"bt_bb_button_text\" >apskat\u012bt<\/span><span  data-ico-essential=\"&#xe96f;\" class=\"bt_bb_icon_holder\"><\/span><\/a><\/div><\/div><\/div><div class=\"bt_bb_separator bt_bb_border_style_none bt_bb_bottom_spacing_medium\" data-bt-override-class=\"null\"><\/div><\/div><\/div><\/div><\/div><\/div><\/div><!-- cell_inner --><\/div><!-- cell --><\/div><!-- port --><\/section><section data-bb-version=\"4.7.6\" id=\"bt_bb_section69eb91a3ed407\" class=\"bt_bb_section bt_bb_layout_boxed_1200 bt_bb_vertical_align_top bt_bb_background_overlay_light_stripes bt_bb_top_spacing_medium bt_bb_bottom_spacing_none\"  data-bt-override-class=\"{&quot;bt_bb_top_spacing_&quot;:{&quot;current_class&quot;:&quot;bt_bb_top_spacing_medium&quot;,&quot;def&quot;:&quot;medium&quot;},&quot;bt_bb_bottom_spacing_&quot;:{&quot;current_class&quot;:&quot;bt_bb_bottom_spacing_none&quot;,&quot;def&quot;:&quot;none&quot;}}\"><div class=\"bt_bb_background_image_holder_wrapper\"><div class=\"bt_bb_background_image_holder btLazyLoadBackground\"  data-background_image_src=\"https:\/\/impact-acmproject.eu\/wp-content\/uploads\/2023\/11\/background_03_home2.webp\" data-parallax-zoom-start=\"1\" data-parallax-zoom-end=\"1\" data-parallax-blur-start=\"0\" data-parallax-blur-end=\"0\" data-parallax-opacity-start=\"1\" data-parallax-opacity-end=\"1\" style=\" background-image: url(&#039;https:\/\/impact-acmproject.eu\/wp-content\/plugins\/bold-page-builder\/img\/blank.gif&#039;);\"><\/div><\/div><div class=\"bt_bb_port\"><div class=\"bt_bb_cell\"><div class=\"bt_bb_cell_inner\"><div class=\"bt_bb_row\"  data-bt-override-class=\"{}\"><div class=\"bt_bb_row_holder\" ><div data-bb-version=\"4.7.6\"  class=\"bt_bb_column col-xxl-12 col-xl-12 col-xs-12 col-sm-12 col-md-12 col-lg-12 bt_bb_vertical_align_top bt_bb_align_left bt_bb_padding_normal\" style=\"; --column-width:12;\" data-width=\"12\" data-bt-override-class=\"{}\"><div class=\"bt_bb_column_content\"><div class=\"bt_bb_column_content_inner\"><div data-bb-version=\"4.7.6\" class=\"bt_bb_separator bt_bb_border_style_none bt_bb_border_color_none bt_bb_top_spacing_large bt_bb_bottom_spacing_medium\" data-bt-override-class=\"{&quot;bt_bb_top_spacing_&quot;:{&quot;current_class&quot;:&quot;bt_bb_top_spacing_large&quot;,&quot;def&quot;:&quot;large&quot;},&quot;bt_bb_bottom_spacing_&quot;:{&quot;current_class&quot;:&quot;bt_bb_bottom_spacing_medium&quot;,&quot;def&quot;:&quot;medium&quot;}}\"><\/div><\/div><\/div><\/div><\/div><\/div><\/div><!-- cell_inner --><\/div><!-- cell --><\/div><!-- port --><\/section><\/p>","protected":false},"excerpt":{"rendered":"","protected":false},"author":2,"featured_media":0,"parent":0,"menu_order":0,"comment_status":"closed","ping_status":"closed","template":"","meta":{"footnotes":""},"class_list":["post-1345","page","type-page","status-publish","hentry"],"_links":{"self":[{"href":"https:\/\/impact-acmproject.eu\/lv\/wp-json\/wp\/v2\/pages\/1345","targetHints":{"allow":["GET"]}}],"collection":[{"href":"https:\/\/impact-acmproject.eu\/lv\/wp-json\/wp\/v2\/pages"}],"about":[{"href":"https:\/\/impact-acmproject.eu\/lv\/wp-json\/wp\/v2\/types\/page"}],"author":[{"embeddable":true,"href":"https:\/\/impact-acmproject.eu\/lv\/wp-json\/wp\/v2\/users\/2"}],"replies":[{"embeddable":true,"href":"https:\/\/impact-acmproject.eu\/lv\/wp-json\/wp\/v2\/comments?post=1345"}],"version-history":[{"count":35,"href":"https:\/\/impact-acmproject.eu\/lv\/wp-json\/wp\/v2\/pages\/1345\/revisions"}],"predecessor-version":[{"id":4044,"href":"https:\/\/impact-acmproject.eu\/lv\/wp-json\/wp\/v2\/pages\/1345\/revisions\/4044"}],"wp:attachment":[{"href":"https:\/\/impact-acmproject.eu\/lv\/wp-json\/wp\/v2\/media?parent=1345"}],"curies":[{"name":"wp","href":"https:\/\/api.w.org\/{rel}","templated":true}]}}