{"id":3768,"date":"2024-01-16T10:10:32","date_gmt":"2024-01-16T09:10:32","guid":{"rendered":"https:\/\/impact-acmproject.eu\/cookie-policy-ue\/"},"modified":"2024-12-04T10:21:19","modified_gmt":"2024-12-04T09:21:19","slug":"cookie-policy-ue","status":"publish","type":"page","link":"https:\/\/impact-acmproject.eu\/lt\/cookie-policy-ue\/","title":{"rendered":"Slapuk\u0173 politika (UE)"},"content":{"rendered":"<p><section data-bb-version=\"4.7.6\" id=\"bt_bb_section69eb8e1d5d449\" class=\"bt_bb_section bt_bb_layout_boxed_1200\"  data-bt-override-class=\"null\"><div class=\"bt_bb_port\"><div class=\"bt_bb_cell\"><div class=\"bt_bb_cell_inner\"><div class=\"bt_bb_row\"  data-bt-override-class=\"{}\"><div class=\"bt_bb_row_holder\" ><div data-bb-version=\"4.7.6\"  class=\"bt_bb_column col-xxl-12 col-xl-12 col-xs-12 col-sm-12 col-md-12 col-lg-12 bt_bb_vertical_align_top bt_bb_align_left bt_bb_padding_normal\" style=\"; --column-width:12;\" data-width=\"12\" data-bt-override-class=\"{}\"><div class=\"bt_bb_column_content\"><div class=\"bt_bb_column_content_inner\"><\/div><\/div><\/div><\/div><\/div><\/div><!-- cell_inner --><\/div><!-- cell --><\/div><!-- port --><\/section><section data-bb-version=\"4.7.6\" id=\"bt_bb_section69eb8e1d5d995\" class=\"bt_bb_section bt_bb_color_scheme_1 bt_bb_layout_boxed_1200 bt_bb_vertical_align_top bt_bb_background_overlay_dark_solid bt_bb_bottom_section_coverage_image bt_bb_section_with_bottom_coverage_image bt_bb_top_spacing_large bt_bb_bottom_spacing_large\" style=\"; --section-primary-color:#ffffff; --section-secondary-color:#191919;;background-color:rgb(34,64,96);\" data-bt-override-class=\"{&quot;bt_bb_top_spacing_&quot;:{&quot;current_class&quot;:&quot;bt_bb_top_spacing_large&quot;,&quot;def&quot;:&quot;large&quot;},&quot;bt_bb_bottom_spacing_&quot;:{&quot;current_class&quot;:&quot;bt_bb_bottom_spacing_large&quot;,&quot;def&quot;:&quot;large&quot;}}\"><div class=\"bt_bb_port\"><div class=\"bt_bb_cell\"><div class=\"bt_bb_cell_inner\"><div class=\"bt_bb_row\"  data-bt-override-class=\"{}\"><div class=\"bt_bb_row_holder\" ><div  class=\"bt_bb_column col-xxl-7 col-xl-7 bt_bb_vertical_align_middle bt_bb_align_left bt_bb_padding_normal bt_bb_animation_fade_in animate\" style=\"; --column-width:7;\" data-width=\"7\" data-bt-override-class=\"{}\"><div class=\"bt_bb_column_content\"><div class=\"bt_bb_column_content_inner\"><div class=\"bt_bb_separator bt_bb_border_style_none bt_bb_border_color_none bt_bb_bottom_spacing_large\" data-bt-override-class=\"null\"><\/div><header data-bb-version=\"4.7.6\" class=\"bt_bb_headline bt_bb_subheadline_text_transform_default bt_bb_dash_none bt_bb_size_large bt_bb_align_inherit\" data-bt-override-class=\"{&quot;bt_bb_size_&quot;:{&quot;current_class&quot;:&quot;bt_bb_size_large&quot;,&quot;def&quot;:&quot;large&quot;},&quot;bt_bb_align_&quot;:{&quot;current_class&quot;:&quot;bt_bb_align_inherit&quot;,&quot;def&quot;:&quot;inherit&quot;}}\"><h1 class=\"bt_bb_headline_tag\"><span class=\"bt_bb_headline_content\"><span>slapuk\u0173 politika<\/span><\/span><\/h1><\/header><div class=\"bt_bb_separator bt_bb_border_style_none bt_bb_border_color_none bt_bb_bottom_spacing_large\" data-bt-override-class=\"null\"><\/div><\/div><\/div><\/div><div  class=\"bt_bb_column col-xxl-5 col-xl-5 bt_bb_vertical_align_top bt_bb_align_left bt_bb_padding_normal\" style=\"; --column-width:5;\" data-width=\"5\" data-bt-override-class=\"{}\"><div class=\"bt_bb_column_content\"><div class=\"bt_bb_column_content_inner\"><\/div><\/div><\/div><\/div><\/div><\/div><!-- cell_inner --><\/div><!-- cell --><\/div><!-- port --><div class=\"bt_bb_section_bottom_section_coverage_image\"><img decoding=\"async\" src=\"https:\/\/impact-acmproject.eu\/wp-content\/uploads\/2023\/11\/bottom-cover.png\" alt=\"bt_bb_section_bottom_section_apr\u0117ptis_vaizdas\" \/><\/div><\/section><section data-bb-version=\"4.7.6\" id=\"bt_bb_section69eb8e1d5db01\" class=\"bt_bb_section bt_bb_layout_boxed_1200\"  data-bt-override-class=\"null\"><div class=\"bt_bb_port\"><div class=\"bt_bb_cell\"><div class=\"bt_bb_cell_inner\"><div class=\"bt_bb_row\"  data-bt-override-class=\"{}\"><div class=\"bt_bb_row_holder\" ><div data-bb-version=\"4.7.6\"  class=\"bt_bb_column col-xxl-12 col-xl-12 col-xs-12 col-sm-12 col-md-12 col-lg-12 bt_bb_vertical_align_top bt_bb_align_left bt_bb_padding_normal\" style=\"; --column-width:12;\" data-width=\"12\" data-bt-override-class=\"{}\"><div class=\"bt_bb_column_content\"><div class=\"bt_bb_column_content_inner\"><div data-bb-version=\"4.7.6\" class=\"bt_bb_separator bt_bb_border_style_none bt_bb_border_color_none bt_bb_top_spacing_large bt_bb_bottom_spacing_none\" data-bt-override-class=\"{&quot;bt_bb_top_spacing_&quot;:{&quot;current_class&quot;:&quot;bt_bb_top_spacing_large&quot;,&quot;def&quot;:&quot;large&quot;},&quot;bt_bb_bottom_spacing_&quot;:{&quot;current_class&quot;:&quot;bt_bb_bottom_spacing_none&quot;,&quot;def&quot;:&quot;none&quot;}}\"><\/div><div data-bb-version=\"4.7.6\"  class=\"bt_bb_text\" ><\/p>\n<p><strong>Kas yra slapukai?<br \/>\n<\/strong>Slapukai \u2013 tai nedideli tekstiniai failai, atsisiun\u010diami \u012f naudotojo \u012frengin\u012f (asmenin\u012f kompiuter\u012f, i\u0161man\u0173j\u012f telefon\u0105, plan\u0161etin\u012f kompiuter\u012f \u2026), kai jis apsilanko interneto svetain\u0117je. Kiekvieno v\u0117lesnio apsilankymo metu slapukai siun\u010diami atgal \u012f juos suk\u016brusi\u0105 svetain\u0119 (pirmosios \u0161alies slapukai) arba \u012f kit\u0105 juos atpa\u017e\u012fstan\u010di\u0105 svetain\u0119 (tre\u010diosios \u0161alies slapukai). Slapukai leid\u017eia interneto svetainei atpa\u017einti naudotojo \u012frengin\u012f. Jie turi \u012fvairius tikslus, pavyzd\u017eiui, leid\u017eia jums efektyviai nar\u0161yti tarp puslapi\u0173, prisiminti m\u0117gstamas svetaines ir apskritai pagerinti nar\u0161ymo patirt\u012f. Jie taip pat padeda u\u017etikrinti, kad internete rodomas reklamos turinys b\u016bt\u0173 labiau orientuotas \u012f naudotoj\u0105 ir atitikt\u0173 jo interesus (tiksliniai slapukai arba profiliavimo slapukai). Slapukai gali tur\u0117ti ribot\u0105 vieno nar\u0161ymo seanso trukm\u0119 ir tokiu atveju jie automati\u0161kai i\u0161jungiami u\u017edarius nar\u0161ykl\u0119; arba j\u0173 galiojimo laikas gali b\u016bti i\u0161 anksto nustatytas, ir tokiu atveju jie bus saugomi ir aktyv\u016bs naudotojo \u012frenginyje iki galiojimo pabaigos, toliau rinkdami informacij\u0105 per \u012fvairius nar\u0161ymo seansus nar\u0161ykl\u0117je. Taip pat yra kit\u0173 informacijos rinkimo technologij\u0173, kuri\u0173 tikslai pana\u0161\u016bs \u012f slapuk\u0173 tikslus ir kurios saugomos naudotojo \u012frenginyje (pvz., pikseliai). \u0160ioje informacijoje terminas \"slapukas\" naudojamas nurodant slapukus, kaip apra\u0161yta pirmiau, ir nurodant bet kuri\u0105 kit\u0105 rinkimo technologij\u0105, siekiant pateikti Vartotojui vadov\u0105, kaip suprasti, kokie slapukai ir kitos pana\u0161ios technologijos yra, pvz., ir kod\u0117l jie naudojami, kokios teis\u0117s pripa\u017e\u012fstamos Vartotojams ir kokius pasirinkimus jie gali padaryti d\u0117l j\u0173 naudojimo.<\/p>\n<p>&nbsp;<\/p>\n<p><strong>Slapukai ir pana\u0161ios technologijos. Apibr\u0117\u017etys<br \/>\n<\/strong>Slapukai: ma\u017eos tekstin\u0117s rinkmenos (paprastai sudarytos i\u0161 raid\u017ei\u0173 ir skai\u010di\u0173), kurias naudotojo aplankytos interneto svetain\u0117s (vadinamoji pirmoji \u0161alis) arba skirtingos interneto svetain\u0117s ar \u017einiatinklio serveriai (vadinamosios tre\u010diosios \u0161alys) patalpina ir saugo naudotojo naudojamoje nar\u0161ykl\u0117je nar\u0161ymui bet kuriame galiniame \u012frenginyje, kuriame galima saugoti informacij\u0105.<\/p>\n<p>Kitos technologijos: technologijos, kurios saugo duomenis nar\u0161ykl\u0117je ar \u012frenginyje, kur\u012f Naudotojas naudoja naudodamas lokaliai bendrinamus objektus ar vietin\u0119 saugykl\u0105, pvz., \"flash\" slapukai, \"HTML 5\" slapukai ir kiti \u017einiatinklio taikomosios programin\u0117s \u012frangos metodai. \u0160ios technologijos veikia visose nar\u0161ykl\u0117se. Kai kuriais atvejais vietin\u0117s saugyklos naudojimas negali b\u016bti visi\u0161kai valdomas nar\u0161ykl\u0117mis, ta\u010diau j\u012f reikia valdyti naudojant specialias priemones.<\/p>\n<p>&nbsp;<\/p>\n<p><strong>Slapuk\u0173 kategorijos<br \/>\n<\/strong>Slapukus galima atskirti pagal j\u0173 paskirt\u012f, trukm\u0119 ir slapuko savinink\u0105.<\/p>\n<ul>\n<li>Slapukai pagal paskirt\u012f \u2013 tai slapukai, kuriuos naudotojo \u012frenginyje galima \u012fdiegti siekiant:\n<ol>\n<li>u\u017etikrinti svetain\u0117s ir paslaug\u0173 veikim\u0105, taip pat garantuoti Vartotojui galimyb\u0119 naudotis j\u0173 funkcijomis, vadinamaisiais techniniais slapukais;<\/li>\n<li>leid\u017eia atlikti svetain\u0117s ir si\u016blom\u0173 paslaug\u0173 <a href=\"https:\/\/impact-acmproject.eu\/lt\/\">https:\/\/impact-acmproject.eu\/<\/a> tobulinti, taip pat \u012fvertinti per Svetain\u0119 teikiamos paslaugos, vadinam\u0173j\u0173 analitini\u0173 slapuk\u0173, efektyvum\u0105;<\/li>\n<li>leisti konsorciumui arba tre\u010diosioms \u0161alims, gavus sutikim\u0105, nukreipti tikslin\u0119 reklam\u0105 arba atsi\u017evelgiant \u012f naudotojo interesus, vadinamuosius profiliavimo slapukus.<\/li>\n<\/ol>\n<\/li>\n<\/ul>\n<ul>\n<li>Slapukai, kurie skiriasi pagal j\u0173 trukm\u0119, yra tie slapukai, kurie gali likti \u012frenginio nar\u0161ykl\u0117je sesijos metu (t. y. kol u\u017edarysite nar\u0161ymui svetain\u0117je naudojam\u0105 nar\u0161ykl\u0119 arba nutrauksite naudojim\u0105si paslauga) ir vadinami sesijos slapukais. Arba jie gali b\u016bti saugomi j\u016bs\u0173 \u012frenginio nar\u0161ykl\u0117je ilg\u0105 laik\u0105, juose gali b\u016bti unikalus identifikavimo kodas ir jie vadinami nuolatiniais slapukais.<strong>\u00a0<\/strong><\/li>\n<\/ul>\n<ul>\n<li>Slapukus taip pat galima atskirti pagal subjekt\u0105, kuriam priklauso slapukas (pirmosios \u0161alies slapukai ir tre\u010diosios \u0161alies slapukai).<\/li>\n<\/ul>\n<p>Slapukai gali b\u016bti svetain\u0117s ir paslaug\u0173 valdytojo nuosavyb\u0117, tod\u0117l jis juos \u012fdiegia naudotojo \u012frenginio nar\u0161ykl\u0117je, vadinamieji pirmosios \u0161alies slapukai. Gali atsitikti taip, kad Svetain\u0117je yra slapuk\u0173 i\u0161 kit\u0173 svetaini\u0173, priklausan\u010di\u0173 tre\u010diosioms \u0161alims, esan\u010di\u0173 \u012fvairiuose pa\u010dios svetain\u0117s elementuose (pvz., Reklamos baneriuose, vaizduose, vaizdo \u012fra\u0161uose, garsuose\u2026), ir \u0161iuo atveju tai yra vadinamieji tre\u010di\u0173j\u0173 \u0161ali\u0173 slapukai.<strong>\u00a0<\/strong><\/p>\n<p>&nbsp;<\/p>\n<p><strong>\u0160ioje svetain\u0117je naudojami slapukai<br \/>\n<\/strong>Vizitas \u012f <a href=\"https:\/\/impact-acmproject.eu\/lt\/\">https:\/\/impact-acmproject.eu\/<\/a> Svetain\u0117 apima slapuk\u0173 naudojim\u0105, siekiant pagerinti vartotojo patirt\u012f. Svetain\u0117 naudoja: techniniai navigacijos slapukai, analitiniai slapukai ir profiliavimo slapukai rinkodaros tikslais.<br \/>\nNaudotojas gali bet kuriuo metu tvarkyti savo parinktis arba atsisakyti \u012fdiegti slapukus.<\/p>\n<p>Naudotojas gali bet kuriuo metu tvarkyti savo parinktis arba atsisakyti \u012fdiegti slapukus.<\/p>\n<p style=\"text-align: left;\">\n<div id=\"cmplz-cookies-overview\"><\/div>\n<\/p>\n<p>&nbsp;<\/p>\n<p><strong>Slapukais surinkt\u0173 asmens duomen\u0173 saugojimo laikas<br \/>\n<\/strong>Slapuk\u0173 surinkta informacija ir duomenys bus saugomi tik tiek laiko, kiek b\u016btina tikslams, kuriems buvo \u012fdiegtas kiekvienas slapukas, pasiekti.<\/p>\n<p>Nor\u0117dami pasiekti konkre\u010di\u0105 informacij\u0105, susijusi\u0105 su informacijos, gautos naudojant pirmosios ir tre\u010diosios \u0161alies slapukus, saugojimu, ir valdyti j\u0173 parinktis, Vartotojas bet kuriuo metu gali pasiekti slapuk\u0173 centr\u0105.<\/p>\n<p>&nbsp;<\/p>\n<p><strong>\u00a0<\/strong><strong>Naudotoj\u0173 teis\u0117s ir slapuk\u0173 parink\u010di\u0173 valdymas<br \/>\n<\/strong>Naudotojui suteikiamos teis\u0117s, numatytos Reglamente (ES) 2016\/679 (vadinamasis BDAR), \u012fskaitant teis\u0119 susipa\u017einti, prie\u0161tarauti, at\u0161aukti, taip pat bet kuriuo metu keisti savo pasirinkimus d\u0117l slapuk\u0173 naudojimo per slapuk\u0173 centr\u0105. Daugiau informacijos ir i\u0161samesn\u0117s informacijos apie Naudotojo teises ir apie tai, kaip naudotis savo teis\u0117mis, Naudotojas gali rasti i\u0161samioje Privatumo politikoje (\u012fterpti nuorod\u0105 spustel\u0117damas \u201ePrivatumo politika\u201c).<\/p>\n<p><strong>\u00a0<\/strong><\/p>\n<p><strong>Slapuk\u0173 i\u0161jungimas i\u0161 nar\u0161ykl\u0117s<br \/>\n<\/strong>Vartotojas, be slapuk\u0173 i\u0161jungimo per slapuk\u0173 centr\u0105, gali konfig\u016bruoti savo nar\u0161ykl\u0119, kad apribot\u0173 priimt\u0173 slapuk\u0173 skai\u010di\u0173, blokuot\u0173 visus slapukus arba juos i\u0161trint\u0173 i\u0161 nar\u0161ykl\u0117s nustatym\u0173 \u0161iais b\u016bdais:<\/p>\n<ol>\n<li>Microsoft Internet Explorer<br \/>\nSpustel\u0117j\u0119 \u012franki\u0173 piktogram\u0105 vir\u0161utiniame de\u0161iniajame kampe ir pasirink\u0119 interneto parinktis. Bus rodomas i\u0161kylantysis langas, pasirinkite privatum\u0105. \u0160iame skyriuje Vartotojas gali pakeisti slapuk\u0173 nustatymus.Nuoroda: <a href=\"http:\/\/windows.microsoft.com\/it-it\/internet-explorer\/delete-manage-cookies#ie=ie-11-win-7\">http:\/\/windows.microsoft.com\/it-it\/internet-explorer\/delete-manage-cookies#ie=ie-11-win-7<\/a><\/li>\n<li>Google Chrome<br \/>\nSpustel\u0117j\u0119 ver\u017eliarak\u010dio piktogram\u0105 vir\u0161utiniame de\u0161iniajame kampe, pasirinkite nustatymus. Tada pasirinkite Rodyti i\u0161pl\u0117stinius nustatymus. \u0160iame skyriuje Vartotojas gali pakeisti slapuk\u0173 nustatymus.Nuoroda: <a href=\"https:\/\/support.google.com\/accounts\/topic\/2373959?hl=it&amp;ref_topic=2373957\">https:\/\/support.google.com\/accounts\/topic\/2373959?hl=it&amp;ref_topic=2373957<\/a><\/li>\n<li>Programin\u0117 \u012franga, pana\u0161i \u012f Mozilla Firefox:<br \/>\nVir\u0161utiniame kairiajame kampe esan\u010diame i\u0161skleid\u017eiamajame meniu pasirinkite parinktis. I\u0161\u0161okan\u010diame lange pasirinkite privatum\u0105 ir skyriuje gal\u0117site pakeisti slapuk\u0173 nuostatas.Nuoroda: <a href=\"https:\/\/support.mozilla.org\/it\/kb\/Attivare%20e%20disattivare%20i%20cookie#firefox:win7:fx38\">https:\/\/support.mozilla.org\/it\/kb\/Attivare%20e%20disattivare%20i%20cookie#firefox:win7:fx38<\/a><\/li>\n<li>Safaris<br \/>\nVir\u0161utiniame de\u0161iniajame kampe esan\u010diame i\u0161skleid\u017eiamajame nustatym\u0173 meniu pasirinkite nuostatas. Tada pasirinkite saugum\u0105 ir \u0161iame skyriuje Vartotojas gali koreguoti slapuk\u0173 nustatymus.Nuoroda: <a href=\"https:\/\/support.apple.com\/it-it\/HT201265\">https:\/\/support.apple.com\/it-it\/HT201265<\/a><\/li>\n<\/ol>\n<p><strong>\u00a0<\/strong><\/p>\n<p><strong>\u00a0<\/strong><strong>Duomen\u0173 valdytojas ir kontaktin\u0117 informacija<\/strong><strong><br \/>\n<\/strong>Duomen\u0173 valdytojas yra <strong>Italbiotec konsorciumas<\/strong> (C.F.\/PVM kodas 02429600121), kurios registruotos buvein\u0117s adresas yra Milane, Piazza della Trivulziana 4\/A, jos teisinio atstovo pro tem vardu; pec: consorzio@pec.italbiotec.it. Naudotojas bet kuriuo metu gali si\u0173sti pra\u0161ymus pateikti informacij\u0105 ar paai\u0161kinimus pirmiau nurodytu adresu arba papildomais b\u016bdais, nurodytais Privatumo politikoje (<a href=\"https:\/\/impact-acmproject.eu\/lt\/privacy-policy\/\">https:\/\/impact-acmproject.eu\/privacy-policy\/<\/a>).<\/p>\n<p>&nbsp;<\/p>\n<p>&nbsp;<\/p>\n<p>\n<\/div><\/div><\/div><\/div><\/div><\/div><\/div><!-- cell_inner --><\/div><!-- cell --><\/div><!-- port --><\/section><\/p>","protected":false},"excerpt":{"rendered":"","protected":false},"author":2,"featured_media":0,"parent":0,"menu_order":0,"comment_status":"closed","ping_status":"closed","template":"","meta":{"footnotes":""},"class_list":["post-3768","page","type-page","status-publish","hentry"],"_links":{"self":[{"href":"https:\/\/impact-acmproject.eu\/lt\/wp-json\/wp\/v2\/pages\/3768","targetHints":{"allow":["GET"]}}],"collection":[{"href":"https:\/\/impact-acmproject.eu\/lt\/wp-json\/wp\/v2\/pages"}],"about":[{"href":"https:\/\/impact-acmproject.eu\/lt\/wp-json\/wp\/v2\/types\/page"}],"author":[{"embeddable":true,"href":"https:\/\/impact-acmproject.eu\/lt\/wp-json\/wp\/v2\/users\/2"}],"replies":[{"embeddable":true,"href":"https:\/\/impact-acmproject.eu\/lt\/wp-json\/wp\/v2\/comments?post=3768"}],"version-history":[{"count":9,"href":"https:\/\/impact-acmproject.eu\/lt\/wp-json\/wp\/v2\/pages\/3768\/revisions"}],"predecessor-version":[{"id":3845,"href":"https:\/\/impact-acmproject.eu\/lt\/wp-json\/wp\/v2\/pages\/3768\/revisions\/3845"}],"wp:attachment":[{"href":"https:\/\/impact-acmproject.eu\/lt\/wp-json\/wp\/v2\/media?parent=3768"}],"curies":[{"name":"wp","href":"https:\/\/api.w.org\/{rel}","templated":true}]}}