{"id":3,"date":"2023-08-31T13:00:16","date_gmt":"2023-08-31T11:00:16","guid":{"rendered":"http:\/\/impact-acmproject.eu\/?page_id=3"},"modified":"2024-12-02T12:56:24","modified_gmt":"2024-12-02T11:56:24","slug":"privacy-policy","status":"publish","type":"page","link":"https:\/\/impact-acmproject.eu\/lt\/privacy-policy\/","title":{"rendered":"Privatumo politika"},"content":{"rendered":"<p><section data-bb-version=\"4.7.6\" id=\"bt_bb_section69eb8e13416bb\" class=\"bt_bb_section bt_bb_layout_boxed_1200\"  data-bt-override-class=\"null\"><div class=\"bt_bb_port\"><div class=\"bt_bb_cell\"><div class=\"bt_bb_cell_inner\"><div class=\"bt_bb_row\"  data-bt-override-class=\"{}\"><div class=\"bt_bb_row_holder\" ><div data-bb-version=\"4.7.6\"  class=\"bt_bb_column col-xxl-12 col-xl-12 col-xs-12 col-sm-12 col-md-12 col-lg-12 bt_bb_vertical_align_top bt_bb_align_left bt_bb_padding_normal\" style=\"; --column-width:12;\" data-width=\"12\" data-bt-override-class=\"{}\"><div class=\"bt_bb_column_content\"><div class=\"bt_bb_column_content_inner\"><\/div><\/div><\/div><\/div><\/div><\/div><!-- cell_inner --><\/div><!-- cell --><\/div><!-- port --><\/section><section data-bb-version=\"4.7.6\" id=\"bt_bb_section69eb8e1341b22\" class=\"bt_bb_section bt_bb_color_scheme_1 bt_bb_layout_boxed_1200 bt_bb_vertical_align_top bt_bb_background_overlay_dark_solid bt_bb_bottom_section_coverage_image bt_bb_section_with_bottom_coverage_image bt_bb_top_spacing_large bt_bb_bottom_spacing_large\" style=\"; --section-primary-color:#ffffff; --section-secondary-color:#191919;;background-color:rgb(51,42,43);\" data-bt-override-class=\"{&quot;bt_bb_top_spacing_&quot;:{&quot;current_class&quot;:&quot;bt_bb_top_spacing_large&quot;,&quot;def&quot;:&quot;large&quot;},&quot;bt_bb_bottom_spacing_&quot;:{&quot;current_class&quot;:&quot;bt_bb_bottom_spacing_large&quot;,&quot;def&quot;:&quot;large&quot;}}\"><div class=\"bt_bb_port\"><div class=\"bt_bb_cell\"><div class=\"bt_bb_cell_inner\"><div class=\"bt_bb_row\"  data-bt-override-class=\"{}\"><div class=\"bt_bb_row_holder\" ><div  class=\"bt_bb_column col-xxl-7 col-xl-7 bt_bb_vertical_align_middle bt_bb_align_left bt_bb_padding_normal bt_bb_animation_fade_in animate\" style=\"; --column-width:7;\" data-width=\"7\" data-bt-override-class=\"{}\"><div class=\"bt_bb_column_content\"><div class=\"bt_bb_column_content_inner\"><div class=\"bt_bb_separator bt_bb_border_style_none bt_bb_border_color_none bt_bb_bottom_spacing_large\" data-bt-override-class=\"null\"><\/div><header data-bb-version=\"4.7.6\" class=\"bt_bb_headline bt_bb_subheadline_text_transform_default bt_bb_dash_none bt_bb_size_large bt_bb_align_inherit\" data-bt-override-class=\"{&quot;bt_bb_size_&quot;:{&quot;current_class&quot;:&quot;bt_bb_size_large&quot;,&quot;def&quot;:&quot;large&quot;},&quot;bt_bb_align_&quot;:{&quot;current_class&quot;:&quot;bt_bb_align_inherit&quot;,&quot;def&quot;:&quot;inherit&quot;}}\"><h1 class=\"bt_bb_headline_tag\"><span class=\"bt_bb_headline_content\"><span>Privatumo politika<\/span><\/span><\/h1><\/header><div class=\"bt_bb_separator bt_bb_border_style_none bt_bb_border_color_none bt_bb_bottom_spacing_large\" data-bt-override-class=\"null\"><\/div><\/div><\/div><\/div><div  class=\"bt_bb_column col-xxl-5 col-xl-5 bt_bb_vertical_align_top bt_bb_align_left bt_bb_padding_normal\" style=\"; --column-width:5;\" data-width=\"5\" data-bt-override-class=\"{}\"><div class=\"bt_bb_column_content\"><div class=\"bt_bb_column_content_inner\"><\/div><\/div><\/div><\/div><\/div><\/div><!-- cell_inner --><\/div><!-- cell --><\/div><!-- port --><div class=\"bt_bb_section_bottom_section_coverage_image\"><img decoding=\"async\" src=\"https:\/\/impact-acmproject.eu\/wp-content\/uploads\/2023\/11\/bottom-cover.png\" alt=\"bt_bb_section_bottom_section_apr\u0117ptis_vaizdas\" \/><\/div><\/section><section data-bb-version=\"4.7.6\" id=\"bt_bb_section69eb8e1341c90\" class=\"bt_bb_section bt_bb_layout_boxed_1200\"  data-bt-override-class=\"null\"><div class=\"bt_bb_port\"><div class=\"bt_bb_cell\"><div class=\"bt_bb_cell_inner\"><div class=\"bt_bb_row\"  data-bt-override-class=\"{}\"><div class=\"bt_bb_row_holder\" ><div data-bb-version=\"4.7.6\"  class=\"bt_bb_column col-xxl-12 col-xl-12 col-xs-12 col-sm-12 col-md-12 col-lg-12 bt_bb_vertical_align_top bt_bb_align_left bt_bb_padding_normal\" style=\"; --column-width:12;\" data-width=\"12\" data-bt-override-class=\"{}\"><div class=\"bt_bb_column_content\"><div class=\"bt_bb_column_content_inner\"><div data-bb-version=\"4.7.6\"  class=\"bt_bb_text\" ><\/p>\n<p><strong>INFORMACIJA IR SUSIJ\u0118 DUOMENYS, SUSIJ\u0118 SU POVEIKIO SVETAIN\u0116S NAUDOTOJ\u0172 asmenini\u0173 duomen\u0173 tvarkymu pagal Reglamento (ES) 2016\/679 (toliau \u2013 BDAR) 13 straipsn\u012f<\/strong><\/p>\n<p><strong>Patalpos<\/strong><br \/>\u201eItalbiotec Consortium\u201c teikia \u0161i\u0105 informacij\u0105, susijusi\u0105 su asmens duomen\u0173, kuriuos konsorciumas surinko lankydamasis interneto svetain\u0117je https:\/\/impact-acmproject.eu\/ ir joje nar\u0161ydamas, tvarkymu. \u0160i informacija pateikiama tik IMPACT svetain\u0117je ir netaikoma puslapiams ar internetin\u0117ms paslaugoms, prieinamoms per hipersaitus, kurie gali b\u016bti skelbiami svetain\u0117je. Naudotoj\u0173 pateikti asmens duomenys bus tvarkomi laikantis ES reglamento Nr. 2016\/679 nuostat\u0173 (d\u0117l glaustumo \u2013 BDAR).<\/p>\n<p>\u00a0<\/p>\n<p><strong>Duomen\u0173 valdytojas<br \/><\/strong>Duomen\u0173 valdytojas yra Italbiotec Consortium (C.F.\/VAT kodas 02429600121), kurio registruota buvein\u0117 yra Milane, Piazza della Trivulziana 4\/A, teisinio atstovo pro tempore pec: consorzio@pec.italbiotec.it<\/p>\n<p>\u00a0<\/p>\n<p><strong>Duomen\u0173 tvarkymo teisinis pagrindas<br \/><\/strong>\u0160ioje informacijoje nurodyt\u0173 duomen\u0173 tvarkymo teisinis pagrindas yra ai\u0161kus suinteresuotosios \u0161alies sutikimas pagal BDAR 6 straipsnio 1 dalies a punkt\u0105 ir teisini\u0173 prievoli\u0173, kurios duomen\u0173 valdytojui taikomos pagal BDAR 6 straipsnio 1 dalies c punkt\u0105, laikymasis.<\/p>\n<p>\u00a0<\/p>\n<p><strong>Duomen\u0173 kategorijos. Nar\u0161ymo duomenys<br \/><\/strong>Duomen\u0173 valdytojas tvarko bendro pob\u016bd\u017eio asmens duomenis (vard\u0105, pavard\u0119, el. pa\u0161to adres\u0105, kitus asmens duomenis, tokius kaip mokes\u010di\u0173 mok\u0117tojo kodas, gyvenamoji vieta; navigaciniai duomenys, pvz., IP adresas, adresai URI\/URL \u017eym\u0117jime ir t. t.). Kompiuterin\u0117s sistemos ir programin\u0117s \u012frangos proced\u016bros, naudojamos \u0161iai svetainei valdyti, \u012fprasto veikimo metu \u012fgyja tam tikrus asmens duomenis, kuri\u0173 perdavimas yra numanomas naudojant interneto ry\u0161io protokolus.<\/p>\n<p>Tai informacija, kuri n\u0117ra renkama, kad j\u0105 b\u016bt\u0173 galima susieti su nustatytomis suinteresuotosiomis \u0161alimis, ta\u010diau pagal savo pob\u016bd\u012f j\u0105 tvarkant ir susiejant su tre\u010di\u0173j\u0173 \u0161ali\u0173 turimais duomenimis b\u016bt\u0173 galima nustatyti naudotoj\u0173 tapatyb\u0119.<\/p>\n<p>\u0160i duomen\u0173 kategorija apima prie svetain\u0117s prisijungusi\u0173 naudotoj\u0173 naudojam\u0173 kompiuteri\u0173 IP adresus arba domen\u0173 vardus, URI (universaliojo i\u0161tekliaus identifikatoriaus) adresus, pra\u0161om\u0173 i\u0161tekli\u0173 \u017eym\u0117jim\u0105, u\u017eklausos laik\u0105, u\u017eklausos pateikimo serveriui metod\u0105, atsakyme gautos rinkmenos dyd\u012f, skaitmenin\u012f kod\u0105, nurodant\u012f serverio pateikto atsakymo b\u016bsen\u0105 (s\u0117kmingas, klaidingas ir t. t.), ir kitus parametrus, susijusius su operacine sistema ir naudotojo IT aplinka.<\/p>\n<p>\u0160ie duomenys naudojami tik siekiant gauti anonimin\u0119 statistin\u0119 informacij\u0105 apie svetain\u0117s naudojim\u0105 ir patikrinti, ar ji tinkamai veikia, ir i\u0161 karto po apdorojimo i\u0161trinami.<\/p>\n<p>\u00a0<\/p>\n<p><strong>Duomen\u0173 kategorijos. J\u016bs\u0173 savanori\u0161kai pateikti duomenys<br \/><\/strong>Neprivalomas, ai\u0161kus ir savanori\u0161kas e. lai\u0161k\u0173 siuntimas nurodytais adresais ir (arba) formos pildymas \u0161ioje svetain\u0117je rei\u0161kia, kad v\u0117liau bus gautas siunt\u0117jo adresas, reikalingas atsakyti \u012f u\u017eklausas, taip pat visi kiti prane\u0161ime \u012fvesti asmens duomenys, kaip pabr\u0117\u017eta privatumo politikoje, susijusioje su paslauga \u201eSusisiekite su mumis\u201c, teikiama \u0161iuo pa\u0161tu: privacy@italbiotec.it<\/p>\n<p>I\u0161skyrus tai, kas nurodyta pirmiau d\u0117l navigacijos duomen\u0173 ir atskiruose IMPACT svetain\u0117s skyriuose pateikiamoje informacijoje pagal BDAR 13 straipsn\u012f, duomen\u0173 teikimas kitais tikslais yra neprivalomas.<\/p>\n<p><strong><br \/>Slapukai<br \/><\/strong>Su slapukais susijusi\u0105 informacij\u0105 galima rasti skyriuje \u201eSlapuk\u0173 politika\u201c (<a href=\"https:\/\/impact-acmproject.eu\/lt\/cookie-policy-ue\/\">https:\/\/impact-acmproject.eu\/cookie-policy-ue\/<\/a>)<\/p>\n<p>Bet kuriuo metu galite keisti, at\u0161aukti arba atnaujinti slapuk\u0173 centre duot\u0105 sutikim\u0105.<\/p>\n<p>\u00a0<\/p>\n<p><strong>Duomen\u0173 tvarkymo tikslas \u2013 duomen\u0173 tvarkymo metodai \u2013 duomen\u0173 saugojimo laikotarpis<br \/><\/strong>J\u016bs\u0173 duomen\u0173 tvarkymas naudojant IT ir telematines priemones (ir (arba) rankinius \u012frankius) yra skirtas teisingam svetain\u0117s naudojimui, atsi\u017evelgiant \u012f teikiamas paslaugas. <a href=\"https:\/\/impact-acmproject.eu\/lt\/\">https:\/\/impact-acmproject.eu\/<\/a>. J\u016bs\u0173 duomenis tvarkys konsorciumo Italbiotec darbuotojai ir bendradarbiai (vidaus ar i\u0161or\u0117s, fiziniai ar juridiniai asmenys) technin\u0117s prie\u017ei\u016bros reikm\u0117ms.<\/p>\n<p>Asmens duomenys automatizuotomis priemon\u0117mis tvarkomi tik tiek laiko, kiek b\u016btina tikslams, d\u0117l kuri\u0173 jie buvo surinkti, pasiekti pagal BDAR 5 straipsnio e punkt\u0105.<\/p>\n<p>Siekiant u\u017ekirsti keli\u0105 duomen\u0173 praradimui, neteis\u0117tam ar neteisingam naudojimui ir neteis\u0117tai prieigai, taikomos specialios saugumo priemon\u0117s.<\/p>\n<p><strong><br \/>Asmens duomen\u0173 gav\u0117j\u0173 kategorijos<br \/><\/strong>Tvarkomi duomenys gali b\u016bti perduodami ne tik dalyje \u201eDuomen\u0173 tvarkymo tikslas \u2013 duomen\u0173 tvarkymo metodai\u201c nurodytiems subjektams, bet ir teisminei institucijai, kad ji nustatyt\u0173 bet kokius tos institucijos padarytus pa\u017eeidimus.<\/p>\n<p>\u00a0<\/p>\n<p><strong>Suinteresuot\u0173j\u0173 \u0161ali\u0173 teis\u0117s<br \/><\/strong>Atsi\u017evelgiant \u012f duomenis, tvarkomus pagal \u0161i\u0105 informacij\u0105, jums suteikiama teis\u0117 bet kuriuo metu:<\/p>\n<ul>\n<li>Prieiga (ES reglamento Nr. 2016\/679 15 straipsnis) \u2013 teis\u0117 pra\u0161yti duomen\u0173 valdytojo patvirtinimo, kad jo duomenys tvarkomi, ir j\u012f gauti, taip pat prieiga prie duomen\u0173, susijusi\u0173 su suinteresuot\u0105ja \u0161alimi (tarp duomen\u0173 tvarkymo tikslo ir tvarkom\u0173 duomen\u0173 kategorij\u0173);<\/li>\n<li>i\u0161taisymas (ES reglamento Nr. 2016\/679 16 straipsnis) \u2013 galite pra\u0161yti duomen\u0173 valdytojo i\u0161taisyti, pakeisti, integruoti j\u016bs\u0173 asmens duomenis;<\/li>\n<li>i\u0161trynimas (ES reglamento Nr. 2016\/679 17 straipsnis) \u2013 suteikiama galimyb\u0117 reikalauti, kad j\u016bs\u0173 duomenys b\u016bt\u0173 i\u0161trinti nepagr\u012fstai nedelsiant (vadinamoji teis\u0117 b\u016bti pamir\u0161tam);<\/li>\n<li>apribojimas (ES reglamento Nr. 2016\/679 18 straipsnis) \u2013 teis\u0117 reikalauti apriboti duomen\u0173 subjekto duomen\u0173 tvarkym\u0105, pavyzd\u017eiui, integruoti naudojim\u0105si 16 straipsnyje nurodyta teise tiek laiko, kiek reikia duomen\u0173 teisingumui patikrinti;<\/li>\n<li>perkeliamumas (ES reglamento Nr. 2016\/679 20 straipsnis) \u2013 leid\u017eia suinteresuotajam asmeniui gauti su juo susijusius asmens duomenis, kad jis gal\u0117t\u0173 juos perduoti kitam duomen\u0173 valdytojui;<\/li>\n<li>\u2013 Prie\u0161taravimas duomen\u0173 tvarkymui (ES reglamento Nr. 2016\/679 21 straipsnis) \u2013 leid\u017eia suinteresuotajam asmeniui prie\u0161tarauti su juo susijusi\u0173 asmens duomen\u0173 tvarkymui.<\/li>\n<\/ul>\n<p>Naudojimasis savo teis\u0117mis gali b\u016bti vykdomas ra\u0161tu siun\u010diant prane\u0161im\u0105 \u0161iuo adresu: Piazza della Trivulziana 4\/A arba e. pa\u0161tu <a href=\"mailto:privacy@italbiotec.it\">privacy@italbiotec.it<\/a><\/p>\n<p>\u00a0<\/p>\n<p><strong>Sutikimo at\u0161aukimas<\/strong><br \/>J\u016bs bet kuriuo metu turite teis\u0119 at\u0161aukti savo sutikim\u0105, nedarant poveikio duomen\u0173 tvarkymo teis\u0117tumui, remiantis sutikimu, duotu prie\u0161 at\u0161aukim\u0105.<\/p>\n<p>\u00a0<\/p>\n<p><strong>Skundas<\/strong><br \/>Atminkite, kad pagal ES reglamento Nr. 2016\/679 77 straipsn\u012f S.V. gali pateikti skund\u0105 Garant\u0173 institucijai, jei pa\u017eeid\u017eiami galiojantys teis\u0117s aktai d\u0117l asmens duomen\u0173 apsaugos.<\/p>\n<p>\u00a0<\/p>\n<p><strong>Sutikimas su Asmens duomen\u0173 tvarkymo reglamentu (ES) 2016\/679<\/strong><br \/>Naudotojas buvo informuotas:<\/p>\n<ul>\n<li>duomen\u0173 valdytojo tapatyb\u0117;<\/li>\n<li>apie priemon\u0119, metodus, kuriais atliekamas perdirbimas<\/li>\n<li>duomen\u0173 tvarkymo tikslus, d\u0117l kuri\u0173 ketinama tvarkyti asmens duomenis;<\/li>\n<li>apie teis\u0119 at\u0161aukti sutikim\u0105, kaip nurodyta \u0161ioje informacijoje, parengtoje pagal Reglamento (ES) 2016\/679 13 straipsn\u012f, pa\u017eym\u0117dama atitinkam\u0105 langel\u012f \u201ePerskai\u010diau ir sutinku su s\u0105lygomis\u201c<\/li>\n<\/ul>\n<p>\u00a0<\/p>\n<p><strong>DECLARE<br \/><\/strong>kad gavau ir perskai\u010diau \u0161i\u0105 informacij\u0105 ir<\/p>\n<p>\u00a0<\/p>\n<p><strong>SUSITARIA<br \/><\/strong>pagal Reglamento (ES) 2016\/679 7 ir paskesnius straipsnius ir j\u0173 tikslais tvarkyti asmens duomenis \u0161ioje informacijoje nustatytu b\u016bdu ir neper\u017eengiant joje nustatyt\u0173 rib\u0173.<\/p>\n<p>\n<\/div><\/div><\/div><\/div><\/div><\/div><\/div><!-- cell_inner --><\/div><!-- cell --><\/div><!-- port --><\/section><\/p>","protected":false},"excerpt":{"rendered":"","protected":false},"author":1,"featured_media":0,"parent":0,"menu_order":0,"comment_status":"closed","ping_status":"open","template":"","meta":{"footnotes":""},"class_list":["post-3","page","type-page","status-publish","hentry"],"_links":{"self":[{"href":"https:\/\/impact-acmproject.eu\/lt\/wp-json\/wp\/v2\/pages\/3","targetHints":{"allow":["GET"]}}],"collection":[{"href":"https:\/\/impact-acmproject.eu\/lt\/wp-json\/wp\/v2\/pages"}],"about":[{"href":"https:\/\/impact-acmproject.eu\/lt\/wp-json\/wp\/v2\/types\/page"}],"author":[{"embeddable":true,"href":"https:\/\/impact-acmproject.eu\/lt\/wp-json\/wp\/v2\/users\/1"}],"replies":[{"embeddable":true,"href":"https:\/\/impact-acmproject.eu\/lt\/wp-json\/wp\/v2\/comments?post=3"}],"version-history":[{"count":15,"href":"https:\/\/impact-acmproject.eu\/lt\/wp-json\/wp\/v2\/pages\/3\/revisions"}],"predecessor-version":[{"id":3842,"href":"https:\/\/impact-acmproject.eu\/lt\/wp-json\/wp\/v2\/pages\/3\/revisions\/3842"}],"wp:attachment":[{"href":"https:\/\/impact-acmproject.eu\/lt\/wp-json\/wp\/v2\/media?parent=3"}],"curies":[{"name":"wp","href":"https:\/\/api.w.org\/{rel}","templated":true}]}}