{"id":3768,"date":"2024-01-16T10:10:32","date_gmt":"2024-01-16T09:10:32","guid":{"rendered":"https:\/\/impact-acmproject.eu\/cookie-policy-ue\/"},"modified":"2024-12-04T10:21:19","modified_gmt":"2024-12-04T09:21:19","slug":"cookie-policy-ue","status":"publish","type":"page","link":"https:\/\/impact-acmproject.eu\/hu\/cookie-policy-ue\/","title":{"rendered":"Cookie szab\u00e1lyzat (UE)"},"content":{"rendered":"<p><section data-bb-version=\"4.7.6\" id=\"bt_bb_section69eb91c67111a\" class=\"bt_bb_section bt_bb_layout_boxed_1200\"  data-bt-override-class=\"null\"><div class=\"bt_bb_port\"><div class=\"bt_bb_cell\"><div class=\"bt_bb_cell_inner\"><div class=\"bt_bb_row\"  data-bt-override-class=\"{}\"><div class=\"bt_bb_row_holder\" ><div data-bb-version=\"4.7.6\"  class=\"bt_bb_column col-xxl-12 col-xl-12 col-xs-12 col-sm-12 col-md-12 col-lg-12 bt_bb_vertical_align_top bt_bb_align_left bt_bb_padding_normal\" style=\"; --column-width:12;\" data-width=\"12\" data-bt-override-class=\"{}\"><div class=\"bt_bb_column_content\"><div class=\"bt_bb_column_content_inner\"><\/div><\/div><\/div><\/div><\/div><\/div><!-- cell_inner --><\/div><!-- cell --><\/div><!-- port --><\/section><section data-bb-version=\"4.7.6\" id=\"bt_bb_section69eb91c6716e2\" class=\"bt_bb_section bt_bb_color_scheme_1 bt_bb_layout_boxed_1200 bt_bb_vertical_align_top bt_bb_background_overlay_dark_solid bt_bb_bottom_section_coverage_image bt_bb_section_with_bottom_coverage_image bt_bb_top_spacing_large bt_bb_bottom_spacing_large\" style=\"; --section-primary-color:#ffffff; --section-secondary-color:#191919;;background-color:rgb(34,64,96);\" data-bt-override-class=\"{&quot;bt_bb_top_spacing_&quot;:{&quot;current_class&quot;:&quot;bt_bb_top_spacing_large&quot;,&quot;def&quot;:&quot;large&quot;},&quot;bt_bb_bottom_spacing_&quot;:{&quot;current_class&quot;:&quot;bt_bb_bottom_spacing_large&quot;,&quot;def&quot;:&quot;large&quot;}}\"><div class=\"bt_bb_port\"><div class=\"bt_bb_cell\"><div class=\"bt_bb_cell_inner\"><div class=\"bt_bb_row\"  data-bt-override-class=\"{}\"><div class=\"bt_bb_row_holder\" ><div  class=\"bt_bb_column col-xxl-7 col-xl-7 bt_bb_vertical_align_middle bt_bb_align_left bt_bb_padding_normal bt_bb_animation_fade_in animate\" style=\"; --column-width:7;\" data-width=\"7\" data-bt-override-class=\"{}\"><div class=\"bt_bb_column_content\"><div class=\"bt_bb_column_content_inner\"><div class=\"bt_bb_separator bt_bb_border_style_none bt_bb_border_color_none bt_bb_bottom_spacing_large\" data-bt-override-class=\"null\"><\/div><header data-bb-version=\"4.7.6\" class=\"bt_bb_headline bt_bb_subheadline_text_transform_default bt_bb_dash_none bt_bb_size_large bt_bb_align_inherit\" data-bt-override-class=\"{&quot;bt_bb_size_&quot;:{&quot;current_class&quot;:&quot;bt_bb_size_large&quot;,&quot;def&quot;:&quot;large&quot;},&quot;bt_bb_align_&quot;:{&quot;current_class&quot;:&quot;bt_bb_align_inherit&quot;,&quot;def&quot;:&quot;inherit&quot;}}\"><h1 class=\"bt_bb_headline_tag\"><span class=\"bt_bb_headline_content\"><span>S\u00fctihaszn\u00e1lati szab\u00e1lyzat<\/span><\/span><\/h1><\/header><div class=\"bt_bb_separator bt_bb_border_style_none bt_bb_border_color_none bt_bb_bottom_spacing_large\" data-bt-override-class=\"null\"><\/div><\/div><\/div><\/div><div  class=\"bt_bb_column col-xxl-5 col-xl-5 bt_bb_vertical_align_top bt_bb_align_left bt_bb_padding_normal\" style=\"; --column-width:5;\" data-width=\"5\" data-bt-override-class=\"{}\"><div class=\"bt_bb_column_content\"><div class=\"bt_bb_column_content_inner\"><\/div><\/div><\/div><\/div><\/div><\/div><!-- cell_inner --><\/div><!-- cell --><\/div><!-- port --><div class=\"bt_bb_section_bottom_section_coverage_image\"><img decoding=\"async\" src=\"https:\/\/impact-acmproject.eu\/wp-content\/uploads\/2023\/11\/bottom-cover.png\" alt=\"bt_bb_section_bottom_section_coverage_image\" \/><\/div><\/section><section data-bb-version=\"4.7.6\" id=\"bt_bb_section69eb91c6718d5\" class=\"bt_bb_section bt_bb_layout_boxed_1200\"  data-bt-override-class=\"null\"><div class=\"bt_bb_port\"><div class=\"bt_bb_cell\"><div class=\"bt_bb_cell_inner\"><div class=\"bt_bb_row\"  data-bt-override-class=\"{}\"><div class=\"bt_bb_row_holder\" ><div data-bb-version=\"4.7.6\"  class=\"bt_bb_column col-xxl-12 col-xl-12 col-xs-12 col-sm-12 col-md-12 col-lg-12 bt_bb_vertical_align_top bt_bb_align_left bt_bb_padding_normal\" style=\"; --column-width:12;\" data-width=\"12\" data-bt-override-class=\"{}\"><div class=\"bt_bb_column_content\"><div class=\"bt_bb_column_content_inner\"><div data-bb-version=\"4.7.6\" class=\"bt_bb_separator bt_bb_border_style_none bt_bb_border_color_none bt_bb_top_spacing_large bt_bb_bottom_spacing_none\" data-bt-override-class=\"{&quot;bt_bb_top_spacing_&quot;:{&quot;current_class&quot;:&quot;bt_bb_top_spacing_large&quot;,&quot;def&quot;:&quot;large&quot;},&quot;bt_bb_bottom_spacing_&quot;:{&quot;current_class&quot;:&quot;bt_bb_bottom_spacing_none&quot;,&quot;def&quot;:&quot;none&quot;}}\"><\/div><div data-bb-version=\"4.7.6\"  class=\"bt_bb_text\" ><\/p>\n<p><strong>Mik azok a cookie-k?<br \/>\n<\/strong>A cookie-k kism\u00e9ret\u0171 sz\u00f6veges f\u00e1jlok, amelyeket a felhaszn\u00e1l\u00f3 eszk\u00f6z\u00e9re (PC, okostelefon, tablet\u2026) t\u00f6ltenek le, amikor megl\u00e1togat egy weboldalt. Minden k\u00e9s\u0151bbi l\u00e1togat\u00e1skor a cookie-kat visszak\u00fcldik az azokat l\u00e9trehoz\u00f3 webhelyre (els\u0151 f\u00e9lt\u0151l sz\u00e1rmaz\u00f3 cookie-k) vagy egy m\u00e1sik webhelyre, amely felismeri \u0151ket (harmadik f\u00e9lt\u0151l sz\u00e1rmaz\u00f3 cookie-k). A cookie-k lehet\u0151v\u00e9 teszik a weboldal sz\u00e1m\u00e1ra, hogy felismerje a felhaszn\u00e1l\u00f3 eszk\u00f6z\u00e9t. K\u00fcl\u00f6nb\u00f6z\u0151 c\u00e9ljaik vannak, p\u00e9ld\u00e1ul lehet\u0151v\u00e9 teszik, hogy hat\u00e9konyan navig\u00e1ljon az oldalak k\u00f6z\u00f6tt, eml\u00e9kezzen kedvenc webhelyeire, \u00e9s \u00e1ltal\u00e1ban jav\u00edtsa a b\u00f6ng\u00e9sz\u00e9si \u00e9lm\u00e9nyt. Seg\u00edtenek annak biztos\u00edt\u00e1s\u00e1ban is, hogy az online megjelen\u00edtett hirdet\u00e9si tartalom c\u00e9lzottabb legyen a felhaszn\u00e1l\u00f3 sz\u00e1m\u00e1ra, \u00e9s megfeleljen az \u00e9rdekl\u0151d\u00e9si k\u00f6r\u00e9nek (c\u00e9lzott cookie-k vagy profiloz\u00f3 cookie-k). A cookie-k korl\u00e1tozott id\u0151tartam\u00faak lehetnek egyetlen b\u00f6ng\u00e9sz\u00e9si munkamenetben, \u00e9s ebben az esetben a b\u00f6ng\u00e9sz\u0151 bez\u00e1r\u00e1sakor automatikusan deaktiv\u00e1l\u00f3dnak; vagy el\u0151re meghat\u00e1rozott lej\u00e1rattal rendelkezhetnek, \u00e9s ebben az esetben a lej\u00e1ratig a felhaszn\u00e1l\u00f3 eszk\u00f6z\u00e9n maradnak t\u00e1rolva \u00e9s akt\u00edvak, \u00e9s tov\u00e1bbra is inform\u00e1ci\u00f3kat gy\u0171jtenek a b\u00f6ng\u00e9sz\u0151 k\u00fcl\u00f6nb\u00f6z\u0151 b\u00f6ng\u00e9sz\u00e9si munkamenetei sor\u00e1n. L\u00e9teznek m\u00e1s, a cookie-khoz hasonl\u00f3 c\u00e9l\u00fa inform\u00e1ci\u00f3gy\u0171jt\u00e9si technol\u00f3gi\u00e1k is, amelyeket a felhaszn\u00e1l\u00f3 eszk\u00f6z\u00e9n (p\u00e9ld\u00e1ul k\u00e9ppontokon) t\u00e1rolnak. Ebben az inform\u00e1ci\u00f3ban a cookie kifejez\u00e9st a fentiekben le\u00edrt cookie-kra \u00e9s b\u00e1rmely m\u00e1s gy\u0171jt\u00e9si technol\u00f3gi\u00e1ra val\u00f3 hivatkoz\u00e1ssal haszn\u00e1ljuk, azzal a c\u00e9llal, hogy \u00fatmutat\u00e1st ny\u00fajtsunk a Felhaszn\u00e1l\u00f3nak a cookie-k \u00e9s m\u00e1s hasonl\u00f3 technol\u00f3gi\u00e1k meg\u00e9rt\u00e9s\u00e9hez, p\u00e9ld\u00e1ul \u00e9s mi\u00e9rt haszn\u00e1lj\u00e1k \u0151ket, milyen jogokat ismernek fel a Felhaszn\u00e1l\u00f3k sz\u00e1m\u00e1ra, \u00e9s milyen d\u00f6nt\u00e9seket hozhatnak haszn\u00e1latukkal kapcsolatban.<\/p>\n<p>&nbsp;<\/p>\n<p><strong>Cookie-k \u00e9s hasonl\u00f3 technol\u00f3gi\u00e1k \u2013 fogalommeghat\u00e1roz\u00e1sok<br \/>\n<\/strong>Cookie-k: kism\u00e9ret\u0171 (\u00e1ltal\u00e1ban bet\u0171kb\u0151l \u00e9s sz\u00e1mokb\u00f3l \u00e1ll\u00f3) sz\u00f6veges f\u00e1jlok, amelyeket a felhaszn\u00e1l\u00f3 \u00e1ltal megl\u00e1togatott weboldalak (az \u00fagynevezett \u201eels\u0151 f\u00e9l\u201d) vagy k\u00fcl\u00f6nb\u00f6z\u0151 weboldalak vagy webszerverek (az \u00fagynevezett \u201eharmadik felek\u201d) helyeznek el \u00e9s t\u00e1rolnak a felhaszn\u00e1l\u00f3 \u00e1ltal b\u00f6ng\u00e9sz\u00e9sre haszn\u00e1lt b\u00f6ng\u00e9sz\u0151ben b\u00e1rmely olyan v\u00e9gberendez\u00e9sen, amely k\u00e9pes inform\u00e1ci\u00f3kat t\u00e1rolni.<\/p>\n<p>Egy\u00e9b technol\u00f3gi\u00e1k: olyan technol\u00f3gi\u00e1k, amelyek adatokat t\u00e1rolnak a Felhaszn\u00e1l\u00f3 \u00e1ltal haszn\u00e1lt b\u00f6ng\u00e9sz\u0151ben vagy eszk\u00f6z\u00f6n helyileg megosztott objektumok vagy helyi t\u00e1rol\u00e1s haszn\u00e1lat\u00e1val, p\u00e9ld\u00e1ul flash cookie-k, HTML 5 cookie-k \u00e9s egy\u00e9b webalkalmaz\u00e1si szoftverm\u00f3dszerek. Ezek a technol\u00f3gi\u00e1k minden b\u00f6ng\u00e9sz\u0151ben m\u0171k\u00f6dnek. Bizonyos esetekben a helyi t\u00e1rhely haszn\u00e1lat\u00e1t a b\u00f6ng\u00e9sz\u0151k nem tudj\u00e1k teljes m\u00e9rt\u00e9kben kezelni, hanem speci\u00e1lis eszk\u00f6z\u00f6kkel kell kezelni.<\/p>\n<p>&nbsp;<\/p>\n<p><strong>A cookie-k kateg\u00f3ri\u00e1i<br \/>\n<\/strong>A cookie-kat c\u00e9ljuk, id\u0151tartamuk \u00e9s a cookie tulajdonosa alapj\u00e1n lehet megk\u00fcl\u00f6nb\u00f6ztetni.<\/p>\n<ul>\n<li>A c\u00e9l szerint megk\u00fcl\u00f6nb\u00f6ztetett cookie-k azok a cookie-k, amelyek a felhaszn\u00e1l\u00f3 eszk\u00f6z\u00e9re telep\u00edthet\u0151k a k\u00f6vetkez\u0151k \u00e9rdek\u00e9ben:\n<ol>\n<li>a weboldal \u00e9s a szolg\u00e1ltat\u00e1sok m\u0171k\u00f6d\u00e9s\u00e9nek biztos\u00edt\u00e1sa, valamint annak garant\u00e1l\u00e1sa, hogy a Felhaszn\u00e1l\u00f3 kihaszn\u00e1lhassa azok funkci\u00f3it, az \u00fagynevezett technikai cookie-kat;<\/li>\n<li>lehet\u0151v\u00e9 teszi a webhely \u00e9s az \u00e1ltala k\u00edn\u00e1lt szolg\u00e1ltat\u00e1sok teljes\u00edt\u00e9s\u00e9t <a href=\"https:\/\/impact-acmproject.eu\/hu\/\">https:\/\/impact-acmproject.eu\/<\/a> jav\u00edtani kell, valamint \u00e9rt\u00e9kelni kell a Webhelyen kereszt\u00fcl k\u00edn\u00e1lt szolg\u00e1ltat\u00e1s hat\u00e9konys\u00e1g\u00e1t, az \u00fagynevezett analitikai cookie-kat;<\/li>\n<li>lehet\u0151v\u00e9 teszi a Konzorcium vagy harmadik felek sz\u00e1m\u00e1ra, hogy c\u00e9lzott hirdet\u00e9seket ir\u00e1ny\u00edtsanak vagy a Felhaszn\u00e1l\u00f3 \u00e9rdekeivel \u00f6sszhangban, hozz\u00e1j\u00e1rul\u00e1s f\u00fcggv\u00e9ny\u00e9ben, \u00fagynevezett profilalkot\u00e1si cookie-kat.<\/li>\n<\/ol>\n<\/li>\n<\/ul>\n<ul>\n<li>Az id\u0151tartamuk alapj\u00e1n megk\u00fcl\u00f6nb\u00f6ztethet\u0151 cookie-k azok a cookie-k, amelyek a munkamenet id\u0151tartama alatt (azaz a webhely b\u00f6ng\u00e9sz\u00e9s\u00e9hez haszn\u00e1lt b\u00f6ng\u00e9sz\u0151 bez\u00e1r\u00e1s\u00e1ig vagy a szolg\u00e1ltat\u00e1s haszn\u00e1lat\u00e1nak megszak\u00edt\u00e1s\u00e1ig) az eszk\u00f6z b\u00f6ng\u00e9sz\u0151j\u00e9ben maradhatnak, \u00e9s ezeket munkamenet-cookie-knak nevezz\u00fck. Vagy hossz\u00fa ideig t\u00e1rolhat\u00f3k az eszk\u00f6z b\u00f6ng\u00e9sz\u0151j\u00e9ben, \u00e9s egyedi azonos\u00edt\u00f3 k\u00f3dot tartalmazhatnak, amelyeket \u00e1lland\u00f3 cookie-knak neveznek.<strong>\u00a0<\/strong><\/li>\n<\/ul>\n<ul>\n<li>A cookie-k a cookie-t birtokl\u00f3 entit\u00e1s alapj\u00e1n is megk\u00fcl\u00f6nb\u00f6ztethet\u0151k (els\u0151 f\u00e9lt\u0151l sz\u00e1rmaz\u00f3 cookie-k \u00e9s harmadik f\u00e9lt\u0151l sz\u00e1rmaz\u00f3 cookie-k).<\/li>\n<\/ul>\n<p>A cookie-k az oldal \u00e9s a szolg\u00e1ltat\u00e1s kezel\u0151j\u00e9nek tulajdon\u00e1t k\u00e9pezhetik, ez\u00e9rt azokat ez ut\u00f3bbi telep\u00edti a felhaszn\u00e1l\u00f3 eszk\u00f6z\u00e9nek b\u00f6ng\u00e9sz\u0151j\u00e9ben, az \u00fagynevezett bels\u0151 cookie-k. El\u0151fordulhat, hogy egy webhely olyan cookie-kat tartalmaz, amelyek m\u00e1s webhelyekr\u0151l sz\u00e1rmaznak, harmadik felek tulajdon\u00e1ban vannak, \u00e9s mag\u00e1ban a webhelyen t\u00e1rolt k\u00fcl\u00f6nb\u00f6z\u0151 elemekben tal\u00e1lhat\u00f3k (p\u00e9ld\u00e1ul rekl\u00e1m bannerek, k\u00e9pek, vide\u00f3k, hangok\u2026), \u00e9s ebben az esetben ezek \u00fagynevezett harmadik f\u00e9lt\u0151l sz\u00e1rmaz\u00f3 cookie-k.<strong>\u00a0<\/strong><\/p>\n<p>&nbsp;<\/p>\n<p><strong>A weboldal \u00e1ltal haszn\u00e1lt cookie-k<br \/>\n<\/strong>A l\u00e1togat\u00e1s <a href=\"https:\/\/impact-acmproject.eu\/hu\/\">https:\/\/impact-acmproject.eu\/<\/a> A weboldal cookie-kat haszn\u00e1l a felhaszn\u00e1l\u00f3i \u00e9lm\u00e9ny jav\u00edt\u00e1sa \u00e9rdek\u00e9ben. A webhely a k\u00f6vetkez\u0151ket haszn\u00e1lja: technikai navig\u00e1ci\u00f3s cookie-k, analitikai cookie-k \u00e9s profilalkot\u00e1si cookie-k marketing c\u00e9lokra.<br \/>\nA felhaszn\u00e1l\u00f3 b\u00e1rmikor kezelheti preferenci\u00e1it, vagy elutas\u00edthatja a cookie-k telep\u00edt\u00e9s\u00e9t.<\/p>\n<p>A felhaszn\u00e1l\u00f3 b\u00e1rmikor kezelheti preferenci\u00e1it, vagy elutas\u00edthatja a cookie-k telep\u00edt\u00e9s\u00e9t.<\/p>\n<p style=\"text-align: left;\">\n<div id=\"cmplz-cookies-overview\"><\/div>\n<\/p>\n<p>&nbsp;<\/p>\n<p><strong>A cookie-kon kereszt\u00fcl gy\u0171jt\u00f6tt szem\u00e9lyes adatok meg\u0151rz\u00e9si ideje<br \/>\n<\/strong>A cookie-k seg\u00edts\u00e9g\u00e9vel gy\u0171jt\u00f6tt inform\u00e1ci\u00f3kat \u00e9s adatokat szigor\u00faan az egyes cookie-k telep\u00edt\u00e9si c\u00e9ljainak el\u00e9r\u00e9s\u00e9hez sz\u00fcks\u00e9ges ideig t\u00e1roljuk.<\/p>\n<p>Az els\u0151 \u00e9s harmadik f\u00e9lt\u0151l sz\u00e1rmaz\u00f3 cookie-k haszn\u00e1lat\u00e1val szerzett inform\u00e1ci\u00f3k t\u00e1rol\u00e1s\u00e1val kapcsolatos konkr\u00e9t inform\u00e1ci\u00f3khoz val\u00f3 hozz\u00e1f\u00e9r\u00e9shez \u00e9s preferenci\u00e1ik kezel\u00e9s\u00e9hez a Felhaszn\u00e1l\u00f3 b\u00e1rmikor hozz\u00e1f\u00e9rhet a cookie-k\u00f6zponthoz.<\/p>\n<p>&nbsp;<\/p>\n<p><strong>\u00a0<\/strong><strong>Felhaszn\u00e1l\u00f3i jogok \u00e9s a cookie-be\u00e1ll\u00edt\u00e1sok kezel\u00e9se<br \/>\n<\/strong>A Felhaszn\u00e1l\u00f3t megilletik az (EU) 2016\/679 rendelet (\u00fagynevezett GDPR) \u00e1ltal biztos\u00edtott jogok, bele\u00e9rtve a hozz\u00e1f\u00e9r\u00e9shez, a tiltakoz\u00e1shoz, a t\u00f6rl\u00e9shez val\u00f3 jogot, valamint a cookie-k haszn\u00e1lat\u00e1val kapcsolatos d\u00f6nt\u00e9seinek b\u00e1rmikori m\u00f3dos\u00edt\u00e1s\u00e1t a cookie-k\u00f6zponton kereszt\u00fcl. A felhaszn\u00e1l\u00f3 jogaival \u00e9s jogaik gyakorl\u00e1s\u00e1nak m\u00f3dj\u00e1val kapcsolatos tov\u00e1bbi inform\u00e1ci\u00f3k\u00e9rt \u00e9s r\u00e9szletek\u00e9rt tekintse meg a teljes adatv\u00e9delmi szab\u00e1lyzatot (illessze be a linket az \u201eadatv\u00e9delmi szab\u00e1lyzat\u201d gombra kattintva).<\/p>\n<p><strong>\u00a0<\/strong><\/p>\n<p><strong>Cookie-k letilt\u00e1sa a b\u00f6ng\u00e9sz\u0151b\u0151l<br \/>\n<\/strong>A Felhaszn\u00e1l\u00f3 amellett, hogy letiltja a cookie-kat a cookie-k\u00f6zponton kereszt\u00fcl, be\u00e1ll\u00edthatja b\u00f6ng\u00e9sz\u0151j\u00e9t \u00fagy, hogy korl\u00e1tozza az elfogadott cookie-k sz\u00e1m\u00e1t, blokkolja az \u00f6sszes cookie-t vagy t\u00f6r\u00f6lje azokat a b\u00f6ng\u00e9sz\u0151 be\u00e1ll\u00edt\u00e1saib\u00f3l az al\u00e1bbi m\u00f3dokon:<\/p>\n<ol>\n<li>Microsoft Internet Explorer<br \/>\nKattintson az eszk\u00f6z\u00f6k ikonra a jobb fels\u0151 sarokban, \u00e9s v\u00e1lassza ki az internetes lehet\u0151s\u00e9geket. Megjelenik egy felugr\u00f3 ablak, v\u00e1lassza a Privacy lehet\u0151s\u00e9get. Ebben a r\u00e9szben a Felhaszn\u00e1l\u00f3 megv\u00e1ltoztathatja a cookie-be\u00e1ll\u00edt\u00e1sokat.Link: <a href=\"http:\/\/windows.microsoft.com\/it-it\/internet-explorer\/delete-manage-cookies#ie=ie-11-win-7\">http:\/\/windows.microsoft.com\/it-it\/internet-explorer\/delete-manage-cookies#ie=ie-11-win-7<\/a><\/li>\n<li>Google Chrome<br \/>\nKattintson a csavarkulcs ikonra a jobb fels\u0151 sarokban, \u00e9s v\u00e1lassza ki a be\u00e1ll\u00edt\u00e1sokat. Ezut\u00e1n v\u00e1lassza a Speci\u00e1lis be\u00e1ll\u00edt\u00e1sok megjelen\u00edt\u00e9se lehet\u0151s\u00e9get. Ebben a r\u00e9szben a Felhaszn\u00e1l\u00f3 megv\u00e1ltoztathatja a cookie-be\u00e1ll\u00edt\u00e1sokat.Link: <a href=\"https:\/\/support.google.com\/accounts\/topic\/2373959?hl=it&amp;ref_topic=2373957\">https:\/\/support.google.com\/accounts\/topic\/2373959?hl=it&amp;ref_topic=2373957<\/a><\/li>\n<li>Mozilla Firefox<br \/>\nA bal fels\u0151 sarokban l\u00e9v\u0151 leg\u00f6rd\u00fcl\u0151 men\u00fcb\u0151l v\u00e1lassza ki a be\u00e1ll\u00edt\u00e1sokat. Az el\u0151ugr\u00f3 ablakban v\u00e1lassza az adatv\u00e9delem lehet\u0151s\u00e9get, \u00e9s a r\u00e9szben m\u00f3dos\u00edthatja a cookie-be\u00e1ll\u00edt\u00e1sokat.Link: <a href=\"https:\/\/support.mozilla.org\/it\/kb\/Attivare%20e%20disattivare%20i%20cookie#firefox:win7:fx38\">https:\/\/support.mozilla.org\/it\/kb\/Attivare%20e%20disattivare%20i%20cookie#firefox:win7:fx38<\/a><\/li>\n<li>Szafarik<br \/>\nA jobb fels\u0151 sarokban tal\u00e1lhat\u00f3 leg\u00f6rd\u00fcl\u0151 men\u00fcb\u0151l v\u00e1lassza ki a be\u00e1ll\u00edt\u00e1sokat. Ezut\u00e1n v\u00e1lassza ki a biztons\u00e1got, \u00e9s ebben a r\u00e9szben a felhaszn\u00e1l\u00f3 m\u00f3dos\u00edthatja a cookie-be\u00e1ll\u00edt\u00e1sokat.Link: <a href=\"https:\/\/support.apple.com\/it-it\/HT201265\">https:\/\/support.apple.com\/it-it\/HT201265<\/a><\/li>\n<\/ol>\n<p><strong>\u00a0<\/strong><\/p>\n<p><strong>\u00a0<\/strong><strong>Adatkezel\u0151 \u00e9s el\u00e9rhet\u0151s\u00e9gei<\/strong><strong><br \/>\n<\/strong>Az adatkezel\u0151 az <strong>Italbiotec konzorcium<\/strong> (C.F.\/h\u00e9asz\u00e1m: 02429600121), sz\u00e9khelye: Mil\u00e1n\u00f3, Piazza della Trivulziana 4\/A, jogi k\u00e9pvisel\u0151je pro tem; pec: consorzio@pec.italbiotec.it. A Felhaszn\u00e1l\u00f3 b\u00e1rmikor t\u00e1j\u00e9koztat\u00e1st vagy pontos\u00edt\u00e1st k\u00e9rhet a fent eml\u00edtett c\u00edmre vagy az Adatv\u00e9delmi Szab\u00e1lyzatban megjel\u00f6lt tov\u00e1bbi m\u00f3dokon (<a href=\"https:\/\/impact-acmproject.eu\/hu\/privacy-policy\/\">https:\/\/impact-acmproject.eu\/privacy-policy\/<\/a>).<\/p>\n<p>&nbsp;<\/p>\n<p>&nbsp;<\/p>\n<p>\n<\/div><\/div><\/div><\/div><\/div><\/div><\/div><!-- cell_inner --><\/div><!-- cell --><\/div><!-- port --><\/section><\/p>","protected":false},"excerpt":{"rendered":"","protected":false},"author":2,"featured_media":0,"parent":0,"menu_order":0,"comment_status":"closed","ping_status":"closed","template":"","meta":{"footnotes":""},"class_list":["post-3768","page","type-page","status-publish","hentry"],"_links":{"self":[{"href":"https:\/\/impact-acmproject.eu\/hu\/wp-json\/wp\/v2\/pages\/3768","targetHints":{"allow":["GET"]}}],"collection":[{"href":"https:\/\/impact-acmproject.eu\/hu\/wp-json\/wp\/v2\/pages"}],"about":[{"href":"https:\/\/impact-acmproject.eu\/hu\/wp-json\/wp\/v2\/types\/page"}],"author":[{"embeddable":true,"href":"https:\/\/impact-acmproject.eu\/hu\/wp-json\/wp\/v2\/users\/2"}],"replies":[{"embeddable":true,"href":"https:\/\/impact-acmproject.eu\/hu\/wp-json\/wp\/v2\/comments?post=3768"}],"version-history":[{"count":9,"href":"https:\/\/impact-acmproject.eu\/hu\/wp-json\/wp\/v2\/pages\/3768\/revisions"}],"predecessor-version":[{"id":3845,"href":"https:\/\/impact-acmproject.eu\/hu\/wp-json\/wp\/v2\/pages\/3768\/revisions\/3845"}],"wp:attachment":[{"href":"https:\/\/impact-acmproject.eu\/hu\/wp-json\/wp\/v2\/media?parent=3768"}],"curies":[{"name":"wp","href":"https:\/\/api.w.org\/{rel}","templated":true}]}}