{"id":3,"date":"2023-08-31T13:00:16","date_gmt":"2023-08-31T11:00:16","guid":{"rendered":"http:\/\/impact-acmproject.eu\/?page_id=3"},"modified":"2024-12-02T12:56:24","modified_gmt":"2024-12-02T11:56:24","slug":"privacy-policy","status":"publish","type":"page","link":"https:\/\/impact-acmproject.eu\/hu\/privacy-policy\/","title":{"rendered":"Adatkezel\u00e9si t\u00e1j\u00e9koztat\u00f3"},"content":{"rendered":"<p><section data-bb-version=\"4.7.6\" id=\"bt_bb_section69eb8e1cd3ba0\" class=\"bt_bb_section bt_bb_layout_boxed_1200\"  data-bt-override-class=\"null\"><div class=\"bt_bb_port\"><div class=\"bt_bb_cell\"><div class=\"bt_bb_cell_inner\"><div class=\"bt_bb_row\"  data-bt-override-class=\"{}\"><div class=\"bt_bb_row_holder\" ><div data-bb-version=\"4.7.6\"  class=\"bt_bb_column col-xxl-12 col-xl-12 col-xs-12 col-sm-12 col-md-12 col-lg-12 bt_bb_vertical_align_top bt_bb_align_left bt_bb_padding_normal\" style=\"; --column-width:12;\" data-width=\"12\" data-bt-override-class=\"{}\"><div class=\"bt_bb_column_content\"><div class=\"bt_bb_column_content_inner\"><\/div><\/div><\/div><\/div><\/div><\/div><!-- cell_inner --><\/div><!-- cell --><\/div><!-- port --><\/section><section data-bb-version=\"4.7.6\" id=\"bt_bb_section69eb8e1cd415a\" class=\"bt_bb_section bt_bb_color_scheme_1 bt_bb_layout_boxed_1200 bt_bb_vertical_align_top bt_bb_background_overlay_dark_solid bt_bb_bottom_section_coverage_image bt_bb_section_with_bottom_coverage_image bt_bb_top_spacing_large bt_bb_bottom_spacing_large\" style=\"; --section-primary-color:#ffffff; --section-secondary-color:#191919;;background-color:rgb(51,42,43);\" data-bt-override-class=\"{&quot;bt_bb_top_spacing_&quot;:{&quot;current_class&quot;:&quot;bt_bb_top_spacing_large&quot;,&quot;def&quot;:&quot;large&quot;},&quot;bt_bb_bottom_spacing_&quot;:{&quot;current_class&quot;:&quot;bt_bb_bottom_spacing_large&quot;,&quot;def&quot;:&quot;large&quot;}}\"><div class=\"bt_bb_port\"><div class=\"bt_bb_cell\"><div class=\"bt_bb_cell_inner\"><div class=\"bt_bb_row\"  data-bt-override-class=\"{}\"><div class=\"bt_bb_row_holder\" ><div  class=\"bt_bb_column col-xxl-7 col-xl-7 bt_bb_vertical_align_middle bt_bb_align_left bt_bb_padding_normal bt_bb_animation_fade_in animate\" style=\"; --column-width:7;\" data-width=\"7\" data-bt-override-class=\"{}\"><div class=\"bt_bb_column_content\"><div class=\"bt_bb_column_content_inner\"><div class=\"bt_bb_separator bt_bb_border_style_none bt_bb_border_color_none bt_bb_bottom_spacing_large\" data-bt-override-class=\"null\"><\/div><header data-bb-version=\"4.7.6\" class=\"bt_bb_headline bt_bb_subheadline_text_transform_default bt_bb_dash_none bt_bb_size_large bt_bb_align_inherit\" data-bt-override-class=\"{&quot;bt_bb_size_&quot;:{&quot;current_class&quot;:&quot;bt_bb_size_large&quot;,&quot;def&quot;:&quot;large&quot;},&quot;bt_bb_align_&quot;:{&quot;current_class&quot;:&quot;bt_bb_align_inherit&quot;,&quot;def&quot;:&quot;inherit&quot;}}\"><h1 class=\"bt_bb_headline_tag\"><span class=\"bt_bb_headline_content\"><span>Adatkezel\u00e9si t\u00e1j\u00e9koztat\u00f3<\/span><\/span><\/h1><\/header><div class=\"bt_bb_separator bt_bb_border_style_none bt_bb_border_color_none bt_bb_bottom_spacing_large\" data-bt-override-class=\"null\"><\/div><\/div><\/div><\/div><div  class=\"bt_bb_column col-xxl-5 col-xl-5 bt_bb_vertical_align_top bt_bb_align_left bt_bb_padding_normal\" style=\"; --column-width:5;\" data-width=\"5\" data-bt-override-class=\"{}\"><div class=\"bt_bb_column_content\"><div class=\"bt_bb_column_content_inner\"><\/div><\/div><\/div><\/div><\/div><\/div><!-- cell_inner --><\/div><!-- cell --><\/div><!-- port --><div class=\"bt_bb_section_bottom_section_coverage_image\"><img decoding=\"async\" src=\"https:\/\/impact-acmproject.eu\/wp-content\/uploads\/2023\/11\/bottom-cover.png\" alt=\"bt_bb_section_bottom_section_coverage_image\" \/><\/div><\/section><section data-bb-version=\"4.7.6\" id=\"bt_bb_section69eb8e1cd43a2\" class=\"bt_bb_section bt_bb_layout_boxed_1200\"  data-bt-override-class=\"null\"><div class=\"bt_bb_port\"><div class=\"bt_bb_cell\"><div class=\"bt_bb_cell_inner\"><div class=\"bt_bb_row\"  data-bt-override-class=\"{}\"><div class=\"bt_bb_row_holder\" ><div data-bb-version=\"4.7.6\"  class=\"bt_bb_column col-xxl-12 col-xl-12 col-xs-12 col-sm-12 col-md-12 col-lg-12 bt_bb_vertical_align_top bt_bb_align_left bt_bb_padding_normal\" style=\"; --column-width:12;\" data-width=\"12\" data-bt-override-class=\"{}\"><div class=\"bt_bb_column_content\"><div class=\"bt_bb_column_content_inner\"><div data-bb-version=\"4.7.6\"  class=\"bt_bb_text\" ><\/p>\n<p><strong>A HAT\u00c1SHELY-FELHASZN\u00c1L\u00d3K SZEM\u00c9LYES ADATAINAK AZ (EU) 2016\/679 RENDELET 13. CIKKE SZERINTI FELDOLGOZ\u00c1S\u00c1VAL KAPCSOLATOS INFORM\u00c1CI\u00d3K \u00c9S HOZZ\u00c1J\u00c1RUL\u00c1S<\/strong><\/p>\n<p><strong>El\u0151felt\u00e9tel<\/strong><br \/>Az Italbiotec Konzorcium ezeket az inform\u00e1ci\u00f3kat a konzorcium \u00e1ltal a https:\/\/impact-acmproject.eu\/ weboldal l\u00e1togat\u00e1sa \u00e9s b\u00f6ng\u00e9sz\u00e9se sor\u00e1n gy\u0171jt\u00f6tt szem\u00e9lyes adatok kezel\u00e9s\u00e9vel kapcsolatban adja meg. Ez az inform\u00e1ci\u00f3 kiz\u00e1r\u00f3lag az IMPACT weboldal\u00e1ra vonatkozik, \u00e9s nem vonatkozik azokra az oldalakra vagy online szolg\u00e1ltat\u00e1sokra, amelyek a weboldalon k\u00f6zz\u00e9tett hipertext linkeken kereszt\u00fcl \u00e9rhet\u0151k el. A felhaszn\u00e1l\u00f3k \u00e1ltal megadott szem\u00e9lyes adatok kezel\u00e9se az (EU) 2016\/679 rendelet rendelkez\u00e9seinek megfelel\u0151en t\u00f6rt\u00e9nik (r\u00f6viden: \u201eGDPR\u201d).<\/p>\n<p>\u00a0<\/p>\n<p><strong>Adatkezel\u0151:<br \/><\/strong>Adatkezel\u0151 az Italbiotec Konzorcium (C.F.\/\u00c1FA sz\u00e1m: 02429600121), sz\u00e9khelye: Mil\u00e1n\u00f3, Piazza della Trivulziana 4\/A, jogi k\u00e9pvisel\u0151je pro tempore pec: consorzio@pec.italbiotec.it<\/p>\n<p>\u00a0<\/p>\n<p><strong>Az adatkezel\u00e9s jogalapja<br \/><\/strong>A jelen t\u00e1j\u00e9koztat\u00f3ban megjel\u00f6lt adatok kezel\u00e9s\u00e9nek jogalapja az \u00e9rintett kifejezett hozz\u00e1j\u00e1rul\u00e1sa a GDPR 6. cikk (1) bekezd\u00e9s a) pontja alapj\u00e1n, valamint az adatkezel\u0151re vonatkoz\u00f3, a GDPR 6. cikk (1) bekezd\u00e9s c) pontja szerinti jogi k\u00f6telezetts\u00e9gek teljes\u00edt\u00e9se.<\/p>\n<p>\u00a0<\/p>\n<p><strong>Adatkateg\u00f3ri\u00e1k \u2013 B\u00f6ng\u00e9sz\u00e9si adatok<br \/><\/strong>Az Adatkezel\u0151 \u00e1ltal\u00e1nos jelleg\u0171 szem\u00e9lyes adatokat kezel (vezet\u00e9kn\u00e9v, keresztn\u00e9v, e-mail c\u00edm, egy\u00e9b szem\u00e9lyes adatok, p\u00e9ld\u00e1ul ad\u00f3sz\u00e1m, lak\u00f3hely; navig\u00e1ci\u00f3s adatok, p\u00e9ld\u00e1ul IP-c\u00edm, c\u00edmek az URI\/URL jel\u00f6l\u00e9sben stb.). A weboldal m\u0171k\u00f6dtet\u00e9s\u00e9hez haszn\u00e1lt sz\u00e1m\u00edt\u00f3g\u00e9pes rendszerek \u00e9s szoftver elj\u00e1r\u00e1sok norm\u00e1l m\u0171k\u00f6d\u00e9s\u00fck sor\u00e1n bizonyos szem\u00e9lyes adatokat szereznek be, amelyek tov\u00e1bb\u00edt\u00e1sa az internetes kommunik\u00e1ci\u00f3s protokollok haszn\u00e1lat\u00e1ban rejlik.<\/p>\n<p>Olyan inform\u00e1ci\u00f3kr\u00f3l van sz\u00f3, amelyeket nem az\u00e9rt gy\u0171jtenek, hogy azonos\u00edtott \u00e9rdekelt felekkel hozz\u00e1k \u00f6sszef\u00fcgg\u00e9sbe, hanem amelyek jelleg\u00fckn\u00e9l fogva \u2013 harmadik felek birtok\u00e1ban l\u00e9v\u0151 adatok kezel\u00e9se \u00e9s az azokkal val\u00f3 \u00f6sszekapcsol\u00e1s r\u00e9v\u00e9n \u2013 lehet\u0151v\u00e9 tehetik a felhaszn\u00e1l\u00f3k azonos\u00edt\u00e1s\u00e1t.<\/p>\n<p>Ez az adatkateg\u00f3ria mag\u00e1ban foglalja a webhelyhez csatlakoz\u00f3 felhaszn\u00e1l\u00f3k \u00e1ltal haszn\u00e1lt sz\u00e1m\u00edt\u00f3g\u00e9pek IP-c\u00edmeit vagy domainneveit, a k\u00e9rt er\u0151forr\u00e1sok URI (egys\u00e9ges er\u0151forr\u00e1s-azonos\u00edt\u00f3) jel\u00f6l\u00e9s\u00e9ben szerepl\u0151 c\u00edmeket, a k\u00e9r\u00e9s id\u0151pontj\u00e1t, a k\u00e9r\u00e9s kiszolg\u00e1l\u00f3hoz t\u00f6rt\u00e9n\u0151 beny\u00fajt\u00e1sa sor\u00e1n haszn\u00e1lt m\u00f3dszert, a v\u00e1laszk\u00e9nt kapott f\u00e1jl m\u00e9ret\u00e9t, a kiszolg\u00e1l\u00f3 \u00e1ltal adott v\u00e1lasz \u00e1llapot\u00e1t jelz\u0151 numerikus k\u00f3dot (sikeres, hiba stb.), valamint az oper\u00e1ci\u00f3s rendszerrel \u00e9s a felhaszn\u00e1l\u00f3 informatikai k\u00f6rnyezet\u00e9vel kapcsolatos egy\u00e9b param\u00e9tereket.<\/p>\n<p>Ezeket az adatokat kiz\u00e1r\u00f3lag arra haszn\u00e1ljuk, hogy n\u00e9vtelen statisztikai inform\u00e1ci\u00f3kat szerezz\u00fcnk az oldal haszn\u00e1lat\u00e1r\u00f3l, \u00e9s ellen\u0151rizz\u00fck annak helyes m\u0171k\u00f6d\u00e9s\u00e9t, \u00e9s feldolgoz\u00e1s ut\u00e1n azonnal t\u00f6r\u00f6lj\u00fck \u0151ket.<\/p>\n<p>\u00a0<\/p>\n<p><strong>Adatkateg\u00f3ri\u00e1k \u2013 \u00d6n \u00e1ltal \u00f6nk\u00e9ntesen megadott adatok<br \/><\/strong>Az e-mailek opcion\u00e1lis, kifejezett \u00e9s \u00f6nk\u00e9ntes elk\u00fcld\u00e9se a megadott c\u00edmekre \u00e9s\/vagy az ezen az oldalon tal\u00e1lhat\u00f3 \u0171rlap kit\u00f6lt\u00e9se mag\u00e1ban foglalja a felad\u00f3 c\u00edm\u00e9nek k\u00e9s\u0151bbi megszerz\u00e9s\u00e9t, amely a k\u00e9r\u00e9sek megv\u00e1laszol\u00e1s\u00e1hoz sz\u00fcks\u00e9ges, valamint a kommunik\u00e1ci\u00f3ba bevitt b\u00e1rmely m\u00e1s szem\u00e9lyes adatot, amint azt a \u201eKapcsolat\u201d szolg\u00e1ltat\u00e1sra vonatkoz\u00f3 adatv\u00e9delmi politika kiemeli a k\u00f6vetkez\u0151 lev\u00e9lben: Adatv\u00e9delem@italbiotec.it<\/p>\n<p>A navig\u00e1ci\u00f3s adatokra \u00e9s az \u00e1ltal\u00e1nos adatv\u00e9delmi rendelet 13. cikke szerinti, az IMPACT weboldal egyes szakaszaiban megadott inform\u00e1ci\u00f3kra vonatkoz\u00f3an fent meghat\u00e1rozottak kiv\u00e9tel\u00e9vel a tov\u00e1bbi c\u00e9lokra t\u00f6rt\u00e9n\u0151 adatszolg\u00e1ltat\u00e1s opcion\u00e1lis.<\/p>\n<p><strong><br \/>Cookie-k<br \/><\/strong>A cookie-kkal kapcsolatos inform\u00e1ci\u00f3k a \u201ecookie-szab\u00e1lyzat\u201d r\u00e9szben tal\u00e1lhat\u00f3k (<a href=\"https:\/\/impact-acmproject.eu\/hu\/cookie-policy-ue\/\">https:\/\/impact-acmproject.eu\/cookie-policy-ue\/<\/a>)<\/p>\n<p>B\u00e1rmikor m\u00f3dos\u00edthatja, visszavonhatja vagy friss\u00edtheti a cookie-k\u00f6zpontban adott hozz\u00e1j\u00e1rul\u00e1st.<\/p>\n<p>\u00a0<\/p>\n<p><strong>Az adatkezel\u00e9s c\u00e9lja \u2013 Az adatkezel\u00e9s m\u00f3djai \u2013 Az adatmeg\u0151rz\u00e9s id\u0151tartama<br \/><\/strong>Az \u00d6n adatainak informatikai \u00e9s telematikai eszk\u00f6z\u00f6kkel (\u00e9s\/vagy k\u00e9zi eszk\u00f6z\u00f6kkel) t\u00f6rt\u00e9n\u0151 feldolgoz\u00e1sa a weboldal helyes haszn\u00e1lat\u00e1ra ir\u00e1nyul az \u00d6n \u00e1ltal k\u00edn\u00e1lt szolg\u00e1ltat\u00e1sokkal kapcsolatban. <a href=\"https:\/\/impact-acmproject.eu\/hu\/\">https:\/\/impact-acmproject.eu\/<\/a>. Az \u00d6n adatait az Italbiotec Konzorcium munkat\u00e1rsai \u00e9s munkat\u00e1rsai (bels\u0151 vagy k\u00fcls\u0151, term\u00e9szetes vagy jogi szem\u00e9lyek) fogj\u00e1k feldolgozni a karbantart\u00e1si ig\u00e9nyek kiel\u00e9g\u00edt\u00e9se \u00e9rdek\u00e9ben.<\/p>\n<p>A szem\u00e9lyes adatokat automatiz\u00e1lt eszk\u00f6z\u00f6kkel dolgozz\u00e1k fel az adatgy\u0171jt\u00e9s c\u00e9ljainak el\u00e9r\u00e9s\u00e9hez felt\u00e9tlen\u00fcl sz\u00fcks\u00e9ges ideig, a GDPR 5. cikkely\u00e9nek e) pontja szerint.<\/p>\n<p>K\u00fcl\u00f6nleges biztons\u00e1gi int\u00e9zked\u00e9seket kell betartani az adatveszt\u00e9s, a jogellenes vagy helytelen felhaszn\u00e1l\u00e1s \u00e9s a jogosulatlan hozz\u00e1f\u00e9r\u00e9s megel\u0151z\u00e9se \u00e9rdek\u00e9ben.<\/p>\n<p><strong><br \/>A szem\u00e9lyes adatok c\u00edmzettjeinek kateg\u00f3ri\u00e1i<br \/><\/strong>A kezelt adatok \u201eAz adatkezel\u00e9s c\u00e9lja \u2013 az adatkezel\u00e9s m\u00f3djai\u201d pontban eml\u00edtett alanyokon k\u00edv\u00fcl az igazs\u00e1g\u00fcgyi hat\u00f3s\u00e1ggal is k\u00f6z\u00f6lhet\u0151k annak \u00e9rdek\u00e9ben, hogy ez ut\u00f3bbi meg\u00e1llap\u00edtsa az esetleges jogs\u00e9rt\u00e9seket.<\/p>\n<p>\u00a0<\/p>\n<p><strong>Az \u00e9rdekelt felek jogai<br \/><\/strong>\u00d6n jogosult arra, hogy a saj\u00e1t helyzet\u00e9vel kapcsolatos okokb\u00f3l b\u00e1rmikor tiltakozzon szem\u00e9lyes adatainak kezel\u00e9se ellen.<\/p>\n<ul>\n<li>Hozz\u00e1f\u00e9r\u00e9s (az (EU) 2016\/679 rendelet 15. cikke) \u2013 jog arra, hogy az adatkezel\u0151t\u0151l meger\u0151s\u00edt\u00e9st k\u00e9rjen \u00e9s kapjon arr\u00f3l, hogy adatainak kezel\u00e9se folyamatban van, valamint az \u00e9rdekelt f\u00e9lre vonatkoz\u00f3 adatokhoz val\u00f3 hozz\u00e1f\u00e9r\u00e9s (az adatkezel\u00e9s c\u00e9lj\u00e1nak \u00e9s a kezelt adatok kateg\u00f3ri\u00e1inak ismerete k\u00f6z\u00f6tt);<\/li>\n<li>Helyesb\u00edt\u00e9s (az (EU) 2016\/679 rendelet 16. cikke) \u2013 lehet\u0151v\u00e9 teszi, hogy k\u00e9rje az adatkezel\u0151t\u0151l szem\u00e9lyes adatainak helyesb\u00edt\u00e9s\u00e9t, m\u00f3dos\u00edt\u00e1s\u00e1t, integr\u00e1l\u00e1s\u00e1t;<\/li>\n<li>T\u00f6rl\u00e9s (az (EU) 2016\/679 rendelet 17. cikke) \u2013 lehet\u0151v\u00e9 teszi az adatok indokolatlan k\u00e9sedelem n\u00e9lk\u00fcli t\u00f6rl\u00e9s\u00e9t (az \u00fagynevezett szem\u00e9lyes adatok t\u00e1rol\u00e1s\u00e1nak megsz\u00fcntet\u00e9s\u00e9hez val\u00f3 jog);<\/li>\n<li>Korl\u00e1toz\u00e1s (az (EU) 2016\/679 rendelet 18. cikke) \u2013 az \u00e9rintett adatainak kezel\u00e9s\u00e9re vonatkoz\u00f3 korl\u00e1toz\u00e1shoz val\u00f3 jog, p\u00e9ld\u00e1ul a 16. cikkben eml\u00edtett jog gyakorl\u00e1s\u00e1nak integr\u00e1l\u00e1sa mindaddig, am\u00edg az az adatok helyess\u00e9g\u00e9nek ellen\u0151rz\u00e9s\u00e9hez sz\u00fcks\u00e9ges;<\/li>\n<li>hordozhat\u00f3s\u00e1g (az (EU) 2016\/679 rendelet 20. cikke) \u2013 lehet\u0151v\u00e9 teszi az \u00e9rdekelt f\u00e9l sz\u00e1m\u00e1ra, hogy megkapja a r\u00e1 vonatkoz\u00f3 szem\u00e9lyes adatokat annak \u00e9rdek\u00e9ben, hogy azokat egy m\u00e1sik adatkezel\u0151nek tov\u00e1bb\u00edthassa;<\/li>\n<li>\u2013 Az adatkezel\u00e9s elleni tiltakoz\u00e1s (az (EU) 2016\/679 rendelet 21. cikke) \u2013 lehet\u0151v\u00e9 teszi az \u00e9rdekelt f\u00e9l sz\u00e1m\u00e1ra, hogy kifog\u00e1st emeljen a r\u00e1 vonatkoz\u00f3 szem\u00e9lyes adatok kezel\u00e9se ellen.<\/li>\n<\/ul>\n<p>Az \u00d6n jogainak gyakorl\u00e1sa \u00edr\u00e1sbeli kommunik\u00e1ci\u00f3 \u00fatj\u00e1n t\u00f6rt\u00e9nhet, amelyet a k\u00f6vetkez\u0151 c\u00edmre kell k\u00fcldeni: Piazza della Trivulziana 4\/A, vagy e-mailben: <a href=\"mailto:privacy@italbiotec.it\">privacy@italbiotec.it<\/a><\/p>\n<p>\u00a0<\/p>\n<p><strong>Hozz\u00e1j\u00e1rul\u00e1s visszavon\u00e1sa<\/strong><br \/>Az \u00e9rintett jogosult arra, hogy a saj\u00e1t helyzet\u00e9vel kapcsolatos okokb\u00f3l b\u00e1rmikor tiltakozzon szem\u00e9lyes adatainak jogos \u00e9rdeken alapul\u00f3 kezel\u00e9se ellen, ide\u00e9rtve az eml\u00edtett rendelkez\u00e9seken alapul\u00f3 profilalkot\u00e1st is.<\/p>\n<p>\u00a0<\/p>\n<p><strong>Panasz<\/strong><br \/>K\u00e9rj\u00fck, ne feledje, hogy az (EU) 2016\/679 rendelet 77. cikke \u00e9rtelm\u00e9ben az S.V. panaszt ny\u00fajthat be a Garant\u00e1l\u00f3 Hat\u00f3s\u00e1ghoz a szem\u00e9lyes adatok v\u00e9delm\u00e9re vonatkoz\u00f3 hat\u00e1lyos jogszab\u00e1lyok megs\u00e9rt\u00e9se eset\u00e9n.<\/p>\n<p>\u00a0<\/p>\n<p><strong>AZ EUR\u00d3PAI PARLAMENT \u00c9S A TAN\u00c1CS (EU) 2016\/679 RENDELETE (2016. \u00e1prilis 27.) a term\u00e9szetes szem\u00e9lyeknek a szem\u00e9lyes adatok kezel\u00e9se tekintet\u00e9ben t\u00f6rt\u00e9n\u0151 v\u00e9delm\u00e9r\u0151l \u00e9s az ilyen adatok szabad \u00e1raml\u00e1s\u00e1r\u00f3l, valamint a 95\/46\/EK rendelet hat\u00e1lyon k\u00edv\u00fcl helyez\u00e9s\u00e9r\u0151l<\/strong><br \/>A felhaszn\u00e1l\u00f3t t\u00e1j\u00e9koztatt\u00e1k:<\/p>\n<ul>\n<li>az adatkezel\u0151 kil\u00e9te;<\/li>\n<li>az int\u00e9zked\u00e9sr\u0151l, a feldolgoz\u00e1s m\u00f3dj\u00e1r\u00f3l<\/li>\n<li>a szem\u00e9lyes adatok tervezett kezel\u00e9s\u00e9nek c\u00e9ljai;<\/li>\n<li>a hozz\u00e1j\u00e1rul\u00e1s visszavon\u00e1s\u00e1hoz val\u00f3 jogr\u00f3l az (EU) 2016\/679 rendelet 13. cikke szerint elk\u00e9sz\u00edtett ezen inform\u00e1ci\u00f3kban foglaltak szerint, a megfelel\u0151 \u201eElolvastam \u00e9s elfogadom a felt\u00e9teleket\u201d rovatba helyezve a megjel\u00f6l\u00e9st<\/li>\n<\/ul>\n<p>\u00a0<\/p>\n<p><strong>KIJEL\u00d6L\u00c9S<br \/><\/strong>hogy megkaptam \u00e9s elolvastam ezt az inform\u00e1ci\u00f3t, \u00e9s<\/p>\n<p>\u00a0<\/p>\n<p><strong>EGYET\u00c9RT<br \/><\/strong>az (EU) 2016\/679 rendelet 7. \u00e9s azt k\u00f6vet\u0151 cikkei alapj\u00e1n \u00e9s alkalmaz\u00e1s\u00e1ban a szem\u00e9lyes adatoknak az ezen inform\u00e1ci\u00f3kban meghat\u00e1rozott m\u00f3don \u00e9s korl\u00e1tokon bel\u00fcl t\u00f6rt\u00e9n\u0151 kezel\u00e9se.<\/p>\n<p>\n<\/div><\/div><\/div><\/div><\/div><\/div><\/div><!-- cell_inner --><\/div><!-- cell --><\/div><!-- port --><\/section><\/p>","protected":false},"excerpt":{"rendered":"","protected":false},"author":1,"featured_media":0,"parent":0,"menu_order":0,"comment_status":"closed","ping_status":"open","template":"","meta":{"footnotes":""},"class_list":["post-3","page","type-page","status-publish","hentry"],"_links":{"self":[{"href":"https:\/\/impact-acmproject.eu\/hu\/wp-json\/wp\/v2\/pages\/3","targetHints":{"allow":["GET"]}}],"collection":[{"href":"https:\/\/impact-acmproject.eu\/hu\/wp-json\/wp\/v2\/pages"}],"about":[{"href":"https:\/\/impact-acmproject.eu\/hu\/wp-json\/wp\/v2\/types\/page"}],"author":[{"embeddable":true,"href":"https:\/\/impact-acmproject.eu\/hu\/wp-json\/wp\/v2\/users\/1"}],"replies":[{"embeddable":true,"href":"https:\/\/impact-acmproject.eu\/hu\/wp-json\/wp\/v2\/comments?post=3"}],"version-history":[{"count":15,"href":"https:\/\/impact-acmproject.eu\/hu\/wp-json\/wp\/v2\/pages\/3\/revisions"}],"predecessor-version":[{"id":3842,"href":"https:\/\/impact-acmproject.eu\/hu\/wp-json\/wp\/v2\/pages\/3\/revisions\/3842"}],"wp:attachment":[{"href":"https:\/\/impact-acmproject.eu\/hu\/wp-json\/wp\/v2\/media?parent=3"}],"curies":[{"name":"wp","href":"https:\/\/api.w.org\/{rel}","templated":true}]}}