{"id":3768,"date":"2024-01-16T10:10:32","date_gmt":"2024-01-16T09:10:32","guid":{"rendered":"https:\/\/impact-acmproject.eu\/cookie-policy-ue\/"},"modified":"2024-12-04T10:21:19","modified_gmt":"2024-12-04T09:21:19","slug":"cookie-policy-ue","status":"publish","type":"page","link":"https:\/\/impact-acmproject.eu\/hr\/cookie-policy-ue\/","title":{"rendered":"Pravila o kola\u010di\u0107ima (UE)"},"content":{"rendered":"<p><section data-bb-version=\"4.7.6\" id=\"bt_bb_section69eb8e30bdbc5\" class=\"bt_bb_section bt_bb_layout_boxed_1200\"  data-bt-override-class=\"null\"><div class=\"bt_bb_port\"><div class=\"bt_bb_cell\"><div class=\"bt_bb_cell_inner\"><div class=\"bt_bb_row\"  data-bt-override-class=\"{}\"><div class=\"bt_bb_row_holder\" ><div data-bb-version=\"4.7.6\"  class=\"bt_bb_column col-xxl-12 col-xl-12 col-xs-12 col-sm-12 col-md-12 col-lg-12 bt_bb_vertical_align_top bt_bb_align_left bt_bb_padding_normal\" style=\"; --column-width:12;\" data-width=\"12\" data-bt-override-class=\"{}\"><div class=\"bt_bb_column_content\"><div class=\"bt_bb_column_content_inner\"><\/div><\/div><\/div><\/div><\/div><\/div><!-- cell_inner --><\/div><!-- cell --><\/div><!-- port --><\/section><section data-bb-version=\"4.7.6\" id=\"bt_bb_section69eb8e30be028\" class=\"bt_bb_section bt_bb_color_scheme_1 bt_bb_layout_boxed_1200 bt_bb_vertical_align_top bt_bb_background_overlay_dark_solid bt_bb_bottom_section_coverage_image bt_bb_section_with_bottom_coverage_image bt_bb_top_spacing_large bt_bb_bottom_spacing_large\" style=\"; --section-primary-color:#ffffff; --section-secondary-color:#191919;;background-color:rgb(34,64,96);\" data-bt-override-class=\"{&quot;bt_bb_top_spacing_&quot;:{&quot;current_class&quot;:&quot;bt_bb_top_spacing_large&quot;,&quot;def&quot;:&quot;large&quot;},&quot;bt_bb_bottom_spacing_&quot;:{&quot;current_class&quot;:&quot;bt_bb_bottom_spacing_large&quot;,&quot;def&quot;:&quot;large&quot;}}\"><div class=\"bt_bb_port\"><div class=\"bt_bb_cell\"><div class=\"bt_bb_cell_inner\"><div class=\"bt_bb_row\"  data-bt-override-class=\"{}\"><div class=\"bt_bb_row_holder\" ><div  class=\"bt_bb_column col-xxl-7 col-xl-7 bt_bb_vertical_align_middle bt_bb_align_left bt_bb_padding_normal bt_bb_animation_fade_in animate\" style=\"; --column-width:7;\" data-width=\"7\" data-bt-override-class=\"{}\"><div class=\"bt_bb_column_content\"><div class=\"bt_bb_column_content_inner\"><div class=\"bt_bb_separator bt_bb_border_style_none bt_bb_border_color_none bt_bb_bottom_spacing_large\" data-bt-override-class=\"null\"><\/div><header data-bb-version=\"4.7.6\" class=\"bt_bb_headline bt_bb_subheadline_text_transform_default bt_bb_dash_none bt_bb_size_large bt_bb_align_inherit\" data-bt-override-class=\"{&quot;bt_bb_size_&quot;:{&quot;current_class&quot;:&quot;bt_bb_size_large&quot;,&quot;def&quot;:&quot;large&quot;},&quot;bt_bb_align_&quot;:{&quot;current_class&quot;:&quot;bt_bb_align_inherit&quot;,&quot;def&quot;:&quot;inherit&quot;}}\"><h1 class=\"bt_bb_headline_tag\"><span class=\"bt_bb_headline_content\"><span>Politika o kola\u010di\u0107ima<\/span><\/span><\/h1><\/header><div class=\"bt_bb_separator bt_bb_border_style_none bt_bb_border_color_none bt_bb_bottom_spacing_large\" data-bt-override-class=\"null\"><\/div><\/div><\/div><\/div><div  class=\"bt_bb_column col-xxl-5 col-xl-5 bt_bb_vertical_align_top bt_bb_align_left bt_bb_padding_normal\" style=\"; --column-width:5;\" data-width=\"5\" data-bt-override-class=\"{}\"><div class=\"bt_bb_column_content\"><div class=\"bt_bb_column_content_inner\"><\/div><\/div><\/div><\/div><\/div><\/div><!-- cell_inner --><\/div><!-- cell --><\/div><!-- port --><div class=\"bt_bb_section_bottom_section_coverage_image\"><img decoding=\"async\" src=\"https:\/\/impact-acmproject.eu\/wp-content\/uploads\/2023\/11\/bottom-cover.png\" alt=\"bt_bb_section_bottom_section_coverage_image\" \/><\/div><\/section><section data-bb-version=\"4.7.6\" id=\"bt_bb_section69eb8e30be20d\" class=\"bt_bb_section bt_bb_layout_boxed_1200\"  data-bt-override-class=\"null\"><div class=\"bt_bb_port\"><div class=\"bt_bb_cell\"><div class=\"bt_bb_cell_inner\"><div class=\"bt_bb_row\"  data-bt-override-class=\"{}\"><div class=\"bt_bb_row_holder\" ><div data-bb-version=\"4.7.6\"  class=\"bt_bb_column col-xxl-12 col-xl-12 col-xs-12 col-sm-12 col-md-12 col-lg-12 bt_bb_vertical_align_top bt_bb_align_left bt_bb_padding_normal\" style=\"; --column-width:12;\" data-width=\"12\" data-bt-override-class=\"{}\"><div class=\"bt_bb_column_content\"><div class=\"bt_bb_column_content_inner\"><div data-bb-version=\"4.7.6\" class=\"bt_bb_separator bt_bb_border_style_none bt_bb_border_color_none bt_bb_top_spacing_large bt_bb_bottom_spacing_none\" data-bt-override-class=\"{&quot;bt_bb_top_spacing_&quot;:{&quot;current_class&quot;:&quot;bt_bb_top_spacing_large&quot;,&quot;def&quot;:&quot;large&quot;},&quot;bt_bb_bottom_spacing_&quot;:{&quot;current_class&quot;:&quot;bt_bb_bottom_spacing_none&quot;,&quot;def&quot;:&quot;none&quot;}}\"><\/div><div data-bb-version=\"4.7.6\"  class=\"bt_bb_text\" ><\/p>\n<p><strong>\u0160to su kola\u010di\u0107i?<br \/>\n<\/strong>Kola\u010di\u0107i su male tekstualne datoteke koje se preuzimaju na korisnikov ure\u0111aj (PC, pametni telefon, tablet\u2026) kada posjetite internetsku stranicu. Prilikom svakog sljede\u0107eg posjeta kola\u010di\u0107i se \u0161alju natrag na web stranicu koja ih je stvorila (kola\u010di\u0107i prve strane) ili na drugu stranicu koja ih prepoznaje (kola\u010di\u0107i tre\u0107e strane). Kola\u010di\u0107i omogu\u0107uju internetskoj stranici da prepozna korisnikov ure\u0111aj. Imaju razli\u010dite svrhe kao \u0161to su, na primjer, omogu\u0107avanje u\u010dinkovite navigacije izme\u0111u stranica, pam\u0107enje omiljenih stranica i, op\u0107enito, pobolj\u0161anje iskustva pregledavanja. Tako\u0111er poma\u017eu osigurati da je oglasni sadr\u017eaj prikazan na internetu usmjereniji na korisnika i u skladu s njegovim interesima (ciljani kola\u010di\u0107i ili kola\u010di\u0107i za profiliranje). Kola\u010di\u0107i mogu imati ograni\u010deno trajanje jedne sesije pregledavanja i u tom se slu\u010daju automatski deaktiviraju kada je preglednik zatvoren; ili mogu imati unaprijed odre\u0111en istek, a u tom \u0107e slu\u010daju ostati pohranjeni i aktivni na ure\u0111aju korisnika do tog isteka, nastavljaju\u0107i prikupljati informacije tijekom razli\u010ditih sesija pregledavanja u pregledniku. Postoje i druge tehnologije za prikupljanje informacija koje imaju sli\u010dne svrhe kao kola\u010di\u0107i i pohranjene su na ure\u0111aju korisnika (kao \u0161to su pikseli). U tim se informacijama pojam kola\u010di\u0107 koristi s obzirom na kola\u010di\u0107e, kao \u0161to je gore opisano, i s obzirom na bilo koju drugu tehnologiju prikupljanja, s ciljem da se korisniku pru\u017ei vodi\u010d za razumijevanje \u0161to su kola\u010di\u0107i i druge sli\u010dne tehnologije, kao \u0161to su i za\u0161to se koriste, koja su prava priznata korisnicima i koje izbore mogu donijeti u vezi s njihovom uporabom.<\/p>\n<p>&nbsp;<\/p>\n<p><strong>Kola\u010di\u0107i i sli\u010dne tehnologije \u2013 definicije<br \/>\n<\/strong>Kola\u010di\u0107i: male tekstualne datoteke (obi\u010dno sastavljene od slova i brojeva) koje internetske stranice (tzv. \u201eprva strana\u201d) koje je korisnik posjetio ili razli\u010dite internetske stranice ili internetski poslu\u017eitelji (tzv. \u201etre\u0107e strane\u201d) postavljaju i pohranjuju u pregledniku koji korisnik upotrebljava za pretra\u017eivanje na bilo kojem terminalnom ure\u0111aju koji mo\u017ee pohraniti informacije.<\/p>\n<p>Ostale tehnologije: tehnologije koje pohranjuju podatke u pregledniku ili ure\u0111aju koji korisnik koristi koriste\u0107i lokalno dijeljene objekte ili lokalnu pohranu, npr. flash kola\u010di\u0107e, HTML 5 kola\u010di\u0107e i druge softverske metode web aplikacija. Te tehnologije djeluju u svim preglednicima. U nekim slu\u010dajevima preglednici ne mogu u potpunosti upravljati upotrebom lokalne pohrane, ali je za to potrebno upravljanje s pomo\u0107u posebnih alata.<\/p>\n<p>&nbsp;<\/p>\n<p><strong>Kategorije kola\u010di\u0107a<br \/>\n<\/strong>Kola\u010di\u0107i se mogu razlikovati na temelju njihove svrhe, trajanja i vlasnika kola\u010di\u0107a.<\/p>\n<ul>\n<li>Kola\u010di\u0107i koji se razlikuju prema namjeni su oni kola\u010di\u0107i koji se mogu instalirati na korisnikov ure\u0111aj kako bi:\n<ol>\n<li>osigurati funkcioniranje stranice i usluga, kao i jam\u010diti korisniku da mo\u017ee iskoristiti svoje funkcije, tzv. tehni\u010dke kola\u010di\u0107e;<\/li>\n<li>omogu\u0107iti izvedbu stranice i usluge koje nudi <a href=\"https:\/\/impact-acmproject.eu\/hr\/\">https:\/\/impact-acmproject.eu\/<\/a> pobolj\u0161ati, kao i procijeniti u\u010dinkovitost usluge koja se nudi putem web stranice, tzv. analiti\u010dki kola\u010di\u0107i;<\/li>\n<li>dopustiti Konzorciju ili tre\u0107im stranama da usmjeravaju ciljano ogla\u0161avanje ili u skladu s interesima korisnika, podlo\u017eno pristanku, takozvanim kola\u010di\u0107ima za profiliranje.<\/li>\n<\/ol>\n<\/li>\n<\/ul>\n<ul>\n<li>Kola\u010di\u0107i koji se razlikuju na temelju njihova trajanja su oni kola\u010di\u0107i koji mogu ostati u pregledniku ure\u0111aja tijekom trajanja sesije (tj. dok ne zatvorite preglednik koji se koristi za pregledavanje web-mjesta ili dok ne prekinete upotrebu usluge) i nazivaju se kola\u010di\u0107i sesije. Ili mogu dugo ostati pohranjeni u pregledniku va\u0161eg ure\u0111aja i mogu sadr\u017eavati jedinstveni identifikacijski kod te se nazivaju trajni kola\u010di\u0107i.<strong>\u00a0<\/strong><\/li>\n<\/ul>\n<ul>\n<li>Kola\u010di\u0107i se tako\u0111er mogu razlikovati na temelju subjekta koji posjeduje kola\u010di\u0107 (kola\u010di\u0107i prve strane i kola\u010di\u0107i tre\u0107e strane).<\/li>\n<\/ul>\n<p>Kola\u010di\u0107i mogu biti vlasni\u0161tvo web-mjesta i upravitelja usluga te ih stoga potonji instalira u preglednik korisnikova ure\u0111aja, takozvane kola\u010di\u0107e prve strane. Mo\u017ee se dogoditi da Stranica sadr\u017ei kola\u010di\u0107e, koji dolaze s drugih stranica, u vlasni\u0161tvu tre\u0107ih strana, sadr\u017eane u razli\u010ditim elementima smje\u0161tenim na samoj stranici (na primjer, reklamni banneri, slike, videozapisi, zvukovi\u2026) i u ovom slu\u010daju to su takozvani kola\u010di\u0107i tre\u0107e strane.<strong>\u00a0<\/strong><\/p>\n<p>&nbsp;<\/p>\n<p><strong>Kola\u010di\u0107i koje koristi ova internetska stranica<br \/>\n<\/strong>Posjet <a href=\"https:\/\/impact-acmproject.eu\/hr\/\">https:\/\/impact-acmproject.eu\/<\/a> Web stranica uklju\u010duje kori\u0161tenje kola\u010di\u0107a kako bi se pobolj\u0161alo korisni\u010dko iskustvo. Stranica koristi: tehni\u010dki navigacijski kola\u010di\u0107i, analiti\u010dki kola\u010di\u0107i i kola\u010di\u0107i za profiliranje u marketin\u0161ke svrhe.<br \/>\nKorisnik mo\u017ee u bilo kojem trenutku upravljati svojim postavkama ili odbiti instalaciju kola\u010di\u0107a.<\/p>\n<p>Korisnik mo\u017ee u bilo kojem trenutku upravljati svojim postavkama ili odbiti instalaciju kola\u010di\u0107a.<\/p>\n<p style=\"text-align: left;\">\n<div id=\"cmplz-cookies-overview\"><\/div>\n<\/p>\n<p>&nbsp;<\/p>\n<p><strong>Vrijeme \u010duvanja osobnih podataka prikupljenih putem kola\u010di\u0107a<br \/>\n<\/strong>Informacije i podaci prikupljeni putem kola\u010di\u0107a bit \u0107e pohranjeni na vrijeme koje je nu\u017eno potrebno za postizanje svrhe za koju je svaki kola\u010di\u0107 instaliran.<\/p>\n<p>Za pristup odre\u0111enim informacijama koje se odnose na pohranu informacija dobivenih kori\u0161tenjem kola\u010di\u0107a prve strane i tre\u0107ih strana te upravljanje njihovim preferencijama, Korisnik mo\u017ee pristupiti centru za kola\u010di\u0107e u bilo kojem trenutku.<\/p>\n<p>&nbsp;<\/p>\n<p><strong>\u00a0<\/strong><strong>Prava korisnika i upravljanje postavkama kola\u010di\u0107a<br \/>\n<\/strong>Korisniku se dodjeljuju prava predvi\u0111ena Uredbom (EU) 2016\/679 (tzv. GDPR), uklju\u010duju\u0107i pravo na pristup, protivljenje, otkazivanje, kao i na izmjenu svojih izbora o upotrebi kola\u010di\u0107a u bilo kojem trenutku, putem centra za kola\u010di\u0107e. Dodatne informacije i pojedinosti o pravima korisnika i na\u010dinu ostvarivanja njihovih prava mo\u017eete prona\u0107i u cjelovitim Pravilima o privatnosti (unesite poveznicu klikom na \u201ePolitika privatnosti\u201d).<\/p>\n<p><strong>\u00a0<\/strong><\/p>\n<p><strong>Onemogu\u0107avanje kola\u010di\u0107a iz va\u0161eg preglednika<br \/>\n<\/strong>Korisnik, osim onemogu\u0107avanja kola\u010di\u0107a putem centra za kola\u010di\u0107e, mo\u017ee konfigurirati svoj preglednik kako bi ograni\u010dio broj prihva\u0107enih kola\u010di\u0107a, blokirao sve kola\u010di\u0107e ili ih izbrisao iz postavki preglednika na sljede\u0107e na\u010dine:<\/p>\n<ol>\n<li>Microsoft Internet Explorer<br \/>\nKlikom na ikonu alata u gornjem desnom kutu i odabirom internetskih opcija. Prikazat \u0107e se sko\u010dni prozor, odaberite privatnost. U ovom odjeljku korisnik mo\u017ee promijeniti postavke kola\u010di\u0107a.Poveznica: <a href=\"http:\/\/windows.microsoft.com\/it-it\/internet-explorer\/delete-manage-cookies#ie=ie-11-win-7\">http:\/\/windows.microsoft.com\/it-it\/internet-explorer\/delete-manage-cookies#ie=ie-11-win-7<\/a><\/li>\n<li>Google Chrome<br \/>\nKlikom na ikonu klju\u010da u gornjem desnom kutu odaberite postavke. Zatim odaberite Prika\u017ei napredne postavke. U ovom odjeljku korisnik mo\u017ee promijeniti postavke kola\u010di\u0107a.Poveznica: <a href=\"https:\/\/support.google.com\/accounts\/topic\/2373959?hl=it&amp;ref_topic=2373957\">https:\/\/support.google.com\/accounts\/topic\/2373959?hl=it&amp;ref_topic=2373957<\/a><\/li>\n<li>Mozilla Firefox<br \/>\nIz padaju\u0107eg izbornika u gornjem lijevom kutu odaberite opcije. U sko\u010dnom prozoru odaberite privatnost, a u odjeljku mo\u017eete promijeniti postavke kola\u010di\u0107a.Poveznica: <a href=\"https:\/\/support.mozilla.org\/it\/kb\/Attivare%20e%20disattivare%20i%20cookie#firefox:win7:fx38\">https:\/\/support.mozilla.org\/it\/kb\/Attivare%20e%20disattivare%20i%20cookie#firefox:win7:fx38<\/a><\/li>\n<li>Safaris<br \/>\nU padaju\u0107em izborniku postavki u gornjem desnom kutu odaberite postavke. Zatim odaberite sigurnost i u ovom odjeljku korisnik mo\u017ee prilagoditi postavke kola\u010di\u0107a.Poveznica: <a href=\"https:\/\/support.apple.com\/it-it\/HT201265\">https:\/\/support.apple.com\/it-it\/HT201265<\/a><\/li>\n<\/ol>\n<p><strong>\u00a0<\/strong><\/p>\n<p><strong>\u00a0<\/strong><strong>Voditelj obrade podataka i podaci za kontakt<\/strong><strong><br \/>\n<\/strong>Voditelj obrade podataka je <strong>konzorcij Italbiotec<\/strong> (C.F.\/PDV broj 02429600121), s registriranim sjedi\u0161tem u Milanu na adresi Piazza della Trivulziana 4\/A, u osobi njezina pravnog zastupnika pro tem; pec: consorzio@pec.italbiotec.it. Korisnik mo\u017ee u bilo kojem trenutku poslati zahtjeve za informacijama ili poja\u0161njenjima na prethodno navedenu adresu ili putem dodatnih metoda navedenih u Pravilima o privatnosti (<a href=\"https:\/\/impact-acmproject.eu\/hr\/privacy-policy\/\">https:\/\/impact-acmproject.eu\/privacy-policy\/<\/a>).<\/p>\n<p>&nbsp;<\/p>\n<p>&nbsp;<\/p>\n<p>\n<\/div><\/div><\/div><\/div><\/div><\/div><\/div><!-- cell_inner --><\/div><!-- cell --><\/div><!-- port --><\/section><\/p>","protected":false},"excerpt":{"rendered":"","protected":false},"author":2,"featured_media":0,"parent":0,"menu_order":0,"comment_status":"closed","ping_status":"closed","template":"","meta":{"footnotes":""},"class_list":["post-3768","page","type-page","status-publish","hentry"],"_links":{"self":[{"href":"https:\/\/impact-acmproject.eu\/hr\/wp-json\/wp\/v2\/pages\/3768","targetHints":{"allow":["GET"]}}],"collection":[{"href":"https:\/\/impact-acmproject.eu\/hr\/wp-json\/wp\/v2\/pages"}],"about":[{"href":"https:\/\/impact-acmproject.eu\/hr\/wp-json\/wp\/v2\/types\/page"}],"author":[{"embeddable":true,"href":"https:\/\/impact-acmproject.eu\/hr\/wp-json\/wp\/v2\/users\/2"}],"replies":[{"embeddable":true,"href":"https:\/\/impact-acmproject.eu\/hr\/wp-json\/wp\/v2\/comments?post=3768"}],"version-history":[{"count":9,"href":"https:\/\/impact-acmproject.eu\/hr\/wp-json\/wp\/v2\/pages\/3768\/revisions"}],"predecessor-version":[{"id":3845,"href":"https:\/\/impact-acmproject.eu\/hr\/wp-json\/wp\/v2\/pages\/3768\/revisions\/3845"}],"wp:attachment":[{"href":"https:\/\/impact-acmproject.eu\/hr\/wp-json\/wp\/v2\/media?parent=3768"}],"curies":[{"name":"wp","href":"https:\/\/api.w.org\/{rel}","templated":true}]}}