{"id":3768,"date":"2024-01-16T10:10:32","date_gmt":"2024-01-16T09:10:32","guid":{"rendered":"https:\/\/impact-acmproject.eu\/cookie-policy-ue\/"},"modified":"2024-12-04T10:21:19","modified_gmt":"2024-12-04T09:21:19","slug":"cookie-policy-ue","status":"publish","type":"page","link":"https:\/\/impact-acmproject.eu\/ga\/cookie-policy-ue\/","title":{"rendered":"Beartas Fian\u00e1n (UE)"},"content":{"rendered":"<p><section data-bb-version=\"4.7.6\" id=\"bt_bb_section69eb8e7b5ae13\" class=\"bt_bb_section bt_bb_layout_boxed_1200\"  data-bt-override-class=\"null\"><div class=\"bt_bb_port\"><div class=\"bt_bb_cell\"><div class=\"bt_bb_cell_inner\"><div class=\"bt_bb_row\"  data-bt-override-class=\"{}\"><div class=\"bt_bb_row_holder\" ><div data-bb-version=\"4.7.6\"  class=\"bt_bb_column col-xxl-12 col-xl-12 col-xs-12 col-sm-12 col-md-12 col-lg-12 bt_bb_vertical_align_top bt_bb_align_left bt_bb_padding_normal\" style=\"; --column-width:12;\" data-width=\"12\" data-bt-override-class=\"{}\"><div class=\"bt_bb_column_content\"><div class=\"bt_bb_column_content_inner\"><\/div><\/div><\/div><\/div><\/div><\/div><!-- cell_inner --><\/div><!-- cell --><\/div><!-- port --><\/section><section data-bb-version=\"4.7.6\" id=\"bt_bb_section69eb8e7b5b3dc\" class=\"bt_bb_section bt_bb_color_scheme_1 bt_bb_layout_boxed_1200 bt_bb_vertical_align_top bt_bb_background_overlay_dark_solid bt_bb_bottom_section_coverage_image bt_bb_section_with_bottom_coverage_image bt_bb_top_spacing_large bt_bb_bottom_spacing_large\" style=\"; --section-primary-color:#ffffff; --section-secondary-color:#191919;;background-color:rgb(34,64,96);\" data-bt-override-class=\"{&quot;bt_bb_top_spacing_&quot;:{&quot;current_class&quot;:&quot;bt_bb_top_spacing_large&quot;,&quot;def&quot;:&quot;large&quot;},&quot;bt_bb_bottom_spacing_&quot;:{&quot;current_class&quot;:&quot;bt_bb_bottom_spacing_large&quot;,&quot;def&quot;:&quot;large&quot;}}\"><div class=\"bt_bb_port\"><div class=\"bt_bb_cell\"><div class=\"bt_bb_cell_inner\"><div class=\"bt_bb_row\"  data-bt-override-class=\"{}\"><div class=\"bt_bb_row_holder\" ><div  class=\"bt_bb_column col-xxl-7 col-xl-7 bt_bb_vertical_align_middle bt_bb_align_left bt_bb_padding_normal bt_bb_animation_fade_in animate\" style=\"; --column-width:7;\" data-width=\"7\" data-bt-override-class=\"{}\"><div class=\"bt_bb_column_content\"><div class=\"bt_bb_column_content_inner\"><div class=\"bt_bb_separator bt_bb_border_style_none bt_bb_border_color_none bt_bb_bottom_spacing_large\" data-bt-override-class=\"null\"><\/div><header data-bb-version=\"4.7.6\" class=\"bt_bb_headline bt_bb_subheadline_text_transform_default bt_bb_dash_none bt_bb_size_large bt_bb_align_inherit\" data-bt-override-class=\"{&quot;bt_bb_size_&quot;:{&quot;current_class&quot;:&quot;bt_bb_size_large&quot;,&quot;def&quot;:&quot;large&quot;},&quot;bt_bb_align_&quot;:{&quot;current_class&quot;:&quot;bt_bb_align_inherit&quot;,&quot;def&quot;:&quot;inherit&quot;}}\"><h1 class=\"bt_bb_headline_tag\"><span class=\"bt_bb_headline_content\"><span>Beartas maidir le fian\u00e1in<\/span><\/span><\/h1><\/header><div class=\"bt_bb_separator bt_bb_border_style_none bt_bb_border_color_none bt_bb_bottom_spacing_large\" data-bt-override-class=\"null\"><\/div><\/div><\/div><\/div><div  class=\"bt_bb_column col-xxl-5 col-xl-5 bt_bb_vertical_align_top bt_bb_align_left bt_bb_padding_normal\" style=\"; --column-width:5;\" data-width=\"5\" data-bt-override-class=\"{}\"><div class=\"bt_bb_column_content\"><div class=\"bt_bb_column_content_inner\"><\/div><\/div><\/div><\/div><\/div><\/div><!-- cell_inner --><\/div><!-- cell --><\/div><!-- port --><div class=\"bt_bb_section_bottom_section_coverage_image\"><img decoding=\"async\" src=\"https:\/\/impact-acmproject.eu\/wp-content\/uploads\/2023\/11\/bottom-cover.png\" alt=\"bt_bb_section_bottom_section_coverage_image\" \/><\/div><\/section><section data-bb-version=\"4.7.6\" id=\"bt_bb_section69eb8e7b5b5c7\" class=\"bt_bb_section bt_bb_layout_boxed_1200\"  data-bt-override-class=\"null\"><div class=\"bt_bb_port\"><div class=\"bt_bb_cell\"><div class=\"bt_bb_cell_inner\"><div class=\"bt_bb_row\"  data-bt-override-class=\"{}\"><div class=\"bt_bb_row_holder\" ><div data-bb-version=\"4.7.6\"  class=\"bt_bb_column col-xxl-12 col-xl-12 col-xs-12 col-sm-12 col-md-12 col-lg-12 bt_bb_vertical_align_top bt_bb_align_left bt_bb_padding_normal\" style=\"; --column-width:12;\" data-width=\"12\" data-bt-override-class=\"{}\"><div class=\"bt_bb_column_content\"><div class=\"bt_bb_column_content_inner\"><div data-bb-version=\"4.7.6\" class=\"bt_bb_separator bt_bb_border_style_none bt_bb_border_color_none bt_bb_top_spacing_large bt_bb_bottom_spacing_none\" data-bt-override-class=\"{&quot;bt_bb_top_spacing_&quot;:{&quot;current_class&quot;:&quot;bt_bb_top_spacing_large&quot;,&quot;def&quot;:&quot;large&quot;},&quot;bt_bb_bottom_spacing_&quot;:{&quot;current_class&quot;:&quot;bt_bb_bottom_spacing_none&quot;,&quot;def&quot;:&quot;none&quot;}}\"><\/div><div data-bb-version=\"4.7.6\"  class=\"bt_bb_text\" ><\/p>\n<p><strong>Cad is fian\u00e1in ann?<br \/>\n<\/strong>Is comhaid bheaga t\u00e9acs iad fian\u00e1in a \u00edosl\u00f3d\u00e1iltear chuig gl\u00e9as an \u00das\u00e1ideora (PC, f\u00f3n cliste, tablet\u2026) nuair a thugann siad cuairt ar shu\u00edomh gr\u00e9as\u00e1in. Ag gach cuairt ina dhiaidh sin, seoltar na fian\u00e1in ar ais chuig an su\u00edomh Gr\u00e9as\u00e1in a thionscain iad (fian\u00e1in ch\u00e9ad ph\u00e1irt\u00ed) n\u00f3 chuig su\u00edomh eile a aithn\u00edonn iad (fian\u00e1in tr\u00ed\u00fa p\u00e1irt\u00ed). Ligeann fian\u00e1in do shu\u00edomh gr\u00e9as\u00e1in gl\u00e9as \u00das\u00e1ideora a aithint. T\u00e1 cusp\u00f3ir\u00ed \u00e9ags\u00fala acu mar, mar shampla, ligean duit nasclean\u00faint a dh\u00e9anamh go h\u00e9ifeacht\u00fail idir leathanaigh, cuimhneamh ar na su\u00edomhanna is fearr leat agus, go ginear\u00e1lta, an taith\u00ed brabhs\u00e1la a fheabhs\u00fa. Cuid\u00edonn siad freisin lena chinnti\u00fa go bhfuil an t-\u00e1bhar f\u00f3gra\u00edochta a thaispe\u00e1ntar ar l\u00edne n\u00edos d\u00edrithe ar an \u00fas\u00e1ideoir agus i gcomhr\u00e9ir lena leasanna (ag d\u00edri\u00fa ar fhian\u00e1in n\u00f3 ar fhian\u00e1in phr\u00f3if\u00edlithe). D\u2019fh\u00e9adfadh tr\u00e9imhse theoranta de sheisi\u00fan brabhs\u00e1la aonair a bheith ag fian\u00e1in agus, sa ch\u00e1s sin, d\u00e9antar iad a dh\u00edghn\u00edomhacht\u00fa go huathoibr\u00edoch nuair a dh\u00fantar an brabhs\u00e1la\u00ed; n\u00f3 d\u2019fh\u00e9adfadh dul in \u00e9ag r\u00e9amhshocraithe a bheith acu, agus sa ch\u00e1s sin fanfaidh siad st\u00f3r\u00e1ilte agus gn\u00edomhach ar ghl\u00e9as an \u00fas\u00e1ideora go dt\u00ed an dul in \u00e9ag sin, ag lean\u00faint d\u2019fhaisn\u00e9is a bhaili\u00fa le linn seisi\u00fain bhrabhs\u00e1la \u00e9ags\u00fala ar an mbrabhs\u00e1la\u00ed. T\u00e1 teicneola\u00edochta\u00ed bailithe faisn\u00e9ise eile ann freisin a bhfuil cusp\u00f3ir\u00ed acu at\u00e1 cos\u00fail le cusp\u00f3ir\u00ed na bhfian\u00e1n agus a st\u00f3r\u00e1iltear ar ghl\u00e9as an \u00fas\u00e1ideora (amhail picteil\u00edn\u00ed). San fhaisn\u00e9is seo, \u00fas\u00e1idtear an t\u00e9arma fian\u00e1n le tagairt d'fhian\u00e1in, mar a thuairisc\u00edtear thuas, agus le tagairt d'aon teicneola\u00edocht baili\u00fach\u00e1in eile, agus \u00e9 mar aidhm aige treoir a shol\u00e1thar don \u00das\u00e1ideoir chun tuiscint a fh\u00e1il ar na fian\u00e1in agus na teicneola\u00edochta\u00ed eile d\u00e1 samhail, mar shampla agus c\u00e9n f\u00e1th a n-\u00fas\u00e1idtear iad, na cearta a aithn\u00edtear d'\u00das\u00e1ideoir\u00ed agus na roghanna is f\u00e9idir leo a dh\u00e9anamh maidir lena n-\u00fas\u00e1id.<\/p>\n<p>&nbsp;<\/p>\n<p><strong>Fian\u00e1in agus teicneola\u00edochta\u00ed comhchos\u00fala \u2013 sainmh\u00ednithe<br \/>\n<\/strong>Fian\u00e1in: comhaid bheaga t\u00e9acs (litreacha agus uimhreacha de ghn\u00e1th) a dh\u00e9anann na su\u00edomhanna gr\u00e9as\u00e1in (ar a dtugtar \u2018c\u00e9ad ph\u00e1irt\u00ed\u2019) ar thug an t\u00das\u00e1ideoir cuairt orthu n\u00f3 su\u00edomhanna gr\u00e9as\u00e1in n\u00f3 freastalaithe gr\u00e9as\u00e1in \u00e9ags\u00fala (ar a dtugtar \u2018tr\u00ed\u00fa p\u00e1irtithe\u2019) a chur agus a st\u00f3r\u00e1il laistigh den bhrabhs\u00e1la\u00ed a \u00fas\u00e1ideann an t\u00das\u00e1ideoir chun brabhs\u00e1il ar aon ghaireas teirmin\u00e9il at\u00e1 in ann faisn\u00e9is a st\u00f3r\u00e1il.<\/p>\n<p>Teicneola\u00edochta\u00ed Eile: teicneola\u00edochta\u00ed a st\u00f3r\u00e1lann sonra\u00ed sa bhrabhs\u00e1la\u00ed n\u00f3 sa ghl\u00e9as a \u00fas\u00e1ideann an \u00das\u00e1ideoir ag baint \u00fas\u00e1ide as ruda\u00ed roinnte go h\u00e1iti\u00fail n\u00f3 st\u00f3r\u00e1il \u00e1iti\u00fail, e.g. fian\u00e1in flash, fian\u00e1in HTML 5 agus modhanna bogearra\u00ed feidhmchl\u00e1ir gr\u00e9as\u00e1in eile. Oibr\u00edonn na teicneola\u00edochta\u00ed seo i ngach brabhs\u00e1la\u00ed. I gc\u00e1sanna \u00e1irithe, n\u00ed f\u00e9idir le brabhs\u00e1laithe \u00fas\u00e1id st\u00f3r\u00e1la \u00e1iti\u00fala a bhainisti\u00fa go hioml\u00e1n, ach teasta\u00edonn bainist\u00edocht tr\u00ed uirlis\u00ed sonracha.<\/p>\n<p>&nbsp;<\/p>\n<p><strong>Catag\u00f3ir\u00ed fian\u00e1n<br \/>\n<\/strong>Is f\u00e9idir fian\u00e1in a idirdheal\u00fa bunaithe ar a gcusp\u00f3ir, a r\u00e9 agus \u00fain\u00e9ir an fhian\u00e1in.<\/p>\n<ul>\n<li>Is iad na fian\u00e1in a bhfuil idirdheal\u00fa eatarthu de r\u00e9ir cusp\u00f3ra na fian\u00e1in sin is f\u00e9idir a shuite\u00e1il ar ghl\u00e9as an \u00das\u00e1ideora chun:\n<ol>\n<li>feidhmi\u00fa an l\u00e1ithre\u00e1in agus na seirbh\u00eds\u00ed a chinnti\u00fa, chomh maith le r\u00e1tha\u00edocht a thabhairt gur f\u00e9idir leis an \u00das\u00e1ideoir leas a bhaint as a bhfeidhmeanna, ar a dtugtar fian\u00e1in theicni\u00fala;<\/li>\n<li>feidhm\u00edocht an l\u00e1ithre\u00e1in agus na seirbh\u00eds\u00ed a thairgeann an <a href=\"https:\/\/impact-acmproject.eu\/ga\/\">https:\/\/impact-acmproject.eu\/<\/a> a fheabhs\u00fa, chomh maith le meast\u00f3ireacht a dh\u00e9anamh ar \u00e9ifeachtacht na seirbh\u00edse a thairgtear tr\u00edd an Su\u00edomh, mar a thugtar air. fian\u00e1in anail\u00edseacha;<\/li>\n<li>cead a thabhairt don Chuibhreannas n\u00f3 do thr\u00ed\u00fa p\u00e1irtithe f\u00f3gra\u00edocht spriocdh\u00edrithe a sti\u00faradh n\u00f3 i gcomhr\u00e9ir le leasanna an \u00das\u00e1ideora, faoi r\u00e9ir toili\u00fa a fh\u00e1il, ar a dtugtar fian\u00e1in phr\u00f3if\u00edlithe.<\/li>\n<\/ol>\n<\/li>\n<\/ul>\n<ul>\n<li>Is iad na fian\u00e1in a nd\u00e9antar idirdheal\u00fa orthu bunaithe ar a bhfad n\u00e1 na fian\u00e1in sin ar f\u00e9idir leo fanacht i mbrabhs\u00e1la\u00ed an ghl\u00e9is ar feadh tr\u00e9imhse seisi\u00fain (i.e. go dt\u00ed go nd\u00fanann t\u00fa an brabhs\u00e1la\u00ed a \u00fas\u00e1idtear chun an Su\u00edomh a bhrabhs\u00e1il n\u00f3 chun cur isteach ar \u00fas\u00e1id Seirbh\u00edse) agus tugtar fian\u00e1in seisi\u00fain orthu. N\u00f3, is f\u00e9idir iad a st\u00f3r\u00e1il i mbrabhs\u00e1la\u00ed do ghl\u00e9is ar feadh tr\u00e9imhs\u00ed fada agus d\u2019fh\u00e9adfadh c\u00f3d aitheantais uath\u00fail a bheith iontu agus tugtar fian\u00e1in bhuana orthu.<strong>\u00a0<\/strong><\/li>\n<\/ul>\n<ul>\n<li>Is f\u00e9idir fian\u00e1in a idirdheal\u00fa freisin bunaithe ar an eintiteas ar leis an fian\u00e1n (fian\u00e1in ch\u00e9ad ph\u00e1irt\u00ed agus fian\u00e1in tr\u00ed\u00fa p\u00e1irt\u00ed).<\/li>\n<\/ul>\n<p>D\u2019fh\u00e9adfadh na fian\u00e1in a bheith faoi \u00fain\u00e9ireacht an l\u00e1ithre\u00e1in agus an bhainisteora seirbh\u00edse agus, d\u00e1 bhr\u00ed sin, d\u00e9anann an bainisteoir seirbh\u00edse iad a shuite\u00e1il i mbrabhs\u00e1la\u00ed ghl\u00e9as an \u00das\u00e1ideora, ar a dtugtar fian\u00e1in ch\u00e9ad ph\u00e1irt\u00ed. D'fh\u00e9adfadh s\u00e9 tarl\u00fa go bhfuil fian\u00e1in ar an Su\u00edomh, a thagann \u00f3 shu\u00edomhanna eile, at\u00e1 faoi \u00fain\u00e9ireacht tr\u00ed\u00fa p\u00e1irtithe, at\u00e1 i ngn\u00e9ithe \u00e9ags\u00fala a \u00f3st\u00e1iltear ar an Su\u00edomh f\u00e9in (mar shampla, meirg\u00ed f\u00f3gra\u00edochta, \u00edomh\u00e1nna, f\u00edse\u00e1in, fuaimeanna\u2026) agus sa ch\u00e1s seo is fian\u00e1in tr\u00ed\u00fa p\u00e1irt\u00ed iad seo mar a thugtar orthu.<strong>\u00a0<\/strong><\/p>\n<p>&nbsp;<\/p>\n<p><strong>Fian\u00e1in a \u00fas\u00e1ideann an su\u00edomh gr\u00e9as\u00e1in seo<br \/>\n<\/strong>An chuairt ar <a href=\"https:\/\/impact-acmproject.eu\/ga\/\">https:\/\/impact-acmproject.eu\/<\/a> Baineann an su\u00edomh Gr\u00e9as\u00e1in le fian\u00e1in a \u00fas\u00e1id chun eisp\u00e9ireas an \u00fas\u00e1ideora a fheabhs\u00fa. \u00das\u00e1ideann an l\u00e1ithre\u00e1n: fian\u00e1in nasclean\u00fana theicni\u00fala, fian\u00e1in anail\u00edseacha agus fian\u00e1in phr\u00f3if\u00edlithe chun cr\u00edocha marga\u00edochta.<br \/>\nIs f\u00e9idir leis an \u00fas\u00e1ideoir, ag am ar bith, a roghanna a bhainisti\u00fa n\u00f3 suite\u00e1il fian\u00e1in a dhi\u00falt\u00fa.<\/p>\n<p>Is f\u00e9idir leis an \u00fas\u00e1ideoir, ag am ar bith, a roghanna a bhainisti\u00fa n\u00f3 suite\u00e1il fian\u00e1in a dhi\u00falt\u00fa.<\/p>\n<p style=\"text-align: left;\">\n<div id=\"cmplz-cookies-overview\"><\/div>\n<\/p>\n<p>&nbsp;<\/p>\n<p><strong>Amanna coinne\u00e1la sonra\u00ed pearsanta a bhail\u00edtear tr\u00ed fhian\u00e1in<br \/>\n<\/strong>St\u00f3r\u00e1lfar an fhaisn\u00e9is agus na sonra\u00ed a bhail\u00edtear tr\u00ed fhian\u00e1in ar feadh na tr\u00e9imhse a bhfuil f\u00edorgh\u00e1 l\u00e9i chun na cusp\u00f3ir\u00ed d\u00e1r suite\u00e1ladh gach fian\u00e1n a bhaint amach.<\/p>\n<p>Chun rochtain a fh\u00e1il ar fhaisn\u00e9is shonrach a bhaineann le st\u00f3r\u00e1il faisn\u00e9ise a fhaightear tr\u00ed fhian\u00e1in ch\u00e9ad ph\u00e1irt\u00ed agus tr\u00ed\u00fa p\u00e1irt\u00ed a \u00fas\u00e1id, agus a gcuid sainroghanna a bhainisti\u00fa, is f\u00e9idir leis an \u00das\u00e1ideoir rochtain a fh\u00e1il ar an ionad fian\u00e1n ag am ar bith.<\/p>\n<p>&nbsp;<\/p>\n<p><strong>\u00a0<\/strong><strong>Cearta \u00fas\u00e1ideoir\u00ed agus roghanna fian\u00e1n a bhainisti\u00fa<br \/>\n<\/strong>Deona\u00edtear na cearta d\u00e1 bhfor\u00e1iltear le Rialach\u00e1n (AE) 2016\/679 (RGCS mar a thugtar air), lena n-\u00e1ir\u00edtear an ceart rochtana, an freas\u00fara, an ceal\u00fa, chomh maith lena roghanna maidir le h\u00fas\u00e1id fian\u00e1n a mhodhn\u00fa tr\u00e1th ar bith, tr\u00edd an ionad fian\u00e1n. Chun tuilleadh faisn\u00e9ise agus sonra\u00ed a fh\u00e1il maidir le cearta an \u00das\u00e1ideora agus conas a gcearta a fheidhmi\u00fa, is f\u00e9idir leis an \u00das\u00e1ideoir an Beartas Pr\u00edobh\u00e1ideachais ioml\u00e1n a chead\u00fa (cuir nasc isteach tr\u00ed chlice\u00e1il ar \u2018beartas pr\u00edobh\u00e1ideachais\u2019).<\/p>\n<p><strong>\u00a0<\/strong><\/p>\n<p><strong>Fian\u00e1in a dh\u00edchumas\u00fa \u00f3 do bhrabhs\u00e1la\u00ed<br \/>\n<\/strong>Is f\u00e9idir leis an \u00das\u00e1ideoir, chomh maith le fian\u00e1in a dh\u00edchumas\u00fa tr\u00edd an ionad fian\u00e1n, a bhrabhs\u00e1la\u00ed a chumr\u00fa chun l\u00edon na bhfian\u00e1n a nglactar leo a theorann\u00fa, gach fian\u00e1n a bhac n\u00f3 iad a scriosadh, \u00f3 shocruithe an bhrabhs\u00e1la\u00ed ar na beala\u00ed seo a leanas:<\/p>\n<ol>\n<li>Microsoft Internet Explorer<br \/>\nTr\u00ed chlice\u00e1il ar dheilbh\u00edn na n-uirlis\u00ed sa ch\u00fainne ar dheis ar barr agus roghanna idirl\u00edn a roghn\u00fa. Taispe\u00e1nfar fuinneog an\u00edos, roghnaigh pr\u00edobh\u00e1ideacht. Sa chuid seo is f\u00e9idir leis an \u00das\u00e1ideoir na socruithe fian\u00e1n a athr\u00fa.Nasc: <a href=\"http:\/\/windows.microsoft.com\/it-it\/internet-explorer\/delete-manage-cookies#ie=ie-11-win-7\">http:\/\/windows.microsoft.com\/it-it\/internet-explorer\/delete-manage-cookies#ie=ie-11-win-7<\/a><\/li>\n<li>Google Chrome<br \/>\nTr\u00ed chlice\u00e1il ar dheilbh\u00edn na heanga\u00ed sa ch\u00fainne ar dheis ar barr agus roghnaigh socruithe. Ansin, roghnaigh socruithe chun cinn a thaispe\u00e1int. Sa chuid seo is f\u00e9idir leis an \u00das\u00e1ideoir na socruithe fian\u00e1n a athr\u00fa.Nasc: <a href=\"https:\/\/support.google.com\/accounts\/topic\/2373959?hl=it&amp;ref_topic=2373957\">https:\/\/support.google.com\/accounts\/topic\/2373959?hl=it&amp;ref_topic=2373957<\/a><\/li>\n<li>Mozilla Firefox<br \/>\n\u00d3n roghchl\u00e1r anuas sa ch\u00fainne uachtarach ar chl\u00e9, roghnaigh roghanna. Sa fhuinneog an\u00edos, roghnaigh pr\u00edobh\u00e1ideachas agus sa rann\u00e1n beidh t\u00fa in ann do chuid sainroghanna fian\u00e1n a athr\u00fa.Nasc: <a href=\"https:\/\/support.mozilla.org\/it\/kb\/Attivare%20e%20disattivare%20i%20cookie#firefox:win7:fx38\">https:\/\/support.mozilla.org\/it\/kb\/Attivare%20e%20disattivare%20i%20cookie#firefox:win7:fx38<\/a><\/li>\n<li>Safaris<br \/>\n\u00d3n roghchl\u00e1r socruithe anuas sa ch\u00fainne ar dheis ar barr, roghnaigh sainroghanna. Ansin roghnaigh sl\u00e1nd\u00e1il agus sa chuid seo is f\u00e9idir leis an \u00das\u00e1ideoir na socruithe fian\u00e1n a choigeart\u00fa.Nasc: <a href=\"https:\/\/support.apple.com\/it-it\/HT201265\">https:\/\/support.apple.com\/it-it\/HT201265<\/a><\/li>\n<\/ol>\n<p><strong>\u00a0<\/strong><\/p>\n<p><strong>\u00a0<\/strong><strong>Rialaitheoir Sonra\u00ed agus faisn\u00e9is teagmh\u00e1la<\/strong><strong><br \/>\n<\/strong>Is \u00e9 an Rialaitheoir Sonra\u00ed an <strong>Cuibhreannas Italbiotec<\/strong> (C.F.\/Uimhir CBL 02429600121), a bhfuil a oifig chl\u00e1raithe in Milano in Piazza della Trivulziana 4\/A, i bpearsa a ionada\u00ed dhl\u00edthi\u00fail pro tem; pic: consorzio@pec.italbiotec.it. F\u00e9adfaidh an \u00das\u00e1ideoir, tr\u00e1th ar bith, iarrata\u00ed ar fhaisn\u00e9is n\u00f3 soil\u00e9irithe a sheoladh chuig an seoladh thuasluaite n\u00f3 tr\u00ed na modhanna breise a l\u00e9ir\u00edtear sa Bheartas Pr\u00edobh\u00e1ideachta (<a href=\"https:\/\/impact-acmproject.eu\/ga\/privacy-policy\/\">https:\/\/impact-acmproject.eu\/privacy-policy\/<\/a>).<\/p>\n<p>&nbsp;<\/p>\n<p>&nbsp;<\/p>\n<p>\n<\/div><\/div><\/div><\/div><\/div><\/div><\/div><!-- cell_inner --><\/div><!-- cell --><\/div><!-- port --><\/section><\/p>","protected":false},"excerpt":{"rendered":"","protected":false},"author":2,"featured_media":0,"parent":0,"menu_order":0,"comment_status":"closed","ping_status":"closed","template":"","meta":{"footnotes":""},"class_list":["post-3768","page","type-page","status-publish","hentry"],"_links":{"self":[{"href":"https:\/\/impact-acmproject.eu\/ga\/wp-json\/wp\/v2\/pages\/3768","targetHints":{"allow":["GET"]}}],"collection":[{"href":"https:\/\/impact-acmproject.eu\/ga\/wp-json\/wp\/v2\/pages"}],"about":[{"href":"https:\/\/impact-acmproject.eu\/ga\/wp-json\/wp\/v2\/types\/page"}],"author":[{"embeddable":true,"href":"https:\/\/impact-acmproject.eu\/ga\/wp-json\/wp\/v2\/users\/2"}],"replies":[{"embeddable":true,"href":"https:\/\/impact-acmproject.eu\/ga\/wp-json\/wp\/v2\/comments?post=3768"}],"version-history":[{"count":9,"href":"https:\/\/impact-acmproject.eu\/ga\/wp-json\/wp\/v2\/pages\/3768\/revisions"}],"predecessor-version":[{"id":3845,"href":"https:\/\/impact-acmproject.eu\/ga\/wp-json\/wp\/v2\/pages\/3768\/revisions\/3845"}],"wp:attachment":[{"href":"https:\/\/impact-acmproject.eu\/ga\/wp-json\/wp\/v2\/media?parent=3768"}],"curies":[{"name":"wp","href":"https:\/\/api.w.org\/{rel}","templated":true}]}}