{"id":3,"date":"2023-08-31T13:00:16","date_gmt":"2023-08-31T11:00:16","guid":{"rendered":"http:\/\/impact-acmproject.eu\/?page_id=3"},"modified":"2024-12-02T12:56:24","modified_gmt":"2024-12-02T11:56:24","slug":"privacy-policy","status":"publish","type":"page","link":"https:\/\/impact-acmproject.eu\/ga\/privacy-policy\/","title":{"rendered":"Beartas Pr\u00edobh\u00e1ideachais"},"content":{"rendered":"<p><section data-bb-version=\"4.7.6\" id=\"bt_bb_section69eb914b74f9d\" class=\"bt_bb_section bt_bb_layout_boxed_1200\"  data-bt-override-class=\"null\"><div class=\"bt_bb_port\"><div class=\"bt_bb_cell\"><div class=\"bt_bb_cell_inner\"><div class=\"bt_bb_row\"  data-bt-override-class=\"{}\"><div class=\"bt_bb_row_holder\" ><div data-bb-version=\"4.7.6\"  class=\"bt_bb_column col-xxl-12 col-xl-12 col-xs-12 col-sm-12 col-md-12 col-lg-12 bt_bb_vertical_align_top bt_bb_align_left bt_bb_padding_normal\" style=\"; --column-width:12;\" data-width=\"12\" data-bt-override-class=\"{}\"><div class=\"bt_bb_column_content\"><div class=\"bt_bb_column_content_inner\"><\/div><\/div><\/div><\/div><\/div><\/div><!-- cell_inner --><\/div><!-- cell --><\/div><!-- port --><\/section><section data-bb-version=\"4.7.6\" id=\"bt_bb_section69eb914b75537\" class=\"bt_bb_section bt_bb_color_scheme_1 bt_bb_layout_boxed_1200 bt_bb_vertical_align_top bt_bb_background_overlay_dark_solid bt_bb_bottom_section_coverage_image bt_bb_section_with_bottom_coverage_image bt_bb_top_spacing_large bt_bb_bottom_spacing_large\" style=\"; --section-primary-color:#ffffff; --section-secondary-color:#191919;;background-color:rgb(51,42,43);\" data-bt-override-class=\"{&quot;bt_bb_top_spacing_&quot;:{&quot;current_class&quot;:&quot;bt_bb_top_spacing_large&quot;,&quot;def&quot;:&quot;large&quot;},&quot;bt_bb_bottom_spacing_&quot;:{&quot;current_class&quot;:&quot;bt_bb_bottom_spacing_large&quot;,&quot;def&quot;:&quot;large&quot;}}\"><div class=\"bt_bb_port\"><div class=\"bt_bb_cell\"><div class=\"bt_bb_cell_inner\"><div class=\"bt_bb_row\"  data-bt-override-class=\"{}\"><div class=\"bt_bb_row_holder\" ><div  class=\"bt_bb_column col-xxl-7 col-xl-7 bt_bb_vertical_align_middle bt_bb_align_left bt_bb_padding_normal bt_bb_animation_fade_in animate\" style=\"; --column-width:7;\" data-width=\"7\" data-bt-override-class=\"{}\"><div class=\"bt_bb_column_content\"><div class=\"bt_bb_column_content_inner\"><div class=\"bt_bb_separator bt_bb_border_style_none bt_bb_border_color_none bt_bb_bottom_spacing_large\" data-bt-override-class=\"null\"><\/div><header data-bb-version=\"4.7.6\" class=\"bt_bb_headline bt_bb_subheadline_text_transform_default bt_bb_dash_none bt_bb_size_large bt_bb_align_inherit\" data-bt-override-class=\"{&quot;bt_bb_size_&quot;:{&quot;current_class&quot;:&quot;bt_bb_size_large&quot;,&quot;def&quot;:&quot;large&quot;},&quot;bt_bb_align_&quot;:{&quot;current_class&quot;:&quot;bt_bb_align_inherit&quot;,&quot;def&quot;:&quot;inherit&quot;}}\"><h1 class=\"bt_bb_headline_tag\"><span class=\"bt_bb_headline_content\"><span>Beartas Pr\u00edobh\u00e1ideachais<\/span><\/span><\/h1><\/header><div class=\"bt_bb_separator bt_bb_border_style_none bt_bb_border_color_none bt_bb_bottom_spacing_large\" data-bt-override-class=\"null\"><\/div><\/div><\/div><\/div><div  class=\"bt_bb_column col-xxl-5 col-xl-5 bt_bb_vertical_align_top bt_bb_align_left bt_bb_padding_normal\" style=\"; --column-width:5;\" data-width=\"5\" data-bt-override-class=\"{}\"><div class=\"bt_bb_column_content\"><div class=\"bt_bb_column_content_inner\"><\/div><\/div><\/div><\/div><\/div><\/div><!-- cell_inner --><\/div><!-- cell --><\/div><!-- port --><div class=\"bt_bb_section_bottom_section_coverage_image\"><img decoding=\"async\" src=\"https:\/\/impact-acmproject.eu\/wp-content\/uploads\/2023\/11\/bottom-cover.png\" alt=\"bt_bb_section_bottom_section_coverage_image\" \/><\/div><\/section><section data-bb-version=\"4.7.6\" id=\"bt_bb_section69eb914b756dd\" class=\"bt_bb_section bt_bb_layout_boxed_1200\"  data-bt-override-class=\"null\"><div class=\"bt_bb_port\"><div class=\"bt_bb_cell\"><div class=\"bt_bb_cell_inner\"><div class=\"bt_bb_row\"  data-bt-override-class=\"{}\"><div class=\"bt_bb_row_holder\" ><div data-bb-version=\"4.7.6\"  class=\"bt_bb_column col-xxl-12 col-xl-12 col-xs-12 col-sm-12 col-md-12 col-lg-12 bt_bb_vertical_align_top bt_bb_align_left bt_bb_padding_normal\" style=\"; --column-width:12;\" data-width=\"12\" data-bt-override-class=\"{}\"><div class=\"bt_bb_column_content\"><div class=\"bt_bb_column_content_inner\"><div data-bb-version=\"4.7.6\"  class=\"bt_bb_text\" ><\/p>\n<p><strong>Faisn\u00e9is agus toili\u00fa a bhaineann le pr\u00f3ise\u00e1il sonra\u00ed pearsanta \u00fas\u00e1ideoir\u00ed l\u00e1ithre\u00e1n gr\u00e9as\u00e1in tionchair de bhun Airteagal 13 de Rialach\u00e1n (AE) 2016\/679 (\u2018RGCS\u2019)<\/strong><\/p>\n<p><strong>An t-\u00e1itreabh<\/strong><br \/>Sol\u00e1thra\u00edonn Cuibhreannas Italbiotec an fhaisn\u00e9is sin i nd\u00e1il le pr\u00f3ise\u00e1il sonra\u00ed pearsanta arna mbaili\u00fa ag an gCuibhreannas agus cuairt \u00e1 tabhairt aige ar an su\u00edomh gr\u00e9as\u00e1in https:\/\/impact-acmproject.eu\/ agus brabhs\u00e1il \u00e1 d\u00e9anamh aige air. Cuirtear an fhaisn\u00e9is seo ar f\u00e1il go heisiach do shu\u00edomh Gr\u00e9as\u00e1in IMPACT agus n\u00ed bhaineann s\u00ed le leathanaigh n\u00e1 le seirbh\u00eds\u00ed ar l\u00edne at\u00e1 inrochtana tr\u00ed naisc hipirt\u00e9acs a d'fh\u00e9adfa\u00ed a fhoilsi\u00fa ar an su\u00edomh Gr\u00e9as\u00e1in. D\u00e9anfar na sonra\u00ed pearsanta arna sol\u00e1thar ag \u00fas\u00e1ideoir\u00ed a phr\u00f3ise\u00e1il i gcomhr\u00e9ir le for\u00e1lacha Rialach\u00e1n AE Uimh. 2016\/679 (le haghaidh \u2018RGCS\u2019).<\/p>\n<p>\u00a0<\/p>\n<p><strong>Rialaitheoir Sonra\u00ed<br \/><\/strong>Is \u00e9 an Rialaitheoir Sonra\u00ed Cuibhreannas Italbiotec (uimhir C.F.\/CBL 02429600121), a bhfuil oifig chl\u00e1raithe aige in Milano in Piazza della Trivulziana 4\/A, i bpearsa an ionada\u00ed dhl\u00edthi\u00fail pro tempore pec: consorzio@pec.italbiotec.it<\/p>\n<p>\u00a0<\/p>\n<p><strong>Bun\u00fas dl\u00ed na Pr\u00f3ise\u00e1la<br \/><\/strong>Is \u00e9 an bun\u00fas dl\u00ed le haghaidh phr\u00f3ise\u00e1il na sonra\u00ed a l\u00e9ir\u00edtear san fhaisn\u00e9is seo toili\u00fa sainr\u00e1ite an ph\u00e1irt\u00ed leasmhair de bhun Airteagal 6 m\u00edr 1 litir. a) RGCS agus comhl\u00edonadh na n-oibleag\u00e1id\u00ed dl\u00edthi\u00fala a bhfuil an Rialaitheoir Sonra\u00ed faoina r\u00e9ir de bhun Airteagal 6 m\u00edr 1 litir. c) RGCS.<\/p>\n<p>\u00a0<\/p>\n<p><strong>Catag\u00f3ir\u00ed Sonra\u00ed \u2013 Sonra\u00ed brabhs\u00e1la<br \/><\/strong>Pr\u00f3ise\u00e1lann an Rialaitheoir Sonra\u00ed sonra\u00ed pearsanta de chine\u00e1l coiteann (ainm, sloinne, seoladh r\u00edomhphoist, sonra\u00ed pearsanta eile amhail c\u00f3d c\u00e1nach, \u00e1it ch\u00f3naithe; sonra\u00ed loingseoireachta amhail seoladh IP, seolta\u00ed i nodaireacht URI\/URL etc.). Faigheann na c\u00f3rais r\u00edomhaireachta agus na n\u00f3sanna imeachta bogearra\u00ed a \u00fas\u00e1idtear chun an l\u00e1ithre\u00e1n gr\u00e9as\u00e1in seo a oibri\u00fa, le linn a ngn\u00e1thoibr\u00edochta, roinnt sonra\u00ed pearsanta a bhfuil a dtarchur intuigthe in \u00fas\u00e1id pr\u00f3tacal cumars\u00e1ide Idirl\u00edn.<\/p>\n<p>Is faisn\u00e9is \u00ed sin nach mbail\u00edtear le bheith bainteach le p\u00e1irtithe leasmhara sainaitheanta, ach a d\u2019fh\u00e9adfadh, de bharr a cine\u00e1il f\u00e9in, \u00fas\u00e1ideoir\u00ed a shainaithint tr\u00ed phr\u00f3ise\u00e1il agus tr\u00ed cheangal le sonra\u00ed at\u00e1 i seilbh tr\u00ed\u00fa p\u00e1irtithe.<\/p>\n<p>\u00c1ir\u00edtear sa chatag\u00f3ir sonra\u00ed seo seolta\u00ed IP n\u00f3 ainmneacha fearainn na r\u00edomhair\u00ed a \u00fas\u00e1ideann \u00fas\u00e1ideoir\u00ed a nascann leis an su\u00edomh, na seolta\u00ed in URI (Aitheant\u00f3ir Aonfhoirmeach Acmhainne) nodaireacht na n-acmhainn\u00ed a iarradh, am na hiarrata, an modh a \u00fas\u00e1ideadh chun an iarraidh a chur faoi bhr\u00e1id an fhreastala\u00ed, m\u00e9id an chomhaid a fuarthas mar fhreagairt, an c\u00f3d uimhri\u00fail lena l\u00e9ir\u00edtear st\u00e1das na freagartha a thug an freastala\u00ed (rath\u00fail, earr\u00e1id, etc.) agus paraim\u00e9adair eile a bhaineann leis an gc\u00f3ras oibri\u00fach\u00e1in agus le timpeallacht TF an \u00fas\u00e1ideora.<\/p>\n<p>\u00das\u00e1idtear na sonra\u00ed seo chun faisn\u00e9is staidrimh anaithnid a fh\u00e1il maidir le h\u00fas\u00e1id an l\u00e1ithre\u00e1in agus chun a fheidhmi\u00fa ceart a sheice\u00e1il, agus chun na cr\u00edche sin amh\u00e1in, agus scriostar iad l\u00e1ithreach tar \u00e9is a bpr\u00f3ise\u00e1la.<\/p>\n<p>\u00a0<\/p>\n<p><strong>Catag\u00f3ir\u00ed Sonra\u00ed \u2013 Sonra\u00ed a shol\u00e1thra\u00edonn t\u00fa go deonach<br \/><\/strong>Is \u00e9ard at\u00e1 i gceist le seoladh roghnach, sainr\u00e1ite agus deonach r\u00edomhphoist chuig na seolta\u00ed a l\u00e9ir\u00edtear agus\/n\u00f3 an fhoirm ar an su\u00edomh seo a l\u00edonadh isteach n\u00e1 seoladh an tseolt\u00f3ra a fh\u00e1il ina dhiaidh sin, rud at\u00e1 riachtanach chun freagairt d\u2019iarrata\u00ed, chomh maith le haon sonra\u00ed pearsanta eile a iontr\u00e1iltear sa chumars\u00e1id mar a l\u00e9ir\u00edtear sa bheartas pr\u00edobh\u00e1ideachais a bhaineann leis an tseirbh\u00eds \u2018teagmh\u00e1il a dh\u00e9anamh linn\u2019 at\u00e1 i l\u00e1thair ag an bpost seo a leanas: privacy@italbiotec.it<\/p>\n<p>C\u00e9 is moite den mh\u00e9id a shonra\u00edtear thuas maidir le sonra\u00ed loingseoireachta agus san fhaisn\u00e9is de bhun Airteagal 13 de RGCS a shol\u00e1thra\u00edtear sna ranna aonair de shu\u00edomh gr\u00e9as\u00e1in IMPACT, t\u00e1 sol\u00e1thar sonra\u00ed chun cr\u00edoch breise roghnach.<\/p>\n<p><strong><br \/>Fian\u00e1in<br \/><\/strong>Is f\u00e9idir teacht ar fhaisn\u00e9is a bhaineann le fian\u00e1in sa rann\u00e1n \u2018beartas fian\u00e1n\u2019 (<a href=\"https:\/\/impact-acmproject.eu\/ga\/cookie-policy-ue\/\">https:\/\/impact-acmproject.eu\/cookie-policy-ue\/<\/a>)<\/p>\n<p>Ag am ar bith is f\u00e9idir leat an toili\u00fa a thugtar san ionad fian\u00e1n a mhodhn\u00fa, a ch\u00falghairm n\u00f3 a nuashonr\u00fa.<\/p>\n<p>\u00a0<\/p>\n<p><strong>Cusp\u00f3ir na Pr\u00f3ise\u00e1la \u2013 Modhanna pr\u00f3ise\u00e1la \u2013 tr\u00e9imhse coinne\u00e1la sonra\u00ed<br \/><\/strong>T\u00e1 pr\u00f3ise\u00e1il do chuid sonra\u00ed ag baint \u00fas\u00e1ide as uirlis\u00ed TF agus teileamaitice (agus \/ n\u00f3 uirlis\u00ed l\u00e1imhe a \u00fas\u00e1id) d\u00edrithe ar \u00fas\u00e1id cheart a bhaint as an su\u00edomh Gr\u00e9as\u00e1in maidir leis na seirbh\u00eds\u00ed a thairgeann <a href=\"https:\/\/impact-acmproject.eu\/ga\/\">https:\/\/impact-acmproject.eu\/<\/a>. D\u00e9anfaidh foireann agus comhoibrithe an Chuibhreannais Italbiotec (inmhe\u00e1nach n\u00f3 seachtrach, daoine n\u00e1d\u00fartha n\u00f3 eintitis dhl\u00edtheanacha) do chuid sonra\u00ed a phr\u00f3ise\u00e1il le haghaidh riachtanais chothabh\u00e1la seirbh\u00edse.<\/p>\n<p>D\u00e9antar sonra\u00ed pearsanta a phr\u00f3ise\u00e1il le huirlis\u00ed uathoibrithe ar feadh na tr\u00e9imhse a bhfuil f\u00edorgh\u00e1 l\u00e9i chun na cusp\u00f3ir\u00ed d\u00e1r bail\u00edodh iad a bhaint amach, de bhun Airteagal 5 let. e) RGCS.<\/p>\n<p>Breathna\u00edtear ar bhearta sonracha sl\u00e1nd\u00e1la chun caillteanas sonra\u00ed, \u00fas\u00e1id aindleathach n\u00f3 mh\u00edcheart agus rochtain neamh\u00fadaraithe a chosc.<\/p>\n<p><strong><br \/>Catag\u00f3ir\u00ed faighteoir\u00ed Sonra\u00ed Pearsanta<br \/><\/strong>F\u00e9adfar na sonra\u00ed at\u00e1 \u00e1 bpr\u00f3ise\u00e1il a chur in i\u00fal, i dteannta na n-\u00e1bhar d\u00e1 dtagra\u00edtear sa mh\u00edr \u2018Cusp\u00f3ir na pr\u00f3ise\u00e1la \u2013 modhanna pr\u00f3ise\u00e1la\u2019, don \u00fadar\u00e1s breithi\u00fanach freisin mar gheall ar an ng\u00e1 at\u00e1 ann aon chion den chine\u00e1l c\u00e9anna a fhionnadh.<\/p>\n<p>\u00a0<\/p>\n<p><strong>Cearta p\u00e1irtithe leasmhara<br \/><\/strong>Maidir leis na sonra\u00ed a phr\u00f3ise\u00e1iltear de bhun na faisn\u00e9ise seo, tugtar an ceart duit, tr\u00e1th ar bith, an m\u00e9id seo a leanas a dh\u00e9anamh:<\/p>\n<ul>\n<li>Rochtain (Airteagal 15 de Rialach\u00e1n AE Uimh. 2016\/679) \u2013 an ceart deimhni\u00fa a iarraidh agus a fh\u00e1il \u00f3n Rialaitheoir Sonra\u00ed go bhfuil pr\u00f3ise\u00e1il a gcuid sonra\u00ed idir l\u00e1mha agus rochtain ar shonra\u00ed a bhaineann leis an bp\u00e1irt\u00ed leasmhar (idir eolas a fh\u00e1il ar chusp\u00f3ir na pr\u00f3ise\u00e1la, na catag\u00f3ir\u00ed sonra\u00ed a phr\u00f3ise\u00e1iltear);<\/li>\n<li>Ceart\u00fa (Airteagal 16 de Rialach\u00e1n AE Uimh. 2016\/679) \u2013 is f\u00e9idir leat iarraidh ar an Rialaitheoir Sonra\u00ed do shonra\u00ed pearsanta a cheart\u00fa, a mhodhn\u00fa agus a chomhth\u00e1th\u00fa;<\/li>\n<li>Scriosadh (Airteagal 17 de Rialach\u00e1n AE Uimh. 2016\/679) \u2013 is f\u00e9idir leat do shonra\u00ed a scriosadh gan moill a bhfuil \u00fadar maith l\u00e9i (an ceart go nd\u00e9anfa\u00ed ligean i ndearmad, mar a thugtar air);<\/li>\n<li>Teorainn (Airteagal 18 de Rialach\u00e1n AE Uimh. 2016\/679) \u2013 an ceart chun teorann\u00fa a fh\u00e1il ar phr\u00f3ise\u00e1il shonra\u00ed an \u00e1bhair sonra\u00ed, mar shampla, chun feidhmi\u00fa an chirt d\u00e1 dtagra\u00edtear in Airteagal 16 a chomhth\u00e1th\u00fa chomh fada agus is g\u00e1 chun cruinneas na sonra\u00ed a fh\u00edor\u00fa;<\/li>\n<li>Iniomparthacht (Airteagal 20 de Rialach\u00e1n AE Uimh. 2016\/679) \u2013 ceada\u00edtear don ph\u00e1irt\u00ed leasmhar sonra\u00ed pearsanta a bhaineann leis a fh\u00e1il ionas gur f\u00e9idir leis iad a tharchur chuig rialaitheoir sonra\u00ed eile;<\/li>\n<li>\u2013 Cur i gcoinne pr\u00f3ise\u00e1la (Airteagal 21 de Rialach\u00e1n AE Uimh. 2016\/679) \u2013 ceada\u00edonn s\u00e9 don ph\u00e1irt\u00ed leasmhar ag\u00f3id a dh\u00e9anamh i gcoinne phr\u00f3ise\u00e1il na sonra\u00ed pearsanta a bhaineann leis.<\/li>\n<\/ul>\n<p>Is f\u00e9idir feidhmi\u00fa do chearta a fheidhmi\u00fa tr\u00ed chumars\u00e1id i scr\u00edbhinn at\u00e1 le seoladh chuig an seoladh seo a leanas: Piazza della Trivulziana 4\/A, n\u00f3 tr\u00ed r\u00edomhphost: <a href=\"mailto:privacy@italbiotec.it\">privacy@italbiotec.it<\/a><\/p>\n<p>\u00a0<\/p>\n<p><strong>Tarraingt siar an toilithe<\/strong><br \/>T\u00e1 s\u00e9 de cheart agat, ag am ar bith, do thoili\u00fa a ch\u00falghairm gan dochar do dhl\u00edthi\u00falacht na pr\u00f3ise\u00e1la bunaithe ar an toili\u00fa a tugadh roimh an gc\u00falghairm.<\/p>\n<p>\u00a0<\/p>\n<p><strong>Gear\u00e1n<\/strong><br \/>Cuimhnigh, de bhun Airteagal 77 de Rialach\u00e1n AE uimh. 2016\/679, go bhf\u00e9adfaidh S.V. gear\u00e1n a thaisceadh leis an \u00dadar\u00e1s R\u00e1th\u00f3ra i gc\u00e1s s\u00e1r\u00fa ar an reachta\u00edocht reatha maidir le cosaint sonra\u00ed pearsanta.<\/p>\n<p>\u00a0<\/p>\n<p><strong>Toili\u00fa leis an Rialach\u00e1n maidir le Sonra\u00ed Pearsanta a Phr\u00f3ise\u00e1il (AE) 2016\/679<\/strong><br \/>Cuireadh an t-\u00fas\u00e1ideoir ar an eolas:<\/p>\n<ul>\n<li>c\u00e9annacht an rialaitheora sonra\u00ed<\/li>\n<li>an bhirt, na modhanna lena nd\u00e9antar an phr\u00f3ise\u00e1il<\/li>\n<li>cusp\u00f3ir\u00ed na pr\u00f3ise\u00e1la d\u00e1 bhfuil na sonra\u00ed pearsanta beartaithe<\/li>\n<li>maidir leis an gceart toili\u00fa a tharraingt siar mar a l\u00e9ir\u00edtear san fhaisn\u00e9is seo arna hullmh\u00fa de bhun Airteagal 13 de Rialach\u00e1n (AE) 2016\/679 tr\u00edd an mbratach a chur sa bhosca iomchu\u00ed \u2018T\u00e1 na t\u00e9arma\u00ed agus na coinn\u00edollacha l\u00e9ite agam agus glacaim leo\u2019<\/li>\n<\/ul>\n<p>\u00a0<\/p>\n<p><strong>DEARBH\u00da<br \/><\/strong>go bhfuair m\u00e9 agus l\u00e9igh m\u00e9 an t-eolas seo agus<\/p>\n<p>\u00a0<\/p>\n<p><strong>COMHAONTA\u00cd<br \/><\/strong>de bhun Airteagal 7 et seq. de Rialach\u00e1n (AE) 2016\/679 agus chun cr\u00edocha an Airteagail sin, sonra\u00ed pearsanta a phr\u00f3ise\u00e1il ar an mbealach agus laistigh de na teorainneacha a leagtar amach san fhaisn\u00e9is sin.<\/p>\n<p>\n<\/div><\/div><\/div><\/div><\/div><\/div><\/div><!-- cell_inner --><\/div><!-- cell --><\/div><!-- port --><\/section><\/p>","protected":false},"excerpt":{"rendered":"","protected":false},"author":1,"featured_media":0,"parent":0,"menu_order":0,"comment_status":"closed","ping_status":"open","template":"","meta":{"footnotes":""},"class_list":["post-3","page","type-page","status-publish","hentry"],"_links":{"self":[{"href":"https:\/\/impact-acmproject.eu\/ga\/wp-json\/wp\/v2\/pages\/3","targetHints":{"allow":["GET"]}}],"collection":[{"href":"https:\/\/impact-acmproject.eu\/ga\/wp-json\/wp\/v2\/pages"}],"about":[{"href":"https:\/\/impact-acmproject.eu\/ga\/wp-json\/wp\/v2\/types\/page"}],"author":[{"embeddable":true,"href":"https:\/\/impact-acmproject.eu\/ga\/wp-json\/wp\/v2\/users\/1"}],"replies":[{"embeddable":true,"href":"https:\/\/impact-acmproject.eu\/ga\/wp-json\/wp\/v2\/comments?post=3"}],"version-history":[{"count":15,"href":"https:\/\/impact-acmproject.eu\/ga\/wp-json\/wp\/v2\/pages\/3\/revisions"}],"predecessor-version":[{"id":3842,"href":"https:\/\/impact-acmproject.eu\/ga\/wp-json\/wp\/v2\/pages\/3\/revisions\/3842"}],"wp:attachment":[{"href":"https:\/\/impact-acmproject.eu\/ga\/wp-json\/wp\/v2\/media?parent=3"}],"curies":[{"name":"wp","href":"https:\/\/api.w.org\/{rel}","templated":true}]}}