{"id":3768,"date":"2024-01-16T10:10:32","date_gmt":"2024-01-16T09:10:32","guid":{"rendered":"https:\/\/impact-acmproject.eu\/cookie-policy-ue\/"},"modified":"2024-12-04T10:21:19","modified_gmt":"2024-12-04T09:21:19","slug":"cookie-policy-ue","status":"publish","type":"page","link":"https:\/\/impact-acmproject.eu\/fr\/cookie-policy-ue\/","title":{"rendered":"Politique en mati\u00e8re de cookies (UE)"},"content":{"rendered":"<p><section data-bb-version=\"4.7.6\" id=\"bt_bb_section69d9a86b267a0\" class=\"bt_bb_section bt_bb_layout_boxed_1200\"  data-bt-override-class=\"null\"><div class=\"bt_bb_port\"><div class=\"bt_bb_cell\"><div class=\"bt_bb_cell_inner\"><div class=\"bt_bb_row\"  data-bt-override-class=\"{}\"><div class=\"bt_bb_row_holder\" ><div data-bb-version=\"4.7.6\"  class=\"bt_bb_column col-xxl-12 col-xl-12 col-xs-12 col-sm-12 col-md-12 col-lg-12 bt_bb_vertical_align_top bt_bb_align_left bt_bb_padding_normal\" style=\"; --column-width:12;\" data-width=\"12\" data-bt-override-class=\"{}\"><div class=\"bt_bb_column_content\"><div class=\"bt_bb_column_content_inner\"><\/div><\/div><\/div><\/div><\/div><\/div><!-- cell_inner --><\/div><!-- cell --><\/div><!-- port --><\/section><section data-bb-version=\"4.7.6\" id=\"bt_bb_section69d9a86b26f57\" class=\"bt_bb_section bt_bb_color_scheme_1 bt_bb_layout_boxed_1200 bt_bb_vertical_align_top bt_bb_background_overlay_dark_solid bt_bb_bottom_section_coverage_image bt_bb_section_with_bottom_coverage_image bt_bb_top_spacing_large bt_bb_bottom_spacing_large\" style=\"; --section-primary-color:#ffffff; --section-secondary-color:#191919;;background-color:rgb(34,64,96);\" data-bt-override-class=\"{&quot;bt_bb_top_spacing_&quot;:{&quot;current_class&quot;:&quot;bt_bb_top_spacing_large&quot;,&quot;def&quot;:&quot;large&quot;},&quot;bt_bb_bottom_spacing_&quot;:{&quot;current_class&quot;:&quot;bt_bb_bottom_spacing_large&quot;,&quot;def&quot;:&quot;large&quot;}}\"><div class=\"bt_bb_port\"><div class=\"bt_bb_cell\"><div class=\"bt_bb_cell_inner\"><div class=\"bt_bb_row\"  data-bt-override-class=\"{}\"><div class=\"bt_bb_row_holder\" ><div  class=\"bt_bb_column col-xxl-7 col-xl-7 bt_bb_vertical_align_middle bt_bb_align_left bt_bb_padding_normal bt_bb_animation_fade_in animate\" style=\"; --column-width:7;\" data-width=\"7\" data-bt-override-class=\"{}\"><div class=\"bt_bb_column_content\"><div class=\"bt_bb_column_content_inner\"><div class=\"bt_bb_separator bt_bb_border_style_none bt_bb_border_color_none bt_bb_bottom_spacing_large\" data-bt-override-class=\"null\"><\/div><header data-bb-version=\"4.7.6\" class=\"bt_bb_headline bt_bb_subheadline_text_transform_default bt_bb_dash_none bt_bb_size_large bt_bb_align_inherit\" data-bt-override-class=\"{&quot;bt_bb_size_&quot;:{&quot;current_class&quot;:&quot;bt_bb_size_large&quot;,&quot;def&quot;:&quot;large&quot;},&quot;bt_bb_align_&quot;:{&quot;current_class&quot;:&quot;bt_bb_align_inherit&quot;,&quot;def&quot;:&quot;inherit&quot;}}\"><h1 class=\"bt_bb_headline_tag\"><span class=\"bt_bb_headline_content\"><span>Politique en mati\u00e8re de cookies<\/span><\/span><\/h1><\/header><div class=\"bt_bb_separator bt_bb_border_style_none bt_bb_border_color_none bt_bb_bottom_spacing_large\" data-bt-override-class=\"null\"><\/div><\/div><\/div><\/div><div  class=\"bt_bb_column col-xxl-5 col-xl-5 bt_bb_vertical_align_top bt_bb_align_left bt_bb_padding_normal\" style=\"; --column-width:5;\" data-width=\"5\" data-bt-override-class=\"{}\"><div class=\"bt_bb_column_content\"><div class=\"bt_bb_column_content_inner\"><\/div><\/div><\/div><\/div><\/div><\/div><!-- cell_inner --><\/div><!-- cell --><\/div><!-- port --><div class=\"bt_bb_section_bottom_section_coverage_image\"><img decoding=\"async\" src=\"https:\/\/impact-acmproject.eu\/wp-content\/uploads\/2023\/11\/bottom-cover.png\" alt=\"bt_bb_section_bottom_section_coverage_image\" \/><\/div><\/section><section data-bb-version=\"4.7.6\" id=\"bt_bb_section69d9a86b27299\" class=\"bt_bb_section bt_bb_layout_boxed_1200\"  data-bt-override-class=\"null\"><div class=\"bt_bb_port\"><div class=\"bt_bb_cell\"><div class=\"bt_bb_cell_inner\"><div class=\"bt_bb_row\"  data-bt-override-class=\"{}\"><div class=\"bt_bb_row_holder\" ><div data-bb-version=\"4.7.6\"  class=\"bt_bb_column col-xxl-12 col-xl-12 col-xs-12 col-sm-12 col-md-12 col-lg-12 bt_bb_vertical_align_top bt_bb_align_left bt_bb_padding_normal\" style=\"; --column-width:12;\" data-width=\"12\" data-bt-override-class=\"{}\"><div class=\"bt_bb_column_content\"><div class=\"bt_bb_column_content_inner\"><div data-bb-version=\"4.7.6\" class=\"bt_bb_separator bt_bb_border_style_none bt_bb_border_color_none bt_bb_top_spacing_large bt_bb_bottom_spacing_none\" data-bt-override-class=\"{&quot;bt_bb_top_spacing_&quot;:{&quot;current_class&quot;:&quot;bt_bb_top_spacing_large&quot;,&quot;def&quot;:&quot;large&quot;},&quot;bt_bb_bottom_spacing_&quot;:{&quot;current_class&quot;:&quot;bt_bb_bottom_spacing_none&quot;,&quot;def&quot;:&quot;none&quot;}}\"><\/div><div data-bb-version=\"4.7.6\"  class=\"bt_bb_text\" ><\/p>\n<p><strong>Que sont les cookies?<br \/>\n<\/strong>Les cookies sont de petits fichiers texte qui sont t\u00e9l\u00e9charg\u00e9s sur l\u2019appareil de l\u2019utilisateur (PC, smartphone, tablette\u2026) lorsqu\u2019il visite un site web. \u00c0 chaque visite ult\u00e9rieure, les cookies sont renvoy\u00e9s au site Web qui les a cr\u00e9\u00e9s (cookies de premi\u00e8re partie) ou \u00e0 un autre site qui les reconna\u00eet (cookies tiers). Les cookies permettent \u00e0 un site web de reconna\u00eetre l\u2019appareil d\u2019un utilisateur. Ils ont diverses finalit\u00e9s telles que, par exemple, vous permettre de naviguer efficacement entre les pages, m\u00e9moriser vos sites pr\u00e9f\u00e9r\u00e9s et, en g\u00e9n\u00e9ral, am\u00e9liorer l'exp\u00e9rience de navigation. Ils permettent \u00e9galement de s'assurer que le contenu publicitaire affich\u00e9 en ligne est plus cibl\u00e9 sur l'utilisateur et en ad\u00e9quation avec ses int\u00e9r\u00eats (cookies de ciblage ou cookies de profilage). Les cookies peuvent avoir une dur\u00e9e limit\u00e9e d'une seule session de navigation et, dans ce cas, ils sont automatiquement d\u00e9sactiv\u00e9s lorsque le navigateur est ferm\u00e9; ou ils peuvent avoir une date d\u2019expiration pr\u00e9d\u00e9termin\u00e9e et, dans ce cas, ils resteront stock\u00e9s et actifs sur l\u2019appareil de l\u2019utilisateur jusqu\u2019\u00e0 cette date d\u2019expiration, en continuant \u00e0 collecter des informations lors de diff\u00e9rentes sessions de navigation sur le navigateur. Il existe \u00e9galement d\u2019autres technologies de collecte d\u2019informations ayant des finalit\u00e9s similaires \u00e0 celles des cookies et stock\u00e9es sur l\u2019appareil de l\u2019utilisateur (telles que les pixels). Dans ces informations, le terme cookie est utilis\u00e9 en r\u00e9f\u00e9rence aux cookies, comme d\u00e9crit ci-dessus, et en r\u00e9f\u00e9rence \u00e0 toute autre technologie de collecte, dans le but de fournir \u00e0 l'utilisateur un guide pour comprendre ce que sont les cookies et autres technologies similaires, telles que et pourquoi ils sont utilis\u00e9s, quels droits sont reconnus aux utilisateurs et quels choix ils peuvent faire concernant leur utilisation.<\/p>\n<p>&nbsp;<\/p>\n<p><strong>Cookies et technologies similaires \u2013 d\u00e9finitions<br \/>\n<\/strong>Cookies : les petits fichiers texte (g\u00e9n\u00e9ralement compos\u00e9s de lettres et de chiffres) que les sites web (appel\u00e9s \u00abpremi\u00e8re partie\u00bb) visit\u00e9s par l\u2019utilisateur ou diff\u00e9rents sites web ou serveurs web (appel\u00e9s \u00abtiers\u00bb) placent et stockent dans le navigateur utilis\u00e9 par l\u2019utilisateur pour naviguer sur tout terminal capable de stocker des informations.<\/p>\n<p>Autres technologies: les technologies qui stockent des donn\u00e9es dans le navigateur ou l'appareil utilis\u00e9 par l'utilisateur \u00e0 l'aide d'objets partag\u00e9s localement ou de stockage local, par exemple les cookies flash, les cookies HTML 5 et d'autres m\u00e9thodes logicielles d'application Web. Ces technologies fonctionnent dans tous les navigateurs. Dans certains cas, l'utilisation du stockage local ne peut pas \u00eatre enti\u00e8rement g\u00e9r\u00e9e par les navigateurs, mais n\u00e9cessite une gestion par le biais d'outils sp\u00e9cifiques.<\/p>\n<p>&nbsp;<\/p>\n<p><strong>Cat\u00e9gories de cookies<br \/>\n<\/strong>Les cookies peuvent \u00eatre distingu\u00e9s en fonction de leur finalit\u00e9, de leur dur\u00e9e et du propri\u00e9taire du cookie.<\/p>\n<ul>\n<li>Les cookies qui se distinguent par leur finalit\u00e9 sont les cookies qui peuvent \u00eatre install\u00e9s sur l\u2019appareil de l\u2019utilisateur pour:\n<ol>\n<li>assurer le fonctionnement du site et des services, ainsi que pour garantir que l'utilisateur peut profiter de leurs fonctions, appel\u00e9es cookies techniques;<\/li>\n<li>permettre l'ex\u00e9cution du site et des services offerts par le <a href=\"https:\/\/impact-acmproject.eu\/fr\/\">https:\/\/impact-acmproject.eu\/<\/a> d'\u00eatre am\u00e9lior\u00e9, ainsi que d'\u00e9valuer l'efficacit\u00e9 d'un service offert par le biais du Site, ce que l'on appelle les cookies analytiques;<\/li>\n<li>permettre au consortium ou \u00e0 des tiers de diriger des publicit\u00e9s cibl\u00e9es ou conformes aux int\u00e9r\u00eats de l\u2019utilisateur, sous r\u00e9serve de son consentement, ce qu\u2019il est convenu d\u2019appeler des cookies de profilage.<\/li>\n<\/ol>\n<\/li>\n<\/ul>\n<ul>\n<li>Les cookies qui se distinguent en fonction de leur dur\u00e9e sont les cookies qui peuvent rester dans le navigateur de l\u2019appareil pendant la dur\u00e9e d\u2019une session (c\u2019est-\u00e0-dire jusqu\u2019\u00e0 ce que vous fermiez le navigateur utilis\u00e9 pour naviguer sur le site ou interrompiez l\u2019utilisation d\u2019un service) et sont appel\u00e9s cookies de session. Ou, ils peuvent rester stock\u00e9s dans le navigateur de votre appareil pendant de longues p\u00e9riodes et peuvent contenir un code d\u2019identification unique et sont appel\u00e9s cookies permanents.<strong>\u00a0<\/strong><\/li>\n<\/ul>\n<ul>\n<li>Les cookies peuvent \u00e9galement \u00eatre distingu\u00e9s en fonction de l'entit\u00e9 propri\u00e9taire du cookie (cookies de premi\u00e8re partie et cookies tiers).<\/li>\n<\/ul>\n<p>Les cookies peuvent \u00eatre la propri\u00e9t\u00e9 du gestionnaire du site et du service et, par cons\u00e9quent, sont install\u00e9s par ce dernier dans le navigateur de l\u2019appareil de l\u2019utilisateur, ce que l\u2019on appelle les cookies internes. Il peut arriver qu'un Site contienne des cookies, provenant d'autres sites, appartenant \u00e0 des tiers, contenus dans divers \u00e9l\u00e9ments h\u00e9berg\u00e9s sur le site lui-m\u00eame (par exemple, des banni\u00e8res publicitaires, des images, des vid\u00e9os, des sons \u2026) et dans ce cas, il s'agit de cookies dits tiers.<strong>\u00a0<\/strong><\/p>\n<p>&nbsp;<\/p>\n<p><strong>Cookies utilis\u00e9s par ce site<br \/>\n<\/strong>La visite \u00e0 <a href=\"https:\/\/impact-acmproject.eu\/fr\/\">https:\/\/impact-acmproject.eu\/<\/a> Ce site implique l'utilisation de cookies pour am\u00e9liorer l'exp\u00e9rience utilisateur. Le site utilise: cookies techniques de navigation, cookies analytiques et cookies de profilage \u00e0 des fins de marketing.<br \/>\nL'utilisateur peut, \u00e0 tout moment, g\u00e9rer ses pr\u00e9f\u00e9rences ou refuser l'installation de cookies.<\/p>\n<p>L'utilisateur peut, \u00e0 tout moment, g\u00e9rer ses pr\u00e9f\u00e9rences ou refuser l'installation de cookies.<\/p>\n<p style=\"text-align: left;\">\n<div id=\"cmplz-cookies-overview\"><\/div>\n<\/p>\n<p>&nbsp;<\/p>\n<p><strong>Dur\u00e9es de conservation des donn\u00e9es personnelles collect\u00e9es via les cookies<br \/>\n<\/strong>Les informations et les donn\u00e9es collect\u00e9es par le biais des cookies seront stock\u00e9es pendant le temps strictement n\u00e9cessaire pour atteindre les objectifs pour lesquels chaque cookie a \u00e9t\u00e9 install\u00e9.<\/p>\n<p>Pour acc\u00e9der \u00e0 des informations sp\u00e9cifiques relatives au stockage d'informations acquises gr\u00e2ce \u00e0 l'utilisation de cookies internes et tiers, et g\u00e9rer leurs pr\u00e9f\u00e9rences, l'Utilisateur peut acc\u00e9der au centre de cookies \u00e0 tout moment.<\/p>\n<p>&nbsp;<\/p>\n<p><strong>\u00a0<\/strong><strong>Droits des utilisateurs et gestion des pr\u00e9f\u00e9rences en mati\u00e8re de cookies<br \/>\n<\/strong>L'Utilisateur se voit accorder les droits pr\u00e9vus par le R\u00e8glement (UE) 2016\/679 (dit RGPD), y compris le droit d'acc\u00e8s, d'opposition, d'annulation, ainsi que de modifier ses choix sur l'utilisation des cookies \u00e0 tout moment, via le centre de cookies. Pour plus d\u2019informations et de d\u00e9tails sur les droits de l\u2019utilisateur et sur la mani\u00e8re d\u2019exercer ses droits, l\u2019utilisateur peut consulter la politique de confidentialit\u00e9 compl\u00e8te (ins\u00e9rer le lien en cliquant sur \u00abPolitique de confidentialit\u00e9\u00bb).<\/p>\n<p><strong>\u00a0<\/strong><\/p>\n<p><strong>D\u00e9sactivation des cookies depuis votre navigateur<br \/>\n<\/strong>L'utilisateur, en plus de d\u00e9sactiver les cookies via le centre de cookies, peut configurer son navigateur pour limiter le nombre de cookies accept\u00e9s, bloquer tous les cookies ou les supprimer, des param\u00e8tres du navigateur de la mani\u00e8re suivante:<\/p>\n<ol>\n<li>Microsoft Internet Explorer<br \/>\nEn cliquant sur l'ic\u00f4ne des outils dans le coin sup\u00e9rieur droit et en s\u00e9lectionnant les options Internet. Une fen\u00eatre contextuelle s'affichera, s\u00e9lectionnez Confidentialit\u00e9. Dans cette section, l'utilisateur peut modifier les param\u00e8tres des cookies.Lien: <a href=\"http:\/\/windows.microsoft.com\/it-it\/internet-explorer\/delete-manage-cookies#ie=ie-11-win-7\">http:\/\/windows.microsoft.com\/it-it\/internet-explorer\/delete-manage-cookies#ie=ie-11-win-7<\/a><\/li>\n<li>Google Chrome<br \/>\nEn cliquant sur l'ic\u00f4ne de cl\u00e9 dans le coin sup\u00e9rieur droit et s\u00e9lectionnez les param\u00e8tres. Ensuite, s\u00e9lectionnez Afficher les param\u00e8tres avanc\u00e9s. Dans cette section, l'utilisateur peut modifier les param\u00e8tres des cookies.Lien: <a href=\"https:\/\/support.google.com\/accounts\/topic\/2373959?hl=it&amp;ref_topic=2373957\">https:\/\/support.google.com\/accounts\/topic\/2373959?hl=it&amp;ref_topic=2373957<\/a><\/li>\n<li>Mozilla Firefox<br \/>\nDans le menu d\u00e9roulant dans le coin sup\u00e9rieur gauche, s\u00e9lectionnez les options. Dans la fen\u00eatre contextuelle, s\u00e9lectionnez Confidentialit\u00e9 et dans la section, vous pourrez modifier vos pr\u00e9f\u00e9rences en mati\u00e8re de cookies.Lien: <a href=\"https:\/\/support.mozilla.org\/it\/kb\/Attivare%20e%20disattivare%20i%20cookie#firefox:win7:fx38\">https:\/\/support.mozilla.org\/it\/kb\/Attivare%20e%20disattivare%20i%20cookie#firefox:win7:fx38<\/a><\/li>\n<li>Safaris<br \/>\nDans le menu d\u00e9roulant des param\u00e8tres dans le coin sup\u00e9rieur droit, s\u00e9lectionnez les pr\u00e9f\u00e9rences. S\u00e9lectionnez ensuite la s\u00e9curit\u00e9 et dans cette section, l'utilisateur peut ajuster les param\u00e8tres des cookies.Lien: <a href=\"https:\/\/support.apple.com\/it-it\/HT201265\">https:\/\/support.apple.com\/it-it\/HT201265<\/a><\/li>\n<\/ol>\n<p><strong>\u00a0<\/strong><\/p>\n<p><strong>\u00a0<\/strong><strong>Responsable du traitement des donn\u00e9es et coordonn\u00e9es<\/strong><strong><br \/>\n<\/strong>Le responsable du traitement des donn\u00e9es est le <strong>Consortium Italbiotec<\/strong> (C.F.\/num\u00e9ro de TVA 02429600121), ayant son si\u00e8ge \u00e0 Milan, Piazza della Trivulziana 4\/A, en la personne de son repr\u00e9sentant l\u00e9gal pro tem; pec : consorzio@pec.italbiotec.it. L'Utilisateur peut envoyer, \u00e0 tout moment, des demandes d'informations ou de clarifications \u00e0 l'adresse mentionn\u00e9e ci-dessus ou via les m\u00e9thodes suppl\u00e9mentaires indiqu\u00e9es dans la Politique de confidentialit\u00e9 (<a href=\"https:\/\/impact-acmproject.eu\/fr\/privacy-policy\/\">https:\/\/impact-acmproject.eu\/privacy-policy\/<\/a>).<\/p>\n<p>&nbsp;<\/p>\n<p>&nbsp;<\/p>\n<p>\n<\/div><\/div><\/div><\/div><\/div><\/div><\/div><!-- cell_inner --><\/div><!-- cell --><\/div><!-- port --><\/section><\/p>","protected":false},"excerpt":{"rendered":"","protected":false},"author":2,"featured_media":0,"parent":0,"menu_order":0,"comment_status":"closed","ping_status":"closed","template":"","meta":{"footnotes":""},"class_list":["post-3768","page","type-page","status-publish","hentry"],"_links":{"self":[{"href":"https:\/\/impact-acmproject.eu\/fr\/wp-json\/wp\/v2\/pages\/3768","targetHints":{"allow":["GET"]}}],"collection":[{"href":"https:\/\/impact-acmproject.eu\/fr\/wp-json\/wp\/v2\/pages"}],"about":[{"href":"https:\/\/impact-acmproject.eu\/fr\/wp-json\/wp\/v2\/types\/page"}],"author":[{"embeddable":true,"href":"https:\/\/impact-acmproject.eu\/fr\/wp-json\/wp\/v2\/users\/2"}],"replies":[{"embeddable":true,"href":"https:\/\/impact-acmproject.eu\/fr\/wp-json\/wp\/v2\/comments?post=3768"}],"version-history":[{"count":9,"href":"https:\/\/impact-acmproject.eu\/fr\/wp-json\/wp\/v2\/pages\/3768\/revisions"}],"predecessor-version":[{"id":3845,"href":"https:\/\/impact-acmproject.eu\/fr\/wp-json\/wp\/v2\/pages\/3768\/revisions\/3845"}],"wp:attachment":[{"href":"https:\/\/impact-acmproject.eu\/fr\/wp-json\/wp\/v2\/media?parent=3768"}],"curies":[{"name":"wp","href":"https:\/\/api.w.org\/{rel}","templated":true}]}}