{"id":3,"date":"2023-08-31T13:00:16","date_gmt":"2023-08-31T11:00:16","guid":{"rendered":"http:\/\/impact-acmproject.eu\/?page_id=3"},"modified":"2024-12-02T12:56:24","modified_gmt":"2024-12-02T11:56:24","slug":"privacy-policy","status":"publish","type":"page","link":"https:\/\/impact-acmproject.eu\/fr\/privacy-policy\/","title":{"rendered":"Politique de confidentialit\u00e9"},"content":{"rendered":"<p><section data-bb-version=\"4.7.6\" id=\"bt_bb_section69d9c205e3432\" class=\"bt_bb_section bt_bb_layout_boxed_1200\"  data-bt-override-class=\"null\"><div class=\"bt_bb_port\"><div class=\"bt_bb_cell\"><div class=\"bt_bb_cell_inner\"><div class=\"bt_bb_row\"  data-bt-override-class=\"{}\"><div class=\"bt_bb_row_holder\" ><div data-bb-version=\"4.7.6\"  class=\"bt_bb_column col-xxl-12 col-xl-12 col-xs-12 col-sm-12 col-md-12 col-lg-12 bt_bb_vertical_align_top bt_bb_align_left bt_bb_padding_normal\" style=\"; --column-width:12;\" data-width=\"12\" data-bt-override-class=\"{}\"><div class=\"bt_bb_column_content\"><div class=\"bt_bb_column_content_inner\"><\/div><\/div><\/div><\/div><\/div><\/div><!-- cell_inner --><\/div><!-- cell --><\/div><!-- port --><\/section><section data-bb-version=\"4.7.6\" id=\"bt_bb_section69d9c205e3964\" class=\"bt_bb_section bt_bb_color_scheme_1 bt_bb_layout_boxed_1200 bt_bb_vertical_align_top bt_bb_background_overlay_dark_solid bt_bb_bottom_section_coverage_image bt_bb_section_with_bottom_coverage_image bt_bb_top_spacing_large bt_bb_bottom_spacing_large\" style=\"; --section-primary-color:#ffffff; --section-secondary-color:#191919;;background-color:rgb(51,42,43);\" data-bt-override-class=\"{&quot;bt_bb_top_spacing_&quot;:{&quot;current_class&quot;:&quot;bt_bb_top_spacing_large&quot;,&quot;def&quot;:&quot;large&quot;},&quot;bt_bb_bottom_spacing_&quot;:{&quot;current_class&quot;:&quot;bt_bb_bottom_spacing_large&quot;,&quot;def&quot;:&quot;large&quot;}}\"><div class=\"bt_bb_port\"><div class=\"bt_bb_cell\"><div class=\"bt_bb_cell_inner\"><div class=\"bt_bb_row\"  data-bt-override-class=\"{}\"><div class=\"bt_bb_row_holder\" ><div  class=\"bt_bb_column col-xxl-7 col-xl-7 bt_bb_vertical_align_middle bt_bb_align_left bt_bb_padding_normal bt_bb_animation_fade_in animate\" style=\"; --column-width:7;\" data-width=\"7\" data-bt-override-class=\"{}\"><div class=\"bt_bb_column_content\"><div class=\"bt_bb_column_content_inner\"><div class=\"bt_bb_separator bt_bb_border_style_none bt_bb_border_color_none bt_bb_bottom_spacing_large\" data-bt-override-class=\"null\"><\/div><header data-bb-version=\"4.7.6\" class=\"bt_bb_headline bt_bb_subheadline_text_transform_default bt_bb_dash_none bt_bb_size_large bt_bb_align_inherit\" data-bt-override-class=\"{&quot;bt_bb_size_&quot;:{&quot;current_class&quot;:&quot;bt_bb_size_large&quot;,&quot;def&quot;:&quot;large&quot;},&quot;bt_bb_align_&quot;:{&quot;current_class&quot;:&quot;bt_bb_align_inherit&quot;,&quot;def&quot;:&quot;inherit&quot;}}\"><h1 class=\"bt_bb_headline_tag\"><span class=\"bt_bb_headline_content\"><span>Politique de confidentialit\u00e9<\/span><\/span><\/h1><\/header><div class=\"bt_bb_separator bt_bb_border_style_none bt_bb_border_color_none bt_bb_bottom_spacing_large\" data-bt-override-class=\"null\"><\/div><\/div><\/div><\/div><div  class=\"bt_bb_column col-xxl-5 col-xl-5 bt_bb_vertical_align_top bt_bb_align_left bt_bb_padding_normal\" style=\"; --column-width:5;\" data-width=\"5\" data-bt-override-class=\"{}\"><div class=\"bt_bb_column_content\"><div class=\"bt_bb_column_content_inner\"><\/div><\/div><\/div><\/div><\/div><\/div><!-- cell_inner --><\/div><!-- cell --><\/div><!-- port --><div class=\"bt_bb_section_bottom_section_coverage_image\"><img decoding=\"async\" src=\"https:\/\/impact-acmproject.eu\/wp-content\/uploads\/2023\/11\/bottom-cover.png\" alt=\"bt_bb_section_bottom_section_coverage_image\" \/><\/div><\/section><section data-bb-version=\"4.7.6\" id=\"bt_bb_section69d9c205e3b4f\" class=\"bt_bb_section bt_bb_layout_boxed_1200\"  data-bt-override-class=\"null\"><div class=\"bt_bb_port\"><div class=\"bt_bb_cell\"><div class=\"bt_bb_cell_inner\"><div class=\"bt_bb_row\"  data-bt-override-class=\"{}\"><div class=\"bt_bb_row_holder\" ><div data-bb-version=\"4.7.6\"  class=\"bt_bb_column col-xxl-12 col-xl-12 col-xs-12 col-sm-12 col-md-12 col-lg-12 bt_bb_vertical_align_top bt_bb_align_left bt_bb_padding_normal\" style=\"; --column-width:12;\" data-width=\"12\" data-bt-override-class=\"{}\"><div class=\"bt_bb_column_content\"><div class=\"bt_bb_column_content_inner\"><div data-bb-version=\"4.7.6\"  class=\"bt_bb_text\" ><\/p>\n<p><strong>INFORMATIONS ET CONSENTEMENTS RELATIFS AU TRAITEMENT DES DONN\u00c9ES \u00c0 CARACT\u00c8RE PERSONNEL DES UTILISATEURS DU SITE WEB IMPACT CONFORM\u00c9MENT \u00c0 L\u2019ARTICLE 13 DU R\u00c8GLEMENT (UE) 2016\/679 (\u00ab RGPD \u00bb)<\/strong><\/p>\n<p><strong>Locaux<\/strong><br \/>Le consortium Italbiotec fournit ces informations relatives au traitement des donn\u00e9es \u00e0 caract\u00e8re personnel collect\u00e9es par le consortium lors de la visite et de la navigation sur le site web https:\/\/impact-acmproject.eu\/. Ces informations sont fournies exclusivement pour le site IMPACT et ne s'appliquent pas aux pages ou services en ligne accessibles via des liens hypertextes qui peuvent \u00eatre publi\u00e9s sur le site. Les donn\u00e9es \u00e0 caract\u00e8re personnel fournies par les utilisateurs seront trait\u00e9es conform\u00e9ment aux dispositions du r\u00e8glement (UE) 2016\/679 (pour la bri\u00e8vet\u00e9 du terme \u00abRGPD\u00bb).<\/p>\n<p>\u00a0<\/p>\n<p><strong>Responsable du traitement des donn\u00e9es<br \/><\/strong>Le responsable du traitement des donn\u00e9es est le consortium Italbiotec (C.F.\/num\u00e9ro de TVA 02429600121), dont le si\u00e8ge social est situ\u00e9 \u00e0 Milan, Piazza della Trivulziana 4\/A, en la personne du repr\u00e9sentant l\u00e9gal pro tempore pec: consorzio@pec.italbiotec.it<\/p>\n<p>\u00a0<\/p>\n<p><strong>Base juridique du traitement<br \/><\/strong>La base juridique pour le traitement des donn\u00e9es indiqu\u00e9es dans ces informations est le consentement expr\u00e8s de la partie int\u00e9ress\u00e9e conform\u00e9ment \u00e0 l'article 6, paragraphe 1, point a) du RGPD et le respect des obligations l\u00e9gales auxquelles le responsable du traitement est soumis conform\u00e9ment \u00e0 l'article 6, paragraphe 1, point c) du RGPD.<\/p>\n<p>\u00a0<\/p>\n<p><strong>Cat\u00e9gories de donn\u00e9es \u2013 Donn\u00e9es de navigation<br \/><\/strong>Le responsable du traitement traite des donn\u00e9es \u00e0 caract\u00e8re personnel de nature commune (nom, pr\u00e9nom, adresse e-mail, autres donn\u00e9es \u00e0 caract\u00e8re personnel telles que le code fiscal, la r\u00e9sidence; donn\u00e9es de navigation telles que l'adresse IP, les adresses en notation URI\/URL, etc.). Les syst\u00e8mes informatiques et les proc\u00e9dures logicielles utilis\u00e9s pour exploiter ce site Web acqui\u00e8rent, au cours de leur fonctionnement normal, certaines donn\u00e9es personnelles dont la transmission est implicite dans l'utilisation des protocoles de communication Internet.<\/p>\n<p>Il s'agit d'informations qui ne sont pas collect\u00e9es pour \u00eatre associ\u00e9es \u00e0 des parties int\u00e9ress\u00e9es identifi\u00e9es, mais qui, par leur nature m\u00eame, pourraient, par le traitement et l'association avec des donn\u00e9es d\u00e9tenues par des tiers, permettre d'identifier les utilisateurs.<\/p>\n<p>Cette cat\u00e9gorie de donn\u00e9es comprend les adresses IP ou les noms de domaine des ordinateurs utilis\u00e9s par les utilisateurs qui se connectent au site, les adresses en notation URI (Uniform Resource Identifier) des ressources demand\u00e9es, l\u2019heure de la demande, la m\u00e9thode utilis\u00e9e pour soumettre la demande au serveur, la taille du fichier obtenu en r\u00e9ponse, le code num\u00e9rique indiquant l\u2019\u00e9tat de la r\u00e9ponse donn\u00e9e par le serveur (succ\u00e8s, erreur, etc.) et d\u2019autres param\u00e8tres relatifs au syst\u00e8me d\u2019exploitation et \u00e0 l\u2019environnement informatique de l\u2019utilisateur.<\/p>\n<p>Ces donn\u00e9es sont utilis\u00e9es dans le seul but d'obtenir des informations statistiques anonymes sur l'utilisation du site et de v\u00e9rifier son bon fonctionnement et sont supprim\u00e9es imm\u00e9diatement apr\u00e8s le traitement.<\/p>\n<p>\u00a0<\/p>\n<p><strong>Cat\u00e9gories de donn\u00e9es \u2013 Donn\u00e9es fournies volontairement par vous<br \/><\/strong>L\u2019envoi facultatif, explicite et volontaire de courriers \u00e9lectroniques aux adresses indiqu\u00e9es et\/ou le remplissage du formulaire sur ce site entra\u00eene l\u2019acquisition ult\u00e9rieure de l\u2019adresse de l\u2019exp\u00e9diteur, n\u00e9cessaire pour r\u00e9pondre aux demandes, ainsi que de toute autre donn\u00e9e \u00e0 caract\u00e8re personnel saisie dans la communication, comme soulign\u00e9 dans la politique de confidentialit\u00e9 relative au service \u00abnous contacter\u00bb pr\u00e9sent au courrier suivant: privacy@italbiotec.it<\/p>\n<p>\u00c0 l'exception de ce qui est sp\u00e9cifi\u00e9 ci-dessus pour les donn\u00e9es de navigation et dans les informations conform\u00e9ment \u00e0 l'article 13 du RGPD fournies dans les sections individuelles du site Web IMPACT, la fourniture de donn\u00e9es \u00e0 d'autres fins est facultative.<\/p>\n<p><strong><br \/>Cookies<br \/><\/strong>Vous trouverez des informations relatives aux cookies dans la section \u00ab Politique en mati\u00e8re de cookies \u00bb (<a href=\"https:\/\/impact-acmproject.eu\/fr\/cookie-policy-ue\/\">https:\/\/impact-acmproject.eu\/cookie-policy-ue\/<\/a>)<\/p>\n<p>\u00c0 tout moment, vous pouvez modifier, r\u00e9voquer ou mettre \u00e0 jour le consentement donn\u00e9 dans le centre de cookies.<\/p>\n<p>\u00a0<\/p>\n<p><strong>Finalit\u00e9 du traitement \u2013 M\u00e9thodes de traitement \u2013 Dur\u00e9e de conservation des donn\u00e9es<br \/><\/strong>Le traitement de vos donn\u00e9es \u00e0 l'aide d'outils informatiques et t\u00e9l\u00e9matiques (et\/ou \u00e0 l'aide d'outils manuels) vise \u00e0 l'utilisation correcte du site Web par rapport aux services offerts par <a href=\"https:\/\/impact-acmproject.eu\/fr\/\">https:\/\/impact-acmproject.eu\/<\/a>. Vos donn\u00e9es seront trait\u00e9es par le personnel et les collaborateurs du Consortium Italbiotec (internes ou externes, personnes physiques ou morales) pour les besoins de maintenance du service.<\/p>\n<p>Les donn\u00e9es personnelles sont trait\u00e9es \u00e0 l'aide d'outils automatis\u00e9s pendant le temps strictement n\u00e9cessaire \u00e0 la r\u00e9alisation des finalit\u00e9s pour lesquelles elles ont \u00e9t\u00e9 collect\u00e9es, conform\u00e9ment \u00e0 l'art. 5 let. e) du RGPD.<\/p>\n<p>Des mesures de s\u00e9curit\u00e9 sp\u00e9cifiques sont observ\u00e9es pour pr\u00e9venir la perte de donn\u00e9es, l'utilisation illicite ou incorrecte et l'acc\u00e8s non autoris\u00e9.<\/p>\n<p><strong><br \/>Cat\u00e9gories de destinataires des donn\u00e9es personnelles<br \/><\/strong>Les donn\u00e9es faisant l\u2019objet du traitement peuvent \u00eatre communiqu\u00e9es, en plus des sujets vis\u00e9s au paragraphe \u00ab Finalit\u00e9 du traitement \u2013 M\u00e9thodes de traitement \u00bb, \u00e9galement \u00e0 l\u2019autorit\u00e9 judiciaire pour la n\u00e9cessit\u00e9 de v\u00e9rifier d\u2019\u00e9ventuelles infractions de la part de celle-ci.<\/p>\n<p>\u00a0<\/p>\n<p><strong>Droits des parties int\u00e9ress\u00e9es<br \/><\/strong>En ce qui concerne les donn\u00e9es trait\u00e9es en vertu de ces informations, vous avez, \u00e0 tout moment, le droit de:<\/p>\n<ul>\n<li>Acc\u00e8s (article 15 du r\u00e8glement (UE) 2016\/679) \u2013 droit de demander et d\u2019obtenir du responsable du traitement des donn\u00e9es la confirmation que le traitement de ses donn\u00e9es est en cours et acc\u00e8s aux donn\u00e9es concernant l\u2019int\u00e9ress\u00e9 (entre autres pour conna\u00eetre la finalit\u00e9 du traitement et les cat\u00e9gories de donn\u00e9es trait\u00e9es);<\/li>\n<li>Rectification (article 16 du r\u00e8glement (UE) 2016\/679) \u2013 vous permet de demander au responsable du traitement de corriger, de modifier et d\u2019int\u00e9grer vos donn\u00e9es \u00e0 caract\u00e8re personnel;<\/li>\n<li>Suppression (article 17 du r\u00e8glement (UE) 2016\/679) \u2013 vous permet d\u2019obtenir la suppression de vos donn\u00e9es sans retard justifi\u00e9 (dit \u00abdroit \u00e0 l\u2019oubli\u00bb);<\/li>\n<li>Limitation (article 18 du r\u00e8glement (UE) 2016\/679) \u2013 droit d\u2019obtenir une limitation du traitement des donn\u00e9es de la personne concern\u00e9e, par exemple, d\u2019int\u00e9grer l\u2019exercice du droit vis\u00e9 \u00e0 l\u2019article 16 aussi longtemps que n\u00e9cessaire pour v\u00e9rifier l\u2019exactitude des donn\u00e9es;<\/li>\n<li>la portabilit\u00e9 (article 20 du r\u00e8glement (UE) 2016\/679) \u2013 permet \u00e0 l\u2019int\u00e9ress\u00e9 de recevoir des donn\u00e9es \u00e0 caract\u00e8re personnel le concernant afin qu\u2019il puisse les transmettre \u00e0 un autre responsable du traitement;<\/li>\n<li>\u2013 Opposition au traitement (article 21 du r\u00e8glement (UE) 2016\/679) \u2013 permet \u00e0 l\u2019int\u00e9ress\u00e9 de s\u2019opposer au traitement des donn\u00e9es \u00e0 caract\u00e8re personnel le concernant.<\/li>\n<\/ul>\n<p>L'exercice de vos droits peut \u00eatre exerc\u00e9 par communication \u00e9crite \u00e0 envoyer \u00e0 l'adresse suivante: Piazza della Trivulziana 4\/A, ou par e-mail: <a href=\"mailto:privacy@italbiotec.it\">privacy@italbiotec.it<\/a><\/p>\n<p>\u00a0<\/p>\n<p><strong>Retrait du consentement<\/strong><br \/>Vous avez, \u00e0 tout moment, le droit de r\u00e9voquer votre consentement sans pr\u00e9judice de la lic\u00e9it\u00e9 du traitement sur la base du consentement donn\u00e9 avant la r\u00e9vocation.<\/p>\n<p>\u00a0<\/p>\n<p><strong>Plainte<\/strong><br \/>Veuillez noter que, conform\u00e9ment \u00e0 l'article 77 du r\u00e8glement de l'UE n\u00b0 2016\/679, la S.V. peut d\u00e9poser une plainte aupr\u00e8s de l'autorit\u00e9 garante en cas de violation de la l\u00e9gislation en vigueur sur la protection des donn\u00e9es \u00e0 caract\u00e8re personnel.<\/p>\n<p>\u00a0<\/p>\n<p><strong>CONSENTEMENT AU TRAITEMENT DU R\u00c8GLEMENT (UE) 2016\/679 SUR LES DONN\u00c9ES \u00c0 CARACT\u00c8RE PERSONNEL<\/strong><br \/>L'utilisateur ayant \u00e9t\u00e9 inform\u00e9:<\/p>\n<ul>\n<li>l'identit\u00e9 du responsable du traitement des donn\u00e9es<\/li>\n<li>de la mesure, m\u00e9thodes avec lesquelles la transformation a lieu<\/li>\n<li>les finalit\u00e9s du traitement auquel les donn\u00e9es \u00e0 caract\u00e8re personnel sont destin\u00e9es;<\/li>\n<li>du droit de retirer son consentement tel qu\u2019indiqu\u00e9 dans les pr\u00e9sentes informations pr\u00e9par\u00e9es conform\u00e9ment \u00e0 l\u2019article 13 du r\u00e8glement (UE) 2016\/679 en pla\u00e7ant l\u2019indicateur dans la case appropri\u00e9e \u00abJ\u2019ai lu et j\u2019accepte les conditions g\u00e9n\u00e9rales\u00bb.<\/li>\n<\/ul>\n<p>\u00a0<\/p>\n<p><strong>D\u00c9CLARATION<br \/><\/strong>que j'ai re\u00e7u et lu cette information et<\/p>\n<p>\u00a0<\/p>\n<p><strong>CONVIENT<br \/><\/strong>conform\u00e9ment et aux fins des articles 7 et suivants du r\u00e8glement (UE) 2016\/679, au traitement des donn\u00e9es \u00e0 caract\u00e8re personnel de la mani\u00e8re et dans les limites indiqu\u00e9es dans ces informations.<\/p>\n<p>\n<\/div><\/div><\/div><\/div><\/div><\/div><\/div><!-- cell_inner --><\/div><!-- cell --><\/div><!-- port --><\/section><\/p>","protected":false},"excerpt":{"rendered":"","protected":false},"author":1,"featured_media":0,"parent":0,"menu_order":0,"comment_status":"closed","ping_status":"open","template":"","meta":{"footnotes":""},"class_list":["post-3","page","type-page","status-publish","hentry"],"_links":{"self":[{"href":"https:\/\/impact-acmproject.eu\/fr\/wp-json\/wp\/v2\/pages\/3","targetHints":{"allow":["GET"]}}],"collection":[{"href":"https:\/\/impact-acmproject.eu\/fr\/wp-json\/wp\/v2\/pages"}],"about":[{"href":"https:\/\/impact-acmproject.eu\/fr\/wp-json\/wp\/v2\/types\/page"}],"author":[{"embeddable":true,"href":"https:\/\/impact-acmproject.eu\/fr\/wp-json\/wp\/v2\/users\/1"}],"replies":[{"embeddable":true,"href":"https:\/\/impact-acmproject.eu\/fr\/wp-json\/wp\/v2\/comments?post=3"}],"version-history":[{"count":15,"href":"https:\/\/impact-acmproject.eu\/fr\/wp-json\/wp\/v2\/pages\/3\/revisions"}],"predecessor-version":[{"id":3842,"href":"https:\/\/impact-acmproject.eu\/fr\/wp-json\/wp\/v2\/pages\/3\/revisions\/3842"}],"wp:attachment":[{"href":"https:\/\/impact-acmproject.eu\/fr\/wp-json\/wp\/v2\/media?parent=3"}],"curies":[{"name":"wp","href":"https:\/\/api.w.org\/{rel}","templated":true}]}}