{"id":3768,"date":"2024-01-16T10:10:32","date_gmt":"2024-01-16T09:10:32","guid":{"rendered":"https:\/\/impact-acmproject.eu\/cookie-policy-ue\/"},"modified":"2024-12-04T10:21:19","modified_gmt":"2024-12-04T09:21:19","slug":"cookie-policy-ue","status":"publish","type":"page","link":"https:\/\/impact-acmproject.eu\/fi\/cookie-policy-ue\/","title":{"rendered":"Ev\u00e4stek\u00e4yt\u00e4nt\u00f6 (EU)"},"content":{"rendered":"<p><section data-bb-version=\"4.7.6\" id=\"bt_bb_section69eb919f94356\" class=\"bt_bb_section bt_bb_layout_boxed_1200\"  data-bt-override-class=\"null\"><div class=\"bt_bb_port\"><div class=\"bt_bb_cell\"><div class=\"bt_bb_cell_inner\"><div class=\"bt_bb_row\"  data-bt-override-class=\"{}\"><div class=\"bt_bb_row_holder\" ><div data-bb-version=\"4.7.6\"  class=\"bt_bb_column col-xxl-12 col-xl-12 col-xs-12 col-sm-12 col-md-12 col-lg-12 bt_bb_vertical_align_top bt_bb_align_left bt_bb_padding_normal\" style=\"; --column-width:12;\" data-width=\"12\" data-bt-override-class=\"{}\"><div class=\"bt_bb_column_content\"><div class=\"bt_bb_column_content_inner\"><\/div><\/div><\/div><\/div><\/div><\/div><!-- cell_inner --><\/div><!-- cell --><\/div><!-- port --><\/section><section data-bb-version=\"4.7.6\" id=\"bt_bb_section69eb919f94883\" class=\"bt_bb_section bt_bb_color_scheme_1 bt_bb_layout_boxed_1200 bt_bb_vertical_align_top bt_bb_background_overlay_dark_solid bt_bb_bottom_section_coverage_image bt_bb_section_with_bottom_coverage_image bt_bb_top_spacing_large bt_bb_bottom_spacing_large\" style=\"; --section-primary-color:#ffffff; --section-secondary-color:#191919;;background-color:rgb(34,64,96);\" data-bt-override-class=\"{&quot;bt_bb_top_spacing_&quot;:{&quot;current_class&quot;:&quot;bt_bb_top_spacing_large&quot;,&quot;def&quot;:&quot;large&quot;},&quot;bt_bb_bottom_spacing_&quot;:{&quot;current_class&quot;:&quot;bt_bb_bottom_spacing_large&quot;,&quot;def&quot;:&quot;large&quot;}}\"><div class=\"bt_bb_port\"><div class=\"bt_bb_cell\"><div class=\"bt_bb_cell_inner\"><div class=\"bt_bb_row\"  data-bt-override-class=\"{}\"><div class=\"bt_bb_row_holder\" ><div  class=\"bt_bb_column col-xxl-7 col-xl-7 bt_bb_vertical_align_middle bt_bb_align_left bt_bb_padding_normal bt_bb_animation_fade_in animate\" style=\"; --column-width:7;\" data-width=\"7\" data-bt-override-class=\"{}\"><div class=\"bt_bb_column_content\"><div class=\"bt_bb_column_content_inner\"><div class=\"bt_bb_separator bt_bb_border_style_none bt_bb_border_color_none bt_bb_bottom_spacing_large\" data-bt-override-class=\"null\"><\/div><header data-bb-version=\"4.7.6\" class=\"bt_bb_headline bt_bb_subheadline_text_transform_default bt_bb_dash_none bt_bb_size_large bt_bb_align_inherit\" data-bt-override-class=\"{&quot;bt_bb_size_&quot;:{&quot;current_class&quot;:&quot;bt_bb_size_large&quot;,&quot;def&quot;:&quot;large&quot;},&quot;bt_bb_align_&quot;:{&quot;current_class&quot;:&quot;bt_bb_align_inherit&quot;,&quot;def&quot;:&quot;inherit&quot;}}\"><h1 class=\"bt_bb_headline_tag\"><span class=\"bt_bb_headline_content\"><span>ev\u00e4stek\u00e4yt\u00e4nt\u00f6<\/span><\/span><\/h1><\/header><div class=\"bt_bb_separator bt_bb_border_style_none bt_bb_border_color_none bt_bb_bottom_spacing_large\" data-bt-override-class=\"null\"><\/div><\/div><\/div><\/div><div  class=\"bt_bb_column col-xxl-5 col-xl-5 bt_bb_vertical_align_top bt_bb_align_left bt_bb_padding_normal\" style=\"; --column-width:5;\" data-width=\"5\" data-bt-override-class=\"{}\"><div class=\"bt_bb_column_content\"><div class=\"bt_bb_column_content_inner\"><\/div><\/div><\/div><\/div><\/div><\/div><!-- cell_inner --><\/div><!-- cell --><\/div><!-- port --><div class=\"bt_bb_section_bottom_section_coverage_image\"><img decoding=\"async\" src=\"https:\/\/impact-acmproject.eu\/wp-content\/uploads\/2023\/11\/bottom-cover.png\" alt=\"bt_bb_section_bottom_section_coverage_image\" \/><\/div><\/section><section data-bb-version=\"4.7.6\" id=\"bt_bb_section69eb919f94a86\" class=\"bt_bb_section bt_bb_layout_boxed_1200\"  data-bt-override-class=\"null\"><div class=\"bt_bb_port\"><div class=\"bt_bb_cell\"><div class=\"bt_bb_cell_inner\"><div class=\"bt_bb_row\"  data-bt-override-class=\"{}\"><div class=\"bt_bb_row_holder\" ><div data-bb-version=\"4.7.6\"  class=\"bt_bb_column col-xxl-12 col-xl-12 col-xs-12 col-sm-12 col-md-12 col-lg-12 bt_bb_vertical_align_top bt_bb_align_left bt_bb_padding_normal\" style=\"; --column-width:12;\" data-width=\"12\" data-bt-override-class=\"{}\"><div class=\"bt_bb_column_content\"><div class=\"bt_bb_column_content_inner\"><div data-bb-version=\"4.7.6\" class=\"bt_bb_separator bt_bb_border_style_none bt_bb_border_color_none bt_bb_top_spacing_large bt_bb_bottom_spacing_none\" data-bt-override-class=\"{&quot;bt_bb_top_spacing_&quot;:{&quot;current_class&quot;:&quot;bt_bb_top_spacing_large&quot;,&quot;def&quot;:&quot;large&quot;},&quot;bt_bb_bottom_spacing_&quot;:{&quot;current_class&quot;:&quot;bt_bb_bottom_spacing_none&quot;,&quot;def&quot;:&quot;none&quot;}}\"><\/div><div data-bb-version=\"4.7.6\"  class=\"bt_bb_text\" ><\/p>\n<p><strong>Mit\u00e4 ev\u00e4steet ovat?<br \/>\n<\/strong>Ev\u00e4steet ovat pieni\u00e4 tekstitiedostoja, jotka ladataan k\u00e4ytt\u00e4j\u00e4n laitteelle (PC, \u00e4lypuhelin, tabletti\u2026) heid\u00e4n vieraillessaan verkkosivustolla. Jokaisen my\u00f6hemm\u00e4n vierailun yhteydess\u00e4 ev\u00e4steet l\u00e4hetet\u00e4\u00e4n takaisin verkkosivustolle, josta ne ovat per\u00e4isin (ensimm\u00e4isen osapuolen ev\u00e4steet) tai toiselle sivustolle, joka tunnistaa ne (kolmannen osapuolen ev\u00e4steet). Ev\u00e4steiden avulla verkkosivusto tunnistaa k\u00e4ytt\u00e4j\u00e4n laitteen. Niill\u00e4 on erilaisia tarkoituksia, kuten esimerkiksi voit navigoida tehokkaasti sivujen v\u00e4lill\u00e4, muistaa suosikkisivustosi ja yleens\u00e4 parantaa selauskokemusta. Ne auttavat my\u00f6s varmistamaan, ett\u00e4 verkossa n\u00e4ytett\u00e4v\u00e4 mainontasis\u00e4lt\u00f6 on kohdennetumpaa k\u00e4ytt\u00e4j\u00e4lle ja h\u00e4nen etujensa mukaista (ev\u00e4steiden kohdentaminen tai profilointiev\u00e4steet). Ev\u00e4steiden kesto voi olla rajoitettu yhteen selausistuntoon, ja t\u00e4ss\u00e4 tapauksessa ne poistetaan automaattisesti k\u00e4yt\u00f6st\u00e4, kun selain suljetaan; tai niiden voimassaolo voi p\u00e4\u00e4tty\u00e4 ennalta m\u00e4\u00e4ritettyn\u00e4, ja t\u00e4ss\u00e4 tapauksessa ne pysyv\u00e4t tallennettuina ja aktiivisina k\u00e4ytt\u00e4j\u00e4n laitteella voimassaolon p\u00e4\u00e4ttymiseen saakka ja ker\u00e4\u00e4v\u00e4t edelleen tietoja selaimen eri selausistuntojen aikana. On my\u00f6s muita tiedonkeruutekniikoita, joilla on samat tarkoitukset kuin ev\u00e4steill\u00e4 ja jotka tallennetaan k\u00e4ytt\u00e4j\u00e4n laitteelle (kuten pikselit). N\u00e4iss\u00e4 tiedoissa termi\u00e4 ev\u00e4ste k\u00e4ytet\u00e4\u00e4n viitaten edell\u00e4 kuvattuihin ev\u00e4steisiin ja mihin tahansa muuhun ker\u00e4ystekniikkaan, jonka tarkoituksena on antaa k\u00e4ytt\u00e4j\u00e4lle opas, joka ymm\u00e4rt\u00e4\u00e4, mit\u00e4 ev\u00e4steet ja muut vastaavat tekniikat ovat, kuten ja miksi niit\u00e4 k\u00e4ytet\u00e4\u00e4n, mit\u00e4 oikeuksia tunnustetaan k\u00e4ytt\u00e4jille ja mit\u00e4 valintoja he voivat tehd\u00e4 niiden k\u00e4yt\u00f6n suhteen.<\/p>\n<p>&nbsp;<\/p>\n<p><strong>Ev\u00e4steet ja vastaavat teknologiat \u2013 m\u00e4\u00e4ritelm\u00e4t<br \/>\n<\/strong>Ev\u00e4steet: pienet tekstitiedostot (jotka koostuvat yleens\u00e4 kirjaimista ja numeroista), jotka verkkosivustot (ns. ensimm\u00e4inen osapuoli), joilla k\u00e4ytt\u00e4j\u00e4 vierailee, tai eri verkkosivustot tai verkkopalvelimet (ns. kolmannet osapuolet) tallentavat selaimeen, jota k\u00e4ytt\u00e4j\u00e4 k\u00e4ytt\u00e4\u00e4 selaillessaan mill\u00e4 tahansa p\u00e4\u00e4telaitteella, joka pystyy tallentamaan tietoja.<\/p>\n<p>Muut teknologiat: tekniikat, jotka tallentavat tietoja k\u00e4ytt\u00e4j\u00e4n k\u00e4ytt\u00e4m\u00e4\u00e4n selaimeen tai laitteeseen paikallisesti jaettujen objektien tai paikallisen tallennuksen avulla, esim. flash-ev\u00e4steet, HTML 5 -ev\u00e4steet ja muut verkkosovellusten ohjelmistomenetelm\u00e4t. N\u00e4m\u00e4 tekniikat toimivat kaikissa selaimissa. Joissakin tapauksissa paikallisen tallennustilan k\u00e4ytt\u00f6\u00e4 ei voida t\u00e4ysin hallita selaimilla, vaan se edellytt\u00e4\u00e4 hallintaa erityisten ty\u00f6kalujen avulla.<\/p>\n<p>&nbsp;<\/p>\n<p><strong>Ev\u00e4steiden luokat<br \/>\n<\/strong>Ev\u00e4steet voidaan erottaa toisistaan niiden tarkoituksen, keston ja ev\u00e4steen omistajan perusteella.<\/p>\n<ul>\n<li>Ev\u00e4steet eroavat tarkoitukseltaan ev\u00e4steist\u00e4, jotka voidaan asentaa k\u00e4ytt\u00e4j\u00e4n laitteelle\n<ol>\n<li>varmistaa sivuston ja palveluiden toiminta sek\u00e4 taata, ett\u00e4 k\u00e4ytt\u00e4j\u00e4 voi k\u00e4ytt\u00e4\u00e4 niiden toimintoja, niin sanottuja teknisi\u00e4 ev\u00e4steit\u00e4;<\/li>\n<li>mahdollistaa sivuston ja sen tarjoamien palvelujen suorittaminen <a href=\"https:\/\/impact-acmproject.eu\/fi\/\">https:\/\/impact-acmproject.eu\/<\/a> parantaa sek\u00e4 arvioida sivuston kautta tarjottavan palvelun tehokkuutta, niin sanottuja analyyttisi\u00e4 ev\u00e4steit\u00e4;<\/li>\n<li>sallittava konsortion tai kolmansien osapuolten kohdistaa kohdennettua mainontaa tai k\u00e4ytt\u00e4j\u00e4n etujen mukaista mainontaa suostumuksella, ns. profilointiev\u00e4steet.<\/li>\n<\/ol>\n<\/li>\n<\/ul>\n<ul>\n<li>Ev\u00e4steet, jotka erotetaan toisistaan niiden keston perusteella, ovat ev\u00e4steit\u00e4, jotka voivat pysy\u00e4 laitteen selaimessa istunnon ajan (eli kunnes suljet sivuston selaamiseen k\u00e4ytetyn selaimen tai keskeyt\u00e4t palvelun k\u00e4yt\u00f6n) ja joita kutsutaan istuntoev\u00e4steiksi. Niit\u00e4 voidaan my\u00f6s s\u00e4ilytt\u00e4\u00e4 laitteesi selaimessa pitki\u00e4 aikoja, ja ne voivat sis\u00e4lt\u00e4\u00e4 yksil\u00f6llisen tunnistekoodin, jota kutsutaan pysyviksi ev\u00e4steiksi.<strong>\u00a0<\/strong><\/li>\n<\/ul>\n<ul>\n<li>Ev\u00e4steet voidaan my\u00f6s erottaa ev\u00e4steen omistavan tahon perusteella (ensimm\u00e4isen osapuolen ev\u00e4steet ja kolmannen osapuolen ev\u00e4steet).<\/li>\n<\/ul>\n<p>Ev\u00e4steet voivat olla sivuston ja palvelun hallinnoijan omaisuutta, joten viimeksi mainittu asentaa ne k\u00e4ytt\u00e4j\u00e4n laitteen selaimeen eli niin sanottuihin ensimm\u00e4isen osapuolen ev\u00e4steisiin. Saattaa k\u00e4yd\u00e4 niin, ett\u00e4 sivusto sis\u00e4lt\u00e4\u00e4 muilta sivustoilta per\u00e4isin olevia kolmansien osapuolten omistamia ev\u00e4steit\u00e4, jotka sis\u00e4ltyv\u00e4t itse sivustolla yll\u00e4pidettyihin eri elementteihin (esimerkiksi mainosbannerit, kuvat, videot, sounds\u2026) ja t\u00e4ss\u00e4 tapauksessa n\u00e4m\u00e4 ovat ns. kolmannen osapuolen ev\u00e4steit\u00e4.<strong>\u00a0<\/strong><\/p>\n<p>&nbsp;<\/p>\n<p><strong>T\u00e4m\u00e4n verkkosivuston k\u00e4ytt\u00e4m\u00e4t ev\u00e4steet<br \/>\n<\/strong>Vierailu kohteeseen <a href=\"https:\/\/impact-acmproject.eu\/fi\/\">https:\/\/impact-acmproject.eu\/<\/a> Sivustolla k\u00e4ytet\u00e4\u00e4n ev\u00e4steit\u00e4 k\u00e4ytt\u00e4j\u00e4kokemuksen parantamiseksi. Sivusto k\u00e4ytt\u00e4\u00e4: tekniset navigointiev\u00e4steet, analyyttiset ev\u00e4steet ja profilointiev\u00e4steet markkinointitarkoituksiin.<br \/>\nK\u00e4ytt\u00e4j\u00e4 voi milloin tahansa hallita mieltymyksi\u00e4\u00e4n tai kielt\u00e4\u00e4 ev\u00e4steiden asentamisen.<\/p>\n<p>K\u00e4ytt\u00e4j\u00e4 voi milloin tahansa hallita mieltymyksi\u00e4\u00e4n tai kielt\u00e4\u00e4 ev\u00e4steiden asentamisen.<\/p>\n<p style=\"text-align: left;\">\n<div id=\"cmplz-cookies-overview\"><\/div>\n<\/p>\n<p>&nbsp;<\/p>\n<p><strong>Ev\u00e4steiden avulla ker\u00e4ttyjen henkil\u00f6tietojen s\u00e4ilytysajat<br \/>\n<\/strong>Ev\u00e4steiden avulla ker\u00e4ttyj\u00e4 tietoja s\u00e4ilytet\u00e4\u00e4n niin kauan kuin on ehdottoman v\u00e4ltt\u00e4m\u00e4t\u00f6nt\u00e4 niiden tarkoitusten saavuttamiseksi, joita varten kukin ev\u00e4ste asennettiin.<\/p>\n<p>P\u00e4\u00e4st\u00e4kseen k\u00e4siksi tiettyihin tietoihin, jotka liittyv\u00e4t ensimm\u00e4isen ja kolmannen osapuolen ev\u00e4steiden avulla saatujen tietojen tallentamiseen, ja hallitakseen niiden asetuksia, k\u00e4ytt\u00e4j\u00e4 voi k\u00e4ytt\u00e4\u00e4 ev\u00e4stekeskusta milloin tahansa.<\/p>\n<p>&nbsp;<\/p>\n<p><strong>\u00a0<\/strong><strong>K\u00e4ytt\u00e4j\u00e4n oikeudet ja ev\u00e4steasetusten hallinta<br \/>\n<\/strong>K\u00e4ytt\u00e4j\u00e4lle my\u00f6nnet\u00e4\u00e4n asetuksen (EU) 2016\/679 (ns. GDPR) mukaiset oikeudet, mukaan lukien p\u00e4\u00e4sy-, vastustus- ja peruutusoikeus sek\u00e4 oikeus muuttaa ev\u00e4steiden k\u00e4ytt\u00f6\u00e4 koskevia valintojaan milloin tahansa ev\u00e4stekeskuksen kautta. Lis\u00e4tietoja k\u00e4ytt\u00e4j\u00e4n oikeuksista ja siit\u00e4, miten h\u00e4n voi k\u00e4ytt\u00e4\u00e4 oikeuksiaan, on t\u00e4ydellisess\u00e4 tietosuojak\u00e4yt\u00e4nn\u00f6ss\u00e4 (lis\u00e4\u00e4 linkki napsauttamalla \u201dTietosuojak\u00e4yt\u00e4nt\u00f6\u201d).<\/p>\n<p><strong>\u00a0<\/strong><\/p>\n<p><strong>Ev\u00e4steiden poistaminen k\u00e4yt\u00f6st\u00e4 selaimestasi<br \/>\n<\/strong>Sen lis\u00e4ksi, ett\u00e4 k\u00e4ytt\u00e4j\u00e4 poistaa ev\u00e4steet k\u00e4yt\u00f6st\u00e4 ev\u00e4stekeskuksen kautta, h\u00e4n voi m\u00e4\u00e4ritt\u00e4\u00e4 selaimensa rajoittamaan hyv\u00e4ksyttyjen ev\u00e4steiden m\u00e4\u00e4r\u00e4\u00e4, est\u00e4m\u00e4\u00e4n kaikki ev\u00e4steet tai poistamaan ne selaimen asetuksista seuraavilla tavoilla:<\/p>\n<ol>\n<li>Microsoft Internet Explorer<br \/>\nKlikkaamalla ty\u00f6kalukuvaketta oikeassa yl\u00e4kulmassa ja valitsemalla Internet-asetukset. N\u00e4ytt\u00f6\u00f6n tulee ponnahdusikkuna, valitse yksityisyys. T\u00e4ss\u00e4 osiossa K\u00e4ytt\u00e4j\u00e4 voi muuttaa ev\u00e4steasetuksia.Linkki: <a href=\"http:\/\/windows.microsoft.com\/it-it\/internet-explorer\/delete-manage-cookies#ie=ie-11-win-7\">http:\/\/windows.microsoft.com\/it-it\/internet-explorer\/delete-manage-cookies#ie=ie-11-win-7<\/a><\/li>\n<li>Google Chrome<br \/>\nKlikkaamalla jakoavaimen kuvaketta oikeassa yl\u00e4kulmassa ja valitse asetukset. Valitse seuraavaksi N\u00e4yt\u00e4 lis\u00e4asetukset. T\u00e4ss\u00e4 osiossa K\u00e4ytt\u00e4j\u00e4 voi muuttaa ev\u00e4steasetuksia.Linkki: <a href=\"https:\/\/support.google.com\/accounts\/topic\/2373959?hl=it&amp;ref_topic=2373957\">https:\/\/support.google.com\/accounts\/topic\/2373959?hl=it&amp;ref_topic=2373957<\/a><\/li>\n<li>Mozilla Firefox<br \/>\nValitse vasemmassa yl\u00e4kulmassa olevasta avattavasta valikosta vaihtoehdot. Valitse ponnahdusikkunassa yksityisyys ja osiossa voit muuttaa ev\u00e4steasetuksiasi.Linkki: <a href=\"https:\/\/support.mozilla.org\/it\/kb\/Attivare%20e%20disattivare%20i%20cookie#firefox:win7:fx38\">https:\/\/support.mozilla.org\/it\/kb\/Attivare%20e%20disattivare%20i%20cookie#firefox:win7:fx38<\/a><\/li>\n<li>Safarit<br \/>\nValitse oikean yl\u00e4kulman avattavasta asetusvalikosta asetukset. Valitse sitten suojaus ja t\u00e4ss\u00e4 osiossa k\u00e4ytt\u00e4j\u00e4 voi s\u00e4\u00e4t\u00e4\u00e4 ev\u00e4steasetuksia.Linkki: <a href=\"https:\/\/support.apple.com\/it-it\/HT201265\">https:\/\/support.apple.com\/it-it\/HT201265<\/a><\/li>\n<\/ol>\n<p><strong>\u00a0<\/strong><\/p>\n<p><strong>\u00a0<\/strong><strong>Rekisterinpit\u00e4j\u00e4 ja yhteystiedot<\/strong><strong><br \/>\n<\/strong>Rekisterinpit\u00e4j\u00e4 on <strong>Italbiotec-konsortio<\/strong> (C.F.\/ALV-numero 02429600121), kotipaikka Milano, Piazza della Trivulziana 4\/A, laillisen edustajansa puolesta; pec: consorzio@pec.italbiotec.it. K\u00e4ytt\u00e4j\u00e4 voi milloin tahansa l\u00e4hett\u00e4\u00e4 tieto- tai selvennyspyynt\u00f6j\u00e4 edell\u00e4 mainittuun osoitteeseen tai tietosuojak\u00e4yt\u00e4nn\u00f6ss\u00e4 mainituilla lis\u00e4menetelmill\u00e4 (<a href=\"https:\/\/impact-acmproject.eu\/fi\/privacy-policy\/\">https:\/\/impact-acmproject.eu\/privacy-policy\/<\/a>).<\/p>\n<p>&nbsp;<\/p>\n<p>&nbsp;<\/p>\n<p>\n<\/div><\/div><\/div><\/div><\/div><\/div><\/div><!-- cell_inner --><\/div><!-- cell --><\/div><!-- port --><\/section><\/p>","protected":false},"excerpt":{"rendered":"","protected":false},"author":2,"featured_media":0,"parent":0,"menu_order":0,"comment_status":"closed","ping_status":"closed","template":"","meta":{"footnotes":""},"class_list":["post-3768","page","type-page","status-publish","hentry"],"_links":{"self":[{"href":"https:\/\/impact-acmproject.eu\/fi\/wp-json\/wp\/v2\/pages\/3768","targetHints":{"allow":["GET"]}}],"collection":[{"href":"https:\/\/impact-acmproject.eu\/fi\/wp-json\/wp\/v2\/pages"}],"about":[{"href":"https:\/\/impact-acmproject.eu\/fi\/wp-json\/wp\/v2\/types\/page"}],"author":[{"embeddable":true,"href":"https:\/\/impact-acmproject.eu\/fi\/wp-json\/wp\/v2\/users\/2"}],"replies":[{"embeddable":true,"href":"https:\/\/impact-acmproject.eu\/fi\/wp-json\/wp\/v2\/comments?post=3768"}],"version-history":[{"count":9,"href":"https:\/\/impact-acmproject.eu\/fi\/wp-json\/wp\/v2\/pages\/3768\/revisions"}],"predecessor-version":[{"id":3845,"href":"https:\/\/impact-acmproject.eu\/fi\/wp-json\/wp\/v2\/pages\/3768\/revisions\/3845"}],"wp:attachment":[{"href":"https:\/\/impact-acmproject.eu\/fi\/wp-json\/wp\/v2\/media?parent=3768"}],"curies":[{"name":"wp","href":"https:\/\/api.w.org\/{rel}","templated":true}]}}