{"id":3,"date":"2023-08-31T13:00:16","date_gmt":"2023-08-31T11:00:16","guid":{"rendered":"http:\/\/impact-acmproject.eu\/?page_id=3"},"modified":"2024-12-02T12:56:24","modified_gmt":"2024-12-02T11:56:24","slug":"privacy-policy","status":"publish","type":"page","link":"https:\/\/impact-acmproject.eu\/fi\/privacy-policy\/","title":{"rendered":"Tietosuojak\u00e4yt\u00e4nt\u00f6"},"content":{"rendered":"<p><section data-bb-version=\"4.7.6\" id=\"bt_bb_section69eb90fdba48d\" class=\"bt_bb_section bt_bb_layout_boxed_1200\"  data-bt-override-class=\"null\"><div class=\"bt_bb_port\"><div class=\"bt_bb_cell\"><div class=\"bt_bb_cell_inner\"><div class=\"bt_bb_row\"  data-bt-override-class=\"{}\"><div class=\"bt_bb_row_holder\" ><div data-bb-version=\"4.7.6\"  class=\"bt_bb_column col-xxl-12 col-xl-12 col-xs-12 col-sm-12 col-md-12 col-lg-12 bt_bb_vertical_align_top bt_bb_align_left bt_bb_padding_normal\" style=\"; --column-width:12;\" data-width=\"12\" data-bt-override-class=\"{}\"><div class=\"bt_bb_column_content\"><div class=\"bt_bb_column_content_inner\"><\/div><\/div><\/div><\/div><\/div><\/div><!-- cell_inner --><\/div><!-- cell --><\/div><!-- port --><\/section><section data-bb-version=\"4.7.6\" id=\"bt_bb_section69eb90fdbaa51\" class=\"bt_bb_section bt_bb_color_scheme_1 bt_bb_layout_boxed_1200 bt_bb_vertical_align_top bt_bb_background_overlay_dark_solid bt_bb_bottom_section_coverage_image bt_bb_section_with_bottom_coverage_image bt_bb_top_spacing_large bt_bb_bottom_spacing_large\" style=\"; --section-primary-color:#ffffff; --section-secondary-color:#191919;;background-color:rgb(51,42,43);\" data-bt-override-class=\"{&quot;bt_bb_top_spacing_&quot;:{&quot;current_class&quot;:&quot;bt_bb_top_spacing_large&quot;,&quot;def&quot;:&quot;large&quot;},&quot;bt_bb_bottom_spacing_&quot;:{&quot;current_class&quot;:&quot;bt_bb_bottom_spacing_large&quot;,&quot;def&quot;:&quot;large&quot;}}\"><div class=\"bt_bb_port\"><div class=\"bt_bb_cell\"><div class=\"bt_bb_cell_inner\"><div class=\"bt_bb_row\"  data-bt-override-class=\"{}\"><div class=\"bt_bb_row_holder\" ><div  class=\"bt_bb_column col-xxl-7 col-xl-7 bt_bb_vertical_align_middle bt_bb_align_left bt_bb_padding_normal bt_bb_animation_fade_in animate\" style=\"; --column-width:7;\" data-width=\"7\" data-bt-override-class=\"{}\"><div class=\"bt_bb_column_content\"><div class=\"bt_bb_column_content_inner\"><div class=\"bt_bb_separator bt_bb_border_style_none bt_bb_border_color_none bt_bb_bottom_spacing_large\" data-bt-override-class=\"null\"><\/div><header data-bb-version=\"4.7.6\" class=\"bt_bb_headline bt_bb_subheadline_text_transform_default bt_bb_dash_none bt_bb_size_large bt_bb_align_inherit\" data-bt-override-class=\"{&quot;bt_bb_size_&quot;:{&quot;current_class&quot;:&quot;bt_bb_size_large&quot;,&quot;def&quot;:&quot;large&quot;},&quot;bt_bb_align_&quot;:{&quot;current_class&quot;:&quot;bt_bb_align_inherit&quot;,&quot;def&quot;:&quot;inherit&quot;}}\"><h1 class=\"bt_bb_headline_tag\"><span class=\"bt_bb_headline_content\"><span>Tietosuojak\u00e4yt\u00e4nt\u00f6<\/span><\/span><\/h1><\/header><div class=\"bt_bb_separator bt_bb_border_style_none bt_bb_border_color_none bt_bb_bottom_spacing_large\" data-bt-override-class=\"null\"><\/div><\/div><\/div><\/div><div  class=\"bt_bb_column col-xxl-5 col-xl-5 bt_bb_vertical_align_top bt_bb_align_left bt_bb_padding_normal\" style=\"; --column-width:5;\" data-width=\"5\" data-bt-override-class=\"{}\"><div class=\"bt_bb_column_content\"><div class=\"bt_bb_column_content_inner\"><\/div><\/div><\/div><\/div><\/div><\/div><!-- cell_inner --><\/div><!-- cell --><\/div><!-- port --><div class=\"bt_bb_section_bottom_section_coverage_image\"><img decoding=\"async\" src=\"https:\/\/impact-acmproject.eu\/wp-content\/uploads\/2023\/11\/bottom-cover.png\" alt=\"bt_bb_section_bottom_section_coverage_image\" \/><\/div><\/section><section data-bb-version=\"4.7.6\" id=\"bt_bb_section69eb90fdbabf7\" class=\"bt_bb_section bt_bb_layout_boxed_1200\"  data-bt-override-class=\"null\"><div class=\"bt_bb_port\"><div class=\"bt_bb_cell\"><div class=\"bt_bb_cell_inner\"><div class=\"bt_bb_row\"  data-bt-override-class=\"{}\"><div class=\"bt_bb_row_holder\" ><div data-bb-version=\"4.7.6\"  class=\"bt_bb_column col-xxl-12 col-xl-12 col-xs-12 col-sm-12 col-md-12 col-lg-12 bt_bb_vertical_align_top bt_bb_align_left bt_bb_padding_normal\" style=\"; --column-width:12;\" data-width=\"12\" data-bt-override-class=\"{}\"><div class=\"bt_bb_column_content\"><div class=\"bt_bb_column_content_inner\"><div data-bb-version=\"4.7.6\"  class=\"bt_bb_text\" ><\/p>\n<p><strong>Asetuksen (EU) 2016\/679 (j\u00e4ljemp\u00e4n\u00e4 \u2019yleinen tietosuoja-asetus\u2019) 13 artiklan mukaiset tiedot ja sis\u00e4lt\u00f6, jotka koskevat vaikuttavan verkkosivuston k\u00e4ytt\u00e4jien henkil\u00f6kohtaisten tietojen k\u00e4sittely\u00e4<\/strong><\/p>\n<p><strong>Tila<\/strong><br \/>Italbiotec-konsortio antaa n\u00e4m\u00e4 tiedot konsortion ker\u00e4\u00e4mien henkil\u00f6tietojen k\u00e4sittelyst\u00e4 vieraillessaan verkkosivustolla https:\/\/impact-acmproject.eu\/ ja selatessaan sit\u00e4. N\u00e4m\u00e4 tiedot annetaan yksinomaan IMPACT-verkkosivustolle, eiv\u00e4tk\u00e4 ne koske verkkosivustolla mahdollisesti julkaistavien hypertekstilinkkien kautta saatavilla olevia sivuja tai verkkopalveluja. K\u00e4ytt\u00e4jien antamia henkil\u00f6tietoja k\u00e4sitell\u00e4\u00e4n EU:n asetuksen (EU) 2016\/679 (yleinen tietosuoja-asetus) s\u00e4\u00e4nn\u00f6sten mukaisesti.<\/p>\n<p>\u00a0<\/p>\n<p><strong>Rekisterinpit\u00e4j\u00e4<br \/><\/strong>Rekisterinpit\u00e4j\u00e4 on Italbiotec Consortium (C.F.\/ALV-numero 02429600121), jonka rekister\u00f6ity toimipaikka on Milanossa osoitteessa Piazza della Trivulziana 4\/A, laillisen edustajan pro tempore pec: consorzio@pec.italbiotec.it<\/p>\n<p>\u00a0<\/p>\n<p><strong>K\u00e4sittelyn oikeusperusta<br \/><\/strong>N\u00e4iss\u00e4 tiedoissa ilmoitettujen tietojen k\u00e4sittelyn oikeusperuste on asianomaisen osapuolen nimenomainen suostumus yleisen tietosuoja-asetuksen 6 artiklan 1 kohdan a alakohdan mukaisesti ja rekisterinpit\u00e4j\u00e4\u00e4n sovellettavien lakis\u00e4\u00e4teisten velvoitteiden noudattaminen yleisen tietosuoja-asetuksen 6 artiklan 1 kohdan c alakohdan mukaisesti.<\/p>\n<p>\u00a0<\/p>\n<p><strong>Tietoluokat \u2013 Selaustiedot<br \/><\/strong>Rekisterinpit\u00e4j\u00e4 k\u00e4sittelee luonteeltaan yleisi\u00e4 henkil\u00f6tietoja (etunimi, sukunimi, s\u00e4hk\u00f6postiosoite, muut henkil\u00f6tiedot, kuten verotunnus, asuinpaikka; navigointitiedot, kuten IP-osoite, URI\/URL-merkinn\u00f6iss\u00e4 olevat osoitteet jne.). T\u00e4m\u00e4n verkkosivuston k\u00e4ytt\u00e4miseen k\u00e4ytetyt tietokonej\u00e4rjestelm\u00e4t ja ohjelmistomenettelyt hankkivat normaalin toimintansa aikana joitakin henkil\u00f6tietoja, joiden l\u00e4hett\u00e4minen liittyy implisiittisesti Internet-viestint\u00e4protokollien k\u00e4ytt\u00f6\u00f6n.<\/p>\n<p>Kyse on tiedoista, joita ei ker\u00e4t\u00e4, jotta ne voitaisiin yhdist\u00e4\u00e4 yksil\u00f6ityihin asianomaisiin osapuoliin, mutta jotka luonteensa vuoksi voisivat mahdollistaa k\u00e4ytt\u00e4jien tunnistamisen k\u00e4sittelem\u00e4ll\u00e4 kolmansien osapuolten hallussa olevia tietoja ja yhdist\u00e4m\u00e4ll\u00e4 ne niihin.<\/p>\n<p>T\u00e4h\u00e4n tietoluokkaan kuuluvat sivustoon yhteydess\u00e4 olevien k\u00e4ytt\u00e4jien k\u00e4ytt\u00e4mien tietokoneiden IP-osoitteet tai toimialuenimet, pyydettyjen resurssien osoitteet URI-ilmoituksessa (Uniform Resource Identifier), pyynn\u00f6n kellonaika, pyynn\u00f6n l\u00e4hett\u00e4misess\u00e4 palvelimelle k\u00e4ytetty menetelm\u00e4, vastauksena saadun tiedoston koko, palvelimen antaman vastauksen tilan ilmaiseva numeerinen koodi (onnistunut, virhe jne.) ja muut k\u00e4ytt\u00f6j\u00e4rjestelm\u00e4\u00e4n ja k\u00e4ytt\u00e4j\u00e4n tietotekniikkaymp\u00e4rist\u00f6\u00f6n liittyv\u00e4t parametrit.<\/p>\n<p>N\u00e4it\u00e4 tietoja k\u00e4ytet\u00e4\u00e4n ainoastaan anonyymien tilastotietojen hankkimiseen sivuston k\u00e4yt\u00f6st\u00e4 ja sen moitteettoman toiminnan tarkistamiseen, ja ne poistetaan v\u00e4litt\u00f6m\u00e4sti k\u00e4sittelyn j\u00e4lkeen.<\/p>\n<p>\u00a0<\/p>\n<p><strong>Tietoluokat \u2013 vapaaehtoisesti toimittamasi tiedot<br \/><\/strong>S\u00e4hk\u00f6postien vapaaehtoinen, nimenomainen ja vapaaehtoinen l\u00e4hett\u00e4minen ilmoitettuihin osoitteisiin ja\/tai lomakkeen t\u00e4ytt\u00e4minen t\u00e4ll\u00e4 sivustolla edellytt\u00e4\u00e4 l\u00e4hett\u00e4j\u00e4n osoitteen, joka on tarpeen pyynt\u00f6ihin vastaamiseksi, sek\u00e4 muiden viestiin sy\u00f6tettyjen henkil\u00f6tietojen hankkimista, kuten seuraavassa postissa olevan \u201dOta yhteytt\u00e4\u201d -palvelun tietosuojaperiaatteissa korostetaan: Tietosuoja@italbiotec.it<\/p>\n<p>Lukuun ottamatta sit\u00e4, mit\u00e4 edell\u00e4 on m\u00e4\u00e4ritelty navigointitiedoille ja yleisen tietosuoja-asetuksen 13 artiklan mukaisille tiedoille, jotka annetaan IMPACT-verkkosivuston yksitt\u00e4isiss\u00e4 osissa, tietojen toimittaminen muihin tarkoituksiin on vapaaehtoista.<\/p>\n<p><strong><br \/>Ev\u00e4steet<br \/><\/strong>Ev\u00e4steisiin liittyv\u00e4t tiedot l\u00f6ytyv\u00e4t \"ev\u00e4stek\u00e4yt\u00e4nn\u00f6t\"-osiosta (<a href=\"https:\/\/impact-acmproject.eu\/fi\/cookie-policy-ue\/\">https:\/\/impact-acmproject.eu\/cookie-policy-ue\/<\/a>)<\/p>\n<p>Voit milloin tahansa muuttaa, peruuttaa tai p\u00e4ivitt\u00e4\u00e4 ev\u00e4stekeskuksessa annettua suostumusta.<\/p>\n<p>\u00a0<\/p>\n<p><strong>K\u00e4sittelyn tarkoitus \u2013 K\u00e4sittelymenetelm\u00e4t \u2013 Tietojen s\u00e4ilytysaika<br \/><\/strong>Tietojesi k\u00e4sittely tietoteknisill\u00e4 ja telemaattisilla ty\u00f6kaluilla (ja\/tai manuaalisilla ty\u00f6kaluilla) on tarkoitettu verkkosivuston asianmukaiseen k\u00e4ytt\u00f6\u00f6n suhteessa sen tarjoamiin palveluihin. <a href=\"https:\/\/impact-acmproject.eu\/fi\/\">https:\/\/impact-acmproject.eu\/<\/a>. Italbiotec-konsortion henkil\u00f6kunta ja yhteisty\u00f6kumppanit (sis\u00e4iset tai ulkoiset, luonnolliset henkil\u00f6t tai oikeushenkil\u00f6t) k\u00e4sittelev\u00e4t tietojasi huoltotarpeisiisi.<\/p>\n<p>Henkil\u00f6tietoja k\u00e4sitell\u00e4\u00e4n automatisoiduilla ty\u00f6kaluilla niin kauan kuin on ehdottoman v\u00e4ltt\u00e4m\u00e4t\u00f6nt\u00e4 niiden tarkoitusten saavuttamiseksi, joita varten ne ker\u00e4ttiin, yleisen tietosuoja-asetuksen 5 artiklan e alakohdan mukaisesti.<\/p>\n<p>Erityisi\u00e4 turvatoimia noudatetaan tietojen h\u00e4vi\u00e4misen, laittoman tai virheellisen k\u00e4yt\u00f6n ja luvattoman k\u00e4yt\u00f6n est\u00e4miseksi.<\/p>\n<p><strong><br \/>Henkil\u00f6tietojen vastaanottajaryhm\u00e4t<br \/><\/strong>K\u00e4sitelt\u00e4vi\u00e4 tietoja voidaan toimittaa kohdassa \u201dK\u00e4sittelyn tarkoitus \u2013 K\u00e4sittelymenetelm\u00e4t\u201d tarkoitettujen aiheiden lis\u00e4ksi my\u00f6s oikeusviranomaiselle, jotta t\u00e4m\u00e4 voi varmistaa mahdolliset rikokset.<\/p>\n<p>\u00a0<\/p>\n<p><strong>Asianomaisten osapuolten oikeudet<br \/><\/strong>N\u00e4iden tietojen perusteella k\u00e4sitelt\u00e4vien tietojen osalta sinulla on oikeus milloin tahansa:<\/p>\n<ul>\n<li>P\u00e4\u00e4sy (EU:n asetuksen (EU) 2016\/679 15 artikla) \u2013 oikeus pyyt\u00e4\u00e4 ja saada rekisterinpit\u00e4j\u00e4lt\u00e4 vahvistus siit\u00e4, ett\u00e4 heid\u00e4n tietojensa k\u00e4sittely on k\u00e4ynniss\u00e4, ja p\u00e4\u00e4sy asianomaista osapuolta koskeviin tietoihin (k\u00e4sittelyn tarkoituksen ja k\u00e4sitelt\u00e4vien tietoryhmien tuntemisen v\u00e4lill\u00e4);<\/li>\n<li>Oikaisu (EU:n asetuksen (EU) 2016\/679 16 artikla) \u2013 voit pyyt\u00e4\u00e4 rekisterinpit\u00e4j\u00e4\u00e4 korjaamaan, muuttamaan ja integroimaan henkil\u00f6tietojasi;<\/li>\n<li>Poistaminen (EU:n asetuksen (EU) 2016\/679 17 artikla) \u2013 voit saada tietosi poistettua ilman perusteltua viivytyst\u00e4 (ns. oikeus tulla unohdetuksi).<\/li>\n<li>Rajoitus (EU:n asetuksen (EU) 2016\/679 18 artikla) \u2013 oikeus saada rekister\u00f6idyn tietojen k\u00e4sittely\u00e4 koskeva rajoitus esimerkiksi 16 artiklassa tarkoitetun oikeuden k\u00e4ytt\u00e4misen sis\u00e4llytt\u00e4miseksi siihen niin kauan kuin on tarpeen tietojen oikeellisuuden tarkistamiseksi;<\/li>\n<li>Siirrett\u00e4vyys (EU:n asetuksen (EU) 2016\/679 20 artikla) \u2013 antaa asianomaiselle osapuolelle mahdollisuuden saada h\u00e4nt\u00e4 koskevia henkil\u00f6tietoja, jotta h\u00e4n voi siirt\u00e4\u00e4 ne toiselle rekisterinpit\u00e4j\u00e4lle;<\/li>\n<li>\u2013 K\u00e4sittelyn vastustaminen (EU:n asetuksen 2016\/679 21 artikla) \u2013 mahdollistaa sen, ett\u00e4 asianosainen voi vastustaa h\u00e4nt\u00e4 koskevien henkil\u00f6tietojen k\u00e4sittely\u00e4.<\/li>\n<\/ul>\n<p>Voit k\u00e4ytt\u00e4\u00e4 oikeuksiasi l\u00e4hett\u00e4m\u00e4ll\u00e4 kirjallisen viestin osoitteeseen: Piazza della Trivulziana 4\/A tai s\u00e4hk\u00f6postitse: <a href=\"mailto:privacy@italbiotec.it\">privacy@italbiotec.it<\/a><\/p>\n<p>\u00a0<\/p>\n<p><strong>Suostumuksen peruuttaminen<\/strong><br \/>Sinulla on milloin tahansa oikeus peruuttaa suostumuksesi, sanotun kuitenkaan rajoittamatta ennen peruuttamista annettuun suostumukseen perustuvan k\u00e4sittelyn lainmukaisuutta.<\/p>\n<p>\u00a0<\/p>\n<p><strong>Valitus<\/strong><br \/>Muista, ett\u00e4 EU:n asetuksen 2016\/679 77 artiklan mukaan S.V. voi tehd\u00e4 valituksen takaajaviranomaiselle, jos voimassa olevaa henkil\u00f6tietojen suojaa koskevaa lains\u00e4\u00e4d\u00e4nt\u00f6\u00e4 rikotaan.<\/p>\n<p>\u00a0<\/p>\n<p><strong>HENKIL\u00d6TIETOJEN ASETUKSEN (EU) 2016\/679 k\u00e4sittelyn sis\u00e4lt\u00f6<\/strong><br \/>K\u00e4ytt\u00e4j\u00e4lle on ilmoitettu:<\/p>\n<ul>\n<li>rekisterinpit\u00e4j\u00e4n henkil\u00f6llisyys<\/li>\n<li>toimenpiteest\u00e4, menetelmist\u00e4, joilla k\u00e4sittely tapahtuu<\/li>\n<li>k\u00e4sittelyn tarkoitukset, joita varten henkil\u00f6tiedot on tarkoitettu<\/li>\n<li>oikeudesta peruuttaa suostumus asetuksen (EU) 2016\/679 13 artiklan mukaisesti laadituissa tiedoissa ilmoitetulla tavalla merkitsem\u00e4ll\u00e4 merkint\u00e4 asianmukaiseen kohtaan \u201dOlen lukenut ja hyv\u00e4ksyn ehdot\u201d<\/li>\n<\/ul>\n<p>\u00a0<\/p>\n<p><strong>ILMOITUS<br \/><\/strong>ett\u00e4 olen saanut ja lukenut n\u00e4m\u00e4 tiedot ja<\/p>\n<p>\u00a0<\/p>\n<p><strong>ON YHT\u00c4 MIELT\u00c4<br \/><\/strong>asetuksen (EU) 2016\/679 7 artiklan ja sit\u00e4 seuraavien artiklojen mukaisesti ja niiden soveltamiseksi henkil\u00f6tietojen k\u00e4sittelyyn n\u00e4iss\u00e4 tiedoissa esitetyll\u00e4 tavalla ja niiss\u00e4 esitetyiss\u00e4 rajoissa.<\/p>\n<p>\n<\/div><\/div><\/div><\/div><\/div><\/div><\/div><!-- cell_inner --><\/div><!-- cell --><\/div><!-- port --><\/section><\/p>","protected":false},"excerpt":{"rendered":"","protected":false},"author":1,"featured_media":0,"parent":0,"menu_order":0,"comment_status":"closed","ping_status":"open","template":"","meta":{"footnotes":""},"class_list":["post-3","page","type-page","status-publish","hentry"],"_links":{"self":[{"href":"https:\/\/impact-acmproject.eu\/fi\/wp-json\/wp\/v2\/pages\/3","targetHints":{"allow":["GET"]}}],"collection":[{"href":"https:\/\/impact-acmproject.eu\/fi\/wp-json\/wp\/v2\/pages"}],"about":[{"href":"https:\/\/impact-acmproject.eu\/fi\/wp-json\/wp\/v2\/types\/page"}],"author":[{"embeddable":true,"href":"https:\/\/impact-acmproject.eu\/fi\/wp-json\/wp\/v2\/users\/1"}],"replies":[{"embeddable":true,"href":"https:\/\/impact-acmproject.eu\/fi\/wp-json\/wp\/v2\/comments?post=3"}],"version-history":[{"count":15,"href":"https:\/\/impact-acmproject.eu\/fi\/wp-json\/wp\/v2\/pages\/3\/revisions"}],"predecessor-version":[{"id":3842,"href":"https:\/\/impact-acmproject.eu\/fi\/wp-json\/wp\/v2\/pages\/3\/revisions\/3842"}],"wp:attachment":[{"href":"https:\/\/impact-acmproject.eu\/fi\/wp-json\/wp\/v2\/media?parent=3"}],"curies":[{"name":"wp","href":"https:\/\/api.w.org\/{rel}","templated":true}]}}