{"id":3768,"date":"2024-01-16T10:10:32","date_gmt":"2024-01-16T09:10:32","guid":{"rendered":"https:\/\/impact-acmproject.eu\/cookie-policy-ue\/"},"modified":"2024-12-04T10:21:19","modified_gmt":"2024-12-04T09:21:19","slug":"cookie-policy-ue","status":"publish","type":"page","link":"https:\/\/impact-acmproject.eu\/et\/cookie-policy-ue\/","title":{"rendered":"K\u00fcpsiste poliitika (EL)"},"content":{"rendered":"<p><section data-bb-version=\"4.7.6\" id=\"bt_bb_section69eb919deffc7\" class=\"bt_bb_section bt_bb_layout_boxed_1200\"  data-bt-override-class=\"null\"><div class=\"bt_bb_port\"><div class=\"bt_bb_cell\"><div class=\"bt_bb_cell_inner\"><div class=\"bt_bb_row\"  data-bt-override-class=\"{}\"><div class=\"bt_bb_row_holder\" ><div data-bb-version=\"4.7.6\"  class=\"bt_bb_column col-xxl-12 col-xl-12 col-xs-12 col-sm-12 col-md-12 col-lg-12 bt_bb_vertical_align_top bt_bb_align_left bt_bb_padding_normal\" style=\"; --column-width:12;\" data-width=\"12\" data-bt-override-class=\"{}\"><div class=\"bt_bb_column_content\"><div class=\"bt_bb_column_content_inner\"><\/div><\/div><\/div><\/div><\/div><\/div><!-- cell_inner --><\/div><!-- cell --><\/div><!-- port --><\/section><section data-bb-version=\"4.7.6\" id=\"bt_bb_section69eb919df05ff\" class=\"bt_bb_section bt_bb_color_scheme_1 bt_bb_layout_boxed_1200 bt_bb_vertical_align_top bt_bb_background_overlay_dark_solid bt_bb_bottom_section_coverage_image bt_bb_section_with_bottom_coverage_image bt_bb_top_spacing_large bt_bb_bottom_spacing_large\" style=\"; --section-primary-color:#ffffff; --section-secondary-color:#191919;;background-color:rgb(34,64,96);\" data-bt-override-class=\"{&quot;bt_bb_top_spacing_&quot;:{&quot;current_class&quot;:&quot;bt_bb_top_spacing_large&quot;,&quot;def&quot;:&quot;large&quot;},&quot;bt_bb_bottom_spacing_&quot;:{&quot;current_class&quot;:&quot;bt_bb_bottom_spacing_large&quot;,&quot;def&quot;:&quot;large&quot;}}\"><div class=\"bt_bb_port\"><div class=\"bt_bb_cell\"><div class=\"bt_bb_cell_inner\"><div class=\"bt_bb_row\"  data-bt-override-class=\"{}\"><div class=\"bt_bb_row_holder\" ><div  class=\"bt_bb_column col-xxl-7 col-xl-7 bt_bb_vertical_align_middle bt_bb_align_left bt_bb_padding_normal bt_bb_animation_fade_in animate\" style=\"; --column-width:7;\" data-width=\"7\" data-bt-override-class=\"{}\"><div class=\"bt_bb_column_content\"><div class=\"bt_bb_column_content_inner\"><div class=\"bt_bb_separator bt_bb_border_style_none bt_bb_border_color_none bt_bb_bottom_spacing_large\" data-bt-override-class=\"null\"><\/div><header data-bb-version=\"4.7.6\" class=\"bt_bb_headline bt_bb_subheadline_text_transform_default bt_bb_dash_none bt_bb_size_large bt_bb_align_inherit\" data-bt-override-class=\"{&quot;bt_bb_size_&quot;:{&quot;current_class&quot;:&quot;bt_bb_size_large&quot;,&quot;def&quot;:&quot;large&quot;},&quot;bt_bb_align_&quot;:{&quot;current_class&quot;:&quot;bt_bb_align_inherit&quot;,&quot;def&quot;:&quot;inherit&quot;}}\"><h1 class=\"bt_bb_headline_tag\"><span class=\"bt_bb_headline_content\"><span>K\u00fcpsiste poliitika<\/span><\/span><\/h1><\/header><div class=\"bt_bb_separator bt_bb_border_style_none bt_bb_border_color_none bt_bb_bottom_spacing_large\" data-bt-override-class=\"null\"><\/div><\/div><\/div><\/div><div  class=\"bt_bb_column col-xxl-5 col-xl-5 bt_bb_vertical_align_top bt_bb_align_left bt_bb_padding_normal\" style=\"; --column-width:5;\" data-width=\"5\" data-bt-override-class=\"{}\"><div class=\"bt_bb_column_content\"><div class=\"bt_bb_column_content_inner\"><\/div><\/div><\/div><\/div><\/div><\/div><!-- cell_inner --><\/div><!-- cell --><\/div><!-- port --><div class=\"bt_bb_section_bottom_section_coverage_image\"><img decoding=\"async\" src=\"https:\/\/impact-acmproject.eu\/wp-content\/uploads\/2023\/11\/bottom-cover.png\" alt=\"bt_bb_section_bottom_section_coverage_image\" \/><\/div><\/section><section data-bb-version=\"4.7.6\" id=\"bt_bb_section69eb919df07cc\" class=\"bt_bb_section bt_bb_layout_boxed_1200\"  data-bt-override-class=\"null\"><div class=\"bt_bb_port\"><div class=\"bt_bb_cell\"><div class=\"bt_bb_cell_inner\"><div class=\"bt_bb_row\"  data-bt-override-class=\"{}\"><div class=\"bt_bb_row_holder\" ><div data-bb-version=\"4.7.6\"  class=\"bt_bb_column col-xxl-12 col-xl-12 col-xs-12 col-sm-12 col-md-12 col-lg-12 bt_bb_vertical_align_top bt_bb_align_left bt_bb_padding_normal\" style=\"; --column-width:12;\" data-width=\"12\" data-bt-override-class=\"{}\"><div class=\"bt_bb_column_content\"><div class=\"bt_bb_column_content_inner\"><div data-bb-version=\"4.7.6\" class=\"bt_bb_separator bt_bb_border_style_none bt_bb_border_color_none bt_bb_top_spacing_large bt_bb_bottom_spacing_none\" data-bt-override-class=\"{&quot;bt_bb_top_spacing_&quot;:{&quot;current_class&quot;:&quot;bt_bb_top_spacing_large&quot;,&quot;def&quot;:&quot;large&quot;},&quot;bt_bb_bottom_spacing_&quot;:{&quot;current_class&quot;:&quot;bt_bb_bottom_spacing_none&quot;,&quot;def&quot;:&quot;none&quot;}}\"><\/div><div data-bb-version=\"4.7.6\"  class=\"bt_bb_text\" ><\/p>\n<p><strong>Mis on k\u00fcpsised?<br \/>\n<\/strong>K\u00fcpsised on v\u00e4ikesed tekstifailid, mis laaditakse veebisaidi k\u00fclastamisel kasutaja seadmesse (arvuti, nutitelefon, tahvelarvuti \u2026). Igal j\u00e4rgmisel k\u00fclastusel saadetakse k\u00fcpsised tagasi veebisaidile, kust need p\u00e4rinevad (esimese osapoole k\u00fcpsised), v\u00f5i muule saidile, mis neid \u00e4ra tunneb (kolmanda osapoole k\u00fcpsised). K\u00fcpsised v\u00f5imaldavad veebisaidil kasutaja seadet \u00e4ra tunda. Neil on erinevad eesm\u00e4rgid, n\u00e4iteks v\u00f5imaldades teil lehtede vahel t\u00f5husalt navigeerida, meelde j\u00e4tta oma lemmiksaidid ja \u00fcldiselt parandada sirvimiskogemust. Samuti aitavad need tagada, et veebis kuvatav reklaamisisu on kasutajale paremini suunatud ja koosk\u00f5las tema huvidega (k\u00fcpsiste suunamine v\u00f5i profiilianal\u00fc\u00fcsi k\u00fcpsised). K\u00fcpsised v\u00f5ivad olla piiratud kestusega \u00fche sirvimisseansi jooksul ja sellisel juhul deaktiveeritakse need brauseri sulgemisel automaatselt; v\u00f5i nende kehtivusaeg v\u00f5ib olla eelnevalt kindlaks m\u00e4\u00e4ratud ning sellisel juhul j\u00e4\u00e4vad need kasutaja seadmesse salvestatuks ja aktiivseks kuni kehtivusaja l\u00f5puni, j\u00e4tkates teabe kogumist brauseri eri lehitsemisseansside ajal. Samuti on olemas muud teabe kogumise tehnoloogiad, millel on k\u00fcpsistega sarnased eesm\u00e4rgid ja mis salvestatakse kasutaja seadmesse (nt pikslid). Selles teabes kasutatakse terminit k\u00fcpsis viitega k\u00fcpsistele, nagu eespool kirjeldatud, ja viitega mis tahes muule kogumistehnoloogiale, eesm\u00e4rgiga anda kasutajale juhend, et m\u00f5ista, millised k\u00fcpsised ja muud sarnased tehnoloogiad on, n\u00e4iteks ja miks neid kasutatakse, millised \u00f5igused on kasutajatele tunnustatud ja milliseid valikuid nad saavad nende kasutamisel teha.<\/p>\n<p>&nbsp;<\/p>\n<p><strong>K\u00fcpsised ja sarnased tehnoloogiad \u2013 m\u00f5isted<br \/>\n<\/strong>K\u00fcpsised: v\u00e4ikesed tekstifailid (mis koosnevad tavaliselt t\u00e4htedest ja numbritest), mille kasutaja k\u00fclastatud veebisaidid (nn esimene osapool) v\u00f5i erinevad veebisaidid v\u00f5i veebiserverid (nn kolmandad isikud) paigutavad ja salvestavad brauserisse, mida kasutaja kasutab teabe salvestamiseks mis tahes l\u00f5ppseadmes.<\/p>\n<p>Muud tehnoloogiad: tehnoloogiad, mis salvestavad andmeid kasutaja kasutatavasse brauserisse v\u00f5i seadmesse, kasutades kohalikult jagatud objekte v\u00f5i kohalikku salvestusruumi, nt flash-k\u00fcpsised, HTML 5 k\u00fcpsised ja muud veebirakenduste tarkvara meetodid. Need tehnoloogiad t\u00f6\u00f6tavad k\u00f5igis brauserites. M\u00f5nel juhul ei saa brauserid kohaliku salvestusruumi kasutamist t\u00e4ielikult hallata, vaid see n\u00f5uab haldamist konkreetsete vahendite abil.<\/p>\n<p>&nbsp;<\/p>\n<p><strong>K\u00fcpsiste kategooriad<br \/>\n<\/strong>K\u00fcpsiseid saab eristada nende eesm\u00e4rgi, kestuse ja k\u00fcpsise omaniku j\u00e4rgi.<\/p>\n<ul>\n<li>Eesm\u00e4rgi j\u00e4rgi eristatavad k\u00fcpsised on need k\u00fcpsised, mida saab paigaldada kasutaja seadmesse, et:\n<ol>\n<li>tagada saidi ja teenuste toimimine ning kindlustada, et Kasutaja saab kasutada nende funktsioone, nn tehnilisi k\u00fcpsiseid;<\/li>\n<li>v\u00f5imaldada veebisaidi ja selle pakutavate teenuste toimivust; <a href=\"https:\/\/impact-acmproject.eu\/et\/\">https:\/\/impact-acmproject.eu\/<\/a> parandada, samuti hinnata saidi kaudu pakutava teenuse t\u00f5husust, nn anal\u00fc\u00fctilisi k\u00fcpsiseid;<\/li>\n<li>lubada konsortsiumil v\u00f5i kolmandatel isikutel suunata suunatud reklaami v\u00f5i koosk\u00f5las kasutaja huvidega, kui selleks on saadud n\u00f5usolek, nn profileerimisk\u00fcpsised.<\/li>\n<\/ol>\n<\/li>\n<\/ul>\n<ul>\n<li>K\u00fcpsised, mida eristatakse nende kestuse p\u00f5hjal, on need k\u00fcpsised, mis v\u00f5ivad j\u00e4\u00e4da seadme brauserisse seansi ajaks (st seni, kuni sulgete saidi sirvimiseks kasutatava brauseri v\u00f5i katkestate teenuse kasutamise) ja mida nimetatakse seansik\u00fcpsisteks. V\u00f5i v\u00f5ivad need j\u00e4\u00e4da teie seadme brauserisse pikaks ajaks ja sisaldada kordumatut identifitseerimiskoodi ning neid nimetatakse alalisteks k\u00fcpsisteks.<strong>\u00a0<\/strong><\/li>\n<\/ul>\n<ul>\n<li>K\u00fcpsiseid saab eristada ka selle p\u00f5hjal, kes k\u00fcpsist omab (esimese osapoole k\u00fcpsised ja kolmanda osapoole k\u00fcpsised).<\/li>\n<\/ul>\n<p>K\u00fcpsised v\u00f5ivad olla saidi ja teenuse haldaja omand ning seet\u00f5ttu paigaldab viimane need kasutaja seadme brauserisse, nn esimese osapoole k\u00fcpsised. V\u00f5ib juhtuda, et sait sisaldab k\u00fcpsiseid, mis p\u00e4rinevad teistelt saitidelt, kuuluvad kolmandatele isikutele, sisalduvad mitmesugustes elementides, mida saidil endas majutatakse (n\u00e4iteks reklaamib\u00e4nnerid, pildid, videod, helid \u2026) ja sel juhul on need nn. kolmanda osapoole k\u00fcpsised.<strong>\u00a0<\/strong><\/p>\n<p>&nbsp;<\/p>\n<p><strong>Selle veebisaidi kasutatavad k\u00fcpsised<br \/>\n<\/strong>K\u00fclask\u00e4ik <a href=\"https:\/\/impact-acmproject.eu\/et\/\">https:\/\/impact-acmproject.eu\/<\/a> Veebisait h\u00f5lmab k\u00fcpsiste kasutamist kasutajakogemuse parandamiseks. Veebileht kasutab: tehnilised navigatsioonik\u00fcpsised, anal\u00fc\u00fctilised k\u00fcpsised ja profileerimisk\u00fcpsised turunduslikel eesm\u00e4rkidel.<br \/>\nKasutaja saab igal ajal hallata oma eelistusi v\u00f5i keelduda k\u00fcpsiste paigaldamisest.<\/p>\n<p>Kasutaja saab igal ajal hallata oma eelistusi v\u00f5i keelduda k\u00fcpsiste paigaldamisest.<\/p>\n<p style=\"text-align: left;\">\n<div id=\"cmplz-cookies-overview\"><\/div>\n<\/p>\n<p>&nbsp;<\/p>\n<p><strong>K\u00fcpsiste kaudu kogutud isikuandmete s\u00e4ilitamise ajad<br \/>\n<\/strong>K\u00fcpsiste kaudu kogutud teavet ja andmeid s\u00e4ilitatakse nii kaua, kui on rangelt vajalik nende eesm\u00e4rkide saavutamiseks, milleks iga k\u00fcpsis paigaldati.<\/p>\n<p>Selleks et p\u00e4\u00e4seda juurde konkreetsele teabele, mis on seotud esimese ja kolmanda osapoole k\u00fcpsiste abil saadud teabe talletamisega, ja hallata oma eelistusi, on kasutajal igal ajal juurdep\u00e4\u00e4s k\u00fcpsisekeskusele.<\/p>\n<p>&nbsp;<\/p>\n<p><strong>\u00a0<\/strong><strong>Kasutaja\u00f5igused ja k\u00fcpsiste eelistuste haldamine<br \/>\n<\/strong>Kasutajale antakse m\u00e4\u00e4ruses (EL) 2016\/679 (nn GDPR) s\u00e4testatud \u00f5igused, sealhulgas \u00f5igus k\u00fcpsiste keskuse kaudu igal ajal juurde p\u00e4\u00e4seda, vaidlustada, t\u00fchistada ja muuta oma k\u00fcpsiste kasutamise valikuid. Lisateavet ja \u00fcksikasju kasutaja \u00f5iguste ja nende kasutamise kohta saab t\u00e4ielikust privaatsuspoliitikast (lisage link, kl\u00f5psates nupul \u201ePrivaatsuspoliitika\u201c).<\/p>\n<p><strong>\u00a0<\/strong><\/p>\n<p><strong>K\u00fcpsiste keelamine brauseris<br \/>\n<\/strong>Kasutaja saab lisaks k\u00fcpsiste blokeerimisele k\u00fcpsiste keskuse kaudu seadistada oma brauseri nii, et see piiraks aktsepteeritavate k\u00fcpsiste arvu, blokeeriks k\u00f5ik k\u00fcpsised v\u00f5i kustutaks need brauseri seadetest j\u00e4rgmistel viisidel:<\/p>\n<ol>\n<li>Microsoft Internet Explorer<br \/>\nKl\u00f5psates paremas \u00fclanurgas oleval t\u00f6\u00f6riistaikoonil ja valides internetivalikud. Kuvatakse h\u00fcpikaken, valige privaatsus. Selles jaotises saab kasutaja muuta k\u00fcpsiste seadeid.Link: <a href=\"http:\/\/windows.microsoft.com\/it-it\/internet-explorer\/delete-manage-cookies#ie=ie-11-win-7\">http:\/\/windows.microsoft.com\/it-it\/internet-explorer\/delete-manage-cookies#ie=ie-11-win-7<\/a><\/li>\n<li>Google Chrome<br \/>\nKl\u00f5psates mutriv\u00f5tme ikoonil \u00fclemises paremas nurgas ja valige seaded. J\u00e4rgmisena valige kuva t\u00e4psemad s\u00e4tted. Selles jaotises saab kasutaja muuta k\u00fcpsiste seadeid.Link: <a href=\"https:\/\/support.google.com\/accounts\/topic\/2373959?hl=it&amp;ref_topic=2373957\">https:\/\/support.google.com\/accounts\/topic\/2373959?hl=it&amp;ref_topic=2373957<\/a><\/li>\n<li>Mozilla Firefox<br \/>\nValige vasakus \u00fclanurgas asuvast rippmen\u00fc\u00fcst suvandid. Valige h\u00fcpikaknas privaatsus ja jaotises saate muuta oma k\u00fcpsiste eelistusi.Link: <a href=\"https:\/\/support.mozilla.org\/it\/kb\/Attivare%20e%20disattivare%20i%20cookie#firefox:win7:fx38\">https:\/\/support.mozilla.org\/it\/kb\/Attivare%20e%20disattivare%20i%20cookie#firefox:win7:fx38<\/a><\/li>\n<li>Safarid<br \/>\nValige paremas \u00fclanurgas asuvast rippmen\u00fc\u00fcst eelistused. Seej\u00e4rel valige turvalisus ja selles jaotises saab kasutaja k\u00fcpsiste seadeid kohandada.Link: <a href=\"https:\/\/support.apple.com\/it-it\/HT201265\">https:\/\/support.apple.com\/it-it\/HT201265<\/a><\/li>\n<\/ol>\n<p><strong>\u00a0<\/strong><\/p>\n<p><strong>\u00a0<\/strong><strong>Vastutav t\u00f6\u00f6tleja ja kontaktandmed<\/strong><strong><br \/>\n<\/strong>Vastutav t\u00f6\u00f6tleja on <strong>Italbioteci konsortsium<\/strong> (C.F.\/k\u00e4ibemaksukohustuslasena registreerimise number 02429600121), registrij\u00e4rgne asukoht: Milano, Piazza della Trivulziana 4\/A, juriidilise isiku esindaja; pec: consorzio@pec.italbiotec.it. Kasutaja v\u00f5ib igal ajal saata teabe- v\u00f5i selgitustaotlusi eespool nimetatud aadressile v\u00f5i privaatsuspoliitikas m\u00e4rgitud t\u00e4iendavate meetodite abil (<a href=\"https:\/\/impact-acmproject.eu\/et\/privacy-policy\/\">https:\/\/impact-acmproject.eu\/privacy-policy\/<\/a>).<\/p>\n<p>&nbsp;<\/p>\n<p>&nbsp;<\/p>\n<p>\n<\/div><\/div><\/div><\/div><\/div><\/div><\/div><!-- cell_inner --><\/div><!-- cell --><\/div><!-- port --><\/section><\/p>","protected":false},"excerpt":{"rendered":"","protected":false},"author":2,"featured_media":0,"parent":0,"menu_order":0,"comment_status":"closed","ping_status":"closed","template":"","meta":{"footnotes":""},"class_list":["post-3768","page","type-page","status-publish","hentry"],"_links":{"self":[{"href":"https:\/\/impact-acmproject.eu\/et\/wp-json\/wp\/v2\/pages\/3768","targetHints":{"allow":["GET"]}}],"collection":[{"href":"https:\/\/impact-acmproject.eu\/et\/wp-json\/wp\/v2\/pages"}],"about":[{"href":"https:\/\/impact-acmproject.eu\/et\/wp-json\/wp\/v2\/types\/page"}],"author":[{"embeddable":true,"href":"https:\/\/impact-acmproject.eu\/et\/wp-json\/wp\/v2\/users\/2"}],"replies":[{"embeddable":true,"href":"https:\/\/impact-acmproject.eu\/et\/wp-json\/wp\/v2\/comments?post=3768"}],"version-history":[{"count":9,"href":"https:\/\/impact-acmproject.eu\/et\/wp-json\/wp\/v2\/pages\/3768\/revisions"}],"predecessor-version":[{"id":3845,"href":"https:\/\/impact-acmproject.eu\/et\/wp-json\/wp\/v2\/pages\/3768\/revisions\/3845"}],"wp:attachment":[{"href":"https:\/\/impact-acmproject.eu\/et\/wp-json\/wp\/v2\/media?parent=3768"}],"curies":[{"name":"wp","href":"https:\/\/api.w.org\/{rel}","templated":true}]}}