{"id":3,"date":"2023-08-31T13:00:16","date_gmt":"2023-08-31T11:00:16","guid":{"rendered":"http:\/\/impact-acmproject.eu\/?page_id=3"},"modified":"2024-12-02T12:56:24","modified_gmt":"2024-12-02T11:56:24","slug":"privacy-policy","status":"publish","type":"page","link":"https:\/\/impact-acmproject.eu\/et\/privacy-policy\/","title":{"rendered":"Privaatsuspoliitika"},"content":{"rendered":"<p><section data-bb-version=\"4.7.6\" id=\"bt_bb_section69eb9145922e2\" class=\"bt_bb_section bt_bb_layout_boxed_1200\"  data-bt-override-class=\"null\"><div class=\"bt_bb_port\"><div class=\"bt_bb_cell\"><div class=\"bt_bb_cell_inner\"><div class=\"bt_bb_row\"  data-bt-override-class=\"{}\"><div class=\"bt_bb_row_holder\" ><div data-bb-version=\"4.7.6\"  class=\"bt_bb_column col-xxl-12 col-xl-12 col-xs-12 col-sm-12 col-md-12 col-lg-12 bt_bb_vertical_align_top bt_bb_align_left bt_bb_padding_normal\" style=\"; --column-width:12;\" data-width=\"12\" data-bt-override-class=\"{}\"><div class=\"bt_bb_column_content\"><div class=\"bt_bb_column_content_inner\"><\/div><\/div><\/div><\/div><\/div><\/div><!-- cell_inner --><\/div><!-- cell --><\/div><!-- port --><\/section><section data-bb-version=\"4.7.6\" id=\"bt_bb_section69eb9145927bd\" class=\"bt_bb_section bt_bb_color_scheme_1 bt_bb_layout_boxed_1200 bt_bb_vertical_align_top bt_bb_background_overlay_dark_solid bt_bb_bottom_section_coverage_image bt_bb_section_with_bottom_coverage_image bt_bb_top_spacing_large bt_bb_bottom_spacing_large\" style=\"; --section-primary-color:#ffffff; --section-secondary-color:#191919;;background-color:rgb(51,42,43);\" data-bt-override-class=\"{&quot;bt_bb_top_spacing_&quot;:{&quot;current_class&quot;:&quot;bt_bb_top_spacing_large&quot;,&quot;def&quot;:&quot;large&quot;},&quot;bt_bb_bottom_spacing_&quot;:{&quot;current_class&quot;:&quot;bt_bb_bottom_spacing_large&quot;,&quot;def&quot;:&quot;large&quot;}}\"><div class=\"bt_bb_port\"><div class=\"bt_bb_cell\"><div class=\"bt_bb_cell_inner\"><div class=\"bt_bb_row\"  data-bt-override-class=\"{}\"><div class=\"bt_bb_row_holder\" ><div  class=\"bt_bb_column col-xxl-7 col-xl-7 bt_bb_vertical_align_middle bt_bb_align_left bt_bb_padding_normal bt_bb_animation_fade_in animate\" style=\"; --column-width:7;\" data-width=\"7\" data-bt-override-class=\"{}\"><div class=\"bt_bb_column_content\"><div class=\"bt_bb_column_content_inner\"><div class=\"bt_bb_separator bt_bb_border_style_none bt_bb_border_color_none bt_bb_bottom_spacing_large\" data-bt-override-class=\"null\"><\/div><header data-bb-version=\"4.7.6\" class=\"bt_bb_headline bt_bb_subheadline_text_transform_default bt_bb_dash_none bt_bb_size_large bt_bb_align_inherit\" data-bt-override-class=\"{&quot;bt_bb_size_&quot;:{&quot;current_class&quot;:&quot;bt_bb_size_large&quot;,&quot;def&quot;:&quot;large&quot;},&quot;bt_bb_align_&quot;:{&quot;current_class&quot;:&quot;bt_bb_align_inherit&quot;,&quot;def&quot;:&quot;inherit&quot;}}\"><h1 class=\"bt_bb_headline_tag\"><span class=\"bt_bb_headline_content\"><span>Privaatsuspoliitika<\/span><\/span><\/h1><\/header><div class=\"bt_bb_separator bt_bb_border_style_none bt_bb_border_color_none bt_bb_bottom_spacing_large\" data-bt-override-class=\"null\"><\/div><\/div><\/div><\/div><div  class=\"bt_bb_column col-xxl-5 col-xl-5 bt_bb_vertical_align_top bt_bb_align_left bt_bb_padding_normal\" style=\"; --column-width:5;\" data-width=\"5\" data-bt-override-class=\"{}\"><div class=\"bt_bb_column_content\"><div class=\"bt_bb_column_content_inner\"><\/div><\/div><\/div><\/div><\/div><\/div><!-- cell_inner --><\/div><!-- cell --><\/div><!-- port --><div class=\"bt_bb_section_bottom_section_coverage_image\"><img decoding=\"async\" src=\"https:\/\/impact-acmproject.eu\/wp-content\/uploads\/2023\/11\/bottom-cover.png\" alt=\"bt_bb_section_bottom_section_coverage_image\" \/><\/div><\/section><section data-bb-version=\"4.7.6\" id=\"bt_bb_section69eb914592a3a\" class=\"bt_bb_section bt_bb_layout_boxed_1200\"  data-bt-override-class=\"null\"><div class=\"bt_bb_port\"><div class=\"bt_bb_cell\"><div class=\"bt_bb_cell_inner\"><div class=\"bt_bb_row\"  data-bt-override-class=\"{}\"><div class=\"bt_bb_row_holder\" ><div data-bb-version=\"4.7.6\"  class=\"bt_bb_column col-xxl-12 col-xl-12 col-xs-12 col-sm-12 col-md-12 col-lg-12 bt_bb_vertical_align_top bt_bb_align_left bt_bb_padding_normal\" style=\"; --column-width:12;\" data-width=\"12\" data-bt-override-class=\"{}\"><div class=\"bt_bb_column_content\"><div class=\"bt_bb_column_content_inner\"><div data-bb-version=\"4.7.6\"  class=\"bt_bb_text\" ><\/p>\n<p><strong>M\u00f5jutava veebisaidi kasutajate isikuandmete t\u00f6\u00f6tlemisega seotud teave ja sisu vastavalt m\u00e4\u00e4ruse (EL) 2016\/679 (edaspidi \u201eisikuandmete kaitse \u00fcldm\u00e4\u00e4rus\u201c) artiklile 13<\/strong><\/p>\n<p><strong>Ruum<\/strong><br \/>Italbioteci konsortsium esitab selle teabe seoses isikuandmete t\u00f6\u00f6tlemisega, mida konsortsium kogub veebisaidi https:\/\/impact-acmproject.eu\/ k\u00fclastamisel ja sirvimisel. See teave on esitatud ainult IMPACTi veebisaidil ja see ei kehti veebilehtede v\u00f5i veebiteenuste kohta, mis on k\u00e4ttesaadavad h\u00fcperlinkide kaudu, mida v\u00f5idakse veebisaidil avaldada. Kasutajate esitatud isikuandmeid t\u00f6\u00f6deldakse koosk\u00f5las ELi m\u00e4\u00e4ruse (EL) 2016\/679 s\u00e4tetega (l\u00fchidalt \u201eisikuandmete kaitse \u00fcldm\u00e4\u00e4rus\u201c).<\/p>\n<p>\u00a0<\/p>\n<p><strong>Vastutav t\u00f6\u00f6tleja<br \/><\/strong>Vastutav t\u00f6\u00f6tleja on Italbiotec Consortium (C.F.\/VAT number 02429600121), registrij\u00e4rgne asukoht: Milano, Piazza della Trivulziana 4\/A, seadusliku esindaja isikus pro tempore pec: consorzio@pec.italbiotec.it<\/p>\n<p>\u00a0<\/p>\n<p><strong>T\u00f6\u00f6tlemise \u00f5iguslik alus<br \/><\/strong>Selles teabes m\u00e4rgitud andmete t\u00f6\u00f6tlemise \u00f5iguslik alus on huvitatud isiku selges\u00f5naline n\u00f5usolek vastavalt isikuandmete kaitse \u00fcldm\u00e4\u00e4ruse artikli 6 l\u00f5ike 1 punktile a ja vastutava t\u00f6\u00f6tleja \u00f5iguslike kohustuste t\u00e4itmine vastavalt isikuandmete kaitse \u00fcldm\u00e4\u00e4ruse artikli 6 l\u00f5ike 1 punktile c.<\/p>\n<p>\u00a0<\/p>\n<p><strong>Andmekategooriad \u2013 sirvimisandmed<br \/><\/strong>Vastutav t\u00f6\u00f6tleja t\u00f6\u00f6tleb \u00fcldist laadi isikuandmeid (ees- ja perekonnanimi, e-posti aadress, muud isikuandmed, nagu maksukood, elukoht; navigatsiooniandmed, nagu IP-aadress, aadressid URI\/URLi m\u00e4rkes jne). Selle veebisaidi k\u00e4itamiseks kasutatavad arvutis\u00fcsteemid ja tarkvaraprotseduurid omandavad oma tavap\u00e4rase t\u00f6\u00f6 k\u00e4igus m\u00f5ned isikuandmed, mille edastamine on kaudselt seotud Interneti-sideprotokollide kasutamisega.<\/p>\n<p>See on teave, mida ei koguta selleks, et olla seotud kindlaksm\u00e4\u00e4ratud huvitatud isikutega, kuid mis oma olemuselt v\u00f5ib kolmandate isikute valduses olevate andmete t\u00f6\u00f6tlemise ja seostamise kaudu v\u00f5imaldada kasutajaid tuvastada.<\/p>\n<p>Sellesse andmekategooriasse kuuluvad saidiga \u00fchenduvate kasutajate kasutatavate arvutite IP-aadressid v\u00f5i domeeninimed, URI (\u00fchtne ressursiidentifikaator) aadressid taotletud ressursside kohta, taotluse esitamise aeg, serverile taotluse esitamisel kasutatud meetod, vastusena saadud faili suurus, numbriline kood, mis n\u00e4itab serveri antud vastuse olekut (edukas, viga jne), ning muud operatsioonis\u00fcsteemi ja kasutaja IT-keskkonnaga seotud parameetrid.<\/p>\n<p>Neid andmeid kasutatakse ainult selleks, et saada anon\u00fc\u00fcmset statistilist teavet saidi kasutamise kohta ja kontrollida selle n\u00f5uetekohast toimimist, ning need kustutatakse kohe p\u00e4rast t\u00f6\u00f6tlemist.<\/p>\n<p>\u00a0<\/p>\n<p><strong>Andmete kategooriad \u2013 Teie poolt vabatahtlikult esitatud andmed<br \/><\/strong>E-kirjade vabatahtlik, selges\u00f5naline ja vabatahtlik saatmine sellel veebisaidil m\u00e4rgitud aadressidele ja\/v\u00f5i vormi t\u00e4itmine h\u00f5lmab saatja aadressi hilisemat omandamist, mis on vajalik taotlustele vastamiseks, samuti mis tahes muid teatesse sisestatud isikuandmeid, nagu on r\u00f5hutatud privaatsuspoliitikas, mis on seotud j\u00e4rgmisel aadressil oleva teenusega \u201eV\u00f5tke meiega \u00fchendust\u201c: Privaatsus@italbiotec.it<\/p>\n<p>Andmete esitamine muudel eesm\u00e4rkidel on vabatahtlik, v\u00e4lja arvatud eespool navigeerimisandmete ja IMPACTi veebisaidi eri jaotistes esitatud isikuandmete kaitse \u00fcldm\u00e4\u00e4ruse artikli 13 kohase teabe puhul.<\/p>\n<p><strong><br \/>K\u00fcpsised<br \/><\/strong>Teavet k\u00fcpsiste kohta leiate jaotisest \u201eK\u00fcpsiste kasutamise p\u00f5him\u00f5tted\u201d (<a href=\"https:\/\/impact-acmproject.eu\/et\/cookie-policy-ue\/\">https:\/\/impact-acmproject.eu\/cookie-policy-ue\/<\/a>)<\/p>\n<p>K\u00fcpsiste keskuses antud n\u00f5usolekut saate igal ajal muuta, t\u00fchistada v\u00f5i uuendada.<\/p>\n<p>\u00a0<\/p>\n<p><strong>T\u00f6\u00f6tlemise eesm\u00e4rk \u2013 T\u00f6\u00f6tlemismeetodid \u2013 Andmete s\u00e4ilitamise t\u00e4htaeg<br \/><\/strong>Teie andmete t\u00f6\u00f6tlemine IT- ja telemaatiliste vahendite (ja\/v\u00f5i manuaalsete vahendite) abil on suunatud veebisaidi \u00f5igele kasutamisele seoses teenustega, mida pakuvad: <a href=\"https:\/\/impact-acmproject.eu\/et\/\">https:\/\/impact-acmproject.eu\/<\/a>. Teie andmeid t\u00f6\u00f6tlevad Italbioteci konsortsiumi t\u00f6\u00f6tajad ja kaast\u00f6\u00f6tajad (asutusesisesed v\u00f5i -v\u00e4lised, f\u00fc\u00fcsilised v\u00f5i juriidilised isikud) teenuste hooldusvajaduste rahuldamiseks.<\/p>\n<p>Isikuandmeid t\u00f6\u00f6deldakse automatiseeritud vahenditega aja jooksul, mis on rangelt vajalik nende eesm\u00e4rkide saavutamiseks, milleks neid koguti, vastavalt GDPRi artikli 5 punktile e.<\/p>\n<p>J\u00e4rgitakse konkreetseid turvameetmeid, et v\u00e4ltida andmete kadu, ebaseaduslikku v\u00f5i eba\u00f5iget kasutamist ja volitamata juurdep\u00e4\u00e4su.<\/p>\n<p><strong><br \/>Isikuandmete vastuv\u00f5tjate kategooriad<br \/><\/strong>T\u00f6\u00f6deldavaid andmeid v\u00f5ib lisaks l\u00f5ikes \u201eT\u00f6\u00f6tlemise eesm\u00e4rk \u2013 t\u00f6\u00f6tlemisviisid\u201c osutatud subjektidele edastada ka \u00f5igusasutusele, et see tuvastaks v\u00f5imalikud \u00f5igusrikkumised.<\/p>\n<p>\u00a0<\/p>\n<p><strong>Huvitatud isikute \u00f5igused<br \/><\/strong>Seoses selle teabe alusel t\u00f6\u00f6deldavate andmetega on teil igal ajal \u00f5igus:<\/p>\n<ul>\n<li>juurdep\u00e4\u00e4s (ELi m\u00e4\u00e4ruse nr 2016\/679 artikkel 15) \u2013 \u00f5igus taotleda ja saada vastutavalt t\u00f6\u00f6tlejalt kinnitust selle kohta, et nende andmete t\u00f6\u00f6tlemine on k\u00e4imas, ning juurdep\u00e4\u00e4s huvitatud isikut k\u00e4sitlevatele andmetele (alates t\u00f6\u00f6tlemise eesm\u00e4rgist ja t\u00f6\u00f6deldavate andmete kategooriatest);<\/li>\n<li>parandamine (ELi m\u00e4\u00e4ruse nr 2016\/679 artikkel 16) \u2013 v\u00f5imaldab teil taotleda vastutavalt t\u00f6\u00f6tlejalt oma isikuandmete parandamist, muutmist ja integreerimist;<\/li>\n<li>kustutamine (ELi m\u00e4\u00e4ruse nr 2016\/679 artikkel 17) \u2013 v\u00f5imaldab teil saavutada oma andmete kustutamise ilma p\u00f5hjendatud viivituseta (nn \u00f5igus olla unustatud);<\/li>\n<li>piirang (ELi m\u00e4\u00e4ruse nr 2016\/679 artikkel 18) \u2013 \u00f5igus saada andmesubjekti andmete t\u00f6\u00f6tlemise piirang, n\u00e4iteks selleks, et integreerida artiklis 16 osutatud \u00f5iguse kasutamine nii kauaks, kui see on vajalik andmete \u00f5igsuse kontrollimiseks;<\/li>\n<li>\u00fclekantavus (ELi m\u00e4\u00e4ruse nr 2016\/679 artikkel 20) \u2013 v\u00f5imaldab huvitatud isikul saada teda puudutavaid isikuandmeid, et ta saaks need edastada teisele vastutavale t\u00f6\u00f6tlejale;<\/li>\n<li>\u2013 Vastuv\u00e4ide isikuandmete t\u00f6\u00f6tlemisele (m\u00e4\u00e4ruse (EL) 2016\/679 artikkel 21) \u2013 v\u00f5imaldab huvitatud isikul esitada vastuv\u00e4iteid teda puudutavate isikuandmete t\u00f6\u00f6tlemisele.<\/li>\n<\/ul>\n<p>Oma \u00f5igusi saate kasutada kirjaliku teatega, mis saadetakse j\u00e4rgmisel aadressil: Piazza della Trivulziana 4\/A v\u00f5i e-posti teel: <a href=\"mailto:privacy@italbiotec.it\">privacy@italbiotec.it<\/a><\/p>\n<p>\u00a0<\/p>\n<p><strong>N\u00f5usoleku tagasiv\u00f5tmine<\/strong><br \/>Teil on igal ajal \u00f5igus oma n\u00f5usolek tagasi v\u00f5tta, ilma et see piiraks enne tagasiv\u00f5tmist antud n\u00f5usoleku alusel toimuva t\u00f6\u00f6tlemise seaduslikkust.<\/p>\n<p>\u00a0<\/p>\n<p><strong>Kaebus<\/strong><br \/>Pidage meeles, et vastavalt ELi m\u00e4\u00e4ruse nr 2016\/679 artiklile 77 v\u00f5ib S.V. esitada kaebuse garantii andjale isikuandmete kaitset k\u00e4sitlevate kehtivate \u00f5igusaktide rikkumise korral.<\/p>\n<p>\u00a0<\/p>\n<p><strong>Isikuandmete t\u00f6\u00f6tlemist k\u00e4sitleva m\u00e4\u00e4ruse (EL) 2016\/679 sisu<\/strong><br \/>Kasutaja, keda on teavitatud:<\/p>\n<ul>\n<li>vastutava t\u00f6\u00f6tleja isikusamasus;<\/li>\n<li>Meetmest, t\u00f6\u00f6tlemismeetoditest<\/li>\n<li>t\u00f6\u00f6tlemise eesm\u00e4rgid, milleks isikuandmed on m\u00f5eldud;<\/li>\n<li>\u00f5igusest v\u00f5tta tagasi n\u00f5usolek, nagu on m\u00e4rgitud m\u00e4\u00e4ruse (EL) 2016\/679 artikli 13 kohaselt koostatud teabes, m\u00e4rkides asjakohasesse lahtrisse \u201eOlen tingimused l\u00e4bi lugenud ja n\u00f5ustun nendega\u201c<\/li>\n<\/ul>\n<p>\u00a0<\/p>\n<p><strong>Deklaratsioon<br \/><\/strong>et ma olen saanud ja lugenud seda teavet ja<\/p>\n<p>\u00a0<\/p>\n<p><strong>N\u00d5USTUB<br \/><\/strong>vastavalt m\u00e4\u00e4ruse (EL) 2016\/679 artiklile 7 ja j\u00e4rgnevatele artiklitele ning nende kohaldamise eesm\u00e4rgil isikuandmete t\u00f6\u00f6tlemisele k\u00e4esolevas teabes s\u00e4testatud viisil ja ulatuses.<\/p>\n<p>\n<\/div><\/div><\/div><\/div><\/div><\/div><\/div><!-- cell_inner --><\/div><!-- cell --><\/div><!-- port --><\/section><\/p>","protected":false},"excerpt":{"rendered":"","protected":false},"author":1,"featured_media":0,"parent":0,"menu_order":0,"comment_status":"closed","ping_status":"open","template":"","meta":{"footnotes":""},"class_list":["post-3","page","type-page","status-publish","hentry"],"_links":{"self":[{"href":"https:\/\/impact-acmproject.eu\/et\/wp-json\/wp\/v2\/pages\/3","targetHints":{"allow":["GET"]}}],"collection":[{"href":"https:\/\/impact-acmproject.eu\/et\/wp-json\/wp\/v2\/pages"}],"about":[{"href":"https:\/\/impact-acmproject.eu\/et\/wp-json\/wp\/v2\/types\/page"}],"author":[{"embeddable":true,"href":"https:\/\/impact-acmproject.eu\/et\/wp-json\/wp\/v2\/users\/1"}],"replies":[{"embeddable":true,"href":"https:\/\/impact-acmproject.eu\/et\/wp-json\/wp\/v2\/comments?post=3"}],"version-history":[{"count":15,"href":"https:\/\/impact-acmproject.eu\/et\/wp-json\/wp\/v2\/pages\/3\/revisions"}],"predecessor-version":[{"id":3842,"href":"https:\/\/impact-acmproject.eu\/et\/wp-json\/wp\/v2\/pages\/3\/revisions\/3842"}],"wp:attachment":[{"href":"https:\/\/impact-acmproject.eu\/et\/wp-json\/wp\/v2\/media?parent=3"}],"curies":[{"name":"wp","href":"https:\/\/api.w.org\/{rel}","templated":true}]}}