{"id":3768,"date":"2024-01-16T10:10:32","date_gmt":"2024-01-16T09:10:32","guid":{"rendered":"https:\/\/impact-acmproject.eu\/cookie-policy-ue\/"},"modified":"2024-12-04T10:21:19","modified_gmt":"2024-12-04T09:21:19","slug":"cookie-policy-ue","status":"publish","type":"page","link":"https:\/\/impact-acmproject.eu\/es\/cookie-policy-ue\/","title":{"rendered":"Pol\u00edtica de Cookies (UE)"},"content":{"rendered":"<p><section data-bb-version=\"4.7.6\" id=\"bt_bb_section69eb8e330c19f\" class=\"bt_bb_section bt_bb_layout_boxed_1200\"  data-bt-override-class=\"null\"><div class=\"bt_bb_port\"><div class=\"bt_bb_cell\"><div class=\"bt_bb_cell_inner\"><div class=\"bt_bb_row\"  data-bt-override-class=\"{}\"><div class=\"bt_bb_row_holder\" ><div data-bb-version=\"4.7.6\"  class=\"bt_bb_column col-xxl-12 col-xl-12 col-xs-12 col-sm-12 col-md-12 col-lg-12 bt_bb_vertical_align_top bt_bb_align_left bt_bb_padding_normal\" style=\"; --column-width:12;\" data-width=\"12\" data-bt-override-class=\"{}\"><div class=\"bt_bb_column_content\"><div class=\"bt_bb_column_content_inner\"><\/div><\/div><\/div><\/div><\/div><\/div><!-- cell_inner --><\/div><!-- cell --><\/div><!-- port --><\/section><section data-bb-version=\"4.7.6\" id=\"bt_bb_section69eb8e330c75b\" class=\"bt_bb_section bt_bb_color_scheme_1 bt_bb_layout_boxed_1200 bt_bb_vertical_align_top bt_bb_background_overlay_dark_solid bt_bb_bottom_section_coverage_image bt_bb_section_with_bottom_coverage_image bt_bb_top_spacing_large bt_bb_bottom_spacing_large\" style=\"; --section-primary-color:#ffffff; --section-secondary-color:#191919;;background-color:rgb(34,64,96);\" data-bt-override-class=\"{&quot;bt_bb_top_spacing_&quot;:{&quot;current_class&quot;:&quot;bt_bb_top_spacing_large&quot;,&quot;def&quot;:&quot;large&quot;},&quot;bt_bb_bottom_spacing_&quot;:{&quot;current_class&quot;:&quot;bt_bb_bottom_spacing_large&quot;,&quot;def&quot;:&quot;large&quot;}}\"><div class=\"bt_bb_port\"><div class=\"bt_bb_cell\"><div class=\"bt_bb_cell_inner\"><div class=\"bt_bb_row\"  data-bt-override-class=\"{}\"><div class=\"bt_bb_row_holder\" ><div  class=\"bt_bb_column col-xxl-7 col-xl-7 bt_bb_vertical_align_middle bt_bb_align_left bt_bb_padding_normal bt_bb_animation_fade_in animate\" style=\"; --column-width:7;\" data-width=\"7\" data-bt-override-class=\"{}\"><div class=\"bt_bb_column_content\"><div class=\"bt_bb_column_content_inner\"><div class=\"bt_bb_separator bt_bb_border_style_none bt_bb_border_color_none bt_bb_bottom_spacing_large\" data-bt-override-class=\"null\"><\/div><header data-bb-version=\"4.7.6\" class=\"bt_bb_headline bt_bb_subheadline_text_transform_default bt_bb_dash_none bt_bb_size_large bt_bb_align_inherit\" data-bt-override-class=\"{&quot;bt_bb_size_&quot;:{&quot;current_class&quot;:&quot;bt_bb_size_large&quot;,&quot;def&quot;:&quot;large&quot;},&quot;bt_bb_align_&quot;:{&quot;current_class&quot;:&quot;bt_bb_align_inherit&quot;,&quot;def&quot;:&quot;inherit&quot;}}\"><h1 class=\"bt_bb_headline_tag\"><span class=\"bt_bb_headline_content\"><span>Pol\u00edtica de cookies<\/span><\/span><\/h1><\/header><div class=\"bt_bb_separator bt_bb_border_style_none bt_bb_border_color_none bt_bb_bottom_spacing_large\" data-bt-override-class=\"null\"><\/div><\/div><\/div><\/div><div  class=\"bt_bb_column col-xxl-5 col-xl-5 bt_bb_vertical_align_top bt_bb_align_left bt_bb_padding_normal\" style=\"; --column-width:5;\" data-width=\"5\" data-bt-override-class=\"{}\"><div class=\"bt_bb_column_content\"><div class=\"bt_bb_column_content_inner\"><\/div><\/div><\/div><\/div><\/div><\/div><!-- cell_inner --><\/div><!-- cell --><\/div><!-- port --><div class=\"bt_bb_section_bottom_section_coverage_image\"><img decoding=\"async\" src=\"https:\/\/impact-acmproject.eu\/wp-content\/uploads\/2023\/11\/bottom-cover.png\" alt=\"bt_bb_section_bottom_section_coverage_image\" \/><\/div><\/section><section data-bb-version=\"4.7.6\" id=\"bt_bb_section69eb8e330c9ad\" class=\"bt_bb_section bt_bb_layout_boxed_1200\"  data-bt-override-class=\"null\"><div class=\"bt_bb_port\"><div class=\"bt_bb_cell\"><div class=\"bt_bb_cell_inner\"><div class=\"bt_bb_row\"  data-bt-override-class=\"{}\"><div class=\"bt_bb_row_holder\" ><div data-bb-version=\"4.7.6\"  class=\"bt_bb_column col-xxl-12 col-xl-12 col-xs-12 col-sm-12 col-md-12 col-lg-12 bt_bb_vertical_align_top bt_bb_align_left bt_bb_padding_normal\" style=\"; --column-width:12;\" data-width=\"12\" data-bt-override-class=\"{}\"><div class=\"bt_bb_column_content\"><div class=\"bt_bb_column_content_inner\"><div data-bb-version=\"4.7.6\" class=\"bt_bb_separator bt_bb_border_style_none bt_bb_border_color_none bt_bb_top_spacing_large bt_bb_bottom_spacing_none\" data-bt-override-class=\"{&quot;bt_bb_top_spacing_&quot;:{&quot;current_class&quot;:&quot;bt_bb_top_spacing_large&quot;,&quot;def&quot;:&quot;large&quot;},&quot;bt_bb_bottom_spacing_&quot;:{&quot;current_class&quot;:&quot;bt_bb_bottom_spacing_none&quot;,&quot;def&quot;:&quot;none&quot;}}\"><\/div><div data-bb-version=\"4.7.6\"  class=\"bt_bb_text\" ><\/p>\n<p><strong>\u00bfQu\u00e9 son las cookies?<br \/>\n<\/strong>Las cookies son peque\u00f1os archivos de texto que se descargan en el dispositivo del usuario (PC, smartphone, tablet\u2026) cuando visita un sitio web. En cada visita posterior, las cookies se env\u00edan de vuelta al sitio web que las origin\u00f3 (cookies de primera parte) o a otro sitio que las reconoce (cookies de terceros). Las cookies permiten a un sitio web reconocer el dispositivo de un usuario. Tienen varios prop\u00f3sitos como, por ejemplo, permitirle navegar de manera eficiente entre p\u00e1ginas, recordar sus sitios favoritos y, en general, mejorar la experiencia de navegaci\u00f3n. Tambi\u00e9n ayudan a garantizar que el contenido publicitario que se muestra en l\u00ednea est\u00e9 m\u00e1s dirigido al usuario y en consonancia con sus intereses (cookies de segmentaci\u00f3n o cookies de elaboraci\u00f3n de perfiles). Las cookies pueden tener una duraci\u00f3n limitada de una sola sesi\u00f3n de navegaci\u00f3n y, en este caso, se desactivan autom\u00e1ticamente cuando se cierra el navegador; o pueden tener un vencimiento predeterminado, y en este caso permanecer\u00e1n almacenados y activos en el dispositivo del usuario hasta ese vencimiento, continuando recopilando informaci\u00f3n durante diferentes sesiones de navegaci\u00f3n en el navegador. Tambi\u00e9n existen otras tecnolog\u00edas de recopilaci\u00f3n de informaci\u00f3n con fines similares a los de las cookies y almacenadas en el dispositivo del usuario (como p\u00edxeles). En esta informaci\u00f3n, el t\u00e9rmino cookie se utiliza con referencia a las cookies, como se describi\u00f3 anteriormente, y con referencia a cualquier otra tecnolog\u00eda de recopilaci\u00f3n, con el objetivo de proporcionar al Usuario una gu\u00eda para comprender qu\u00e9 son las cookies y otras tecnolog\u00edas similares, como y por qu\u00e9 se utilizan, qu\u00e9 derechos se reconocen a los Usuarios y qu\u00e9 opciones pueden tomar con respecto a su uso.<\/p>\n<p>&nbsp;<\/p>\n<p><strong>Cookies y tecnolog\u00edas similares: definiciones<br \/>\n<\/strong>Cookies: peque\u00f1os archivos de texto (generalmente compuestos por letras y n\u00fameros) que los sitios web (denominados \u00abprimeros\u00bb) visitados por el Usuario o diferentes sitios web o servidores web (denominados \u00abterceros\u00bb) colocan y almacenan en el navegador utilizado por el Usuario para navegar en cualquier dispositivo terminal capaz de almacenar informaci\u00f3n.<\/p>\n<p>Otras tecnolog\u00edas: tecnolog\u00edas que almacenan datos en el navegador o dispositivo utilizado por el Usuario utilizando objetos compartidos localmente o almacenamiento local, por ejemplo, cookies flash, cookies HTML 5 y otros m\u00e9todos de software de aplicaciones web. Estas tecnolog\u00edas funcionan en todos los navegadores. En algunos casos, el uso del almacenamiento local no puede ser completamente administrado por los navegadores, sino que requiere administraci\u00f3n a trav\u00e9s de herramientas espec\u00edficas.<\/p>\n<p>&nbsp;<\/p>\n<p><strong>Categor\u00edas de cookies<br \/>\n<\/strong>Las cookies se pueden distinguir en funci\u00f3n de su prop\u00f3sito, duraci\u00f3n y el propietario de la cookie.<\/p>\n<ul>\n<li>Las cookies que se distinguen por su finalidad son aquellas que se pueden instalar en el dispositivo del Usuario para:\n<ol>\n<li>garantizar el funcionamiento del sitio y los servicios, as\u00ed como garantizar que el Usuario pueda aprovechar sus funciones, las llamadas cookies t\u00e9cnicas;<\/li>\n<li>permitir el rendimiento del sitio y los servicios ofrecidos por el <a href=\"https:\/\/impact-acmproject.eu\/es\/\">https:\/\/impact-acmproject.eu\/<\/a> mejorar, as\u00ed como evaluar la eficacia de un servicio ofrecido a trav\u00e9s del Sitio, las llamadas cookies anal\u00edticas;<\/li>\n<li>permitir al Consorcio o a terceros dirigir publicidad dirigida o en consonancia con los intereses del Usuario, previa autorizaci\u00f3n, las denominadas cookies de elaboraci\u00f3n de perfiles.<\/li>\n<\/ol>\n<\/li>\n<\/ul>\n<ul>\n<li>Las cookies que se distinguen en funci\u00f3n de su duraci\u00f3n son aquellas que pueden permanecer en el navegador del dispositivo durante una sesi\u00f3n (es decir, hasta que cierra el navegador utilizado para navegar por el Sitio o interrumpe el uso de un Servicio) y se denominan cookies de sesi\u00f3n. O bien, pueden permanecer almacenadas en el navegador de su dispositivo durante largos per\u00edodos de tiempo y pueden contener un c\u00f3digo de identificaci\u00f3n \u00fanico y se denominan cookies permanentes.<strong>\u00a0<\/strong><\/li>\n<\/ul>\n<ul>\n<li>Las cookies tambi\u00e9n se pueden distinguir en funci\u00f3n de la entidad propietaria de la cookie (cookies propias y cookies de terceros).<\/li>\n<\/ul>\n<p>Las cookies pueden ser propiedad del administrador del sitio y del servicio y, por lo tanto, son instaladas por este \u00faltimo en el navegador del dispositivo del Usuario, las llamadas cookies de primera parte. Puede suceder que un Sitio contenga cookies, procedentes de otros sitios, propiedad de terceros, contenidas en diversos elementos alojados en el propio sitio (por ejemplo, banners publicitarios, im\u00e1genes, v\u00eddeos, sonidos \u2026) y en este caso se trata de las llamadas cookies de terceros.<strong>\u00a0<\/strong><\/p>\n<p>&nbsp;<\/p>\n<p><strong>Cookies utilizadas por este sitio web<br \/>\n<\/strong>La visita a <a href=\"https:\/\/impact-acmproject.eu\/es\/\">https:\/\/impact-acmproject.eu\/<\/a> Este sitio web implica el uso de cookies para mejorar la experiencia del usuario. El sitio utiliza: cookies t\u00e9cnicas de navegaci\u00f3n, cookies anal\u00edticas y cookies de elaboraci\u00f3n de perfiles con fines de marketing.<br \/>\nEl usuario puede, en cualquier momento, gestionar sus preferencias o rechazar la instalaci\u00f3n de cookies.<\/p>\n<p>El usuario puede, en cualquier momento, gestionar sus preferencias o rechazar la instalaci\u00f3n de cookies.<\/p>\n<p style=\"text-align: left;\">\n<div id=\"cmplz-cookies-overview\"><\/div>\n<\/p>\n<p>&nbsp;<\/p>\n<p><strong>Tiempos de retenci\u00f3n de los datos personales recopilados a trav\u00e9s de cookies<br \/>\n<\/strong>La informaci\u00f3n y los datos recopilados a trav\u00e9s de las cookies se almacenar\u00e1n durante el tiempo estrictamente necesario para lograr los fines para los que se instal\u00f3 cada cookie.<\/p>\n<p>Para acceder a informaci\u00f3n espec\u00edfica relativa al almacenamiento de informaci\u00f3n adquirida mediante el uso de cookies propias y de terceros, y gestionar sus preferencias, el Usuario puede acceder al centro de cookies en cualquier momento.<\/p>\n<p>&nbsp;<\/p>\n<p><strong>\u00a0<\/strong><strong>Derechos de los usuarios y gesti\u00f3n de las preferencias de cookies<br \/>\n<\/strong>Al Usuario se le otorgan los derechos previstos en el Reglamento (UE) 2016\/679 (denominado GDPR), incluido el derecho de acceso, oposici\u00f3n, cancelaci\u00f3n, as\u00ed como para modificar sus opciones sobre el uso de cookies en cualquier momento, a trav\u00e9s del centro de cookies. Para m\u00e1s informaci\u00f3n y detalles sobre los derechos del Usuario y c\u00f3mo ejercer sus derechos, el Usuario puede consultar la Pol\u00edtica de privacidad completa (ins\u00e9rtese el enlace haciendo clic en \u00abPol\u00edtica de privacidad\u00bb).<\/p>\n<p><strong>\u00a0<\/strong><\/p>\n<p><strong>Deshabilitar las cookies de su navegador<br \/>\n<\/strong>El Usuario, adem\u00e1s de desactivar las cookies a trav\u00e9s del centro de cookies, puede configurar su navegador para limitar el n\u00famero de cookies aceptadas, bloquear todas las cookies o eliminarlas, desde la configuraci\u00f3n del navegador de las siguientes maneras:<\/p>\n<ol>\n<li>Microsoft Internet Explorer<br \/>\nHaciendo clic en el icono de herramientas en la esquina superior derecha y seleccionando las opciones de Internet. Se mostrar\u00e1 una ventana emergente, seleccione privacidad. En esta secci\u00f3n el Usuario puede cambiar la configuraci\u00f3n de las cookies.Enlace: <a href=\"http:\/\/windows.microsoft.com\/it-it\/internet-explorer\/delete-manage-cookies#ie=ie-11-win-7\">http:\/\/windows.microsoft.com\/it-it\/internet-explorer\/delete-manage-cookies#ie=ie-11-win-7<\/a><\/li>\n<li>Google Chrome<br \/>\nHaga clic en el icono de la llave en la esquina superior derecha y seleccione la configuraci\u00f3n. A continuaci\u00f3n, seleccione Mostrar configuraci\u00f3n avanzada. En esta secci\u00f3n el Usuario puede cambiar la configuraci\u00f3n de las cookies.Enlace: <a href=\"https:\/\/support.google.com\/accounts\/topic\/2373959?hl=it&amp;ref_topic=2373957\">https:\/\/support.google.com\/accounts\/topic\/2373959?hl=it&amp;ref_topic=2373957<\/a><\/li>\n<li>Mozilla Firefox<br \/>\nEn el men\u00fa desplegable en la esquina superior izquierda, seleccione opciones. En la ventana emergente, seleccione privacidad y en la secci\u00f3n podr\u00e1 cambiar sus preferencias de cookies.Enlace: <a href=\"https:\/\/support.mozilla.org\/it\/kb\/Attivare%20e%20disattivare%20i%20cookie#firefox:win7:fx38\">https:\/\/support.mozilla.org\/it\/kb\/Attivare%20e%20disattivare%20i%20cookie#firefox:win7:fx38<\/a><\/li>\n<li>Safaris<br \/>\nEn el men\u00fa desplegable de configuraci\u00f3n en la esquina superior derecha, seleccione preferencias. Luego seleccione seguridad y en esta secci\u00f3n el Usuario puede ajustar la configuraci\u00f3n de cookies.Enlace: <a href=\"https:\/\/support.apple.com\/it-it\/HT201265\">https:\/\/support.apple.com\/it-it\/HT201265<\/a><\/li>\n<\/ol>\n<p><strong>\u00a0<\/strong><\/p>\n<p><strong>\u00a0<\/strong><strong>Controlador de datos e informaci\u00f3n de contacto<\/strong><strong><br \/>\n<\/strong>El controlador de datos es el <strong>Consorcio de Italbiotec<\/strong> (C.F.\/n\u00famero de IVA 02429600121), con domicilio social en Mil\u00e1n en Piazza della Trivulziana 4\/A, en la persona de su representante legal pro tem; p.c.: consorzio@pec.italbiotec.it. El Usuario podr\u00e1 enviar, en cualquier momento, solicitudes de informaci\u00f3n o aclaraciones a la direcci\u00f3n antes mencionada o a trav\u00e9s de los m\u00e9todos adicionales indicados en la Pol\u00edtica de Privacidad (<a href=\"https:\/\/impact-acmproject.eu\/es\/privacy-policy\/\">https:\/\/impact-acmproject.eu\/privacy-policy\/<\/a>).<\/p>\n<p>&nbsp;<\/p>\n<p>&nbsp;<\/p>\n<p>\n<\/div><\/div><\/div><\/div><\/div><\/div><\/div><!-- cell_inner --><\/div><!-- cell --><\/div><!-- port --><\/section><\/p>","protected":false},"excerpt":{"rendered":"","protected":false},"author":2,"featured_media":0,"parent":0,"menu_order":0,"comment_status":"closed","ping_status":"closed","template":"","meta":{"footnotes":""},"class_list":["post-3768","page","type-page","status-publish","hentry"],"_links":{"self":[{"href":"https:\/\/impact-acmproject.eu\/es\/wp-json\/wp\/v2\/pages\/3768","targetHints":{"allow":["GET"]}}],"collection":[{"href":"https:\/\/impact-acmproject.eu\/es\/wp-json\/wp\/v2\/pages"}],"about":[{"href":"https:\/\/impact-acmproject.eu\/es\/wp-json\/wp\/v2\/types\/page"}],"author":[{"embeddable":true,"href":"https:\/\/impact-acmproject.eu\/es\/wp-json\/wp\/v2\/users\/2"}],"replies":[{"embeddable":true,"href":"https:\/\/impact-acmproject.eu\/es\/wp-json\/wp\/v2\/comments?post=3768"}],"version-history":[{"count":9,"href":"https:\/\/impact-acmproject.eu\/es\/wp-json\/wp\/v2\/pages\/3768\/revisions"}],"predecessor-version":[{"id":3845,"href":"https:\/\/impact-acmproject.eu\/es\/wp-json\/wp\/v2\/pages\/3768\/revisions\/3845"}],"wp:attachment":[{"href":"https:\/\/impact-acmproject.eu\/es\/wp-json\/wp\/v2\/media?parent=3768"}],"curies":[{"name":"wp","href":"https:\/\/api.w.org\/{rel}","templated":true}]}}