{"id":3,"date":"2023-08-31T13:00:16","date_gmt":"2023-08-31T11:00:16","guid":{"rendered":"http:\/\/impact-acmproject.eu\/?page_id=3"},"modified":"2024-12-02T12:56:24","modified_gmt":"2024-12-02T11:56:24","slug":"privacy-policy","status":"publish","type":"page","link":"https:\/\/impact-acmproject.eu\/es\/privacy-policy\/","title":{"rendered":"Pol\u00edtica de privacidad"},"content":{"rendered":"<p><section data-bb-version=\"4.7.6\" id=\"bt_bb_section69eb8e11434ea\" class=\"bt_bb_section bt_bb_layout_boxed_1200\"  data-bt-override-class=\"null\"><div class=\"bt_bb_port\"><div class=\"bt_bb_cell\"><div class=\"bt_bb_cell_inner\"><div class=\"bt_bb_row\"  data-bt-override-class=\"{}\"><div class=\"bt_bb_row_holder\" ><div data-bb-version=\"4.7.6\"  class=\"bt_bb_column col-xxl-12 col-xl-12 col-xs-12 col-sm-12 col-md-12 col-lg-12 bt_bb_vertical_align_top bt_bb_align_left bt_bb_padding_normal\" style=\"; --column-width:12;\" data-width=\"12\" data-bt-override-class=\"{}\"><div class=\"bt_bb_column_content\"><div class=\"bt_bb_column_content_inner\"><\/div><\/div><\/div><\/div><\/div><\/div><!-- cell_inner --><\/div><!-- cell --><\/div><!-- port --><\/section><section data-bb-version=\"4.7.6\" id=\"bt_bb_section69eb8e114397d\" class=\"bt_bb_section bt_bb_color_scheme_1 bt_bb_layout_boxed_1200 bt_bb_vertical_align_top bt_bb_background_overlay_dark_solid bt_bb_bottom_section_coverage_image bt_bb_section_with_bottom_coverage_image bt_bb_top_spacing_large bt_bb_bottom_spacing_large\" style=\"; --section-primary-color:#ffffff; --section-secondary-color:#191919;;background-color:rgb(51,42,43);\" data-bt-override-class=\"{&quot;bt_bb_top_spacing_&quot;:{&quot;current_class&quot;:&quot;bt_bb_top_spacing_large&quot;,&quot;def&quot;:&quot;large&quot;},&quot;bt_bb_bottom_spacing_&quot;:{&quot;current_class&quot;:&quot;bt_bb_bottom_spacing_large&quot;,&quot;def&quot;:&quot;large&quot;}}\"><div class=\"bt_bb_port\"><div class=\"bt_bb_cell\"><div class=\"bt_bb_cell_inner\"><div class=\"bt_bb_row\"  data-bt-override-class=\"{}\"><div class=\"bt_bb_row_holder\" ><div  class=\"bt_bb_column col-xxl-7 col-xl-7 bt_bb_vertical_align_middle bt_bb_align_left bt_bb_padding_normal bt_bb_animation_fade_in animate\" style=\"; --column-width:7;\" data-width=\"7\" data-bt-override-class=\"{}\"><div class=\"bt_bb_column_content\"><div class=\"bt_bb_column_content_inner\"><div class=\"bt_bb_separator bt_bb_border_style_none bt_bb_border_color_none bt_bb_bottom_spacing_large\" data-bt-override-class=\"null\"><\/div><header data-bb-version=\"4.7.6\" class=\"bt_bb_headline bt_bb_subheadline_text_transform_default bt_bb_dash_none bt_bb_size_large bt_bb_align_inherit\" data-bt-override-class=\"{&quot;bt_bb_size_&quot;:{&quot;current_class&quot;:&quot;bt_bb_size_large&quot;,&quot;def&quot;:&quot;large&quot;},&quot;bt_bb_align_&quot;:{&quot;current_class&quot;:&quot;bt_bb_align_inherit&quot;,&quot;def&quot;:&quot;inherit&quot;}}\"><h1 class=\"bt_bb_headline_tag\"><span class=\"bt_bb_headline_content\"><span>Pol\u00edtica de privacidad<\/span><\/span><\/h1><\/header><div class=\"bt_bb_separator bt_bb_border_style_none bt_bb_border_color_none bt_bb_bottom_spacing_large\" data-bt-override-class=\"null\"><\/div><\/div><\/div><\/div><div  class=\"bt_bb_column col-xxl-5 col-xl-5 bt_bb_vertical_align_top bt_bb_align_left bt_bb_padding_normal\" style=\"; --column-width:5;\" data-width=\"5\" data-bt-override-class=\"{}\"><div class=\"bt_bb_column_content\"><div class=\"bt_bb_column_content_inner\"><\/div><\/div><\/div><\/div><\/div><\/div><!-- cell_inner --><\/div><!-- cell --><\/div><!-- port --><div class=\"bt_bb_section_bottom_section_coverage_image\"><img decoding=\"async\" src=\"https:\/\/impact-acmproject.eu\/wp-content\/uploads\/2023\/11\/bottom-cover.png\" alt=\"bt_bb_section_bottom_section_coverage_image\" \/><\/div><\/section><section data-bb-version=\"4.7.6\" id=\"bt_bb_section69eb8e1143b9f\" class=\"bt_bb_section bt_bb_layout_boxed_1200\"  data-bt-override-class=\"null\"><div class=\"bt_bb_port\"><div class=\"bt_bb_cell\"><div class=\"bt_bb_cell_inner\"><div class=\"bt_bb_row\"  data-bt-override-class=\"{}\"><div class=\"bt_bb_row_holder\" ><div data-bb-version=\"4.7.6\"  class=\"bt_bb_column col-xxl-12 col-xl-12 col-xs-12 col-sm-12 col-md-12 col-lg-12 bt_bb_vertical_align_top bt_bb_align_left bt_bb_padding_normal\" style=\"; --column-width:12;\" data-width=\"12\" data-bt-override-class=\"{}\"><div class=\"bt_bb_column_content\"><div class=\"bt_bb_column_content_inner\"><div data-bb-version=\"4.7.6\"  class=\"bt_bb_text\" ><\/p>\n<p><strong>INFORMACI\u00d3N Y CONSENTIMIENTO RELATIVOS AL TRATAMIENTO DE DATOS PERSONALES DE LOS USUARIOS DEL SITIO WEB DE IMPACTO DE CONFORMIDAD CON EL ARTICULO 13 DEL REGLAMENTO (UE) 2016\/679 (\u00abRGPD\u00bb)<\/strong><\/p>\n<p><strong>Premisa<\/strong><br \/>El Consorcio Italbiotec proporciona esta informaci\u00f3n en relaci\u00f3n con el tratamiento de los datos personales recopilados por el Consorcio al visitar y navegar por el sitio web https:\/\/impact-acmproject.eu\/. Esta informaci\u00f3n se proporciona exclusivamente para el sitio web de IMPACT y no se aplica a las p\u00e1ginas o servicios en l\u00ednea accesibles a trav\u00e9s de enlaces de hipertexto que pueden publicarse en el sitio web. Los datos personales facilitados por los usuarios se tratar\u00e1n de conformidad con las disposiciones del Reglamento (UE) 2016\/679 (para abreviatura \u00abRGPD\u00bb).<\/p>\n<p>\u00a0<\/p>\n<p><strong>Controlador de datos<br \/><\/strong>El controlador de datos es el Consorcio Italbiotec (C.F. \/ n\u00famero de IVA 02429600121), con domicilio social en Mil\u00e1n en Piazza della Trivulziana 4\/A, en la persona del representante legal pro tempore pec: consorzio@pec.italbiotec.it<\/p>\n<p>\u00a0<\/p>\n<p><strong>Base jur\u00eddica del tratamiento<br \/><\/strong>La base legal para el procesamiento de los datos indicados en esta informaci\u00f3n es el consentimiento expreso del interesado de conformidad con el art\u00edculo 6, apartado 1, letra a) del RGPD y el cumplimiento de las obligaciones legales a las que est\u00e1 sujeto el controlador de datos de conformidad con el art\u00edculo 6, apartado 1, letra c) del RGPD.<\/p>\n<p>\u00a0<\/p>\n<p><strong>Categor\u00edas de datos: datos de navegaci\u00f3n<br \/><\/strong>El responsable del tratamiento trata datos personales de car\u00e1cter com\u00fan (nombre, apellidos, direcci\u00f3n de correo electr\u00f3nico, otros datos personales, como el c\u00f3digo fiscal, la residencia, etc.); datos de navegaci\u00f3n como direcci\u00f3n IP, direcciones en notaci\u00f3n URI\/URL, etc.). Los sistemas inform\u00e1ticos y los procedimientos de software utilizados para operar este sitio web adquieren, durante su funcionamiento normal, algunos datos personales cuya transmisi\u00f3n est\u00e1 impl\u00edcita en el uso de los protocolos de comunicaci\u00f3n de Internet.<\/p>\n<p>Se trata de informaci\u00f3n, que no se recoge para ser asociada a partes interesadas identificadas, pero que por su propia naturaleza, podr\u00eda, a trav\u00e9s del tratamiento y la asociaci\u00f3n con datos en poder de terceros, permitir la identificaci\u00f3n de los usuarios.<\/p>\n<p>Esta categor\u00eda de datos incluye las direcciones IP o los nombres de dominio de los ordenadores utilizados por los usuarios que se conectan al sitio, las direcciones en notaci\u00f3n URI (Uniform Resource Identifier) de los recursos solicitados, la hora de la solicitud, el m\u00e9todo utilizado en el env\u00edo de la solicitud al servidor, el tama\u00f1o del archivo obtenido en respuesta, el c\u00f3digo num\u00e9rico que indica el estado de la respuesta dada por el servidor (\u00e9xito, error, etc.) y otros par\u00e1metros relacionados con el sistema operativo y el entorno inform\u00e1tico del usuario.<\/p>\n<p>Estos datos se utilizan con el \u00fanico prop\u00f3sito de obtener informaci\u00f3n estad\u00edstica an\u00f3nima sobre el uso del sitio y para verificar su correcto funcionamiento y se eliminan inmediatamente despu\u00e9s del procesamiento.<\/p>\n<p>\u00a0<\/p>\n<p><strong>Categor\u00edas de datos: datos facilitados voluntariamente por usted<br \/><\/strong>El env\u00edo opcional, expl\u00edcito y voluntario de correos electr\u00f3nicos a las direcciones indicadas y\/o la cumplimentaci\u00f3n del formulario en este sitio implica la posterior adquisici\u00f3n de la direcci\u00f3n del remitente, necesaria para responder a las solicitudes, as\u00ed como cualquier otro dato personal introducido en la comunicaci\u00f3n como se destaca en la pol\u00edtica de privacidad relativa al servicio \u00abcont\u00e1ctenos\u00bb presente en el siguiente correo: privacidad@italbiotec.it<\/p>\n<p>Con la excepci\u00f3n de lo especificado anteriormente para los datos de navegaci\u00f3n y en la informaci\u00f3n de conformidad con el art\u00edculo 13 del RGPD proporcionada en las secciones individuales del sitio web de IMPACT, el suministro de datos para otros fines es opcional.<\/p>\n<p><strong><br \/>Cookies<br \/><\/strong>La informaci\u00f3n relativa a las cookies puede consultarse en la secci\u00f3n \u00abPol\u00edtica de cookies\u00bb (<a href=\"https:\/\/impact-acmproject.eu\/es\/cookie-policy-ue\/\">https:\/\/impact-acmproject.eu\/cookie-policy-ue\/<\/a>)<\/p>\n<p>En cualquier momento puede modificar, revocar o actualizar el consentimiento prestado en el centro de cookies.<\/p>\n<p>\u00a0<\/p>\n<p><strong>Finalidad del tratamiento \u2014 M\u00e9todos de tratamiento \u2014 Per\u00edodo de conservaci\u00f3n de datos<br \/><\/strong>El tratamiento de sus datos mediante herramientas inform\u00e1ticas y telem\u00e1ticas (y\/o mediante herramientas manuales) tiene por objeto el correcto uso del sitio web en relaci\u00f3n con los servicios ofrecidos por <a href=\"https:\/\/impact-acmproject.eu\/es\/\">https:\/\/impact-acmproject.eu\/<\/a>. Sus datos ser\u00e1n tratados por el personal y colaboradores del Consorcio Italbiotec (interno o externo, personas f\u00edsicas o jur\u00eddicas) para necesidades de mantenimiento del servicio.<\/p>\n<p>Los datos personales se procesan con herramientas automatizadas durante el tiempo estrictamente necesario para lograr los fines para los que se recopilaron, de conformidad con el art\u00edculo 5, letra e), del RGPD.<\/p>\n<p>Se observan medidas de seguridad espec\u00edficas para evitar la p\u00e9rdida de datos, el uso il\u00edcito o incorrecto y el acceso no autorizado.<\/p>\n<p><strong><br \/>Categor\u00edas de destinatarios de datos personales<br \/><\/strong>Los datos objeto de tratamiento podr\u00e1n ser comunicados, adem\u00e1s de a los sujetos a que se refiere el apartado \u201cFinalidad del tratamiento \u2013 M\u00e9todos de tratamiento\u201d, tambi\u00e9n a la autoridad judicial por la necesidad de conocer cualquier infracci\u00f3n cometida por la misma.<\/p>\n<p>\u00a0<\/p>\n<p><strong>Derechos de las partes interesadas<br \/><\/strong>En relaci\u00f3n con los datos procesados de conformidad con esta informaci\u00f3n, se le otorga, en cualquier momento, el derecho a:<\/p>\n<ul>\n<li>Acceso (art\u00edculo 15 del Reglamento (UE) 2016\/679): derecho a solicitar y obtener del responsable del tratamiento la confirmaci\u00f3n de que el tratamiento de sus datos est\u00e1 en curso y acceso a los datos relativos al interesado (entre conocer la finalidad del tratamiento y las categor\u00edas de datos tratados);<\/li>\n<li>Rectificaci\u00f3n (art\u00edculo 16 del Reglamento (UE) 2016\/679): le permite solicitar al responsable del tratamiento que corrija, modifique e integre sus datos personales;<\/li>\n<li>Supresi\u00f3n (art\u00edculo 17 del Reglamento (UE) 2016\/679): le permite obtener la supresi\u00f3n de sus datos sin demora justificada (el llamado derecho al olvido);<\/li>\n<li>Limitaci\u00f3n (art\u00edculo 18 del Reglamento (UE) 2016\/679): derecho a obtener una limitaci\u00f3n del tratamiento de los datos del interesado, por ejemplo, a integrar el ejercicio del derecho a que se refiere el art\u00edculo 16 durante el tiempo que sea necesario para verificar la exactitud de los datos;<\/li>\n<li>Portabilidad (art\u00edculo 20 del Reglamento (UE) 2016\/679): permite al interesado recibir los datos personales que le conciernen para que pueda transmitirlos a otro responsable del tratamiento;<\/li>\n<li>\u2013 La oposici\u00f3n al tratamiento (art\u00edculo 21 del Reglamento (UE) 2016\/679) permite al interesado oponerse al tratamiento de los datos personales que le conciernen.<\/li>\n<\/ul>\n<p>El ejercicio de sus derechos puede ejercerse mediante comunicaci\u00f3n escrita dirigida a la direcci\u00f3n: Piazza della Trivulziana 4\/A, o por correo electr\u00f3nico: <a href=\"mailto:privacy@italbiotec.it\">privacy@italbiotec.it<\/a><\/p>\n<p>\u00a0<\/p>\n<p><strong>Retirada del consentimiento<\/strong><br \/>Usted, en cualquier momento, tiene derecho a revocar su consentimiento sin perjuicio de la legalidad del procesamiento basado en el consentimiento otorgado antes de la revocaci\u00f3n.<\/p>\n<p>\u00a0<\/p>\n<p><strong>Denuncia<\/strong><br \/>Recuerde que, de conformidad con el art\u00edculo 77 del Reglamento UE n.o 2016\/679, la S.V. puede presentar una queja ante la Autoridad Garante en caso de violaci\u00f3n de la legislaci\u00f3n vigente sobre protecci\u00f3n de datos personales.<\/p>\n<p>\u00a0<\/p>\n<p><strong>CONSENTIMIENTO AL TRATAMIENTO DEL REGLAMENTO (UE) 2016\/679 SOBRE DATOS PERSONALES<\/strong><br \/>El usuario ha sido informado de:<\/p>\n<ul>\n<li>la identidad del responsable del tratamiento de datos;<\/li>\n<li>de la medida, m\u00e9todos con los que se lleva a cabo el tratamiento<\/li>\n<li>los fines del tratamiento al que se destinan los datos personales<\/li>\n<li>del derecho a retirar el consentimiento, tal como se indica en la presente informaci\u00f3n, elaborada de conformidad con el art\u00edculo 13 del Reglamento (UE) 2016\/679, colocando la indicaci\u00f3n en la casilla correspondiente \u00abHe le\u00eddo y acepto las condiciones\u00bb<\/li>\n<\/ul>\n<p>\u00a0<\/p>\n<p><strong>DECLARACI\u00d3N<br \/><\/strong>que he recibido y le\u00eddo esta informaci\u00f3n y<\/p>\n<p>\u00a0<\/p>\n<p><strong>CONVIENE<br \/><\/strong>de conformidad con y para los fines de los art\u00edculos 7 y siguientes del Reglamento (UE) 2016\/679, al tratamiento de datos personales en la forma y dentro de los l\u00edmites establecidos en esta informaci\u00f3n.<\/p>\n<p>\n<\/div><\/div><\/div><\/div><\/div><\/div><\/div><!-- cell_inner --><\/div><!-- cell --><\/div><!-- port --><\/section><\/p>","protected":false},"excerpt":{"rendered":"","protected":false},"author":1,"featured_media":0,"parent":0,"menu_order":0,"comment_status":"closed","ping_status":"open","template":"","meta":{"footnotes":""},"class_list":["post-3","page","type-page","status-publish","hentry"],"_links":{"self":[{"href":"https:\/\/impact-acmproject.eu\/es\/wp-json\/wp\/v2\/pages\/3","targetHints":{"allow":["GET"]}}],"collection":[{"href":"https:\/\/impact-acmproject.eu\/es\/wp-json\/wp\/v2\/pages"}],"about":[{"href":"https:\/\/impact-acmproject.eu\/es\/wp-json\/wp\/v2\/types\/page"}],"author":[{"embeddable":true,"href":"https:\/\/impact-acmproject.eu\/es\/wp-json\/wp\/v2\/users\/1"}],"replies":[{"embeddable":true,"href":"https:\/\/impact-acmproject.eu\/es\/wp-json\/wp\/v2\/comments?post=3"}],"version-history":[{"count":15,"href":"https:\/\/impact-acmproject.eu\/es\/wp-json\/wp\/v2\/pages\/3\/revisions"}],"predecessor-version":[{"id":3842,"href":"https:\/\/impact-acmproject.eu\/es\/wp-json\/wp\/v2\/pages\/3\/revisions\/3842"}],"wp:attachment":[{"href":"https:\/\/impact-acmproject.eu\/es\/wp-json\/wp\/v2\/media?parent=3"}],"curies":[{"name":"wp","href":"https:\/\/api.w.org\/{rel}","templated":true}]}}