{"id":3768,"date":"2024-01-16T10:10:32","date_gmt":"2024-01-16T09:10:32","guid":{"rendered":"https:\/\/impact-acmproject.eu\/cookie-policy-ue\/"},"modified":"2024-12-04T10:21:19","modified_gmt":"2024-12-04T09:21:19","slug":"cookie-policy-ue","status":"publish","type":"page","link":"https:\/\/impact-acmproject.eu\/de\/cookie-policy-ue\/","title":{"rendered":"Cookie-Richtlinie (UE)"},"content":{"rendered":"<p><section data-bb-version=\"4.7.6\" id=\"bt_bb_section69e5bc00dffcc\" class=\"bt_bb_section bt_bb_layout_boxed_1200\"  data-bt-override-class=\"null\"><div class=\"bt_bb_port\"><div class=\"bt_bb_cell\"><div class=\"bt_bb_cell_inner\"><div class=\"bt_bb_row\"  data-bt-override-class=\"{}\"><div class=\"bt_bb_row_holder\" ><div data-bb-version=\"4.7.6\"  class=\"bt_bb_column col-xxl-12 col-xl-12 col-xs-12 col-sm-12 col-md-12 col-lg-12 bt_bb_vertical_align_top bt_bb_align_left bt_bb_padding_normal\" style=\"; --column-width:12;\" data-width=\"12\" data-bt-override-class=\"{}\"><div class=\"bt_bb_column_content\"><div class=\"bt_bb_column_content_inner\"><\/div><\/div><\/div><\/div><\/div><\/div><!-- cell_inner --><\/div><!-- cell --><\/div><!-- port --><\/section><section data-bb-version=\"4.7.6\" id=\"bt_bb_section69e5bc00e049c\" class=\"bt_bb_section bt_bb_color_scheme_1 bt_bb_layout_boxed_1200 bt_bb_vertical_align_top bt_bb_background_overlay_dark_solid bt_bb_bottom_section_coverage_image bt_bb_section_with_bottom_coverage_image bt_bb_top_spacing_large bt_bb_bottom_spacing_large\" style=\"; --section-primary-color:#ffffff; --section-secondary-color:#191919;;background-color:rgb(34,64,96);\" data-bt-override-class=\"{&quot;bt_bb_top_spacing_&quot;:{&quot;current_class&quot;:&quot;bt_bb_top_spacing_large&quot;,&quot;def&quot;:&quot;large&quot;},&quot;bt_bb_bottom_spacing_&quot;:{&quot;current_class&quot;:&quot;bt_bb_bottom_spacing_large&quot;,&quot;def&quot;:&quot;large&quot;}}\"><div class=\"bt_bb_port\"><div class=\"bt_bb_cell\"><div class=\"bt_bb_cell_inner\"><div class=\"bt_bb_row\"  data-bt-override-class=\"{}\"><div class=\"bt_bb_row_holder\" ><div  class=\"bt_bb_column col-xxl-7 col-xl-7 bt_bb_vertical_align_middle bt_bb_align_left bt_bb_padding_normal bt_bb_animation_fade_in animate\" style=\"; --column-width:7;\" data-width=\"7\" data-bt-override-class=\"{}\"><div class=\"bt_bb_column_content\"><div class=\"bt_bb_column_content_inner\"><div class=\"bt_bb_separator bt_bb_border_style_none bt_bb_border_color_none bt_bb_bottom_spacing_large\" data-bt-override-class=\"null\"><\/div><header data-bb-version=\"4.7.6\" class=\"bt_bb_headline bt_bb_subheadline_text_transform_default bt_bb_dash_none bt_bb_size_large bt_bb_align_inherit\" data-bt-override-class=\"{&quot;bt_bb_size_&quot;:{&quot;current_class&quot;:&quot;bt_bb_size_large&quot;,&quot;def&quot;:&quot;large&quot;},&quot;bt_bb_align_&quot;:{&quot;current_class&quot;:&quot;bt_bb_align_inherit&quot;,&quot;def&quot;:&quot;inherit&quot;}}\"><h1 class=\"bt_bb_headline_tag\"><span class=\"bt_bb_headline_content\"><span>Cookie-Richtlinie<\/span><\/span><\/h1><\/header><div class=\"bt_bb_separator bt_bb_border_style_none bt_bb_border_color_none bt_bb_bottom_spacing_large\" data-bt-override-class=\"null\"><\/div><\/div><\/div><\/div><div  class=\"bt_bb_column col-xxl-5 col-xl-5 bt_bb_vertical_align_top bt_bb_align_left bt_bb_padding_normal\" style=\"; --column-width:5;\" data-width=\"5\" data-bt-override-class=\"{}\"><div class=\"bt_bb_column_content\"><div class=\"bt_bb_column_content_inner\"><\/div><\/div><\/div><\/div><\/div><\/div><!-- cell_inner --><\/div><!-- cell --><\/div><!-- port --><div class=\"bt_bb_section_bottom_section_coverage_image\"><img decoding=\"async\" src=\"https:\/\/impact-acmproject.eu\/wp-content\/uploads\/2023\/11\/bottom-cover.png\" alt=\"bt_bb_section_bottom_section_coverage_image\" \/><\/div><\/section><section data-bb-version=\"4.7.6\" id=\"bt_bb_section69e5bc00e06e7\" class=\"bt_bb_section bt_bb_layout_boxed_1200\"  data-bt-override-class=\"null\"><div class=\"bt_bb_port\"><div class=\"bt_bb_cell\"><div class=\"bt_bb_cell_inner\"><div class=\"bt_bb_row\"  data-bt-override-class=\"{}\"><div class=\"bt_bb_row_holder\" ><div data-bb-version=\"4.7.6\"  class=\"bt_bb_column col-xxl-12 col-xl-12 col-xs-12 col-sm-12 col-md-12 col-lg-12 bt_bb_vertical_align_top bt_bb_align_left bt_bb_padding_normal\" style=\"; --column-width:12;\" data-width=\"12\" data-bt-override-class=\"{}\"><div class=\"bt_bb_column_content\"><div class=\"bt_bb_column_content_inner\"><div data-bb-version=\"4.7.6\" class=\"bt_bb_separator bt_bb_border_style_none bt_bb_border_color_none bt_bb_top_spacing_large bt_bb_bottom_spacing_none\" data-bt-override-class=\"{&quot;bt_bb_top_spacing_&quot;:{&quot;current_class&quot;:&quot;bt_bb_top_spacing_large&quot;,&quot;def&quot;:&quot;large&quot;},&quot;bt_bb_bottom_spacing_&quot;:{&quot;current_class&quot;:&quot;bt_bb_bottom_spacing_none&quot;,&quot;def&quot;:&quot;none&quot;}}\"><\/div><div data-bb-version=\"4.7.6\"  class=\"bt_bb_text\" ><\/p>\n<p><strong>Was sind Cookies?<br \/>\n<\/strong>Cookies sind kleine Textdateien, die beim Besuch einer Website auf das Ger\u00e4t des Nutzers (PC, Smartphone, tablet\u2026) heruntergeladen werden. Bei jedem weiteren Besuch werden die Cookies an die Website zur\u00fcckgesendet, von der sie stammen (First-Party-Cookies) oder an eine andere Website, die sie erkennt (Cookies von Drittanbietern). Cookies erm\u00f6glichen es einer Website, das Ger\u00e4t eines Nutzers zu erkennen. Sie haben verschiedene zwecke, wie zum beispiel, so dass sie effizient zwischen den seiten navigieren k\u00f6nnen, sich an ihre lieblings-websites erinnern und im allgemeinen das surferlebnis verbessern. Sie tragen auch dazu bei, dass die online angezeigten Werbeinhalte gezielter auf den Nutzer und im Einklang mit seinen Interessen ausgerichtet sind (Targeting-Cookies oder Profiling-Cookies). Cookies k\u00f6nnen eine begrenzte Dauer einer einzelnen Browsersitzung haben und werden in diesem Fall automatisch deaktiviert, wenn der Browser geschlossen wird; oder sie haben einen vorbestimmten Ablauf, und in diesem Fall bleiben sie bis zu diesem Ablauf auf dem Ger\u00e4t des Nutzers gespeichert und aktiv und sammeln weiterhin Informationen w\u00e4hrend verschiedener Browsersitzungen im Browser. Es gibt auch andere Informationserfassungstechnologien mit \u00e4hnlichen Zwecken wie Cookies, die auf dem Ger\u00e4t des Nutzers gespeichert werden (z. B. Pixel). In diesen Informationen wird der Begriff Cookie in Bezug auf Cookies verwendet, wie oben beschrieben, und in Bezug auf jede andere Sammlungstechnologie, mit dem Ziel, dem Benutzer einen Leitfaden zu geben, um zu verstehen, was Cookies und andere \u00e4hnliche Technologien sind, wie und warum sie verwendet werden, welche Rechte den Benutzern anerkannt werden und welche Entscheidungen sie in Bezug auf ihre Verwendung treffen k\u00f6nnen.<\/p>\n<p>&nbsp;<\/p>\n<p><strong>Cookies und \u00e4hnliche Technologien \u2013 Begriffsbestimmungen<br \/>\n<\/strong>Cookies: kleine Textdateien (im Allgemeinen aus Buchstaben und Zahlen), die die vom Nutzer besuchten Websites (sogenannte \u201eErstanbieter\u201c) oder verschiedene Websites oder Webserver (sogenannte \u201eDrittanbieter\u201c) in dem vom Nutzer zum Surfen auf jedem Endger\u00e4t, das Informationen speichern kann, verwendeten Browser ablegen und speichern.<\/p>\n<p>Weitere Technologien: Technologien, die Daten in dem vom Benutzer verwendeten Browser oder Ger\u00e4t speichern, indem sie lokal gemeinsam genutzte Objekte oder lokale Speicherung verwenden, z.B. Flash-Cookies, HTML-5-Cookies und andere Methoden der Webanwendungssoftware. Diese Technologien funktionieren in allen Browsern. In einigen F\u00e4llen kann die Verwendung von lokalem Speicher nicht vollst\u00e4ndig von Browsern verwaltet werden, sondern erfordert die Verwaltung durch spezifische Tools.<\/p>\n<p>&nbsp;<\/p>\n<p><strong>Kategorien von Cookies<br \/>\n<\/strong>Cookies k\u00f6nnen nach ihrem Zweck, ihrer Dauer und dem Eigent\u00fcmer des Cookies unterschieden werden.<\/p>\n<ul>\n<li>Zweckbezogene Cookies sind Cookies, die auf dem Ger\u00e4t des Nutzers installiert werden k\u00f6nnen, um:\n<ol>\n<li>Gew\u00e4hrleistung des Funktionierens der Website und der Dienste sowie Gew\u00e4hrleistung, dass der Benutzer seine Funktionen, sogenannte technische Cookies, nutzen kann;<\/li>\n<li>Erm\u00f6glichen Sie die Leistung der Website und der von der Website angebotenen Dienstleistungen. <a href=\"https:\/\/impact-acmproject.eu\/de\/\">https:\/\/impact-acmproject.eu\/<\/a> Verbesserung sowie Bewertung der Wirksamkeit eines \u00fcber die Website angebotenen Dienstes, sogenannte analytische Cookies;<\/li>\n<li>dem Konsortium oder Dritten erm\u00f6glichen, gezielte Werbung oder im Einklang mit den Interessen des Nutzers, vorbehaltlich der Zustimmung, so genannte Profiling-Cookies zu schalten.<\/li>\n<\/ol>\n<\/li>\n<\/ul>\n<ul>\n<li>Cookies, die nach ihrer Dauer unterschieden werden, sind Cookies, die f\u00fcr die Dauer einer Sitzung im Browser des Ger\u00e4ts verbleiben k\u00f6nnen (d. h. bis Sie den f\u00fcr das Surfen auf der Website verwendeten Browser schlie\u00dfen oder die Nutzung eines Dienstes unterbrechen) und als Sitzungscookies bezeichnet werden. Oder sie k\u00f6nnen \u00fcber einen l\u00e4ngeren Zeitraum im Browser Ihres Ger\u00e4ts gespeichert bleiben, einen eindeutigen Identifikationscode enthalten und als permanente Cookies bezeichnet werden.<strong>\u00a0<\/strong><\/li>\n<\/ul>\n<ul>\n<li>Cookies k\u00f6nnen auch anhand der Entit\u00e4t unterschieden werden, die das Cookie besitzt (First-Party-Cookies und Third-Party-Cookies).<\/li>\n<\/ul>\n<p>Cookies k\u00f6nnen Eigentum der Website und des Service-Managers sein und werden daher von diesem im Browser des Ger\u00e4ts des Nutzers installiert, so genannte First-Party-Cookies. Es kann vorkommen, dass eine Website Cookies enth\u00e4lt, die von anderen Websites stammen, die sich im Besitz Dritter befinden und in verschiedenen Elementen enthalten sind, die auf der Website selbst gehostet werden (z.B. Werbebanner, Bilder, Videos, Sounds\u2026) und in diesem Fall sind dies sogenannte Cookies von Drittanbietern.<strong>\u00a0<\/strong><\/p>\n<p>&nbsp;<\/p>\n<p><strong>Von dieser Website verwendete Cookies<br \/>\n<\/strong>Der Besuch in <a href=\"https:\/\/impact-acmproject.eu\/de\/\">https:\/\/impact-acmproject.eu\/<\/a> Diese Website beinhaltet die Verwendung von Cookies, um die Benutzererfahrung zu verbessern. Die Website verwendet: technische Navigations-Cookies, analytische Cookies und Profilierungs-Cookies f\u00fcr Marketingzwecke.<br \/>\nDer Benutzer kann jederzeit seine Pr\u00e4ferenzen verwalten oder die Installation von Cookies ablehnen.<\/p>\n<p>Der Benutzer kann jederzeit seine Pr\u00e4ferenzen verwalten oder die Installation von Cookies ablehnen.<\/p>\n<p style=\"text-align: left;\">\n<div id=\"cmplz-cookies-overview\"><\/div>\n<\/p>\n<p>&nbsp;<\/p>\n<p><strong>Aufbewahrungszeiten der \u00fcber Cookies erhobenen personenbezogenen Daten<br \/>\n<\/strong>Die durch Cookies gesammelten Informationen und Daten werden f\u00fcr die Zeit gespeichert, die unbedingt erforderlich ist, um die Zwecke zu erreichen, f\u00fcr die jedes Cookie installiert wurde.<\/p>\n<p>Um auf bestimmte Informationen im Zusammenhang mit der Speicherung von Informationen zuzugreifen, die durch die Verwendung von Erstanbieter- und Drittanbieter-Cookies gewonnen wurden, und ihre Pr\u00e4ferenzen zu verwalten, kann der Benutzer jederzeit auf das Cookie-Center zugreifen.<\/p>\n<p>&nbsp;<\/p>\n<p><strong>\u00a0<\/strong><strong>Benutzerrechte und Verwaltung von Cookie-Pr\u00e4ferenzen<br \/>\n<\/strong>Dem Nutzer werden die in der Verordnung (EU) 2016\/679 (sogenannte DSGVO) vorgesehenen Rechte gew\u00e4hrt, einschlie\u00dflich des Rechts auf Zugang, Widerspruch, L\u00f6schung sowie auf jederzeitige \u00c4nderung seiner Entscheidungen \u00fcber die Verwendung von Cookies \u00fcber das Cookie-Center. F\u00fcr weitere Informationen und Einzelheiten zu den Rechten des Nutzers und zur Aus\u00fcbung seiner Rechte kann der Nutzer die vollst\u00e4ndige Datenschutzerkl\u00e4rung einsehen (Link einf\u00fcgen, indem er auf \u201eDatenschutzerkl\u00e4rung\u201c klickt).<\/p>\n<p><strong>\u00a0<\/strong><\/p>\n<p><strong>Deaktivieren von Cookies in Ihrem Browser<br \/>\n<\/strong>Der Benutzer kann neben der Deaktivierung von Cookies \u00fcber das Cookie-Center seinen Browser so konfigurieren, dass er die Anzahl der akzeptierten Cookies begrenzt, alle Cookies blockiert oder sie aus den Browsereinstellungen auf folgende Weise l\u00f6scht:<\/p>\n<ol>\n<li>Microsoft Internet Explorer<br \/>\nKlicken Sie auf das Werkzeugsymbol in der oberen rechten Ecke und w\u00e4hlen Sie Internetoptionen aus. Ein Pop-up-Fenster wird angezeigt, w\u00e4hlen Sie Privatsph\u00e4re. In diesem Abschnitt kann der Benutzer die Cookie-Einstellungen \u00e4ndern.Link: <a href=\"http:\/\/windows.microsoft.com\/it-it\/internet-explorer\/delete-manage-cookies#ie=ie-11-win-7\">http:\/\/windows.microsoft.com\/it-it\/internet-explorer\/delete-manage-cookies#ie=ie-11-win-7<\/a><\/li>\n<li>Google Chrome<br \/>\nKlicken Sie auf das Schraubenschl\u00fcsselsymbol in der oberen rechten Ecke und w\u00e4hlen Sie Einstellungen aus. Als n\u00e4chstes w\u00e4hlen Sie erweiterte Einstellungen anzeigen. In diesem Abschnitt kann der Benutzer die Cookie-Einstellungen \u00e4ndern.Link: <a href=\"https:\/\/support.google.com\/accounts\/topic\/2373959?hl=it&amp;ref_topic=2373957\">https:\/\/support.google.com\/accounts\/topic\/2373959?hl=it&amp;ref_topic=2373957<\/a><\/li>\n<li>Mozilla Firefox<br \/>\nW\u00e4hlen Sie im Dropdown-Men\u00fc in der oberen linken Ecke Optionen aus. W\u00e4hlen Sie im Popup-Fenster Datenschutz aus und im Abschnitt k\u00f6nnen Sie Ihre Cookie-Einstellungen \u00e4ndern.Link: <a href=\"https:\/\/support.mozilla.org\/it\/kb\/Attivare%20e%20disattivare%20i%20cookie#firefox:win7:fx38\">https:\/\/support.mozilla.org\/it\/kb\/Attivare%20e%20disattivare%20i%20cookie#firefox:win7:fx38<\/a><\/li>\n<li>Safaris<br \/>\nW\u00e4hlen Sie im Dropdown-Men\u00fc in der oberen rechten Ecke Einstellungen aus. W\u00e4hlen Sie dann Sicherheit und in diesem Abschnitt kann der Benutzer die Cookie-Einstellungen anpassen.Link: <a href=\"https:\/\/support.apple.com\/it-it\/HT201265\">https:\/\/support.apple.com\/it-it\/HT201265<\/a><\/li>\n<\/ol>\n<p><strong>\u00a0<\/strong><\/p>\n<p><strong>\u00a0<\/strong><strong>Datenverantwortlicher und Kontaktinformationen<\/strong><strong><br \/>\n<\/strong>Der Datenverantwortliche ist der <strong>Italbiotec-Konsortium<\/strong> (C.F.\/MwSt.-Nr. 02429600121) mit Sitz in Mailand, Piazza della Trivulziana 4\/A, in Person ihres gesetzlichen Vertreters pro tem; pec: consorzio@pec.italbiotec.it. Der Benutzer kann jederzeit Auskunfts- oder Kl\u00e4rungsanfragen an die zuvor genannte Adresse oder \u00fcber die in der Datenschutzerkl\u00e4rung angegebenen zus\u00e4tzlichen Methoden senden (<a href=\"https:\/\/impact-acmproject.eu\/de\/privacy-policy\/\">https:\/\/impact-acmproject.eu\/privacy-policy\/<\/a>).<\/p>\n<p>&nbsp;<\/p>\n<p>&nbsp;<\/p>\n<p>\n<\/div><\/div><\/div><\/div><\/div><\/div><\/div><!-- cell_inner --><\/div><!-- cell --><\/div><!-- port --><\/section><\/p>","protected":false},"excerpt":{"rendered":"","protected":false},"author":2,"featured_media":0,"parent":0,"menu_order":0,"comment_status":"closed","ping_status":"closed","template":"","meta":{"footnotes":""},"class_list":["post-3768","page","type-page","status-publish","hentry"],"_links":{"self":[{"href":"https:\/\/impact-acmproject.eu\/de\/wp-json\/wp\/v2\/pages\/3768","targetHints":{"allow":["GET"]}}],"collection":[{"href":"https:\/\/impact-acmproject.eu\/de\/wp-json\/wp\/v2\/pages"}],"about":[{"href":"https:\/\/impact-acmproject.eu\/de\/wp-json\/wp\/v2\/types\/page"}],"author":[{"embeddable":true,"href":"https:\/\/impact-acmproject.eu\/de\/wp-json\/wp\/v2\/users\/2"}],"replies":[{"embeddable":true,"href":"https:\/\/impact-acmproject.eu\/de\/wp-json\/wp\/v2\/comments?post=3768"}],"version-history":[{"count":9,"href":"https:\/\/impact-acmproject.eu\/de\/wp-json\/wp\/v2\/pages\/3768\/revisions"}],"predecessor-version":[{"id":3845,"href":"https:\/\/impact-acmproject.eu\/de\/wp-json\/wp\/v2\/pages\/3768\/revisions\/3845"}],"wp:attachment":[{"href":"https:\/\/impact-acmproject.eu\/de\/wp-json\/wp\/v2\/media?parent=3768"}],"curies":[{"name":"wp","href":"https:\/\/api.w.org\/{rel}","templated":true}]}}