{"id":3,"date":"2023-08-31T13:00:16","date_gmt":"2023-08-31T11:00:16","guid":{"rendered":"http:\/\/impact-acmproject.eu\/?page_id=3"},"modified":"2024-12-02T12:56:24","modified_gmt":"2024-12-02T11:56:24","slug":"privacy-policy","status":"publish","type":"page","link":"https:\/\/impact-acmproject.eu\/de\/privacy-policy\/","title":{"rendered":"Datenschutzerkl\u00e4rung"},"content":{"rendered":"<p><section data-bb-version=\"4.7.6\" id=\"bt_bb_section69e5a71e0fa80\" class=\"bt_bb_section bt_bb_layout_boxed_1200\"  data-bt-override-class=\"null\"><div class=\"bt_bb_port\"><div class=\"bt_bb_cell\"><div class=\"bt_bb_cell_inner\"><div class=\"bt_bb_row\"  data-bt-override-class=\"{}\"><div class=\"bt_bb_row_holder\" ><div data-bb-version=\"4.7.6\"  class=\"bt_bb_column col-xxl-12 col-xl-12 col-xs-12 col-sm-12 col-md-12 col-lg-12 bt_bb_vertical_align_top bt_bb_align_left bt_bb_padding_normal\" style=\"; --column-width:12;\" data-width=\"12\" data-bt-override-class=\"{}\"><div class=\"bt_bb_column_content\"><div class=\"bt_bb_column_content_inner\"><\/div><\/div><\/div><\/div><\/div><\/div><!-- cell_inner --><\/div><!-- cell --><\/div><!-- port --><\/section><section data-bb-version=\"4.7.6\" id=\"bt_bb_section69e5a71e0ff92\" class=\"bt_bb_section bt_bb_color_scheme_1 bt_bb_layout_boxed_1200 bt_bb_vertical_align_top bt_bb_background_overlay_dark_solid bt_bb_bottom_section_coverage_image bt_bb_section_with_bottom_coverage_image bt_bb_top_spacing_large bt_bb_bottom_spacing_large\" style=\"; --section-primary-color:#ffffff; --section-secondary-color:#191919;;background-color:rgb(51,42,43);\" data-bt-override-class=\"{&quot;bt_bb_top_spacing_&quot;:{&quot;current_class&quot;:&quot;bt_bb_top_spacing_large&quot;,&quot;def&quot;:&quot;large&quot;},&quot;bt_bb_bottom_spacing_&quot;:{&quot;current_class&quot;:&quot;bt_bb_bottom_spacing_large&quot;,&quot;def&quot;:&quot;large&quot;}}\"><div class=\"bt_bb_port\"><div class=\"bt_bb_cell\"><div class=\"bt_bb_cell_inner\"><div class=\"bt_bb_row\"  data-bt-override-class=\"{}\"><div class=\"bt_bb_row_holder\" ><div  class=\"bt_bb_column col-xxl-7 col-xl-7 bt_bb_vertical_align_middle bt_bb_align_left bt_bb_padding_normal bt_bb_animation_fade_in animate\" style=\"; --column-width:7;\" data-width=\"7\" data-bt-override-class=\"{}\"><div class=\"bt_bb_column_content\"><div class=\"bt_bb_column_content_inner\"><div class=\"bt_bb_separator bt_bb_border_style_none bt_bb_border_color_none bt_bb_bottom_spacing_large\" data-bt-override-class=\"null\"><\/div><header data-bb-version=\"4.7.6\" class=\"bt_bb_headline bt_bb_subheadline_text_transform_default bt_bb_dash_none bt_bb_size_large bt_bb_align_inherit\" data-bt-override-class=\"{&quot;bt_bb_size_&quot;:{&quot;current_class&quot;:&quot;bt_bb_size_large&quot;,&quot;def&quot;:&quot;large&quot;},&quot;bt_bb_align_&quot;:{&quot;current_class&quot;:&quot;bt_bb_align_inherit&quot;,&quot;def&quot;:&quot;inherit&quot;}}\"><h1 class=\"bt_bb_headline_tag\"><span class=\"bt_bb_headline_content\"><span>Datenschutzerkl\u00e4rung<\/span><\/span><\/h1><\/header><div class=\"bt_bb_separator bt_bb_border_style_none bt_bb_border_color_none bt_bb_bottom_spacing_large\" data-bt-override-class=\"null\"><\/div><\/div><\/div><\/div><div  class=\"bt_bb_column col-xxl-5 col-xl-5 bt_bb_vertical_align_top bt_bb_align_left bt_bb_padding_normal\" style=\"; --column-width:5;\" data-width=\"5\" data-bt-override-class=\"{}\"><div class=\"bt_bb_column_content\"><div class=\"bt_bb_column_content_inner\"><\/div><\/div><\/div><\/div><\/div><\/div><!-- cell_inner --><\/div><!-- cell --><\/div><!-- port --><div class=\"bt_bb_section_bottom_section_coverage_image\"><img decoding=\"async\" src=\"https:\/\/impact-acmproject.eu\/wp-content\/uploads\/2023\/11\/bottom-cover.png\" alt=\"bt_bb_section_bottom_section_coverage_image\" \/><\/div><\/section><section data-bb-version=\"4.7.6\" id=\"bt_bb_section69e5a71e100ec\" class=\"bt_bb_section bt_bb_layout_boxed_1200\"  data-bt-override-class=\"null\"><div class=\"bt_bb_port\"><div class=\"bt_bb_cell\"><div class=\"bt_bb_cell_inner\"><div class=\"bt_bb_row\"  data-bt-override-class=\"{}\"><div class=\"bt_bb_row_holder\" ><div data-bb-version=\"4.7.6\"  class=\"bt_bb_column col-xxl-12 col-xl-12 col-xs-12 col-sm-12 col-md-12 col-lg-12 bt_bb_vertical_align_top bt_bb_align_left bt_bb_padding_normal\" style=\"; --column-width:12;\" data-width=\"12\" data-bt-override-class=\"{}\"><div class=\"bt_bb_column_content\"><div class=\"bt_bb_column_content_inner\"><div data-bb-version=\"4.7.6\"  class=\"bt_bb_text\" ><\/p>\n<p><strong>INFORMATIONEN UND ZUSTIMMUNGEN \u00dcBER DIE VERARBEITUNG PERSONENBEZOGENER DATEN DER NUTZER DER FOLGENDEN WEBSITE GEM\u00c4SS ARTIKEL 13 DER VERORDNUNG (EU) 2016\/679 (\u201eDSGVO\u201c)<\/strong><\/p>\n<p><strong>R\u00e4umlichkeiten<\/strong><br \/>Das Italbiotec-Konsortium stellt diese Informationen in Bezug auf die Verarbeitung personenbezogener Daten zur Verf\u00fcgung, die vom Konsortium beim Besuch und Surfen auf der Website https:\/\/impact-acmproject.eu\/ erhoben werden. Diese Informationen werden ausschlie\u00dflich f\u00fcr die IMPACT-Website bereitgestellt und gelten nicht f\u00fcr Seiten oder Online-Dienste, die \u00fcber Hypertext-Links zug\u00e4nglich sind, die auf der Website ver\u00f6ffentlicht werden k\u00f6nnen. Die von den Nutzern zur Verf\u00fcgung gestellten personenbezogenen Daten werden in \u00dcbereinstimmung mit den Bestimmungen der EU-Verordnung Nr. 2016\/679 (aus Gr\u00fcnden der K\u00fcrze \u201eDSGVO\u201c) verarbeitet.<\/p>\n<p>\u00a0<\/p>\n<p><strong>Verantwortlicher f\u00fcr die Datenverarbeitung<br \/><\/strong>Der Datenverantwortliche ist das Italbiotec Consortium (C.F.\/VAT-Nummer 02429600121) mit Sitz in Mailand, Piazza della Trivulziana 4\/A, in der Person des gesetzlichen Vertreters pro tempore pec: consorzio@pec.italbiotec.it<\/p>\n<p>\u00a0<\/p>\n<p><strong>Rechtsgrundlage der Verarbeitung<br \/><\/strong>Rechtsgrundlage f\u00fcr die Verarbeitung der in diesen Informationen angegebenen Daten ist die ausdr\u00fcckliche Einwilligung des Betroffenen gem\u00e4\u00df Art. 6 Abs. 1 lit. a) DSGVO und die Einhaltung der rechtlichen Verpflichtungen, denen der Verantwortliche gem\u00e4\u00df Art. 6 Abs. 1 lit. c) DSGVO unterliegt.<\/p>\n<p>\u00a0<\/p>\n<p><strong>Kategorien von Daten \u2013 Durchsuchen von Daten<br \/><\/strong>Der Verantwortliche verarbeitet personenbezogene Daten allgemeiner Art (Vorname, Nachname, E-Mail-Adresse, andere personenbezogene Daten wie Steuernummer, Wohnsitz; Navigationsdaten wie IP-Adresse, Adressen in URI\/URL-Notation etc.). Die Computersysteme und Softwareprozeduren, die f\u00fcr den Betrieb dieser Website verwendet werden, erfassen w\u00e4hrend ihres normalen Betriebs einige personenbezogene Daten, deren \u00dcbertragung bei der Verwendung von Internet-Kommunikationsprotokollen implizit ist.<\/p>\n<p>Dabei handelt es sich um Informationen, die nicht erhoben werden, um mit identifizierten interessierten Parteien in Verbindung gebracht zu werden, die aber ihrer Natur nach durch die Verarbeitung und Verkn\u00fcpfung mit Daten, die sich im Besitz Dritter befinden, eine Identifizierung der Nutzer erm\u00f6glichen k\u00f6nnten.<\/p>\n<p>Zu dieser Datenkategorie geh\u00f6ren die IP-Adressen oder Dom\u00e4nennamen der Computer, die von Benutzern verwendet werden, die sich mit der Website verbinden, die Adressen in URI-Notation (Uniform Resource Identifier) der angeforderten Ressourcen, der Zeitpunkt der Anfrage, die bei der \u00dcbermittlung der Anfrage an den Server verwendete Methode, die Gr\u00f6\u00dfe der als Antwort erhaltenen Datei, der numerische Code, der den Status der vom Server gegebenen Antwort angibt (erfolgreich, Fehler usw.) und andere Parameter in Bezug auf das Betriebssystem und die IT-Umgebung des Benutzers.<\/p>\n<p>Diese Daten werden ausschlie\u00dflich zu dem Zweck verwendet, anonyme statistische Informationen \u00fcber die Nutzung der Website zu erhalten und deren korrekte Funktionsweise zu \u00fcberpr\u00fcfen, und werden unmittelbar nach der Verarbeitung gel\u00f6scht.<\/p>\n<p>\u00a0<\/p>\n<p><strong>Kategorien von Daten \u2013 Daten, die Sie freiwillig zur Verf\u00fcgung stellen<br \/><\/strong>Das fakultative, ausdr\u00fcckliche und freiwillige Versenden von E-Mails an die angegebenen Adressen und\/oder das Ausf\u00fcllen des Formulars auf dieser Website beinhaltet die anschlie\u00dfende Erfassung der Adresse des Absenders, die f\u00fcr die Beantwortung von Anfragen erforderlich ist, sowie aller anderen personenbezogenen Daten, die in der Mitteilung eingegeben wurden, wie in der Datenschutzerkl\u00e4rung in Bezug auf den Dienst \u201eKontakt\u201c unter der folgenden E-Mail hervorgehoben: Datenschutz@italbiotec.it<\/p>\n<p>Mit Ausnahme dessen, was oben f\u00fcr Navigationsdaten und in den Informationen gem\u00e4\u00df Art. 13 DSGVO in den einzelnen Abschnitten der IMPACT-Website angegeben ist, ist die Bereitstellung von Daten f\u00fcr weitere Zwecke fakultativ.<\/p>\n<p><strong><br \/>Cookies<br \/><\/strong>Informationen zu Cookies finden Sie im Abschnitt \u201eCookie-Richtlinien\u201c (<a href=\"https:\/\/impact-acmproject.eu\/de\/cookie-policy-ue\/\">https:\/\/impact-acmproject.eu\/cookie-policy-ue\/<\/a>)<\/p>\n<p>Sie k\u00f6nnen die im Cookie-Center erteilte Einwilligung jederzeit \u00e4ndern, widerrufen oder aktualisieren.<\/p>\n<p>\u00a0<\/p>\n<p><strong>Zweck der Verarbeitung \u2013 Verarbeitungsmethoden \u2013 Aufbewahrungsfrist<br \/><\/strong>Die Verarbeitung Ihrer Daten mithilfe von IT- und Telematik-Tools (und\/oder manuellen Tools) zielt auf die korrekte Nutzung der Website in Bezug auf die von uns angebotenen Dienstleistungen ab. <a href=\"https:\/\/impact-acmproject.eu\/de\/\">https:\/\/impact-acmproject.eu\/<\/a>. Ihre Daten werden von den Mitarbeitern und Mitarbeitern des Italbiotec-Konsortiums (interne oder externe, nat\u00fcrliche oder juristische Personen) f\u00fcr Wartungszwecke verarbeitet.<\/p>\n<p>Personenbezogene Daten werden mit automatisierten Tools f\u00fcr die Zeit verarbeitet, die zur Erreichung der Zwecke, f\u00fcr die sie erhoben wurden, gem\u00e4\u00df Art. 5 lit. e) DSGVO unbedingt erforderlich ist.<\/p>\n<p>Spezifische Sicherheitsma\u00dfnahmen werden beachtet, um Datenverlust, illegale oder falsche Nutzung und unbefugten Zugriff zu verhindern.<\/p>\n<p><strong><br \/>Kategorien von Empf\u00e4ngern personenbezogener Daten<br \/><\/strong>Die verarbeiteten Daten k\u00f6nnen zus\u00e4tzlich zu den im Absatz \u201eZweck der Verarbeitung \u2013 Verarbeitungsmethoden\u201c genannten Personen auch an die Justizbeh\u00f6rde \u00fcbermittelt werden, um festzustellen, ob sie Straftaten begangen haben.<\/p>\n<p>\u00a0<\/p>\n<p><strong>Rechte der Betroffenen<br \/><\/strong>In Bezug auf die gem\u00e4\u00df diesen Informationen verarbeiteten Daten haben Sie jederzeit das Recht:<\/p>\n<ul>\n<li>Zugang (Artikel 15 der EU-Verordnung Nr. 2016\/679) \u2013 Recht, vom Datenverantwortlichen eine Best\u00e4tigung zu verlangen und zu erhalten, dass die Verarbeitung seiner Daten im Gange ist, und Zugang zu Daten, die den Betroffenen betreffen (zwischen dem Zweck der Verarbeitung und den Kategorien der verarbeiteten Daten);<\/li>\n<li>Berichtigung (Artikel 16 der EU-Verordnung Nr. 2016\/679) \u2013 erm\u00f6glicht es Ihnen, den Datenverantwortlichen aufzufordern, Ihre personenbezogenen Daten zu korrigieren, zu \u00e4ndern und zu integrieren;<\/li>\n<li>L\u00f6schung (Art. 17 EU-Verordnung Nr. 2016\/679) \u2013 erm\u00f6glicht es Ihnen, die L\u00f6schung Ihrer Daten ohne begr\u00fcndete Verz\u00f6gerung zu erhalten (sogenanntes Recht auf Vergessenwerden);<\/li>\n<li>Einschr\u00e4nkung (Art. 18 EU-Verordnung Nr. 2016\/679) \u2013 Recht auf Erwirkung einer Einschr\u00e4nkung der Verarbeitung der Daten der betroffenen Person, z. B. um die Aus\u00fcbung des in Art. 16 genannten Rechts so lange zu integrieren, wie dies zur \u00dcberpr\u00fcfung der Richtigkeit der Daten erforderlich ist;<\/li>\n<li>\u00dcbertragbarkeit (Artikel 20 der EU-Verordnung Nr. 2016\/679) \u2013 erm\u00f6glicht es dem Betroffenen, personenbezogene Daten \u00fcber ihn zu erhalten, damit er sie an einen anderen f\u00fcr die Verarbeitung Verantwortlichen \u00fcbermitteln kann;<\/li>\n<li>\u2013 Widerspruch gegen die Verarbeitung (Art. 21 EU-Verordnung Nr. 2016\/679) \u2013 erm\u00f6glicht es dem Betroffenen, der Verarbeitung der ihn betreffenden personenbezogenen Daten zu widersprechen.<\/li>\n<\/ul>\n<p>Die Aus\u00fcbung Ihrer Rechte kann durch schriftliche Mitteilung an folgende Adresse erfolgen: Piazza della Trivulziana 4\/A oder per E-Mail: <a href=\"mailto:privacy@italbiotec.it\">privacy@italbiotec.it<\/a><\/p>\n<p>\u00a0<\/p>\n<p><strong>Widerruf der Einwilligung<\/strong><br \/>Sie haben jederzeit das Recht, Ihre Einwilligung unbeschadet der Rechtm\u00e4\u00dfigkeit der Verarbeitung aufgrund der vor dem Widerruf erteilten Einwilligung zu widerrufen.<\/p>\n<p>\u00a0<\/p>\n<p><strong>Beschwerde<\/strong><br \/>Bitte beachten Sie, dass gem\u00e4\u00df Artikel 77 der EU-Verordnung Nr. 2016\/679 der S.V. im Falle eines Versto\u00dfes gegen die geltenden Rechtsvorschriften zum Schutz personenbezogener Daten eine Beschwerde bei der Garantiebeh\u00f6rde einreichen kann.<\/p>\n<p>\u00a0<\/p>\n<p><strong>ZUSTIMMUNG ZUR VERARBEITUNG PERSONENBEZOGENER DATEN VERORDNUNG (EU) 2016\/679<\/strong><br \/>Der Benutzer wurde informiert:<\/p>\n<ul>\n<li>die Identit\u00e4t des f\u00fcr die Verarbeitung Verantwortlichen<\/li>\n<li>der Ma\u00dfnahme, Methoden, mit denen die Verarbeitung erfolgt<\/li>\n<li>die Zwecke der Verarbeitung, f\u00fcr die die personenbezogenen Daten bestimmt sind<\/li>\n<li>des Rechts, die Einwilligung zu widerrufen, wie in diesen gem\u00e4\u00df Artikel 13 der Verordnung (EU) 2016\/679 erstellten Informationen angegeben, indem die Flagge in das entsprechende Feld \u201eIch habe die Allgemeinen Gesch\u00e4ftsbedingungen gelesen und akzeptiere sie\u201c gesetzt wird<\/li>\n<\/ul>\n<p>\u00a0<\/p>\n<p><strong>ERKL\u00c4RUNG<br \/><\/strong>dass ich diese Informationen erhalten und gelesen habe und<\/p>\n<p>\u00a0<\/p>\n<p><strong>STIMMT ZU<br \/><\/strong>gem\u00e4\u00df und f\u00fcr die Zwecke der Artikel 7 ff. der Verordnung (EU) 2016\/679 f\u00fcr die Verarbeitung personenbezogener Daten in der in diesen Informationen festgelegten Art und Weise und innerhalb der darin festgelegten Grenzen.<\/p>\n<p>\n<\/div><\/div><\/div><\/div><\/div><\/div><\/div><!-- cell_inner --><\/div><!-- cell --><\/div><!-- port --><\/section><\/p>","protected":false},"excerpt":{"rendered":"","protected":false},"author":1,"featured_media":0,"parent":0,"menu_order":0,"comment_status":"closed","ping_status":"open","template":"","meta":{"footnotes":""},"class_list":["post-3","page","type-page","status-publish","hentry"],"_links":{"self":[{"href":"https:\/\/impact-acmproject.eu\/de\/wp-json\/wp\/v2\/pages\/3","targetHints":{"allow":["GET"]}}],"collection":[{"href":"https:\/\/impact-acmproject.eu\/de\/wp-json\/wp\/v2\/pages"}],"about":[{"href":"https:\/\/impact-acmproject.eu\/de\/wp-json\/wp\/v2\/types\/page"}],"author":[{"embeddable":true,"href":"https:\/\/impact-acmproject.eu\/de\/wp-json\/wp\/v2\/users\/1"}],"replies":[{"embeddable":true,"href":"https:\/\/impact-acmproject.eu\/de\/wp-json\/wp\/v2\/comments?post=3"}],"version-history":[{"count":15,"href":"https:\/\/impact-acmproject.eu\/de\/wp-json\/wp\/v2\/pages\/3\/revisions"}],"predecessor-version":[{"id":3842,"href":"https:\/\/impact-acmproject.eu\/de\/wp-json\/wp\/v2\/pages\/3\/revisions\/3842"}],"wp:attachment":[{"href":"https:\/\/impact-acmproject.eu\/de\/wp-json\/wp\/v2\/media?parent=3"}],"curies":[{"name":"wp","href":"https:\/\/api.w.org\/{rel}","templated":true}]}}