{"id":3768,"date":"2024-01-16T10:10:32","date_gmt":"2024-01-16T09:10:32","guid":{"rendered":"https:\/\/impact-acmproject.eu\/cookie-policy-ue\/"},"modified":"2024-12-04T10:21:19","modified_gmt":"2024-12-04T09:21:19","slug":"cookie-policy-ue","status":"publish","type":"page","link":"https:\/\/impact-acmproject.eu\/da\/cookie-policy-ue\/","title":{"rendered":"Cookie-politik (DK)"},"content":{"rendered":"<p><section data-bb-version=\"4.7.6\" id=\"bt_bb_section69eb8dd545ff0\" class=\"bt_bb_section bt_bb_layout_boxed_1200\"  data-bt-override-class=\"null\"><div class=\"bt_bb_port\"><div class=\"bt_bb_cell\"><div class=\"bt_bb_cell_inner\"><div class=\"bt_bb_row\"  data-bt-override-class=\"{}\"><div class=\"bt_bb_row_holder\" ><div data-bb-version=\"4.7.6\"  class=\"bt_bb_column col-xxl-12 col-xl-12 col-xs-12 col-sm-12 col-md-12 col-lg-12 bt_bb_vertical_align_top bt_bb_align_left bt_bb_padding_normal\" style=\"; --column-width:12;\" data-width=\"12\" data-bt-override-class=\"{}\"><div class=\"bt_bb_column_content\"><div class=\"bt_bb_column_content_inner\"><\/div><\/div><\/div><\/div><\/div><\/div><!-- cell_inner --><\/div><!-- cell --><\/div><!-- port --><\/section><section data-bb-version=\"4.7.6\" id=\"bt_bb_section69eb8dd5463cf\" class=\"bt_bb_section bt_bb_color_scheme_1 bt_bb_layout_boxed_1200 bt_bb_vertical_align_top bt_bb_background_overlay_dark_solid bt_bb_bottom_section_coverage_image bt_bb_section_with_bottom_coverage_image bt_bb_top_spacing_large bt_bb_bottom_spacing_large\" style=\"; --section-primary-color:#ffffff; --section-secondary-color:#191919;;background-color:rgb(34,64,96);\" data-bt-override-class=\"{&quot;bt_bb_top_spacing_&quot;:{&quot;current_class&quot;:&quot;bt_bb_top_spacing_large&quot;,&quot;def&quot;:&quot;large&quot;},&quot;bt_bb_bottom_spacing_&quot;:{&quot;current_class&quot;:&quot;bt_bb_bottom_spacing_large&quot;,&quot;def&quot;:&quot;large&quot;}}\"><div class=\"bt_bb_port\"><div class=\"bt_bb_cell\"><div class=\"bt_bb_cell_inner\"><div class=\"bt_bb_row\"  data-bt-override-class=\"{}\"><div class=\"bt_bb_row_holder\" ><div  class=\"bt_bb_column col-xxl-7 col-xl-7 bt_bb_vertical_align_middle bt_bb_align_left bt_bb_padding_normal bt_bb_animation_fade_in animate\" style=\"; --column-width:7;\" data-width=\"7\" data-bt-override-class=\"{}\"><div class=\"bt_bb_column_content\"><div class=\"bt_bb_column_content_inner\"><div class=\"bt_bb_separator bt_bb_border_style_none bt_bb_border_color_none bt_bb_bottom_spacing_large\" data-bt-override-class=\"null\"><\/div><header data-bb-version=\"4.7.6\" class=\"bt_bb_headline bt_bb_subheadline_text_transform_default bt_bb_dash_none bt_bb_size_large bt_bb_align_inherit\" data-bt-override-class=\"{&quot;bt_bb_size_&quot;:{&quot;current_class&quot;:&quot;bt_bb_size_large&quot;,&quot;def&quot;:&quot;large&quot;},&quot;bt_bb_align_&quot;:{&quot;current_class&quot;:&quot;bt_bb_align_inherit&quot;,&quot;def&quot;:&quot;inherit&quot;}}\"><h1 class=\"bt_bb_headline_tag\"><span class=\"bt_bb_headline_content\"><span>Cookie-politik<\/span><\/span><\/h1><\/header><div class=\"bt_bb_separator bt_bb_border_style_none bt_bb_border_color_none bt_bb_bottom_spacing_large\" data-bt-override-class=\"null\"><\/div><\/div><\/div><\/div><div  class=\"bt_bb_column col-xxl-5 col-xl-5 bt_bb_vertical_align_top bt_bb_align_left bt_bb_padding_normal\" style=\"; --column-width:5;\" data-width=\"5\" data-bt-override-class=\"{}\"><div class=\"bt_bb_column_content\"><div class=\"bt_bb_column_content_inner\"><\/div><\/div><\/div><\/div><\/div><\/div><!-- cell_inner --><\/div><!-- cell --><\/div><!-- port --><div class=\"bt_bb_section_bottom_section_coverage_image\"><img decoding=\"async\" src=\"https:\/\/impact-acmproject.eu\/wp-content\/uploads\/2023\/11\/bottom-cover.png\" alt=\"bt_bb_section_bottom_section_coverage_image\" \/><\/div><\/section><section data-bb-version=\"4.7.6\" id=\"bt_bb_section69eb8dd54654f\" class=\"bt_bb_section bt_bb_layout_boxed_1200\"  data-bt-override-class=\"null\"><div class=\"bt_bb_port\"><div class=\"bt_bb_cell\"><div class=\"bt_bb_cell_inner\"><div class=\"bt_bb_row\"  data-bt-override-class=\"{}\"><div class=\"bt_bb_row_holder\" ><div data-bb-version=\"4.7.6\"  class=\"bt_bb_column col-xxl-12 col-xl-12 col-xs-12 col-sm-12 col-md-12 col-lg-12 bt_bb_vertical_align_top bt_bb_align_left bt_bb_padding_normal\" style=\"; --column-width:12;\" data-width=\"12\" data-bt-override-class=\"{}\"><div class=\"bt_bb_column_content\"><div class=\"bt_bb_column_content_inner\"><div data-bb-version=\"4.7.6\" class=\"bt_bb_separator bt_bb_border_style_none bt_bb_border_color_none bt_bb_top_spacing_large bt_bb_bottom_spacing_none\" data-bt-override-class=\"{&quot;bt_bb_top_spacing_&quot;:{&quot;current_class&quot;:&quot;bt_bb_top_spacing_large&quot;,&quot;def&quot;:&quot;large&quot;},&quot;bt_bb_bottom_spacing_&quot;:{&quot;current_class&quot;:&quot;bt_bb_bottom_spacing_none&quot;,&quot;def&quot;:&quot;none&quot;}}\"><\/div><div data-bb-version=\"4.7.6\"  class=\"bt_bb_text\" ><\/p>\n<p><strong>Hvad er cookies?<br \/>\n<\/strong>Cookies er sm\u00e5 tekstfiler, der downloades til brugerens enhed (PC, smartphone, tablet\u2026), n\u00e5r de bes\u00f8ger et websted. Ved hvert efterf\u00f8lgende bes\u00f8g sendes cookies tilbage til det websted, der oprettede dem (f\u00f8rstepartscookies) eller til et andet websted, der genkender dem (tredjepartscookies). Cookies g\u00f8r det muligt for et websted at genkende en brugers enhed. De har forskellige form\u00e5l som for eksempel at give dig mulighed for at navigere effektivt mellem sider, huske dine yndlingswebsteder og generelt forbedre browsingoplevelsen. De bidrager ogs\u00e5 til at sikre, at det reklameindhold, der vises online, er mere m\u00e5lrettet mod brugeren og i overensstemmelse med dennes interesser (m\u00e5lretningscookies eller profileringscookies). Cookies kan have en begr\u00e6nset varighed af en enkelt browsersession, og i dette tilf\u00e6lde deaktiveres de automatisk, n\u00e5r browseren lukkes. eller de kan have et forudbestemt udl\u00f8b, og i s\u00e5 fald forbliver de lagret og aktive p\u00e5 brugerens enhed indtil udl\u00f8bet og forts\u00e6tter med at indsamle oplysninger under forskellige browsersessioner i browseren. Der findes ogs\u00e5 andre teknologier til indsamling af oplysninger med samme form\u00e5l som cookies, der lagres p\u00e5 brugerens enhed (f.eks. pixels). I disse oplysninger bruges udtrykket cookie med henvisning til cookies som beskrevet ovenfor og med henvisning til enhver anden indsamlingsteknologi med det form\u00e5l at give brugeren en vejledning til at forst\u00e5, hvad cookies og andre lignende teknologier er, s\u00e5som og hvorfor de bruges, hvilke rettigheder der anerkendes for brugerne, og hvilke valg de kan tr\u00e6ffe med hensyn til deres brug.<\/p>\n<p>&nbsp;<\/p>\n<p><strong>Cookies og lignende teknologier \u2013 definitioner<br \/>\n<\/strong>Cookies: sm\u00e5 tekstfiler (generelt best\u00e5ende af bogstaver og tal), som de websteder (s\u00e5kaldt \"f\u00f8rstepart\"), som brugeren bes\u00f8ger, eller forskellige websteder eller webservere (s\u00e5kaldte \"tredjeparter\") placerer og gemmer i den browser, som brugeren bruger til at browse p\u00e5 enhver terminalenhed, der kan lagre oplysninger.<\/p>\n<p>Andre teknologier: teknologier, der lagrer data i browseren eller enheden, der anvendes af brugeren ved hj\u00e6lp af lokalt delte objekter eller lokal lagring, f.eks. flash-cookies, HTML 5-cookies og andre webapplikationssoftwaremetoder. Disse teknologier virker i alle browsere. I nogle tilf\u00e6lde kan brugen af lokal lagring ikke styres fuldt ud af browsere, men kr\u00e6ver styring gennem specifikke v\u00e6rkt\u00f8jer.<\/p>\n<p>&nbsp;<\/p>\n<p><strong>Kategorier af cookies<br \/>\n<\/strong>Cookies kan skelnes ud fra deres form\u00e5l, varighed og ejeren af cookien.<\/p>\n<ul>\n<li>Cookies, der skelnes efter form\u00e5l, er de cookies, der kan installeres p\u00e5 brugerens enhed for at:\n<ol>\n<li>sikre, at webstedet og tjenesterne fungerer, samt for at sikre, at brugeren kan drage fordel af deres funktioner, s\u00e5kaldte tekniske cookies;<\/li>\n<li>tillade udf\u00f8relsen af webstedet og de tjenester, der tilbydes af <a href=\"https:\/\/impact-acmproject.eu\/da\/\">https:\/\/impact-acmproject.eu\/<\/a> at blive forbedret, samt at evaluere effektiviteten af en tjeneste, der tilbydes via webstedet, s\u00e5kaldte analytiske cookies;<\/li>\n<li>give konsortiet eller tredjeparter mulighed for at m\u00e5lrette m\u00e5lrettet annoncering eller i overensstemmelse med brugerens interesser med forbehold af samtykke, s\u00e5kaldte profileringscookies.<\/li>\n<\/ol>\n<\/li>\n<\/ul>\n<ul>\n<li>Cookies, der skelnes ud fra deres varighed, er de cookies, der kan forblive i enhedens browser under en session (dvs. indtil du lukker den browser, der bruges til at browse p\u00e5 webstedet, eller afbryde brugen af en tjeneste) og kaldes sessionscookies. Eller de kan forblive lagret i din enheds browser i lange perioder og kan indeholde en unik identifikationskode og kaldes permanente cookies.<strong>\u00a0<\/strong><\/li>\n<\/ul>\n<ul>\n<li>Cookies kan ogs\u00e5 skelnes ud fra den enhed, der ejer cookien (f\u00f8rstepartscookies og tredjepartscookies).<\/li>\n<\/ul>\n<p>Cookies kan v\u00e6re webstedets og servicemanagerens ejendom og installeres derfor af sidstn\u00e6vnte i browseren p\u00e5 brugerens enhed, s\u00e5kaldte f\u00f8rstepartscookies. Det kan ske, at et websted indeholder cookies, der kommer fra andre websteder, der ejes af tredjeparter, indeholdt i forskellige elementer, der hostes p\u00e5 selve webstedet (for eksempel reklamebannere, billeder, videoer, sounds\u2026), og i dette tilf\u00e6lde er disse s\u00e5kaldte tredjeparts cookies.<strong>\u00a0<\/strong><\/p>\n<p>&nbsp;<\/p>\n<p><strong>Cookies, der bruges af denne hjemmeside<br \/>\n<\/strong>Bes\u00f8get til <a href=\"https:\/\/impact-acmproject.eu\/da\/\">https:\/\/impact-acmproject.eu\/<\/a> Denne hjemmeside bruger cookies til at forbedre brugeroplevelsen. Webstedet bruger: tekniske navigationscookies, analytiske cookies og profileringscookies til markedsf\u00f8ringsform\u00e5l.<br \/>\nBrugeren kan til enhver tid administrere sine pr\u00e6ferencer eller afvise installationen af cookies.<\/p>\n<p>Brugeren kan til enhver tid administrere sine pr\u00e6ferencer eller afvise installationen af cookies.<\/p>\n<p style=\"text-align: left;\">\n<div id=\"cmplz-cookies-overview\"><\/div>\n<\/p>\n<p>&nbsp;<\/p>\n<p><strong>Opbevaringstider for personoplysninger indsamlet via cookies<br \/>\n<\/strong>De oplysninger og data, der indsamles via cookies, gemmes i det tidsrum, der er strengt n\u00f8dvendigt for at n\u00e5 de form\u00e5l, som hver cookie blev installeret til.<\/p>\n<p>For at f\u00e5 adgang til specifikke oplysninger vedr\u00f8rende lagring af oplysninger, der er erhvervet ved brug af f\u00f8rsteparts- og tredjepartscookies, og administrere deres pr\u00e6ferencer, kan brugeren til enhver tid f\u00e5 adgang til cookiecentret.<\/p>\n<p>&nbsp;<\/p>\n<p><strong>\u00a0<\/strong><strong>Brugerrettigheder og administration af cookie-pr\u00e6ferencer<br \/>\n<\/strong>Brugeren tildeles de rettigheder, der er fastsat i forordning (EU) 2016\/679 (s\u00e5kaldt GDPR), herunder retten til adgang, indsigelse, annullering samt til at \u00e6ndre deres valg om brug af cookies til enhver tid gennem cookiecentret. For yderligere oplysninger og detaljer om brugerens rettigheder og om, hvordan vedkommende ud\u00f8ver sine rettigheder, kan brugeren se den fuldst\u00e6ndige privatlivspolitik (inds\u00e6t link ved at klikke p\u00e5 \"privatlivspolitik\").<\/p>\n<p><strong>\u00a0<\/strong><\/p>\n<p><strong>Deaktivering af cookies fra din browser<br \/>\n<\/strong>Brugeren kan ud over at deaktivere cookies via cookiecenteret konfigurere sin browser til at begr\u00e6nse antallet af accepterede cookies, blokere alle cookies eller slette dem fra browserindstillingerne p\u00e5 f\u00f8lgende m\u00e5der:<\/p>\n<ol>\n<li>Brugere, der downloadede Microsoft Internet Explorer downloadede ogs\u00e5:<br \/>\nVed at klikke p\u00e5 v\u00e6rkt\u00f8jsikonet i \u00f8verste h\u00f8jre hj\u00f8rne og v\u00e6lge internetindstillinger. Der vises et pop op-vindue, v\u00e6lg beskyttelse af personlige oplysninger. I dette afsnit kan brugeren \u00e6ndre cookieindstillingerne.Link: <a href=\"http:\/\/windows.microsoft.com\/it-it\/internet-explorer\/delete-manage-cookies#ie=ie-11-win-7\">http:\/\/windows.microsoft.com\/it-it\/internet-explorer\/delete-manage-cookies#ie=ie-11-win-7<\/a><\/li>\n<li>Google Chrome<br \/>\nVed at klikke p\u00e5 skruen\u00f8gleikonet i \u00f8verste h\u00f8jre hj\u00f8rne og v\u00e6lge indstillinger. V\u00e6lg derefter Vis avancerede indstillinger. I dette afsnit kan brugeren \u00e6ndre cookieindstillingerne.Link: <a href=\"https:\/\/support.google.com\/accounts\/topic\/2373959?hl=it&amp;ref_topic=2373957\">https:\/\/support.google.com\/accounts\/topic\/2373959?hl=it&amp;ref_topic=2373957<\/a><\/li>\n<li>Mozilla Firefox<br \/>\nV\u00e6lg indstillinger i rullemenuen i \u00f8verste venstre hj\u00f8rne. I pop op-vinduet skal du v\u00e6lge privatliv, og i afsnittet kan du \u00e6ndre dine cookie-pr\u00e6ferencer.Link: <a href=\"https:\/\/support.mozilla.org\/it\/kb\/Attivare%20e%20disattivare%20i%20cookie#firefox:win7:fx38\">https:\/\/support.mozilla.org\/it\/kb\/Attivare%20e%20disattivare%20i%20cookie#firefox:win7:fx38<\/a><\/li>\n<li>Safaris<br \/>\nV\u00e6lg indstillinger i rullemenuen i \u00f8verste h\u00f8jre hj\u00f8rne. V\u00e6lg derefter sikkerhed, og i dette afsnit kan brugeren justere cookieindstillingerne.Link: <a href=\"https:\/\/support.apple.com\/it-it\/HT201265\">https:\/\/support.apple.com\/it-it\/HT201265<\/a><\/li>\n<\/ol>\n<p><strong>\u00a0<\/strong><\/p>\n<p><strong>\u00a0<\/strong><strong>Dataansvarlig og kontaktoplysninger<\/strong><strong><br \/>\n<\/strong>Den dataansvarlige er <strong>Italbiotec-konsortiet<\/strong> (C.F.\/momsnr. 02429600121), med hjemsted i Milano p\u00e5 Piazza della Trivulziana 4\/A, ved dennes befuldm\u00e6gtigede pec: consorzio@pec.italbiotec.it. Brugeren kan til enhver tid sende anmodninger om oplysninger eller pr\u00e6ciseringer til den tidligere n\u00e6vnte adresse eller via de yderligere metoder, der er angivet i privatlivspolitikken (<a href=\"https:\/\/impact-acmproject.eu\/da\/privacy-policy\/\">https:\/\/impact-acmproject.eu\/privacy-policy\/<\/a>).<\/p>\n<p>&nbsp;<\/p>\n<p>&nbsp;<\/p>\n<p>\n<\/div><\/div><\/div><\/div><\/div><\/div><\/div><!-- cell_inner --><\/div><!-- cell --><\/div><!-- port --><\/section><\/p>","protected":false},"excerpt":{"rendered":"","protected":false},"author":2,"featured_media":0,"parent":0,"menu_order":0,"comment_status":"closed","ping_status":"closed","template":"","meta":{"footnotes":""},"class_list":["post-3768","page","type-page","status-publish","hentry"],"_links":{"self":[{"href":"https:\/\/impact-acmproject.eu\/da\/wp-json\/wp\/v2\/pages\/3768","targetHints":{"allow":["GET"]}}],"collection":[{"href":"https:\/\/impact-acmproject.eu\/da\/wp-json\/wp\/v2\/pages"}],"about":[{"href":"https:\/\/impact-acmproject.eu\/da\/wp-json\/wp\/v2\/types\/page"}],"author":[{"embeddable":true,"href":"https:\/\/impact-acmproject.eu\/da\/wp-json\/wp\/v2\/users\/2"}],"replies":[{"embeddable":true,"href":"https:\/\/impact-acmproject.eu\/da\/wp-json\/wp\/v2\/comments?post=3768"}],"version-history":[{"count":9,"href":"https:\/\/impact-acmproject.eu\/da\/wp-json\/wp\/v2\/pages\/3768\/revisions"}],"predecessor-version":[{"id":3845,"href":"https:\/\/impact-acmproject.eu\/da\/wp-json\/wp\/v2\/pages\/3768\/revisions\/3845"}],"wp:attachment":[{"href":"https:\/\/impact-acmproject.eu\/da\/wp-json\/wp\/v2\/media?parent=3768"}],"curies":[{"name":"wp","href":"https:\/\/api.w.org\/{rel}","templated":true}]}}