{"id":3,"date":"2023-08-31T13:00:16","date_gmt":"2023-08-31T11:00:16","guid":{"rendered":"http:\/\/impact-acmproject.eu\/?page_id=3"},"modified":"2024-12-02T12:56:24","modified_gmt":"2024-12-02T11:56:24","slug":"privacy-policy","status":"publish","type":"page","link":"https:\/\/impact-acmproject.eu\/da\/privacy-policy\/","title":{"rendered":"Fortrolighedspolitik"},"content":{"rendered":"<p><section data-bb-version=\"4.7.6\" id=\"bt_bb_section69eb8dad8dd49\" class=\"bt_bb_section bt_bb_layout_boxed_1200\"  data-bt-override-class=\"null\"><div class=\"bt_bb_port\"><div class=\"bt_bb_cell\"><div class=\"bt_bb_cell_inner\"><div class=\"bt_bb_row\"  data-bt-override-class=\"{}\"><div class=\"bt_bb_row_holder\" ><div data-bb-version=\"4.7.6\"  class=\"bt_bb_column col-xxl-12 col-xl-12 col-xs-12 col-sm-12 col-md-12 col-lg-12 bt_bb_vertical_align_top bt_bb_align_left bt_bb_padding_normal\" style=\"; --column-width:12;\" data-width=\"12\" data-bt-override-class=\"{}\"><div class=\"bt_bb_column_content\"><div class=\"bt_bb_column_content_inner\"><\/div><\/div><\/div><\/div><\/div><\/div><!-- cell_inner --><\/div><!-- cell --><\/div><!-- port --><\/section><section data-bb-version=\"4.7.6\" id=\"bt_bb_section69eb8dad8e298\" class=\"bt_bb_section bt_bb_color_scheme_1 bt_bb_layout_boxed_1200 bt_bb_vertical_align_top bt_bb_background_overlay_dark_solid bt_bb_bottom_section_coverage_image bt_bb_section_with_bottom_coverage_image bt_bb_top_spacing_large bt_bb_bottom_spacing_large\" style=\"; --section-primary-color:#ffffff; --section-secondary-color:#191919;;background-color:rgb(51,42,43);\" data-bt-override-class=\"{&quot;bt_bb_top_spacing_&quot;:{&quot;current_class&quot;:&quot;bt_bb_top_spacing_large&quot;,&quot;def&quot;:&quot;large&quot;},&quot;bt_bb_bottom_spacing_&quot;:{&quot;current_class&quot;:&quot;bt_bb_bottom_spacing_large&quot;,&quot;def&quot;:&quot;large&quot;}}\"><div class=\"bt_bb_port\"><div class=\"bt_bb_cell\"><div class=\"bt_bb_cell_inner\"><div class=\"bt_bb_row\"  data-bt-override-class=\"{}\"><div class=\"bt_bb_row_holder\" ><div  class=\"bt_bb_column col-xxl-7 col-xl-7 bt_bb_vertical_align_middle bt_bb_align_left bt_bb_padding_normal bt_bb_animation_fade_in animate\" style=\"; --column-width:7;\" data-width=\"7\" data-bt-override-class=\"{}\"><div class=\"bt_bb_column_content\"><div class=\"bt_bb_column_content_inner\"><div class=\"bt_bb_separator bt_bb_border_style_none bt_bb_border_color_none bt_bb_bottom_spacing_large\" data-bt-override-class=\"null\"><\/div><header data-bb-version=\"4.7.6\" class=\"bt_bb_headline bt_bb_subheadline_text_transform_default bt_bb_dash_none bt_bb_size_large bt_bb_align_inherit\" data-bt-override-class=\"{&quot;bt_bb_size_&quot;:{&quot;current_class&quot;:&quot;bt_bb_size_large&quot;,&quot;def&quot;:&quot;large&quot;},&quot;bt_bb_align_&quot;:{&quot;current_class&quot;:&quot;bt_bb_align_inherit&quot;,&quot;def&quot;:&quot;inherit&quot;}}\"><h1 class=\"bt_bb_headline_tag\"><span class=\"bt_bb_headline_content\"><span>Fortrolighedspolitik<\/span><\/span><\/h1><\/header><div class=\"bt_bb_separator bt_bb_border_style_none bt_bb_border_color_none bt_bb_bottom_spacing_large\" data-bt-override-class=\"null\"><\/div><\/div><\/div><\/div><div  class=\"bt_bb_column col-xxl-5 col-xl-5 bt_bb_vertical_align_top bt_bb_align_left bt_bb_padding_normal\" style=\"; --column-width:5;\" data-width=\"5\" data-bt-override-class=\"{}\"><div class=\"bt_bb_column_content\"><div class=\"bt_bb_column_content_inner\"><\/div><\/div><\/div><\/div><\/div><\/div><!-- cell_inner --><\/div><!-- cell --><\/div><!-- port --><div class=\"bt_bb_section_bottom_section_coverage_image\"><img decoding=\"async\" src=\"https:\/\/impact-acmproject.eu\/wp-content\/uploads\/2023\/11\/bottom-cover.png\" alt=\"bt_bb_section_bottom_section_coverage_image\" \/><\/div><\/section><section data-bb-version=\"4.7.6\" id=\"bt_bb_section69eb8dad8e4e8\" class=\"bt_bb_section bt_bb_layout_boxed_1200\"  data-bt-override-class=\"null\"><div class=\"bt_bb_port\"><div class=\"bt_bb_cell\"><div class=\"bt_bb_cell_inner\"><div class=\"bt_bb_row\"  data-bt-override-class=\"{}\"><div class=\"bt_bb_row_holder\" ><div data-bb-version=\"4.7.6\"  class=\"bt_bb_column col-xxl-12 col-xl-12 col-xs-12 col-sm-12 col-md-12 col-lg-12 bt_bb_vertical_align_top bt_bb_align_left bt_bb_padding_normal\" style=\"; --column-width:12;\" data-width=\"12\" data-bt-override-class=\"{}\"><div class=\"bt_bb_column_content\"><div class=\"bt_bb_column_content_inner\"><div data-bb-version=\"4.7.6\"  class=\"bt_bb_text\" ><\/p>\n<p><strong>Oplysninger og indhold vedr\u00f8rende behandling af personoplysninger om brugere af webstedet i henhold til artikel 13 i forordning (EU) 2016\/679 (\"GDPR\")<\/strong><\/p>\n<p><strong>Pr\u00e6mis<\/strong><br \/>Italbiotec-konsortiet giver disse oplysninger i forbindelse med behandlingen af personoplysninger, som konsortiet indsamler, n\u00e5r det bes\u00f8ger og surfer p\u00e5 webstedet https:\/\/impact-acmproject.eu\/. Disse oplysninger leveres udelukkende til IMPACT-webstedet og g\u00e6lder ikke for sider eller onlinetjenester, der er tilg\u00e6ngelige via hypertekstlinks, der kan offentligg\u00f8res p\u00e5 webstedet. De personoplysninger, som brugerne afgiver, vil blive behandlet i overensstemmelse med bestemmelserne i EU-forordning nr. 2016\/679 (for kortheds skyld \"GDPR\").<\/p>\n<p>\u00a0<\/p>\n<p><strong>Dataansvarlig<br \/><\/strong>Den dataansvarlige er Italbiotec Consortium (C.F.\/momsnummer 02429600121), med hjemsted i Milano p\u00e5 Piazza della Trivulziana 4\/A, ved den juridiske repr\u00e6sentant pro tempore pec: consorzio@pec.italbiotec.it<\/p>\n<p>\u00a0<\/p>\n<p><strong>Retsgrundlag for behandlingen<br \/><\/strong>Retsgrundlaget for behandlingen af de data, der er angivet i disse oplysninger, er den ber\u00f8rte parts udtrykkelige samtykke i henhold til artikel 6, stk. 1, litra a), i GDPR og overholdelse af de juridiske forpligtelser, som den dataansvarlige er underlagt i henhold til artikel 6, stk. 1, litra c), i GDPR.<\/p>\n<p>\u00a0<\/p>\n<p><strong>Kategorier af data \u2013 Browsingdata<br \/><\/strong>Den dataansvarlige behandler personoplysninger af f\u00e6lles karakter (fornavn, efternavn, e-mailadresse, andre personoplysninger s\u00e5som skattekode, bop\u00e6l, navigationsdata s\u00e5som IP-adresse, adresser i URI\/URL-notation osv.). De computersystemer og softwareprocedurer, der bruges til at drive denne hjemmeside, erhverver under deres normale drift nogle personoplysninger, hvis transmission er implicit i brugen af internetkommunikationsprotokoller.<\/p>\n<p>Dette er oplysninger, der ikke indsamles for at blive forbundet med identificerede interesserede parter, men som i sagens natur gennem behandling og tilknytning til data, der opbevares af tredjeparter, kan g\u00f8re det muligt at identificere brugerne.<\/p>\n<p>Denne kategori af data omfatter IP-adresserne eller dom\u00e6nenavnene p\u00e5 de computere, der anvendes af brugere, som opretter forbindelse til webstedet, adresserne i URI-notationen (Uniform Resource Identifier) for de ressourcer, der anmodes om, tidspunktet for anmodningen, den metode, der anvendes til at indsende anmodningen til serveren, st\u00f8rrelsen af den fil, der opn\u00e5s som svar, den numeriske kode, der angiver status for svaret fra serveren (vellykket, fejl osv.) og andre parametre vedr\u00f8rende operativsystemet og brugerens IT-milj\u00f8.<\/p>\n<p>Disse data bruges udelukkende til at indhente anonyme statistiske oplysninger om brugen af webstedet og for at kontrollere dets korrekte funktion og slettes straks efter behandlingen.<\/p>\n<p>\u00a0<\/p>\n<p><strong>Kategorier af oplysninger \u2013 oplysninger, som du frivilligt har afgivet<br \/><\/strong>Den frivillige, udtrykkelige og frivillige afsendelse af e-mails til de angivne adresser og\/eller udfyldelse af formularen p\u00e5 dette websted indeb\u00e6rer efterf\u00f8lgende erhvervelse af afsenderens adresse, der er n\u00f8dvendig for at besvare anmodninger, samt alle andre personoplysninger, der er indtastet i meddelelsen, som fremh\u00e6vet i privatlivspolitikken vedr\u00f8rende \"kontakt os\"-tjenesten, der findes p\u00e5 f\u00f8lgende mail: Beskyttelse af personlige oplysninger@italbiotec.it<\/p>\n<p>Med undtagelse af, hvad der er angivet ovenfor for navigationsdata og i de oplysninger i henhold til artikel 13 i GDPR, der er angivet i de enkelte afsnit p\u00e5 IMPACT-webstedet, er levering af data til yderligere form\u00e5l valgfri.<\/p>\n<p><strong><br \/>Cookies<br \/><\/strong>Oplysninger om cookies findes i afsnittet \"Cookiepolitik\" (<a href=\"https:\/\/impact-acmproject.eu\/da\/cookie-policy-ue\/\">https:\/\/impact-acmproject.eu\/cookie-policy-ue\/<\/a>)<\/p>\n<p>Du kan til enhver tid \u00e6ndre, tilbagekalde eller opdatere det samtykke, der er givet i cookiecenteret.<\/p>\n<p>\u00a0<\/p>\n<p><strong>Behandlingens form\u00e5l \u2013 behandlingsmetoder \u2013 dataopbevaringsperiode<br \/><\/strong>Behandlingen af dine data ved hj\u00e6lp af it- og telematiske v\u00e6rkt\u00f8jer (og\/eller ved hj\u00e6lp af manuelle v\u00e6rkt\u00f8jer) er rettet mod korrekt brug af hjemmesiden i forhold til de tjenester, der tilbydes af <a href=\"https:\/\/impact-acmproject.eu\/da\/\">https:\/\/impact-acmproject.eu\/<\/a>. Dine data vil blive behandlet af medarbejdere og samarbejdspartnere i Italbiotec Consortium (interne eller eksterne, fysiske personer eller juridiske enheder) til servicevedligeholdelsesbehov.<\/p>\n<p>Personoplysninger behandles med automatiserede v\u00e6rkt\u00f8jer i det tidsrum, der er strengt n\u00f8dvendigt for at n\u00e5 de form\u00e5l, hvortil de blev indsamlet, i henhold til artikel 5, litra e), i GDPR.<\/p>\n<p>Specifikke sikkerhedsforanstaltninger overholdes for at forhindre tab af data, ulovlig eller ukorrekt brug og uautoriseret adgang.<\/p>\n<p><strong><br \/>Kategorier af modtagere af personoplysninger<br \/><\/strong>De oplysninger, der behandles, kan ud over de emner, der er omhandlet i afsnittet \"Form\u00e5l med behandlingen \u2013 behandlingsmetoder\", ogs\u00e5 videregives til den retslige myndighed med henblik p\u00e5 at fastsl\u00e5 eventuelle lovovertr\u00e6delser beg\u00e5et af denne.<\/p>\n<p>\u00a0<\/p>\n<p><strong>Interesserede parters rettigheder<br \/><\/strong>I forbindelse med de data, der behandles i henhold til disse oplysninger, har du til enhver tid ret til:<\/p>\n<ul>\n<li>Adgang (artikel 15 i EU-forordning nr. 2016\/679) \u2013 ret til at anmode om og f\u00e5 den dataansvarliges bekr\u00e6ftelse p\u00e5, at behandlingen af deres oplysninger er i gang, og adgang til oplysninger om den interesserede part (mellem at kende form\u00e5let med behandlingen, de kategorier af oplysninger, der behandles)<\/li>\n<li>Berigtigelse (artikel 16 i EU-forordning 2016\/679) \u2013 giver dig mulighed for at anmode den dataansvarlige om at rette, \u00e6ndre og integrere dine personoplysninger<\/li>\n<li>Sletning (artikel 17 i EU-forordning nr. 2016\/679) \u2013 giver dig mulighed for at f\u00e5 dine oplysninger slettet uden begrundet forsinkelse (s\u00e5kaldt ret til at blive glemt)<\/li>\n<li>Begr\u00e6nsning (artikel 18 i EU-forordning nr. 2016\/679) \u2014 ret til at opn\u00e5 en begr\u00e6nsning af behandlingen af den registreredes oplysninger, f.eks. for at integrere ud\u00f8velsen af den ret, der er omhandlet i artikel 16, s\u00e5 l\u00e6nge det er n\u00f8dvendigt for at kontrollere oplysningernes rigtighed<\/li>\n<li>Portabilitet (artikel 20 i EU-forordning nr. 2016\/679) \u2013 giver den ber\u00f8rte part mulighed for at modtage personoplysninger om sig selv, s\u00e5 han kan overf\u00f8re dem til en anden dataansvarlig.<\/li>\n<li>\u2013 Indsigelse mod behandling (artikel 21 i EU-forordning nr. 2016\/679) \u2013 giver den ber\u00f8rte part mulighed for at g\u00f8re indsigelse mod behandling af personoplysninger om vedkommende.<\/li>\n<\/ul>\n<p>Ud\u00f8velsen af dine rettigheder kan ske ved skriftlig meddelelse, der sendes til adressen: Piazza della Trivulziana 4\/A eller pr. e-mail: <a href=\"mailto:privacy@italbiotec.it\">privacy@italbiotec.it<\/a><\/p>\n<p>\u00a0<\/p>\n<p><strong>Tilbagetr\u00e6kning af samtykke<\/strong><br \/>Du har til enhver tid ret til at tilbagekalde dit samtykke, uden at dette ber\u00f8rer lovligheden af den behandling, der er baseret p\u00e5 det samtykke, der blev givet inden tilbagekaldelsen.<\/p>\n<p>\u00a0<\/p>\n<p><strong>Klage<\/strong><br \/>Husk, at i henhold til artikel 77 i EU-forordning nr. 2016\/679 kan S.V. indgive en klage til garantimyndigheden i tilf\u00e6lde af overtr\u00e6delse af g\u00e6ldende lovgivning om beskyttelse af personoplysninger.<\/p>\n<p>\u00a0<\/p>\n<p><strong>INDHOLD TIL BEHANDLING AF PERSONLIGE DATA FORORDNING (EU) 2016\/679<\/strong><br \/>Brugeren, der er blevet informeret:<\/p>\n<ul>\n<li>den registeransvarliges identitet<\/li>\n<li>af foranstaltningen, de metoder, hvormed forarbejdningen finder sted<\/li>\n<li>form\u00e5lene med den behandling, som personoplysningerne er beregnet til<\/li>\n<li>om retten til at tr\u00e6kke samtykke tilbage som angivet i disse oplysninger, der er udarbejdet i henhold til artikel 13 i forordning (EU) 2016\/679, ved at anbringe p\u00e5tegningen i det relevante felt \"Jeg har l\u00e6st og accepterer vilk\u00e5rene og betingelserne\"<\/li>\n<\/ul>\n<p>\u00a0<\/p>\n<p><strong>ERKL\u00c6RING<br \/><\/strong>at jeg har modtaget og l\u00e6st disse oplysninger og<\/p>\n<p>\u00a0<\/p>\n<p><strong>ER ENIGE OM<br \/><\/strong>i henhold til og med henblik p\u00e5 artikel 7 ff. i forordning (EU) 2016\/679 til behandling af personoplysninger p\u00e5 den m\u00e5de og inden for de gr\u00e6nser, der er fastsat i disse oplysninger.<\/p>\n<p>\n<\/div><\/div><\/div><\/div><\/div><\/div><\/div><!-- cell_inner --><\/div><!-- cell --><\/div><!-- port --><\/section><\/p>","protected":false},"excerpt":{"rendered":"","protected":false},"author":1,"featured_media":0,"parent":0,"menu_order":0,"comment_status":"closed","ping_status":"open","template":"","meta":{"footnotes":""},"class_list":["post-3","page","type-page","status-publish","hentry"],"_links":{"self":[{"href":"https:\/\/impact-acmproject.eu\/da\/wp-json\/wp\/v2\/pages\/3","targetHints":{"allow":["GET"]}}],"collection":[{"href":"https:\/\/impact-acmproject.eu\/da\/wp-json\/wp\/v2\/pages"}],"about":[{"href":"https:\/\/impact-acmproject.eu\/da\/wp-json\/wp\/v2\/types\/page"}],"author":[{"embeddable":true,"href":"https:\/\/impact-acmproject.eu\/da\/wp-json\/wp\/v2\/users\/1"}],"replies":[{"embeddable":true,"href":"https:\/\/impact-acmproject.eu\/da\/wp-json\/wp\/v2\/comments?post=3"}],"version-history":[{"count":15,"href":"https:\/\/impact-acmproject.eu\/da\/wp-json\/wp\/v2\/pages\/3\/revisions"}],"predecessor-version":[{"id":3842,"href":"https:\/\/impact-acmproject.eu\/da\/wp-json\/wp\/v2\/pages\/3\/revisions\/3842"}],"wp:attachment":[{"href":"https:\/\/impact-acmproject.eu\/da\/wp-json\/wp\/v2\/media?parent=3"}],"curies":[{"name":"wp","href":"https:\/\/api.w.org\/{rel}","templated":true}]}}